{"id":935,"date":"2020-04-28T15:23:42","date_gmt":"2020-04-28T15:23:42","guid":{"rendered":"https:\/\/aytoanievas.org\/transparencia\/?page_id=935"},"modified":"2021-12-29T12:50:26","modified_gmt":"2021-12-29T12:50:26","slug":"ordenanzas_tramitacion","status":"publish","type":"page","link":"https:\/\/aytoanievas.org\/transparencia\/ordenanzas_tramitacion\/","title":{"rendered":"Consultas Previas"},"content":{"rendered":"\t\t<div data-elementor-type=\"wp-page\" data-elementor-id=\"935\" class=\"elementor elementor-935\">\n\t\t\t\t\t\t<div class=\"elementor-inner\">\n\t\t\t\t<div class=\"elementor-section-wrap\">\n\t\t\t\t\t\t\t\t\t<section class=\"elementor-section elementor-top-section elementor-element elementor-element-e556fe8 elementor-section-boxed elementor-section-height-default elementor-section-height-default\" data-id=\"e556fe8\" data-element_type=\"section\">\n\t\t\t\t\t\t<div class=\"elementor-container elementor-column-gap-default\">\n\t\t\t\t\t\t\t<div class=\"elementor-row\">\n\t\t\t\t\t<div class=\"elementor-column elementor-col-100 elementor-top-column elementor-element elementor-element-3f64326\" data-id=\"3f64326\" data-element_type=\"column\">\n\t\t\t<div class=\"elementor-column-wrap elementor-element-populated\">\n\t\t\t\t\t\t\t<div class=\"elementor-widget-wrap\">\n\t\t\t\t\t\t<div class=\"elementor-element elementor-element-79b4334 elementor-widget elementor-widget-spacer\" data-id=\"79b4334\" data-element_type=\"widget\" data-widget_type=\"spacer.default\">\n\t\t\t\t<div class=\"elementor-widget-container\">\n\t\t\t\t\t<div class=\"elementor-spacer\">\n\t\t\t<div class=\"elementor-spacer-inner\"><\/div>\n\t\t<\/div>\n\t\t\t\t<\/div>\n\t\t\t\t<\/div>\n\t\t\t\t\t\t<\/div>\n\t\t\t\t\t<\/div>\n\t\t<\/div>\n\t\t\t\t\t\t\t\t<\/div>\n\t\t\t\t\t<\/div>\n\t\t<\/section>\n\t\t\t\t<section class=\"elementor-section elementor-top-section elementor-element elementor-element-6845adf elementor-section-stretched elementor-section-full_width elementor-section-height-default elementor-section-height-default\" data-id=\"6845adf\" data-element_type=\"section\" data-settings=\"{&quot;stretch_section&quot;:&quot;section-stretched&quot;,&quot;background_background&quot;:&quot;classic&quot;}\">\n\t\t\t\t\t\t\t<div class=\"elementor-background-overlay\"><\/div>\n\t\t\t\t\t\t\t<div class=\"elementor-container elementor-column-gap-default\">\n\t\t\t\t\t\t\t<div class=\"elementor-row\">\n\t\t\t\t\t<div class=\"elementor-column elementor-col-100 elementor-top-column elementor-element elementor-element-fff55be\" data-id=\"fff55be\" data-element_type=\"column\" data-settings=\"{&quot;background_background&quot;:&quot;classic&quot;}\">\n\t\t\t<div class=\"elementor-column-wrap elementor-element-populated\">\n\t\t\t\t\t\t\t<div class=\"elementor-widget-wrap\">\n\t\t\t\t\t\t<div class=\"elementor-element elementor-element-8ba52a3 elementor-widget elementor-widget-text-editor\" data-id=\"8ba52a3\" data-element_type=\"widget\" data-widget_type=\"text-editor.default\">\n\t\t\t\t<div class=\"elementor-widget-container\">\n\t\t\t\t\t\t\t\t<div class=\"elementor-text-editor elementor-clearfix\">\n\t\t\t\t<p><strong>TRAMITACI\u00d3N DE ORDENANZAS Y CONSULTAS PREVIAS<\/strong><\/p>\t\t\t\t\t<\/div>\n\t\t\t\t\t\t<\/div>\n\t\t\t\t<\/div>\n\t\t\t\t\t\t<\/div>\n\t\t\t\t\t<\/div>\n\t\t<\/div>\n\t\t\t\t\t\t\t\t<\/div>\n\t\t\t\t\t<\/div>\n\t\t<\/section>\n\t\t\t\t<section class=\"elementor-section elementor-top-section elementor-element elementor-element-1aca1cd elementor-section-boxed elementor-section-height-default elementor-section-height-default\" data-id=\"1aca1cd\" data-element_type=\"section\">\n\t\t\t\t\t\t<div class=\"elementor-container elementor-column-gap-default\">\n\t\t\t\t\t\t\t<div class=\"elementor-row\">\n\t\t\t\t\t<div class=\"elementor-column elementor-col-100 elementor-top-column elementor-element elementor-element-92b3680\" data-id=\"92b3680\" data-element_type=\"column\">\n\t\t\t<div class=\"elementor-column-wrap elementor-element-populated\">\n\t\t\t\t\t\t\t<div class=\"elementor-widget-wrap\">\n\t\t\t\t\t\t<div class=\"elementor-element elementor-element-97cc6c3 elementor-widget elementor-widget-spacer\" data-id=\"97cc6c3\" data-element_type=\"widget\" data-widget_type=\"spacer.default\">\n\t\t\t\t<div class=\"elementor-widget-container\">\n\t\t\t\t\t<div class=\"elementor-spacer\">\n\t\t\t<div class=\"elementor-spacer-inner\"><\/div>\n\t\t<\/div>\n\t\t\t\t<\/div>\n\t\t\t\t<\/div>\n\t\t\t\t\t\t<\/div>\n\t\t\t\t\t<\/div>\n\t\t<\/div>\n\t\t\t\t\t\t\t\t<\/div>\n\t\t\t\t\t<\/div>\n\t\t<\/section>\n\t\t\t\t<section class=\"elementor-section elementor-top-section elementor-element elementor-element-94bf692 elementor-section-boxed elementor-section-height-default elementor-section-height-default\" data-id=\"94bf692\" data-element_type=\"section\">\n\t\t\t\t\t\t<div class=\"elementor-container elementor-column-gap-default\">\n\t\t\t\t\t\t\t<div class=\"elementor-row\">\n\t\t\t\t\t<div class=\"elementor-column elementor-col-100 elementor-top-column elementor-element elementor-element-67ef3ac\" data-id=\"67ef3ac\" data-element_type=\"column\">\n\t\t\t<div class=\"elementor-column-wrap elementor-element-populated\">\n\t\t\t\t\t\t\t<div class=\"elementor-widget-wrap\">\n\t\t\t\t\t\t<div class=\"elementor-element elementor-element-fc8e4a1 elementor-widget elementor-widget-text-editor\" data-id=\"fc8e4a1\" data-element_type=\"widget\" data-widget_type=\"text-editor.default\">\n\t\t\t\t<div class=\"elementor-widget-container\">\n\t\t\t\t\t\t\t\t<div class=\"elementor-text-editor elementor-clearfix\">\n\t\t\t\t<p>De conformidad con lo previsto en el art\u00edculo 133.1 de la Ley 39\/2015, de 1 de octubre, del Procedimiento Administrativo Com\u00fan de las Administraciones P\u00fablicas, con el objetivo de mejorar la participaci\u00f3n de los ciudadanos en el procedimiento de elaboraci\u00f3n de normas, con car\u00e1cter previo a la elaboraci\u00f3n del proyecto de Ordenanzas Municipales, se abre a trav\u00e9s de anuncio en el portal de transparencia del Ayuntamiento de Campoo de Yuso un tr\u00e1mite de consultas previas con vistas a recabar la opini\u00f3n de los sujetos y de las organizaciones m\u00e1s representativas potencialmente afectados por la futura norma.<\/p>\t\t\t\t\t<\/div>\n\t\t\t\t\t\t<\/div>\n\t\t\t\t<\/div>\n\t\t\t\t\t\t<\/div>\n\t\t\t\t\t<\/div>\n\t\t<\/div>\n\t\t\t\t\t\t\t\t<\/div>\n\t\t\t\t\t<\/div>\n\t\t<\/section>\n\t\t\t\t<section class=\"elementor-section elementor-top-section elementor-element elementor-element-b7fcfc5 elementor-section-boxed elementor-section-height-default elementor-section-height-default\" data-id=\"b7fcfc5\" data-element_type=\"section\">\n\t\t\t\t\t\t<div class=\"elementor-container elementor-column-gap-default\">\n\t\t\t\t\t\t\t<div class=\"elementor-row\">\n\t\t\t\t\t<div class=\"elementor-column elementor-col-100 elementor-top-column elementor-element elementor-element-83bf199\" data-id=\"83bf199\" data-element_type=\"column\">\n\t\t\t<div class=\"elementor-column-wrap elementor-element-populated\">\n\t\t\t\t\t\t\t<div class=\"elementor-widget-wrap\">\n\t\t\t\t\t\t<div class=\"elementor-element elementor-element-de40e5d elementor-widget elementor-widget-spacer\" data-id=\"de40e5d\" data-element_type=\"widget\" data-widget_type=\"spacer.default\">\n\t\t\t\t<div class=\"elementor-widget-container\">\n\t\t\t\t\t<div class=\"elementor-spacer\">\n\t\t\t<div class=\"elementor-spacer-inner\"><\/div>\n\t\t<\/div>\n\t\t\t\t<\/div>\n\t\t\t\t<\/div>\n\t\t\t\t\t\t<\/div>\n\t\t\t\t\t<\/div>\n\t\t<\/div>\n\t\t\t\t\t\t\t\t<\/div>\n\t\t\t\t\t<\/div>\n\t\t<\/section>\n\t\t\t\t<section class=\"elementor-section elementor-top-section elementor-element elementor-element-8739875 elementor-section-boxed elementor-section-height-default elementor-section-height-default\" data-id=\"8739875\" data-element_type=\"section\">\n\t\t\t\t\t\t<div class=\"elementor-container elementor-column-gap-default\">\n\t\t\t\t\t\t\t<div class=\"elementor-row\">\n\t\t\t\t\t<div class=\"elementor-column elementor-col-100 elementor-top-column elementor-element elementor-element-17c345b\" data-id=\"17c345b\" data-element_type=\"column\">\n\t\t\t<div class=\"elementor-column-wrap elementor-element-populated\">\n\t\t\t\t\t\t\t<div class=\"elementor-widget-wrap\">\n\t\t\t\t\t\t<div class=\"elementor-element elementor-element-5ec8e59 elementor-widget elementor-widget-accordion\" data-id=\"5ec8e59\" data-element_type=\"widget\" data-widget_type=\"accordion.default\">\n\t\t\t\t<div class=\"elementor-widget-container\">\n\t\t\t\t\t<div class=\"elementor-accordion\" role=\"tablist\">\n\t\t\t\t\t\t\t<div class=\"elementor-accordion-item\">\n\t\t\t\t\t<div id=\"elementor-tab-title-9931\" class=\"elementor-tab-title\" data-tab=\"1\" role=\"tab\" aria-controls=\"elementor-tab-content-9931\" aria-expanded=\"false\">\n\t\t\t\t\t\t\t\t\t\t\t\t<a class=\"elementor-accordion-title\" href=\"\">ORDENANZA FISCAL REGULADORA TASA UTILIZACI\u00d3N PRIVATIVA<\/a>\n\t\t\t\t\t<\/div>\n\t\t\t\t\t<div id=\"elementor-tab-content-9931\" class=\"elementor-tab-content elementor-clearfix\" data-tab=\"1\" role=\"tabpanel\" aria-labelledby=\"elementor-tab-title-9931\"><p id=\"u91050-2\">De conformidad con lo previsto en el art\u00edculo 133.1 de la Ley 39\/2015, de 1 de octubre, del Procedimiento Administrativo Com\u00fan de las Administraciones P\u00fablicas, con el objetivo de mejorar la participaci\u00f3n de los ciudadanos en el procedimiento de elaboraci\u00f3n de normas, con car\u00e1cter previo a la elaboraci\u00f3n del proyecto de Ordenanza fiscal reguladora de la TASA POR LA UTILIZACI\u00d3N PRIVATIVA O APROVECHAMIENTO ESPECIAL DEL DOMINIO P\u00daBLICO LOCAL DE LAS INSTALACIONES DE TRANSPORTE DE<br \/>ENERG\u00cdA ELECTRICA, GAS, AGUA E HIDROCARBUROS, se abre a trav\u00e9s de anuncio en el portal de transparencia del Ayuntamiento de Anievas un tr\u00e1mite de consultas previas con vistas a recabar la opini\u00f3n de los sujetos y de las organizaciones m\u00e1s representativas potencialmente afectados por la futura norma.<\/p><p id=\"u91050-7\">Dicho tr\u00e1mite tendr\u00e1 una duraci\u00f3n de 20 d\u00edas h\u00e1biles, comenzando con la publicaci\u00f3n de la consulta en fecha del 13 de septiembre de 2021 y finalizando el plazo para presentaci\u00f3n de alegaciones el pr\u00f3ximo d\u00eda\u00a0<span id=\"u91050-5\">13 de octubre de 2021<\/span><span id=\"u91050-6\">.<\/span><\/p><p><a href=\"https:\/\/aytoanievas.org\/transparencia\/trans_files\/uploads\/Consulta_Previa_Tramitacion_Ordenanza_Fiscal_Instalaciones_Electricidad_-_SEFYCU_3074725.pdf\" target=\"_blank\" rel=\"noopener\"><strong>CONSULTA PREVIA. (Archivo en formato PDF).<\/strong><\/a><\/p><p><a href=\"https:\/\/aytoanievas.org\/transparencia\/trans_files\/uploads\/Certificado-No-Alegaciones.pdf\" target=\"_blank\" rel=\"noopener\"><strong>RESULTADO EXPOSICI\u00d3N P\u00daBLICA. (Archivo en formato PDF).<\/strong><\/a><\/p><p><a href=\"https:\/\/anievas.sedipualba.es\/firma\/infocsv.aspx?csv=K4AAT7TW9W9MHDQNX34W\" target=\"_blank\" rel=\"noopener\"><strong>APROBACI\u00d3N INICIAL MEDIANTE ACUERDO DEL PLENO DE 20\/10\/2021.<\/strong><\/a><\/p><p><a href=\"https:\/\/boc.cantabria.es\/boces\/verAnuncioAction.do?idAnuBlob=368025\" target=\"_blank\" rel=\"noopener\"><strong>PUBLICACI\u00d3N APROBACI\u00d3N DEFINITIVA. BOC DE 29\/12\/2021.<\/strong><\/a><\/p><\/div>\n\t\t\t\t<\/div>\n\t\t\t\t\t\t\t<div class=\"elementor-accordion-item\">\n\t\t\t\t\t<div id=\"elementor-tab-title-9932\" class=\"elementor-tab-title\" data-tab=\"2\" role=\"tab\" aria-controls=\"elementor-tab-content-9932\" aria-expanded=\"false\">\n\t\t\t\t\t\t\t\t\t\t\t\t<a class=\"elementor-accordion-title\" href=\"\">MODIFICACI\u00d3N ORDENANZA REGULADORA DEL IVTM<\/a>\n\t\t\t\t\t<\/div>\n\t\t\t\t\t<div id=\"elementor-tab-content-9932\" class=\"elementor-tab-content elementor-clearfix\" data-tab=\"2\" role=\"tabpanel\" aria-labelledby=\"elementor-tab-title-9932\"><p>Mediante anuncio publicado en el Bolet\u00edn Oficial de Cantabria n\u00famero 77 de fecha 23 de abril de 2002 se publica la aprobaci\u00f3n definitiva de la Ordenanza reguladora del Impuesto sobre Veh\u00edculos de Tracci\u00f3n Mec\u00e1nica, conforme a lo dispuesto en las Leyes y Reglamentos vigentes.<\/p><p>Revisado el texto de la citada Ordenanza Municipal se aprecia que no constan reflejadas ninguna de las bonificaciones potestativas previstas en el art\u00edculo 95.6 del Real Decreto Legislativo 2\/2004, de 5 de marzo, por el que se aprueba el texto refundido de la Ley Reguladora de las Haciendas Locales, existiendo no obstante diversas solicitudes que reclaman la aplicaci\u00f3n de la bonificaci\u00f3n correspondiente a veh\u00edculos hist\u00f3ricos.<\/p><p>Igualmente se considera relevante en aras a un desarrollo sostenible, incentivar de alguna manera la adquisici\u00f3n de veh\u00edculos menos contaminantes, mediante la bonificaci\u00f3n aplicable en funci\u00f3n de las caracter\u00edsticas de los motores de los veh\u00edculos y su incidencia en el medio ambiente.<\/p><p>De conformidad con lo previsto en el art\u00edculo 133.1 de la Ley 39\/2015, de 1 de octubre, del Procedimiento Administrativo Com\u00fan de las Administraciones P\u00fablicas, con el objetivo de mejorar la participaci\u00f3n de los ciudadanos en el procedimiento de elaboraci\u00f3n de normas, con car\u00e1cter previo a la elaboraci\u00f3n del proyecto de modificaci\u00f3n de la Ordenanza Municipal reguladora del Impuesto sobre Veh\u00edculos de Tracci\u00f3n Mec\u00e1nica, se recaba la opini\u00f3n de los sujetos y de las organizaciones m\u00e1s representativas potencialmente afectados por la futura norma acerca de:<\/p><p>\u00a0a) Los problemas que se pretenden solucionar con la iniciativa.<\/p><p>\u00a0b) La necesidad y oportunidad de su aprobaci\u00f3n.<\/p><p>\u00a0c) Los objetivos de la norma.<\/p><p>\u00a0d) Las posibles soluciones alternativas regulatorias y no regulatorias.<\/p><p>Los ciudadanos, organizaciones y asociaciones que as\u00ed lo consideren pueden hacer llegar sus opiniones sobre los aspectos planteados en el siguiente cuestionario durante el plazo de QUINCE D\u00cdAS H\u00c1BILES a contar desde el d\u00eda siguiente al de publicaci\u00f3n del presente anuncio en la web municipal, mediante su presentaci\u00f3n en cualquiera de los lugares indicados en el art\u00edculo 16 de la Ley 39\/2015, de 1 de octubre, del Procedimiento Administrativo Com\u00fan de las Administraciones P\u00fablicas.<\/p><p><strong>Problemas que se pretenden solucionar con la iniciativa:<\/strong><\/p><p>Mejorar la redacci\u00f3n de la actual Ordenanza Reguladora mediante la inclusi\u00f3n de bonificaciones potestativas que actualmente no est\u00e1n incluidas.<\/p><p><strong>Necesidad y Oportunidad de su aprobaci\u00f3n:<\/strong><\/p><p>Dar respuesta a las peticiones vecinales acerca de la aplicaci\u00f3n de bonificaciones para veh\u00edculos hist\u00f3ricos, as\u00ed como incentivar la adquisici\u00f3n de veh\u00edculos menos lesivos para el medio ambiente.<\/p><p><strong>Objetivos de la norma:<\/strong><\/p><p>Mejorar la redacci\u00f3n de la actual Ordenanza Reguladora mediante la inclusi\u00f3n de bonificaciones potestativas que actualmente no est\u00e1n incluidas. Incentivar la adquisici\u00f3n de veh\u00edculos menos lesivos para el medio ambiente.<\/p><p><strong>Posibles soluciones alternativas regulatorias y no regulatorias:<\/strong><\/p><p>Resulta preciso aprobar una Modificaci\u00f3n de la actual Ordenanza Municipal para la inclusi\u00f3n de bonificaciones impositivas porque actualmente este municipio carece de toda clase de regulaci\u00f3n al respecto.<\/p><p>Elaborado y recibido el proyecto de Ordenanza, corresponder\u00e1 la aprobaci\u00f3n inicial de la misma por el Pleno (art\u00edculo 49 de la Ley 7\/1985, de 2 de abril, Reguladora de las Bases del R\u00e9gimen Local), previo Dictamen de la Comisi\u00f3n Informativa, y se abrir\u00e1 per\u00edodo de informaci\u00f3n p\u00fablica, por un plazo m\u00ednimo de treinta d\u00edas, para que los interesados puedan presentar las reclamaciones y sugerencias que estimen oportunas. El Acuerdo de aprobaci\u00f3n inicial, junto con el texto \u00edntegro de la Ordenanza, se publicar\u00e1 en el Bolet\u00edn Oficial de la Provincia y en el tabl\u00f3n de anuncios del Ayuntamiento.<\/p><p><strong>Aprobaci\u00f3n inicial. Acuerdo del Pleno de la Corporaci\u00f3n de fecha 04\/06\/2020.<\/strong><\/p><p><a href=\"https:\/\/aytoanievas.org\/transparencia\/trans_files\/uploads\/certificado_pleno_ordenanza_ivtm.pdf\" target=\"_blank\" rel=\"noopener\">Certificado de aprobaci\u00f3n inicial en sesi\u00f3n ordinaria de fecha 04\/06\/2020.<\/a><\/p><p><a href=\"https:\/\/boc.cantabria.es\/boces\/verAnuncioAction.do?idAnuBlob=350282\" target=\"_blank\" rel=\"noopener\">Aprobaci\u00f3n inicial y exposici\u00f3n p\u00fablica de la modificaci\u00f3n de la Ordenanza reguladora del Impuesto sobre Veh\u00edculos de Tracci\u00f3n Mec\u00e1nica.<\/a><\/p><\/div>\n\t\t\t\t<\/div>\n\t\t\t\t\t\t\t\t<\/div>\n\t\t\t\t<\/div>\n\t\t\t\t<\/div>\n\t\t\t\t\t\t<\/div>\n\t\t\t\t\t<\/div>\n\t\t<\/div>\n\t\t\t\t\t\t\t\t<\/div>\n\t\t\t\t\t<\/div>\n\t\t<\/section>\n\t\t\t\t\t\t\t\t\t<\/div>\n\t\t\t<\/div>\n\t\t\t\t\t<\/div>\n\t\t","protected":false},"excerpt":{"rendered":"<p>TRAMITACI\u00d3N DE ORDENANZAS Y CONSULTAS PREVIAS De conformidad con lo previsto en el art\u00edculo 133.1 de la Ley 39\/2015, de 1 de octubre, del Procedimiento Administrativo Com\u00fan de las Administraciones P\u00fablicas, con el objetivo de mejorar la participaci\u00f3n de los ciudadanos en el procedimiento de elaboraci\u00f3n de normas, con car\u00e1cter previo a la elaboraci\u00f3n del [&hellip;]<\/p>\n","protected":false},"author":1,"featured_media":0,"parent":0,"menu_order":0,"comment_status":"closed","ping_status":"closed","template":"","meta":[],"_links":{"self":[{"href":"https:\/\/aytoanievas.org\/transparencia\/wp-json\/wp\/v2\/pages\/935"}],"collection":[{"href":"https:\/\/aytoanievas.org\/transparencia\/wp-json\/wp\/v2\/pages"}],"about":[{"href":"https:\/\/aytoanievas.org\/transparencia\/wp-json\/wp\/v2\/types\/page"}],"author":[{"embeddable":true,"href":"https:\/\/aytoanievas.org\/transparencia\/wp-json\/wp\/v2\/users\/1"}],"replies":[{"embeddable":true,"href":"https:\/\/aytoanievas.org\/transparencia\/wp-json\/wp\/v2\/comments?post=935"}],"version-history":[{"count":26,"href":"https:\/\/aytoanievas.org\/transparencia\/wp-json\/wp\/v2\/pages\/935\/revisions"}],"predecessor-version":[{"id":3835,"href":"https:\/\/aytoanievas.org\/transparencia\/wp-json\/wp\/v2\/pages\/935\/revisions\/3835"}],"wp:attachment":[{"href":"https:\/\/aytoanievas.org\/transparencia\/wp-json\/wp\/v2\/media?parent=935"}],"curies":[{"name":"wp","href":"https:\/\/api.w.org\/{rel}","templated":true}]}}