{"id":932,"date":"2020-04-28T15:17:05","date_gmt":"2020-04-28T15:17:05","guid":{"rendered":"https:\/\/aytoanievas.org\/transparencia\/?page_id=932"},"modified":"2020-07-21T08:06:45","modified_gmt":"2020-07-21T08:06:45","slug":"convenios","status":"publish","type":"page","link":"https:\/\/aytoanievas.org\/transparencia\/convenios\/","title":{"rendered":"Convenios Administrativos"},"content":{"rendered":"\t\t<div data-elementor-type=\"wp-page\" data-elementor-id=\"932\" class=\"elementor elementor-932\">\n\t\t\t\t\t\t<div class=\"elementor-inner\">\n\t\t\t\t<div class=\"elementor-section-wrap\">\n\t\t\t\t\t\t\t\t\t<section class=\"elementor-section elementor-top-section elementor-element elementor-element-635e2ed elementor-section-boxed elementor-section-height-default elementor-section-height-default\" data-id=\"635e2ed\" data-element_type=\"section\">\n\t\t\t\t\t\t<div class=\"elementor-container elementor-column-gap-default\">\n\t\t\t\t\t\t\t<div class=\"elementor-row\">\n\t\t\t\t\t<div class=\"elementor-column elementor-col-100 elementor-top-column elementor-element elementor-element-3c748e8\" data-id=\"3c748e8\" data-element_type=\"column\">\n\t\t\t<div class=\"elementor-column-wrap elementor-element-populated\">\n\t\t\t\t\t\t\t<div class=\"elementor-widget-wrap\">\n\t\t\t\t\t\t<div class=\"elementor-element elementor-element-89f309a elementor-widget elementor-widget-text-editor\" data-id=\"89f309a\" data-element_type=\"widget\" data-widget_type=\"text-editor.default\">\n\t\t\t\t<div class=\"elementor-widget-container\">\n\t\t\t\t\t\t\t\t<div class=\"elementor-text-editor elementor-clearfix\">\n\t\t\t\t<div id=\"pu46753\" class=\"clearfix colelem\"><div id=\"u89976-8\" class=\"clearfix grpelem shared_content\" data-muse-uid=\"U89976\" data-muse-type=\"txt_frame\" data-ibe-flags=\"txtStyleSrc\" data-content-guid=\"u89976-8_content\"><p id=\"u89976-2\"><strong>CONVENIOS ADMINISTRATIVOS<\/strong><\/p><p>De conformidad con lo dispuesto por la Ley 40\/2015, de 1 de octubre, de R\u00e9gimen Jur\u00eddico del Sector P\u00fablico, se publicar\u00e1n en este apartado del portal de transparencia los distintos convenios administrativos firmados por el Ayuntamiento de Campoo de Yuso con otras Administraciones.<\/p><p><strong>RELACI\u00d3N DE CONVENIOS:<\/strong><\/p><p><a href=\"https:\/\/boc.cantabria.es\/boces\/verAnuncioAction.do?idAnuBlob=351676\" target=\"_blank\" rel=\"noopener\">CONVENIO ENTRE LA DIPUTACI\u00d3N PROVINCIAL DE ALBACETE Y EL AYUNTAMIENTO DE ANIEVAS PARA LA PUESTA A DISPOSICI\u00d3N DE LA TOTALIDAD DE APLICATIVOS Y HERRAMIENTAS QUE INTEGRAN LA PLATAFORMA SEDIPUALBA.<\/a><\/p><\/div><p><a href=\"https:\/\/aytoanievas.org\/transparencia\/trans_files\/uploads\/20200625114723.pdf\" target=\"_blank\" rel=\"noopener\">CONVENIO ICASS DESARROLLO SERVICIOS SOCIALES DE ATENCI\u00d3N PRIMARIA. EJERCICIO 2020.<\/a><\/p><p id=\"u105044-2\"><a href=\"https:\/\/aytoanievas.org\/transparencia\/trans_files\/uploads\/convenio_ubas_2019-1.pdf\" target=\"_blank\" rel=\"noopener\">CONVENIO ICASS DESARROLLO SERVICIOS SOCIALES DE ATENCI\u00d3N PRIMARIA. EJERCICIO 2019.<\/a><\/p><\/div>\t\t\t\t\t<\/div>\n\t\t\t\t\t\t<\/div>\n\t\t\t\t<\/div>\n\t\t\t\t\t\t<\/div>\n\t\t\t\t\t<\/div>\n\t\t<\/div>\n\t\t\t\t\t\t\t\t<\/div>\n\t\t\t\t\t<\/div>\n\t\t<\/section>\n\t\t\t\t\t\t\t\t\t<\/div>\n\t\t\t<\/div>\n\t\t\t\t\t<\/div>\n\t\t","protected":false},"excerpt":{"rendered":"<p>CONVENIOS ADMINISTRATIVOS De conformidad con lo dispuesto por la Ley 40\/2015, de 1 de octubre, de R\u00e9gimen Jur\u00eddico del Sector P\u00fablico, se publicar\u00e1n en este apartado del portal de transparencia los distintos convenios administrativos firmados por el Ayuntamiento de Campoo de Yuso con otras Administraciones. RELACI\u00d3N DE CONVENIOS: CONVENIO ENTRE LA DIPUTACI\u00d3N PROVINCIAL DE ALBACETE [&hellip;]<\/p>\n","protected":false},"author":1,"featured_media":0,"parent":0,"menu_order":0,"comment_status":"closed","ping_status":"closed","template":"","meta":[],"_links":{"self":[{"href":"https:\/\/aytoanievas.org\/transparencia\/wp-json\/wp\/v2\/pages\/932"}],"collection":[{"href":"https:\/\/aytoanievas.org\/transparencia\/wp-json\/wp\/v2\/pages"}],"about":[{"href":"https:\/\/aytoanievas.org\/transparencia\/wp-json\/wp\/v2\/types\/page"}],"author":[{"embeddable":true,"href":"https:\/\/aytoanievas.org\/transparencia\/wp-json\/wp\/v2\/users\/1"}],"replies":[{"embeddable":true,"href":"https:\/\/aytoanievas.org\/transparencia\/wp-json\/wp\/v2\/comments?post=932"}],"version-history":[{"count":5,"href":"https:\/\/aytoanievas.org\/transparencia\/wp-json\/wp\/v2\/pages\/932\/revisions"}],"predecessor-version":[{"id":2662,"href":"https:\/\/aytoanievas.org\/transparencia\/wp-json\/wp\/v2\/pages\/932\/revisions\/2662"}],"wp:attachment":[{"href":"https:\/\/aytoanievas.org\/transparencia\/wp-json\/wp\/v2\/media?parent=932"}],"curies":[{"name":"wp","href":"https:\/\/api.w.org\/{rel}","templated":true}]}}