{"id":883,"date":"2020-04-28T09:54:00","date_gmt":"2020-04-28T09:54:00","guid":{"rendered":"https:\/\/aytoanievas.org\/transparencia\/?page_id=883"},"modified":"2021-12-29T12:51:36","modified_gmt":"2021-12-29T12:51:36","slug":"ordenanzas","status":"publish","type":"page","link":"https:\/\/aytoanievas.org\/transparencia\/ordenanzas\/","title":{"rendered":"Ordenanzas Municipales"},"content":{"rendered":"\t\t<div data-elementor-type=\"wp-page\" data-elementor-id=\"883\" class=\"elementor elementor-883\">\n\t\t\t\t\t\t<div class=\"elementor-inner\">\n\t\t\t\t<div class=\"elementor-section-wrap\">\n\t\t\t\t\t\t\t\t\t<section class=\"elementor-section elementor-top-section elementor-element elementor-element-015c19f elementor-section-boxed elementor-section-height-default elementor-section-height-default\" data-id=\"015c19f\" data-element_type=\"section\">\n\t\t\t\t\t\t<div class=\"elementor-container elementor-column-gap-default\">\n\t\t\t\t\t\t\t<div class=\"elementor-row\">\n\t\t\t\t\t<div class=\"elementor-column elementor-col-100 elementor-top-column elementor-element elementor-element-2aef016\" data-id=\"2aef016\" data-element_type=\"column\">\n\t\t\t<div class=\"elementor-column-wrap elementor-element-populated\">\n\t\t\t\t\t\t\t<div class=\"elementor-widget-wrap\">\n\t\t\t\t\t\t<div class=\"elementor-element elementor-element-1033d67 elementor-widget elementor-widget-spacer\" data-id=\"1033d67\" data-element_type=\"widget\" data-widget_type=\"spacer.default\">\n\t\t\t\t<div class=\"elementor-widget-container\">\n\t\t\t\t\t<div class=\"elementor-spacer\">\n\t\t\t<div class=\"elementor-spacer-inner\"><\/div>\n\t\t<\/div>\n\t\t\t\t<\/div>\n\t\t\t\t<\/div>\n\t\t\t\t\t\t<\/div>\n\t\t\t\t\t<\/div>\n\t\t<\/div>\n\t\t\t\t\t\t\t\t<\/div>\n\t\t\t\t\t<\/div>\n\t\t<\/section>\n\t\t\t\t<section class=\"elementor-section elementor-top-section elementor-element elementor-element-2450755 elementor-section-boxed elementor-section-height-default elementor-section-height-default\" data-id=\"2450755\" data-element_type=\"section\">\n\t\t\t\t\t\t\t<div class=\"elementor-background-overlay\"><\/div>\n\t\t\t\t\t\t\t<div class=\"elementor-container elementor-column-gap-default\">\n\t\t\t\t\t\t\t<div class=\"elementor-row\">\n\t\t\t\t\t<div class=\"elementor-column elementor-col-100 elementor-top-column elementor-element elementor-element-256ae22\" data-id=\"256ae22\" data-element_type=\"column\">\n\t\t\t<div class=\"elementor-column-wrap elementor-element-populated\">\n\t\t\t\t\t\t\t<div class=\"elementor-widget-wrap\">\n\t\t\t\t\t\t<div class=\"elementor-element elementor-element-ca72299 elementor-widget elementor-widget-text-editor\" data-id=\"ca72299\" data-element_type=\"widget\" data-widget_type=\"text-editor.default\">\n\t\t\t\t<div class=\"elementor-widget-container\">\n\t\t\t\t\t\t\t\t<div class=\"elementor-text-editor elementor-clearfix\">\n\t\t\t\t<p><strong>ORDENANZAS MUNICIPALES DEL AYUNTAMIENTO DE ANIEVAS<\/strong><\/p>\t\t\t\t\t<\/div>\n\t\t\t\t\t\t<\/div>\n\t\t\t\t<\/div>\n\t\t\t\t\t\t<\/div>\n\t\t\t\t\t<\/div>\n\t\t<\/div>\n\t\t\t\t\t\t\t\t<\/div>\n\t\t\t\t\t<\/div>\n\t\t<\/section>\n\t\t\t\t<section class=\"elementor-section elementor-top-section elementor-element elementor-element-18a4365 elementor-section-boxed elementor-section-height-default elementor-section-height-default\" data-id=\"18a4365\" data-element_type=\"section\">\n\t\t\t\t\t\t<div class=\"elementor-container elementor-column-gap-default\">\n\t\t\t\t\t\t\t<div class=\"elementor-row\">\n\t\t\t\t\t<div class=\"elementor-column elementor-col-100 elementor-top-column elementor-element elementor-element-38ae1b4\" data-id=\"38ae1b4\" data-element_type=\"column\">\n\t\t\t<div class=\"elementor-column-wrap elementor-element-populated\">\n\t\t\t\t\t\t\t<div class=\"elementor-widget-wrap\">\n\t\t\t\t\t\t<div class=\"elementor-element elementor-element-c9a263d elementor-widget elementor-widget-text-editor\" data-id=\"c9a263d\" data-element_type=\"widget\" data-widget_type=\"text-editor.default\">\n\t\t\t\t<div class=\"elementor-widget-container\">\n\t\t\t\t\t\t\t\t<div class=\"elementor-text-editor elementor-clearfix\">\n\t\t\t\t<p><a href=\"https:\/\/boc.cantabria.es\/boces\/verAnuncioAction.do?idAnuBlob=368025\" target=\"_blank\" rel=\"noopener\">Ordenanza Fiscal reguladora de la Tasa por Utilizaci\u00f3n Privativa o Aprovechamiento Especial del Dominio P\u00fablico Local de las Instalaciones de Transporte de Energ\u00eda El\u00e9ctrica, Gas, Agua e Hidrocarburos<\/a><\/p><p><a href=\"https:\/\/boc.cantabria.es\/boces\/verAnuncioAction.do?idAnuBlob=352920\" target=\"_blank\" rel=\"noopener\">Correcci\u00f3n de errores al anuncio publicado en el Bolet\u00edn Oficial de Cantabria n\u00famero 159, de 19 de agosto de 2020, de aprobaci\u00f3n definitiva de la modificaci\u00f3n de la Ordenanza reguladora del Impuesto sobre Veh\u00edculos de Tracci\u00f3n Mec\u00e1nica.<\/a><\/p><p><a title=\"Enlace anuncio BOC\" href=\"https:\/\/boc.cantabria.es\/boces\/verAnuncioAction.do?idAnuBlob=340174\" target=\"_blank\" rel=\"noopener noreferrer\">Aprobaci\u00f3n definitiva de la Ordenanza Fiscal reguladora de la Tasa por Recogida Domiciliaria de Basura y Residuos S\u00f3lidos Urbanos.<\/a><\/p><p><a title=\"Enlace anuncio BOC\" href=\"https:\/\/boc.cantabria.es\/boces\/verAnuncioAction.do?idAnuBlob=329927\" target=\"_blank\" rel=\"noopener noreferrer\">Aprobaci\u00f3n definitiva de la Ordenanza reguladora de la Concesi\u00f3n de Subvenciones para la Adquisici\u00f3n de Libros y de Material Educativo.<\/a><\/p><p><a title=\"Enlace anuncio BOC\" href=\"https:\/\/boc.cantabria.es\/boces\/verAnuncioAction.do?idAnuBlob=329891\" target=\"_blank\" rel=\"noopener noreferrer\">Aprobaci\u00f3n definitiva de la Ordenanza reguladora de la Administraci\u00f3n Electr\u00f3nica.<\/a><\/p><p><a title=\"Enlace anuncio BOC\" href=\"https:\/\/boc.cantabria.es\/boces\/verAnuncioAction.do?idAnuBlob=310362\" target=\"_blank\" rel=\"noopener noreferrer\">Aprobaci\u00f3n definitiva de la Ordenanza Fiscal reguladora del Impuesto sobre Bienes Inmuebles de Naturaleza Urbana.<\/a><\/p><p><a title=\"Enlace anuncio BOC\" href=\"https:\/\/boc.cantabria.es\/boces\/verAnuncioAction.do?idAnuBlob=300189\" target=\"_blank\" rel=\"noopener noreferrer\">Aprobaci\u00f3n definitiva de la Ordenanza Fiscal reguladora del Precio P\u00fablico por la Prestaci\u00f3n del Servicio de Teleasistencia.<\/a><\/p><p><a title=\"Enlace anuncio BOC\" href=\"https:\/\/boc.cantabria.es\/boces\/verAnuncioAction.do?idAnuBlob=297024\" target=\"_blank\" rel=\"noopener noreferrer\">Aprobaci\u00f3n definitiva de la Ordenanza Fiscal reguladora de la Tasa por la Celebraci\u00f3n de Matrimonio Civil.<\/a><\/p><p><a title=\"Enlace anuncio BOC\" href=\"https:\/\/boc.cantabria.es\/boces\/verAnuncioAction.do?idAnuBlob=275736\" target=\"_blank\" rel=\"noopener noreferrer\">Aprobaci\u00f3n definitiva de la Ordenanza reguladora del Aprovechamiento y Explotaci\u00f3n de Montes y Pastos P\u00fablicos o Comunales.<\/a><\/p><p><a title=\"Enlace anuncio BOC\" href=\"https:\/\/boc.cantabria.es\/boces\/verAnuncioAction.do?idAnuBlob=248376\" target=\"_blank\" rel=\"noopener noreferrer\">Acuerdo de aprobaci\u00f3n definitiva de la Ordenanza reguladora del Servicio de Teleasistencia.<\/a><\/p><p><a title=\"Enlace anuncio BOC\" href=\"https:\/\/boc.cantabria.es\/boces\/verAnuncioAction.do?idAnuBlob=235916\" target=\"_blank\" rel=\"noopener noreferrer\">Aprobaci\u00f3n definitiva de la modificaci\u00f3n de la Ordenanza Fiscal reguladora del Impuesto sobre Construcciones, Instalaciones y Obras.<\/a><\/p><p><a title=\"Enlace anuncio BOC\" href=\"https:\/\/boc.cantabria.es\/boces\/verAnuncioAction.do?idAnuBlob=34095\" target=\"_blank\" rel=\"noopener noreferrer\">Informaci\u00f3n p\u00fablica de la aprobaci\u00f3n definitiva de la Ordenanza reguladora del Servicio P\u00fablico de Atenci\u00f3n Domiciliaria.<\/a><\/p><p><a style=\"font-size: 14px; background-color: #ffffff;\" title=\"Enlace anuncio BOC\" href=\"https:\/\/boc.cantabria.es\/boces\/verAnuncioAction.do?idAnuBlob=25885\" target=\"_blank\" rel=\"noopener noreferrer\">Informaci\u00f3n p\u00fablica de la aprobaci\u00f3n definitiva de la Ordenanza reguladora del Cuidado y Limpieza de Solares y Parcelas Privadas y Comunales.<\/a><\/p><p><a href=\"https:\/\/aytoanievas.org\/images\/docs\/ordenanza_Agua.pdf\" target=\"_blank\" rel=\"noopener noreferrer\">Informaci\u00f3n p\u00fablica de la aprobaci\u00f3n definitiva de la Ordenanza fiscal reguladora de la Tasa por el Suministro de Agua.<\/a><\/p>\t\t\t\t\t<\/div>\n\t\t\t\t\t\t<\/div>\n\t\t\t\t<\/div>\n\t\t\t\t\t\t<\/div>\n\t\t\t\t\t<\/div>\n\t\t<\/div>\n\t\t\t\t\t\t\t\t<\/div>\n\t\t\t\t\t<\/div>\n\t\t<\/section>\n\t\t\t\t<section class=\"elementor-section elementor-top-section elementor-element elementor-element-ead5b80 elementor-section-boxed elementor-section-height-default elementor-section-height-default\" data-id=\"ead5b80\" data-element_type=\"section\">\n\t\t\t\t\t\t<div class=\"elementor-container elementor-column-gap-default\">\n\t\t\t\t\t\t\t<div class=\"elementor-row\">\n\t\t\t\t\t<div class=\"elementor-column elementor-col-100 elementor-top-column elementor-element elementor-element-84042c5\" data-id=\"84042c5\" data-element_type=\"column\">\n\t\t\t<div class=\"elementor-column-wrap elementor-element-populated\">\n\t\t\t\t\t\t\t<div class=\"elementor-widget-wrap\">\n\t\t\t\t\t\t<div class=\"elementor-element elementor-element-094d4ec elementor-widget elementor-widget-spacer\" data-id=\"094d4ec\" data-element_type=\"widget\" data-widget_type=\"spacer.default\">\n\t\t\t\t<div class=\"elementor-widget-container\">\n\t\t\t\t\t<div class=\"elementor-spacer\">\n\t\t\t<div class=\"elementor-spacer-inner\"><\/div>\n\t\t<\/div>\n\t\t\t\t<\/div>\n\t\t\t\t<\/div>\n\t\t\t\t\t\t<\/div>\n\t\t\t\t\t<\/div>\n\t\t<\/div>\n\t\t\t\t\t\t\t\t<\/div>\n\t\t\t\t\t<\/div>\n\t\t<\/section>\n\t\t\t\t\t\t\t\t\t<\/div>\n\t\t\t<\/div>\n\t\t\t\t\t<\/div>\n\t\t","protected":false},"excerpt":{"rendered":"<p>ORDENANZAS MUNICIPALES DEL AYUNTAMIENTO DE ANIEVAS Ordenanza Fiscal reguladora de la Tasa por Utilizaci\u00f3n Privativa o Aprovechamiento Especial del Dominio P\u00fablico Local de las Instalaciones de Transporte de Energ\u00eda El\u00e9ctrica, Gas, Agua e Hidrocarburos Correcci\u00f3n de errores al anuncio publicado en el Bolet\u00edn Oficial de Cantabria n\u00famero 159, de 19 de agosto de 2020, de [&hellip;]<\/p>\n","protected":false},"author":1,"featured_media":0,"parent":0,"menu_order":0,"comment_status":"closed","ping_status":"closed","template":"","meta":[],"_links":{"self":[{"href":"https:\/\/aytoanievas.org\/transparencia\/wp-json\/wp\/v2\/pages\/883"}],"collection":[{"href":"https:\/\/aytoanievas.org\/transparencia\/wp-json\/wp\/v2\/pages"}],"about":[{"href":"https:\/\/aytoanievas.org\/transparencia\/wp-json\/wp\/v2\/types\/page"}],"author":[{"embeddable":true,"href":"https:\/\/aytoanievas.org\/transparencia\/wp-json\/wp\/v2\/users\/1"}],"replies":[{"embeddable":true,"href":"https:\/\/aytoanievas.org\/transparencia\/wp-json\/wp\/v2\/comments?post=883"}],"version-history":[{"count":10,"href":"https:\/\/aytoanievas.org\/transparencia\/wp-json\/wp\/v2\/pages\/883\/revisions"}],"predecessor-version":[{"id":3838,"href":"https:\/\/aytoanievas.org\/transparencia\/wp-json\/wp\/v2\/pages\/883\/revisions\/3838"}],"wp:attachment":[{"href":"https:\/\/aytoanievas.org\/transparencia\/wp-json\/wp\/v2\/media?parent=883"}],"curies":[{"name":"wp","href":"https:\/\/api.w.org\/{rel}","templated":true}]}}