{"id":737,"date":"2020-04-28T07:23:31","date_gmt":"2020-04-28T07:23:31","guid":{"rendered":"https:\/\/aytoanievas.org\/transparencia\/?page_id=737"},"modified":"2022-03-25T10:17:34","modified_gmt":"2022-03-25T10:17:34","slug":"ordendia","status":"publish","type":"page","link":"https:\/\/aytoanievas.org\/transparencia\/ordendia\/","title":{"rendered":"Convocatorias de Sesiones del Pleno del Ayuntamiento"},"content":{"rendered":"\t\t<div data-elementor-type=\"wp-page\" data-elementor-id=\"737\" class=\"elementor elementor-737\">\n\t\t\t\t\t\t<div class=\"elementor-inner\">\n\t\t\t\t<div class=\"elementor-section-wrap\">\n\t\t\t\t\t\t\t\t\t<section class=\"elementor-section elementor-top-section elementor-element elementor-element-1d4168f elementor-section-boxed elementor-section-height-default elementor-section-height-default\" data-id=\"1d4168f\" data-element_type=\"section\">\n\t\t\t\t\t\t<div class=\"elementor-container elementor-column-gap-default\">\n\t\t\t\t\t\t\t<div class=\"elementor-row\">\n\t\t\t\t\t<div class=\"elementor-column elementor-col-100 elementor-top-column elementor-element elementor-element-80faee0\" data-id=\"80faee0\" data-element_type=\"column\">\n\t\t\t<div class=\"elementor-column-wrap elementor-element-populated\">\n\t\t\t\t\t\t\t<div class=\"elementor-widget-wrap\">\n\t\t\t\t\t\t<div class=\"elementor-element elementor-element-b24b6c5 elementor-invisible elementor-widget elementor-widget-image\" data-id=\"b24b6c5\" data-element_type=\"widget\" data-settings=\"{&quot;_animation&quot;:&quot;zoomIn&quot;}\" data-widget_type=\"image.default\">\n\t\t\t\t<div class=\"elementor-widget-container\">\n\t\t\t\t\t\t\t\t<div class=\"elementor-image\">\n\t\t\t\t\t\t\t\t\t\t\t\t\t<a href=\"https:\/\/aytoanievas.org\/transparencia\/trans_files\/uploads\/salon_plenos-scaled.jpg\" data-elementor-open-lightbox=\"yes\" e-action-hash=\"#elementor-action%3Aaction%3Dlightbox%26settings%3DeyJpZCI6NjU5LCJ1cmwiOmZhbHNlfQ%3D%3D\">\n\t\t\t\t\t\t\t<img src=\"https:\/\/aytoanievas.org\/transparencia\/trans_files\/uploads\/salon_plenos-scaled.jpg\" title=\"\" alt=\"\" \/>\t\t\t\t\t\t\t\t<\/a>\n\t\t\t\t\t\t\t\t\t\t\t\t\t\t<\/div>\n\t\t\t\t\t\t<\/div>\n\t\t\t\t<\/div>\n\t\t\t\t\t\t<\/div>\n\t\t\t\t\t<\/div>\n\t\t<\/div>\n\t\t\t\t\t\t\t\t<\/div>\n\t\t\t\t\t<\/div>\n\t\t<\/section>\n\t\t\t\t<section class=\"elementor-section elementor-top-section elementor-element elementor-element-e556fe8 elementor-section-boxed elementor-section-height-default elementor-section-height-default\" data-id=\"e556fe8\" data-element_type=\"section\">\n\t\t\t\t\t\t<div class=\"elementor-container elementor-column-gap-default\">\n\t\t\t\t\t\t\t<div class=\"elementor-row\">\n\t\t\t\t\t<div class=\"elementor-column elementor-col-100 elementor-top-column elementor-element elementor-element-3f64326\" data-id=\"3f64326\" data-element_type=\"column\">\n\t\t\t<div class=\"elementor-column-wrap elementor-element-populated\">\n\t\t\t\t\t\t\t<div class=\"elementor-widget-wrap\">\n\t\t\t\t\t\t<div class=\"elementor-element elementor-element-79b4334 elementor-widget elementor-widget-spacer\" data-id=\"79b4334\" data-element_type=\"widget\" data-widget_type=\"spacer.default\">\n\t\t\t\t<div class=\"elementor-widget-container\">\n\t\t\t\t\t<div class=\"elementor-spacer\">\n\t\t\t<div class=\"elementor-spacer-inner\"><\/div>\n\t\t<\/div>\n\t\t\t\t<\/div>\n\t\t\t\t<\/div>\n\t\t\t\t\t\t<\/div>\n\t\t\t\t\t<\/div>\n\t\t<\/div>\n\t\t\t\t\t\t\t\t<\/div>\n\t\t\t\t\t<\/div>\n\t\t<\/section>\n\t\t\t\t<section class=\"elementor-section elementor-top-section elementor-element elementor-element-ea9831e elementor-section-stretched elementor-section-full_width elementor-section-height-default elementor-section-height-default\" data-id=\"ea9831e\" data-element_type=\"section\" data-settings=\"{&quot;stretch_section&quot;:&quot;section-stretched&quot;,&quot;background_background&quot;:&quot;classic&quot;}\">\n\t\t\t\t\t\t<div class=\"elementor-container elementor-column-gap-default\">\n\t\t\t\t\t\t\t<div class=\"elementor-row\">\n\t\t\t\t\t<div class=\"elementor-column elementor-col-100 elementor-top-column elementor-element elementor-element-2d4bb8f\" data-id=\"2d4bb8f\" data-element_type=\"column\">\n\t\t\t<div class=\"elementor-column-wrap elementor-element-populated\">\n\t\t\t\t\t\t\t<div class=\"elementor-widget-wrap\">\n\t\t\t\t\t\t<div class=\"elementor-element elementor-element-d815363 elementor-widget elementor-widget-heading\" data-id=\"d815363\" data-element_type=\"widget\" data-widget_type=\"heading.default\">\n\t\t\t\t<div class=\"elementor-widget-container\">\n\t\t\t<h2 class=\"elementor-heading-title elementor-size-default\">CONVOCATORIAS DE SESIONES DEL PLENO DEL AYUNTAMIENTO DE ANIEVAS<\/h2>\t\t<\/div>\n\t\t\t\t<\/div>\n\t\t\t\t\t\t<\/div>\n\t\t\t\t\t<\/div>\n\t\t<\/div>\n\t\t\t\t\t\t\t\t<\/div>\n\t\t\t\t\t<\/div>\n\t\t<\/section>\n\t\t\t\t<section class=\"elementor-section elementor-top-section elementor-element elementor-element-6eed119 elementor-section-boxed elementor-section-height-default elementor-section-height-default\" data-id=\"6eed119\" data-element_type=\"section\">\n\t\t\t\t\t\t<div class=\"elementor-container elementor-column-gap-default\">\n\t\t\t\t\t\t\t<div class=\"elementor-row\">\n\t\t\t\t\t<div class=\"elementor-column elementor-col-100 elementor-top-column elementor-element elementor-element-81a350e\" data-id=\"81a350e\" data-element_type=\"column\">\n\t\t\t<div class=\"elementor-column-wrap elementor-element-populated\">\n\t\t\t\t\t\t\t<div class=\"elementor-widget-wrap\">\n\t\t\t\t\t\t<div class=\"elementor-element elementor-element-e4d3101 elementor-widget elementor-widget-spacer\" data-id=\"e4d3101\" data-element_type=\"widget\" data-widget_type=\"spacer.default\">\n\t\t\t\t<div class=\"elementor-widget-container\">\n\t\t\t\t\t<div class=\"elementor-spacer\">\n\t\t\t<div class=\"elementor-spacer-inner\"><\/div>\n\t\t<\/div>\n\t\t\t\t<\/div>\n\t\t\t\t<\/div>\n\t\t\t\t\t\t<\/div>\n\t\t\t\t\t<\/div>\n\t\t<\/div>\n\t\t\t\t\t\t\t\t<\/div>\n\t\t\t\t\t<\/div>\n\t\t<\/section>\n\t\t\t\t<section class=\"elementor-section elementor-top-section elementor-element elementor-element-8739875 elementor-section-boxed elementor-section-height-default elementor-section-height-default\" data-id=\"8739875\" data-element_type=\"section\">\n\t\t\t\t\t\t<div class=\"elementor-container elementor-column-gap-default\">\n\t\t\t\t\t\t\t<div class=\"elementor-row\">\n\t\t\t\t\t<div class=\"elementor-column elementor-col-100 elementor-top-column elementor-element elementor-element-17c345b\" data-id=\"17c345b\" data-element_type=\"column\">\n\t\t\t<div class=\"elementor-column-wrap elementor-element-populated\">\n\t\t\t\t\t\t\t<div class=\"elementor-widget-wrap\">\n\t\t\t\t\t\t<div class=\"elementor-element elementor-element-5ec8e59 elementor-widget elementor-widget-accordion\" data-id=\"5ec8e59\" data-element_type=\"widget\" data-widget_type=\"accordion.default\">\n\t\t\t\t<div class=\"elementor-widget-container\">\n\t\t\t\t\t<div class=\"elementor-accordion\" role=\"tablist\">\n\t\t\t\t\t\t\t<div class=\"elementor-accordion-item\">\n\t\t\t\t\t<div id=\"elementor-tab-title-9931\" class=\"elementor-tab-title\" data-tab=\"1\" role=\"tab\" aria-controls=\"elementor-tab-content-9931\" aria-expanded=\"false\">\n\t\t\t\t\t\t\t\t\t\t\t\t\t<span class=\"elementor-accordion-icon elementor-accordion-icon-left\" aria-hidden=\"true\">\n\t\t\t\t\t\t\t\t\t\t\t\t\t\t\t<span class=\"elementor-accordion-icon-closed\"><i class=\"fas fa-plus\"><\/i><\/span>\n\t\t\t\t\t\t\t\t<span class=\"elementor-accordion-icon-opened\"><i class=\"fas fa-minus\"><\/i><\/span>\n\t\t\t\t\t\t\t\t\t\t\t\t\t\t<\/span>\n\t\t\t\t\t\t\t\t\t\t\t\t<a class=\"elementor-accordion-title\" href=\"\">2022<\/a>\n\t\t\t\t\t<\/div>\n\t\t\t\t\t<div id=\"elementor-tab-content-9931\" class=\"elementor-tab-content elementor-clearfix\" data-tab=\"1\" role=\"tabpanel\" aria-labelledby=\"elementor-tab-title-9931\"><p><a href=\"https:\/\/aytoanievas.org\/transparencia\/trans_files\/uploads\/Resolucion_N_7_de_07022022_Resolucion_Convocatoria_Pleno_Extraordinario_10022022_-_SEGRA_562108.pdf\" target=\"_blank\" rel=\"noopener\">Sesi\u00f3n Extraordinaria de fecha 10 de febrero de 2022.<\/a><\/p><p><a href=\"https:\/\/aytoanievas.org\/transparencia\/trans_files\/uploads\/Convocatoria_Pleno_Ordinario_24032022_-_SEGRA_580775.pdf\" target=\"_blank\" rel=\"noopener\">Sesi\u00f3n Ordinaria de fecha 24 de marzo de 2022.<\/a><\/p><\/div>\n\t\t\t\t<\/div>\n\t\t\t\t\t\t\t<div class=\"elementor-accordion-item\">\n\t\t\t\t\t<div id=\"elementor-tab-title-9932\" class=\"elementor-tab-title\" data-tab=\"2\" role=\"tab\" aria-controls=\"elementor-tab-content-9932\" aria-expanded=\"false\">\n\t\t\t\t\t\t\t\t\t\t\t\t\t<span class=\"elementor-accordion-icon elementor-accordion-icon-left\" aria-hidden=\"true\">\n\t\t\t\t\t\t\t\t\t\t\t\t\t\t\t<span class=\"elementor-accordion-icon-closed\"><i class=\"fas fa-plus\"><\/i><\/span>\n\t\t\t\t\t\t\t\t<span class=\"elementor-accordion-icon-opened\"><i class=\"fas fa-minus\"><\/i><\/span>\n\t\t\t\t\t\t\t\t\t\t\t\t\t\t<\/span>\n\t\t\t\t\t\t\t\t\t\t\t\t<a class=\"elementor-accordion-title\" href=\"\">2021<\/a>\n\t\t\t\t\t<\/div>\n\t\t\t\t\t<div id=\"elementor-tab-content-9932\" class=\"elementor-tab-content elementor-clearfix\" data-tab=\"2\" role=\"tabpanel\" aria-labelledby=\"elementor-tab-title-9932\"><p><a href=\"https:\/\/aytoanievas.org\/transparencia\/trans_files\/uploads\/Convocatoria_Sesion_Plenaria_prevista_para_el_19012021_-_SEGRA_422216.pdf\" target=\"_blank\" rel=\"noopener\">Sesi\u00f3n Extraordinaria de fecha 19 de enero de 2021.<\/a><\/p><p><a href=\"https:\/\/aytoanievas.org\/transparencia\/trans_files\/uploads\/13-Convocatoria_Sesion_Plenaria_prevista_para_el_23022021_-_SEGRA_439934.pdf\" target=\"_blank\" rel=\"noopener\">Sesi\u00f3n Extraordinaria de fecha 23 de febrero de 2021.<\/a><\/p><p><a href=\"https:\/\/aytoanievas.org\/transparencia\/trans_files\/uploads\/Resolucion_N_25_de_17032021_Convocatoria_Sesion_Plenaria_prevista_para_el_25032021_-_SEGRA_449722.pdf\" target=\"_blank\" rel=\"noopener\">Sesi\u00f3n Ordinaria de fecha 25 de marzo de 2021.<\/a><\/p><p><a href=\"https:\/\/aytoanievas.org\/transparencia\/trans_files\/uploads\/32-Resolucion_Convocatoria_Pleno_Extraordinario_15042021_-_SEGRA_455820-1.pdf\" target=\"_blank\" rel=\"noopener\">Sesi\u00f3n Extraordinaria de fecha 15 de abril de 2021.<\/a><\/p><p><a href=\"https:\/\/aytoanievas.org\/transparencia\/trans_files\/uploads\/47-Resolucion_Convocatoria_Pleno_Extraordinario_25052021_-_SEGRA_470507.pdf\" target=\"_blank\" rel=\"noopener\">Sesi\u00f3n Extraordinaria de fecha 25 de mayo de 2021.<\/a><\/p><p><a href=\"https:\/\/aytoanievas.org\/transparencia\/trans_files\/uploads\/53-Resolucion_Convocatoria_Pleno_Ordinario_08062021_-_SEGRA_474984.pdf\" target=\"_blank\" rel=\"noopener\">Sesi\u00f3n Ordinaria de fecha 08 de junio de 2021.<\/a><\/p><p><a href=\"https:\/\/aytoanievas.org\/transparencia\/trans_files\/uploads\/Resolucion_N_91_de_25082021_Convocatoria_Sesion_Plenaria_prevista_para_el_02092021_-_SEGRA_500830.pdf\" target=\"_blank\" rel=\"noopener\">Sesi\u00f3n Ordinaria de fecha 02 de septiembre de 2021.<\/a><\/p><p><a href=\"https:\/\/aytoanievas.org\/transparencia\/trans_files\/uploads\/Resolucion_N_118_de_14102021_Resolucion_Convocatoria_Pleno_Extraordinario_20102021_-_SEGRA_518245.pdf\" target=\"_blank\" rel=\"noopener\">Sesi\u00f3n Extraordinaria de fecha 20 de octubre de 2021.<\/a><\/p><p><a href=\"https:\/\/aytoanievas.org\/transparencia\/trans_files\/uploads\/Resolucion_N_150_de_16122021_Resolucion_Convocatoria_Pleno_Ordinario_21122021_-_SEGRA_544359.pdf\" target=\"_blank\" rel=\"noopener\">Sesi\u00f3n Ordinaria de fecha 21 de diciembre de 2021.<\/a><\/p><\/div>\n\t\t\t\t<\/div>\n\t\t\t\t\t\t\t<div class=\"elementor-accordion-item\">\n\t\t\t\t\t<div id=\"elementor-tab-title-9933\" class=\"elementor-tab-title\" data-tab=\"3\" role=\"tab\" aria-controls=\"elementor-tab-content-9933\" aria-expanded=\"false\">\n\t\t\t\t\t\t\t\t\t\t\t\t\t<span class=\"elementor-accordion-icon elementor-accordion-icon-left\" aria-hidden=\"true\">\n\t\t\t\t\t\t\t\t\t\t\t\t\t\t\t<span class=\"elementor-accordion-icon-closed\"><i class=\"fas fa-plus\"><\/i><\/span>\n\t\t\t\t\t\t\t\t<span class=\"elementor-accordion-icon-opened\"><i class=\"fas fa-minus\"><\/i><\/span>\n\t\t\t\t\t\t\t\t\t\t\t\t\t\t<\/span>\n\t\t\t\t\t\t\t\t\t\t\t\t<a class=\"elementor-accordion-title\" href=\"\">2020<\/a>\n\t\t\t\t\t<\/div>\n\t\t\t\t\t<div id=\"elementor-tab-content-9933\" class=\"elementor-tab-content elementor-clearfix\" data-tab=\"3\" role=\"tabpanel\" aria-labelledby=\"elementor-tab-title-9933\"><p><a href=\"https:\/\/aytoanievas.org\/transparencia\/trans_files\/uploads\/convocatoria_pleno_2020_01.pdf\" target=\"_blank\" rel=\"noopener\">Sesi\u00f3n Ordinaria de fecha 05 de marzo de 2020.<\/a><\/p><p><a href=\"https:\/\/aytoanievas.org\/transparencia\/trans_files\/uploads\/convocatoria_pleno_2020_02.pdf\" target=\"_blank\" rel=\"noopener\">Sesi\u00f3n Ordinaria de fecha 04 de junio de 2020.<\/a><\/p><p><a href=\"https:\/\/aytoanievas.org\/transparencia\/trans_files\/uploads\/75-Convocatoria_Pleno_Ordinario_03092020_-_SEGRA_355425.pdf\" target=\"_blank\" rel=\"noopener\">Sesi\u00f3n Ordinaria de fecha 03 de septiembre de 2020.<\/a><\/p><p><a href=\"https:\/\/aytoanievas.org\/transparencia\/trans_files\/uploads\/Convocatoria_Pleno_03_12_2020.pdf\" target=\"_blank\" rel=\"noopener\">Sesi\u00f3n Ordinaria de fecha 03 de diciembre de 2020.<\/a><\/p><\/div>\n\t\t\t\t<\/div>\n\t\t\t\t\t\t\t\t<\/div>\n\t\t\t\t<\/div>\n\t\t\t\t<\/div>\n\t\t\t\t\t\t<\/div>\n\t\t\t\t\t<\/div>\n\t\t<\/div>\n\t\t\t\t\t\t\t\t<\/div>\n\t\t\t\t\t<\/div>\n\t\t<\/section>\n\t\t\t\t\t\t\t\t\t<\/div>\n\t\t\t<\/div>\n\t\t\t\t\t<\/div>\n\t\t","protected":false},"excerpt":{"rendered":"<p>CONVOCATORIAS DE SESIONES DEL PLENO DEL AYUNTAMIENTO DE ANIEVAS 2022 Sesi\u00f3n Extraordinaria de fecha 10 de febrero de 2022. Sesi\u00f3n Ordinaria de fecha 24 de marzo de 2022. 2021 Sesi\u00f3n Extraordinaria de fecha 19 de enero de 2021. Sesi\u00f3n Extraordinaria de fecha 23 de febrero de 2021. Sesi\u00f3n Ordinaria de fecha 25 de marzo de [&hellip;]<\/p>\n","protected":false},"author":1,"featured_media":0,"parent":0,"menu_order":0,"comment_status":"closed","ping_status":"closed","template":"","meta":[],"_links":{"self":[{"href":"https:\/\/aytoanievas.org\/transparencia\/wp-json\/wp\/v2\/pages\/737"}],"collection":[{"href":"https:\/\/aytoanievas.org\/transparencia\/wp-json\/wp\/v2\/pages"}],"about":[{"href":"https:\/\/aytoanievas.org\/transparencia\/wp-json\/wp\/v2\/types\/page"}],"author":[{"embeddable":true,"href":"https:\/\/aytoanievas.org\/transparencia\/wp-json\/wp\/v2\/users\/1"}],"replies":[{"embeddable":true,"href":"https:\/\/aytoanievas.org\/transparencia\/wp-json\/wp\/v2\/comments?post=737"}],"version-history":[{"count":60,"href":"https:\/\/aytoanievas.org\/transparencia\/wp-json\/wp\/v2\/pages\/737\/revisions"}],"predecessor-version":[{"id":3985,"href":"https:\/\/aytoanievas.org\/transparencia\/wp-json\/wp\/v2\/pages\/737\/revisions\/3985"}],"wp:attachment":[{"href":"https:\/\/aytoanievas.org\/transparencia\/wp-json\/wp\/v2\/media?parent=737"}],"curies":[{"name":"wp","href":"https:\/\/api.w.org\/{rel}","templated":true}]}}