{"id":654,"date":"2020-04-28T06:34:46","date_gmt":"2020-04-28T06:34:46","guid":{"rendered":"https:\/\/aytoanievas.org\/transparencia\/?page_id=654"},"modified":"2020-06-08T16:40:43","modified_gmt":"2020-06-08T16:40:43","slug":"cargos","status":"publish","type":"page","link":"https:\/\/aytoanievas.org\/transparencia\/cargos\/","title":{"rendered":"Personal Eventual"},"content":{"rendered":"\t\t<div data-elementor-type=\"wp-page\" data-elementor-id=\"654\" class=\"elementor elementor-654\">\n\t\t\t\t\t\t<div class=\"elementor-inner\">\n\t\t\t\t<div class=\"elementor-section-wrap\">\n\t\t\t\t\t\t\t\t\t<section class=\"elementor-section elementor-top-section elementor-element elementor-element-69b9741 elementor-section-boxed elementor-section-height-default elementor-section-height-default\" data-id=\"69b9741\" data-element_type=\"section\">\n\t\t\t\t\t\t<div class=\"elementor-container elementor-column-gap-default\">\n\t\t\t\t\t\t\t<div class=\"elementor-row\">\n\t\t\t\t\t<div class=\"elementor-column elementor-col-100 elementor-top-column elementor-element elementor-element-c242533\" data-id=\"c242533\" data-element_type=\"column\">\n\t\t\t<div class=\"elementor-column-wrap elementor-element-populated\">\n\t\t\t\t\t\t\t<div class=\"elementor-widget-wrap\">\n\t\t\t\t\t\t<div class=\"elementor-element elementor-element-f0bc8ab elementor-widget elementor-widget-text-editor\" data-id=\"f0bc8ab\" data-element_type=\"widget\" data-widget_type=\"text-editor.default\">\n\t\t\t\t<div class=\"elementor-widget-container\">\n\t\t\t\t\t\t\t\t<div class=\"elementor-text-editor elementor-clearfix\">\n\t\t\t\t<p><strong>PERSONAL EVENTUAL DEL AYUNTAMIENTO DE ANIEVAS.<\/strong><\/p><p><span id=\"u26101\">El Ayuntamiento de Anievas en cumplimiento de lo establecido en el art\u00edculo 104 bis, apartado 3, de la Ley 7\/1985, de 02 de abril, Reguladora de las Bases de R\u00e9gimen Local, no dispone de ning\u00fan cargo eventual o personal de confianza.\u00a0<\/span><span id=\"u26101-2\">(Art\u00edculo 104 bis introducido por el n\u00famero veintiocho del art\u00edculo primero de la Ley 27\/2013, 27 diciembre, de racionalizaci\u00f3n y sostenibilidad de la Administraci\u00f3n Local (\u00abB.O.E.\u00bb 30 diciembre).<\/span><\/p>\t\t\t\t\t<\/div>\n\t\t\t\t\t\t<\/div>\n\t\t\t\t<\/div>\n\t\t\t\t\t\t<\/div>\n\t\t\t\t\t<\/div>\n\t\t<\/div>\n\t\t\t\t\t\t\t\t<\/div>\n\t\t\t\t\t<\/div>\n\t\t<\/section>\n\t\t\t\t<section class=\"elementor-section elementor-top-section elementor-element elementor-element-8739875 elementor-section-boxed elementor-section-height-default elementor-section-height-default\" data-id=\"8739875\" data-element_type=\"section\">\n\t\t\t\t\t\t<div class=\"elementor-container elementor-column-gap-default\">\n\t\t\t\t\t\t\t<div class=\"elementor-row\">\n\t\t\t\t\t<div class=\"elementor-column elementor-col-100 elementor-top-column elementor-element elementor-element-17c345b\" data-id=\"17c345b\" data-element_type=\"column\">\n\t\t\t<div class=\"elementor-column-wrap elementor-element-populated\">\n\t\t\t\t\t\t\t<div class=\"elementor-widget-wrap\">\n\t\t\t\t\t\t<div class=\"elementor-element elementor-element-5ec8e59 elementor-widget elementor-widget-accordion\" data-id=\"5ec8e59\" data-element_type=\"widget\" data-widget_type=\"accordion.default\">\n\t\t\t\t<div class=\"elementor-widget-container\">\n\t\t\t\t\t<div class=\"elementor-accordion\" role=\"tablist\">\n\t\t\t\t\t\t\t<div class=\"elementor-accordion-item\">\n\t\t\t\t\t<div id=\"elementor-tab-title-9931\" class=\"elementor-tab-title\" data-tab=\"1\" role=\"tab\" aria-controls=\"elementor-tab-content-9931\" aria-expanded=\"false\">\n\t\t\t\t\t\t\t\t\t\t\t\t\t<span class=\"elementor-accordion-icon elementor-accordion-icon-left\" aria-hidden=\"true\">\n\t\t\t\t\t\t\t\t\t\t\t\t\t\t\t<span class=\"elementor-accordion-icon-closed\"><i class=\"fas fa-plus\"><\/i><\/span>\n\t\t\t\t\t\t\t\t<span class=\"elementor-accordion-icon-opened\"><i class=\"fas fa-minus\"><\/i><\/span>\n\t\t\t\t\t\t\t\t\t\t\t\t\t\t<\/span>\n\t\t\t\t\t\t\t\t\t\t\t\t<a class=\"elementor-accordion-title\" href=\"\">Art\u00edculo 104 bis de la LRBRL<\/a>\n\t\t\t\t\t<\/div>\n\t\t\t\t\t<div id=\"elementor-tab-content-9931\" class=\"elementor-tab-content elementor-clearfix\" data-tab=\"1\" role=\"tabpanel\" aria-labelledby=\"elementor-tab-title-9931\"><div id=\"pu45679\" class=\"clearfix colelem\"><div class=\"AccordionPanelContent colelem AccordionPanelContentActive\" role=\"tabpanel\" aria-labelledby=\"u26139-4\"><div class=\"AccordionPanelContentClip\"><div id=\"u26137\" class=\"borderbox clearfix\"><div id=\"u26138-44\" class=\"clearfix grpelem shared_content\" data-muse-uid=\"U26138\" data-muse-type=\"txt_frame\" data-ibe-flags=\"txtStyleSrc\" data-sizepolicy=\"fixed\" data-pintopage=\"page_fixedLeft\" data-content-guid=\"u26138-44_content\"><p id=\"u26138-2\">1. Las dotaciones de puestos de trabajo cuya cobertura corresponda a personal eventual en los Ayuntamientos deber\u00e1n ajustarse a los siguientes l\u00edmites y normas:<\/p><p id=\"u26138-5\">\u00a0\u00a0\u00a0 a) Los Municipios de poblaci\u00f3n entre 2.000 a 5.000 habitantes podr\u00e1n excepcionalmente contar con un puesto de trabajo cuya cobertura corresponda a personal eventual cuando no haya miembros de la corporaci\u00f3n local con dedicaci\u00f3n exclusiva.<\/p><p id=\"u26138-7\">\u00a0\u00a0\u00a0 b) Los Ayuntamientos de Municipios con poblaci\u00f3n superior a 5.000 y no superior a 10.000 habitantes podr\u00e1n incluir en sus plantillas puestos de trabajo de personal eventual por un n\u00famero que no podr\u00e1 exceder de uno.<\/p><p id=\"u26138-9\">\u00a0\u00a0\u00a0 c) Los Ayuntamientos de Municipios con poblaci\u00f3n superior a 10.000 y no superior a 20.000 habitantes podr\u00e1n incluir en sus plantillas puestos de trabajo de personal eventual por un n\u00famero que no podr\u00e1 exceder de dos.<\/p><p id=\"u26138-11\">\u00a0\u00a0\u00a0 d) Los Ayuntamientos de Municipios con poblaci\u00f3n superior a 20.000 y no superior a 50.000 habitantes podr\u00e1n incluir en sus plantillas puestos de trabajo de personal eventual por un n\u00famero que no podr\u00e1 exceder de siete.<\/p><p id=\"u26138-13\">\u00a0\u00a0\u00a0 e) Los Ayuntamientos de Municipios con poblaci\u00f3n superior a 50.000 y no superior a 75.000 habitantes podr\u00e1n incluir en sus plantillas puestos de trabajo de personal eventual por un n\u00famero que no podr\u00e1 exceder de la mitad de concejales de la Corporaci\u00f3n local.<\/p><p id=\"u26138-15\">\u00a0\u00a0\u00a0 f) Los Ayuntamientos de Municipios con poblaci\u00f3n superior a 75.000 y no superior a 500.000 habitantes podr\u00e1n incluir en sus plantillas puestos de trabajo de personal eventual por un n\u00famero que no podr\u00e1 exceder del n\u00famero de concejales de la Corporaci\u00f3n local.<\/p><p id=\"u26138-17\">\u00a0\u00a0\u00a0 g) Los Ayuntamientos de Municipios con poblaci\u00f3n superior a 500.000 habitantes podr\u00e1n incluir en sus plantillas puestos de trabajo de personal eventual por un n\u00famero que no podr\u00e1 exceder al 0,7 por ciento del n\u00famero total de puestos de trabajo de la plantilla de las respectivas Entidades Locales, considerando, a estos efectos, los entes que tengan la consideraci\u00f3n de Administraci\u00f3n p\u00fablica en el marco del Sistema Europeo de Cuentas.<\/p><p id=\"u26138-20\">Estos Ayuntamientos, si lo fueran del Municipio de mayor poblaci\u00f3n dentro de un \u00c1rea Metropolitana, podr\u00e1n incluir en sus plantillas un n\u00famero adicional de puestos de trabajo de personal eventual, que no podr\u00e1 exceder del siguiente n\u00famero:<\/p><p id=\"u26138-22\">\u00a0\u00a0\u00a0\u00a0\u00a0\u00a0\u00a0 \u2013 Seis, si el Municipio tiene una poblaci\u00f3n entre 500.000 y 1.000.000 de habitantes.<\/p><p id=\"u26138-24\">\u00a0\u00a0\u00a0\u00a0\u00a0\u00a0\u00a0 \u2013 Doce, si el Municipio tiene una poblaci\u00f3n entre 1.000.001 y 1.500.000 habitantes.<\/p><p id=\"u26138-26\">\u00a0\u00a0\u00a0\u00a0\u00a0\u00a0\u00a0 \u2013 Dieciocho, si el Municipio tiene una poblaci\u00f3n de m\u00e1s de 1.500.000 habitantes.<\/p><p id=\"u26138-29\">2. El n\u00famero de puestos de trabajo cuya cobertura corresponda a personal eventual en las Diputaciones provinciales ser\u00e1 el mismo que el del tramo correspondiente a la Corporaci\u00f3n del Municipio m\u00e1s poblado de su Provincia. En el caso de los Consejos y Cabildos insulares, no podr\u00e1 exceder de lo que resulte de aplicar el siguiente criterio: en las islas con m\u00e1s de 800.000 habitantes, se reduce en 2 respecto al n\u00famero actual de miembros de cabildo, y, en las de menos de 800.000 habitantes, el 60% de los cargos electos en cada Cabildo o Consejo Insular.<\/p><p id=\"u26138-32\">3. El resto de Entidades Locales o de sus organismos dependientes no podr\u00e1n incluir en sus respectivas plantillas, puestos de trabajo cuya cobertura corresponda a personal eventual.<\/p><p id=\"u26138-35\">4. El personal eventual al que se refieren los apartados anteriores tendr\u00e1 que asignarse siempre a los servicios generales de las Entidades Locales en cuya plantilla aparezca consignado. Solo excepcionalmente podr\u00e1n asignarse, con car\u00e1cter funcional, a otros de los servicios o departamentos de la estructura propia de la Entidad Local, si as\u00ed lo reflejare expresamente su reglamento org\u00e1nico.<\/p><p id=\"u26138-38\">5. Las Corporaciones locales publicar\u00e1n semestralmente en su sede electr\u00f3nica y en el Bolet\u00edn Oficial de la Provincia o, en su caso, de la Comunidad Aut\u00f3noma uniprovincial el n\u00famero de los puestos de trabajo reservados a personal eventual.<\/p><p id=\"u26138-41\">6. El Presidente de la Entidad Local informar\u00e1 al Pleno con car\u00e1cter trimestral del cumplimiento de lo previsto en este art\u00edculo.<\/p><\/div><\/div><\/div><\/div><\/div><\/div>\n\t\t\t\t<\/div>\n\t\t\t\t\t\t\t\t<\/div>\n\t\t\t\t<\/div>\n\t\t\t\t<\/div>\n\t\t\t\t\t\t<\/div>\n\t\t\t\t\t<\/div>\n\t\t<\/div>\n\t\t\t\t\t\t\t\t<\/div>\n\t\t\t\t\t<\/div>\n\t\t<\/section>\n\t\t\t\t\t\t\t\t\t<\/div>\n\t\t\t<\/div>\n\t\t\t\t\t<\/div>\n\t\t","protected":false},"excerpt":{"rendered":"<p>PERSONAL EVENTUAL DEL AYUNTAMIENTO DE ANIEVAS. El Ayuntamiento de Anievas en cumplimiento de lo establecido en el art\u00edculo 104 bis, apartado 3, de la Ley 7\/1985, de 02 de abril, Reguladora de las Bases de R\u00e9gimen Local, no dispone de ning\u00fan cargo eventual o personal de confianza.\u00a0(Art\u00edculo 104 bis introducido por el n\u00famero veintiocho del [&hellip;]<\/p>\n","protected":false},"author":1,"featured_media":0,"parent":0,"menu_order":0,"comment_status":"closed","ping_status":"closed","template":"","meta":[],"_links":{"self":[{"href":"https:\/\/aytoanievas.org\/transparencia\/wp-json\/wp\/v2\/pages\/654"}],"collection":[{"href":"https:\/\/aytoanievas.org\/transparencia\/wp-json\/wp\/v2\/pages"}],"about":[{"href":"https:\/\/aytoanievas.org\/transparencia\/wp-json\/wp\/v2\/types\/page"}],"author":[{"embeddable":true,"href":"https:\/\/aytoanievas.org\/transparencia\/wp-json\/wp\/v2\/users\/1"}],"replies":[{"embeddable":true,"href":"https:\/\/aytoanievas.org\/transparencia\/wp-json\/wp\/v2\/comments?post=654"}],"version-history":[{"count":3,"href":"https:\/\/aytoanievas.org\/transparencia\/wp-json\/wp\/v2\/pages\/654\/revisions"}],"predecessor-version":[{"id":2501,"href":"https:\/\/aytoanievas.org\/transparencia\/wp-json\/wp\/v2\/pages\/654\/revisions\/2501"}],"wp:attachment":[{"href":"https:\/\/aytoanievas.org\/transparencia\/wp-json\/wp\/v2\/media?parent=654"}],"curies":[{"name":"wp","href":"https:\/\/api.w.org\/{rel}","templated":true}]}}