{"id":554,"date":"2020-04-27T15:24:23","date_gmt":"2020-04-27T15:24:23","guid":{"rendered":"https:\/\/aytoanievas.org\/transparencia\/?page_id=554"},"modified":"2020-06-15T16:02:56","modified_gmt":"2020-06-15T16:02:56","slug":"relac_coches","status":"publish","type":"page","link":"https:\/\/aytoanievas.org\/transparencia\/relac_coches\/","title":{"rendered":"Relaci\u00f3n de Veh\u00edculos"},"content":{"rendered":"\t\t<div data-elementor-type=\"wp-page\" data-elementor-id=\"554\" class=\"elementor elementor-554\">\n\t\t\t\t\t\t<div class=\"elementor-inner\">\n\t\t\t\t<div class=\"elementor-section-wrap\">\n\t\t\t\t\t\t\t\t\t<section class=\"elementor-section elementor-top-section elementor-element elementor-element-635e2ed elementor-section-boxed elementor-section-height-default elementor-section-height-default\" data-id=\"635e2ed\" data-element_type=\"section\">\n\t\t\t\t\t\t<div class=\"elementor-container elementor-column-gap-default\">\n\t\t\t\t\t\t\t<div class=\"elementor-row\">\n\t\t\t\t\t<div class=\"elementor-column elementor-col-100 elementor-top-column elementor-element elementor-element-3c748e8\" data-id=\"3c748e8\" data-element_type=\"column\">\n\t\t\t<div class=\"elementor-column-wrap elementor-element-populated\">\n\t\t\t\t\t\t\t<div class=\"elementor-widget-wrap\">\n\t\t\t\t\t\t<div class=\"elementor-element elementor-element-89f309a elementor-widget elementor-widget-text-editor\" data-id=\"89f309a\" data-element_type=\"widget\" data-widget_type=\"text-editor.default\">\n\t\t\t\t<div class=\"elementor-widget-container\">\n\t\t\t\t\t\t\t\t<div class=\"elementor-text-editor elementor-clearfix\">\n\t\t\t\t<p><strong>INFORMACI\u00d3N INSTITUCIONAL. RELACI\u00d3N DE VEH\u00cdCULOS.<\/strong><\/p><p>Encuentre en esta secci\u00f3n la informaci\u00f3n relativa a los veh\u00edculos municipales del Ayuntamiento de Anievas.<\/p><p><img loading=\"lazy\" class=\"alignnone size-medium wp-image-2198 aligncenter\" src=\"https:\/\/aytoanievas.org\/transparencia\/trans_files\/uploads\/maintenance-2422173_1920-300x200.jpg\" alt=\"\" width=\"300\" height=\"200\" srcset=\"https:\/\/aytoanievas.org\/transparencia\/trans_files\/uploads\/maintenance-2422173_1920-300x200.jpg 300w, https:\/\/aytoanievas.org\/transparencia\/trans_files\/uploads\/maintenance-2422173_1920-1024x683.jpg 1024w, https:\/\/aytoanievas.org\/transparencia\/trans_files\/uploads\/maintenance-2422173_1920-768x512.jpg 768w, https:\/\/aytoanievas.org\/transparencia\/trans_files\/uploads\/maintenance-2422173_1920-1536x1024.jpg 1536w, https:\/\/aytoanievas.org\/transparencia\/trans_files\/uploads\/maintenance-2422173_1920.jpg 1920w\" sizes=\"(max-width: 300px) 100vw, 300px\" \/><\/p><p style=\"text-align: center;\">\u00a0<\/p>\t\t\t\t\t<\/div>\n\t\t\t\t\t\t<\/div>\n\t\t\t\t<\/div>\n\t\t\t\t\t\t<\/div>\n\t\t\t\t\t<\/div>\n\t\t<\/div>\n\t\t\t\t\t\t\t\t<\/div>\n\t\t\t\t\t<\/div>\n\t\t<\/section>\n\t\t\t\t<section class=\"elementor-section elementor-top-section elementor-element elementor-element-cc663a4 elementor-section-boxed elementor-section-height-default elementor-section-height-default\" data-id=\"cc663a4\" data-element_type=\"section\">\n\t\t\t\t\t\t<div class=\"elementor-container elementor-column-gap-default\">\n\t\t\t\t\t\t\t<div class=\"elementor-row\">\n\t\t\t\t\t<div class=\"elementor-column elementor-col-100 elementor-top-column elementor-element elementor-element-84c575f\" data-id=\"84c575f\" data-element_type=\"column\">\n\t\t\t<div class=\"elementor-column-wrap elementor-element-populated\">\n\t\t\t\t\t\t\t<div class=\"elementor-widget-wrap\">\n\t\t\t\t\t\t<div class=\"elementor-element elementor-element-2d6002c elementor-widget elementor-widget-spacer\" data-id=\"2d6002c\" data-element_type=\"widget\" data-widget_type=\"spacer.default\">\n\t\t\t\t<div class=\"elementor-widget-container\">\n\t\t\t\t\t<div class=\"elementor-spacer\">\n\t\t\t<div class=\"elementor-spacer-inner\"><\/div>\n\t\t<\/div>\n\t\t\t\t<\/div>\n\t\t\t\t<\/div>\n\t\t\t\t\t\t<\/div>\n\t\t\t\t\t<\/div>\n\t\t<\/div>\n\t\t\t\t\t\t\t\t<\/div>\n\t\t\t\t\t<\/div>\n\t\t<\/section>\n\t\t\t\t\t\t\t\t\t<\/div>\n\t\t\t<\/div>\n\t\t\t\t\t<\/div>\n\t\t","protected":false},"excerpt":{"rendered":"<p>INFORMACI\u00d3N INSTITUCIONAL. RELACI\u00d3N DE VEH\u00cdCULOS. Encuentre en esta secci\u00f3n la informaci\u00f3n relativa a los veh\u00edculos municipales del Ayuntamiento de Anievas. \u00a0<\/p>\n","protected":false},"author":1,"featured_media":0,"parent":0,"menu_order":0,"comment_status":"closed","ping_status":"closed","template":"","meta":[],"_links":{"self":[{"href":"https:\/\/aytoanievas.org\/transparencia\/wp-json\/wp\/v2\/pages\/554"}],"collection":[{"href":"https:\/\/aytoanievas.org\/transparencia\/wp-json\/wp\/v2\/pages"}],"about":[{"href":"https:\/\/aytoanievas.org\/transparencia\/wp-json\/wp\/v2\/types\/page"}],"author":[{"embeddable":true,"href":"https:\/\/aytoanievas.org\/transparencia\/wp-json\/wp\/v2\/users\/1"}],"replies":[{"embeddable":true,"href":"https:\/\/aytoanievas.org\/transparencia\/wp-json\/wp\/v2\/comments?post=554"}],"version-history":[{"count":5,"href":"https:\/\/aytoanievas.org\/transparencia\/wp-json\/wp\/v2\/pages\/554\/revisions"}],"predecessor-version":[{"id":2564,"href":"https:\/\/aytoanievas.org\/transparencia\/wp-json\/wp\/v2\/pages\/554\/revisions\/2564"}],"wp:attachment":[{"href":"https:\/\/aytoanievas.org\/transparencia\/wp-json\/wp\/v2\/media?parent=554"}],"curies":[{"name":"wp","href":"https:\/\/api.w.org\/{rel}","templated":true}]}}