{"id":544,"date":"2020-04-27T15:11:47","date_gmt":"2020-04-27T15:11:47","guid":{"rendered":"https:\/\/aytoanievas.org\/transparencia\/?page_id=544"},"modified":"2021-03-22T16:34:34","modified_gmt":"2021-03-22T16:34:34","slug":"concejal04","status":"publish","type":"page","link":"https:\/\/aytoanievas.org\/transparencia\/concejal04\/","title":{"rendered":"Jos\u00e9 Ram\u00f3n G\u00f3mez Cabrillo"},"content":{"rendered":"\t\t<div data-elementor-type=\"wp-page\" data-elementor-id=\"544\" class=\"elementor elementor-544\">\n\t\t\t\t\t\t<div class=\"elementor-inner\">\n\t\t\t\t<div class=\"elementor-section-wrap\">\n\t\t\t\t\t\t\t\t\t<section class=\"elementor-section elementor-top-section elementor-element elementor-element-1d4168f elementor-section-boxed elementor-section-height-default elementor-section-height-default\" data-id=\"1d4168f\" data-element_type=\"section\">\n\t\t\t\t\t\t<div class=\"elementor-container elementor-column-gap-default\">\n\t\t\t\t\t\t\t<div class=\"elementor-row\">\n\t\t\t\t\t<div class=\"elementor-column elementor-col-100 elementor-top-column elementor-element elementor-element-80faee0\" data-id=\"80faee0\" data-element_type=\"column\">\n\t\t\t<div class=\"elementor-column-wrap elementor-element-populated\">\n\t\t\t\t\t\t\t<div class=\"elementor-widget-wrap\">\n\t\t\t\t\t\t<div class=\"elementor-element elementor-element-b24b6c5 elementor-invisible elementor-widget elementor-widget-image\" data-id=\"b24b6c5\" data-element_type=\"widget\" data-settings=\"{&quot;_animation&quot;:&quot;zoomIn&quot;}\" data-widget_type=\"image.default\">\n\t\t\t\t<div class=\"elementor-widget-container\">\n\t\t\t\t\t\t\t\t<div class=\"elementor-image\">\n\t\t\t\t\t\t\t\t\t\t\t\t\t<a href=\"https:\/\/aytoanievas.org\/transparencia\/trans_files\/uploads\/logopp.png\" data-elementor-open-lightbox=\"yes\" data-elementor-lightbox-title=\"logopp\" e-action-hash=\"#elementor-action%3Aaction%3Dlightbox%26settings%3DeyJpZCI6NDY5LCJ1cmwiOiJodHRwczpcL1wvYXl0b2FuaWV2YXMub3JnXC90cmFuc3BhcmVuY2lhXC90cmFuc19maWxlc1wvdXBsb2Fkc1wvbG9nb3BwLnBuZyJ9\">\n\t\t\t\t\t\t\t<img width=\"293\" height=\"300\" src=\"https:\/\/aytoanievas.org\/transparencia\/trans_files\/uploads\/logopp-293x300.png\" class=\"attachment-medium size-medium\" alt=\"\" loading=\"lazy\" srcset=\"https:\/\/aytoanievas.org\/transparencia\/trans_files\/uploads\/logopp-293x300.png 293w, https:\/\/aytoanievas.org\/transparencia\/trans_files\/uploads\/logopp-1000x1024.png 1000w, https:\/\/aytoanievas.org\/transparencia\/trans_files\/uploads\/logopp-768x787.png 768w, https:\/\/aytoanievas.org\/transparencia\/trans_files\/uploads\/logopp-1500x1536.png 1500w, https:\/\/aytoanievas.org\/transparencia\/trans_files\/uploads\/logopp.png 1562w\" sizes=\"(max-width: 293px) 100vw, 293px\" \/>\t\t\t\t\t\t\t\t<\/a>\n\t\t\t\t\t\t\t\t\t\t\t\t\t\t<\/div>\n\t\t\t\t\t\t<\/div>\n\t\t\t\t<\/div>\n\t\t\t\t\t\t<\/div>\n\t\t\t\t\t<\/div>\n\t\t<\/div>\n\t\t\t\t\t\t\t\t<\/div>\n\t\t\t\t\t<\/div>\n\t\t<\/section>\n\t\t\t\t<section class=\"elementor-section elementor-top-section elementor-element elementor-element-febe7f3 elementor-section-boxed elementor-section-height-default elementor-section-height-default\" data-id=\"febe7f3\" data-element_type=\"section\">\n\t\t\t\t\t\t<div class=\"elementor-container elementor-column-gap-default\">\n\t\t\t\t\t\t\t<div class=\"elementor-row\">\n\t\t\t\t\t<div class=\"elementor-column elementor-col-100 elementor-top-column elementor-element elementor-element-80bcc3e\" data-id=\"80bcc3e\" data-element_type=\"column\">\n\t\t\t<div class=\"elementor-column-wrap elementor-element-populated\">\n\t\t\t\t\t\t\t<div class=\"elementor-widget-wrap\">\n\t\t\t\t\t\t<div class=\"elementor-element elementor-element-5cb28a4 elementor-widget elementor-widget-image\" data-id=\"5cb28a4\" data-element_type=\"widget\" data-widget_type=\"image.default\">\n\t\t\t\t<div class=\"elementor-widget-container\">\n\t\t\t\t\t\t\t\t<div class=\"elementor-image\">\n\t\t\t\t\t\t\t\t\t\t\t\t\t<a href=\"https:\/\/aytoanievas.org\/transparencia\/trans_files\/uploads\/13237805_1045775412126192_3522820704685027737_n.jpg\" data-elementor-open-lightbox=\"yes\" e-action-hash=\"#elementor-action%3Aaction%3Dlightbox%26settings%3DeyJpZCI6MTY4NiwidXJsIjpmYWxzZX0%3D\">\n\t\t\t\t\t\t\t<img src=\"https:\/\/aytoanievas.org\/transparencia\/trans_files\/uploads\/13237805_1045775412126192_3522820704685027737_n.jpg\" title=\"\" alt=\"\" \/>\t\t\t\t\t\t\t\t<\/a>\n\t\t\t\t\t\t\t\t\t\t\t\t\t\t<\/div>\n\t\t\t\t\t\t<\/div>\n\t\t\t\t<\/div>\n\t\t\t\t\t\t<\/div>\n\t\t\t\t\t<\/div>\n\t\t<\/div>\n\t\t\t\t\t\t\t\t<\/div>\n\t\t\t\t\t<\/div>\n\t\t<\/section>\n\t\t\t\t<section class=\"elementor-section elementor-top-section elementor-element elementor-element-8739875 elementor-section-boxed elementor-section-height-default elementor-section-height-default\" data-id=\"8739875\" data-element_type=\"section\">\n\t\t\t\t\t\t<div class=\"elementor-container elementor-column-gap-default\">\n\t\t\t\t\t\t\t<div class=\"elementor-row\">\n\t\t\t\t\t<div class=\"elementor-column elementor-col-100 elementor-top-column elementor-element elementor-element-17c345b\" data-id=\"17c345b\" data-element_type=\"column\">\n\t\t\t<div class=\"elementor-column-wrap elementor-element-populated\">\n\t\t\t\t\t\t\t<div class=\"elementor-widget-wrap\">\n\t\t\t\t\t\t<div class=\"elementor-element elementor-element-5ec8e59 elementor-widget elementor-widget-accordion\" data-id=\"5ec8e59\" data-element_type=\"widget\" data-widget_type=\"accordion.default\">\n\t\t\t\t<div class=\"elementor-widget-container\">\n\t\t\t\t\t<div class=\"elementor-accordion\" role=\"tablist\">\n\t\t\t\t\t\t\t<div class=\"elementor-accordion-item\">\n\t\t\t\t\t<div id=\"elementor-tab-title-9931\" class=\"elementor-tab-title\" data-tab=\"1\" role=\"tab\" aria-controls=\"elementor-tab-content-9931\" aria-expanded=\"false\">\n\t\t\t\t\t\t\t\t\t\t\t\t\t<span class=\"elementor-accordion-icon elementor-accordion-icon-left\" aria-hidden=\"true\">\n\t\t\t\t\t\t\t\t\t\t\t\t\t\t\t<span class=\"elementor-accordion-icon-closed\"><i class=\"fas fa-plus\"><\/i><\/span>\n\t\t\t\t\t\t\t\t<span class=\"elementor-accordion-icon-opened\"><i class=\"fas fa-minus\"><\/i><\/span>\n\t\t\t\t\t\t\t\t\t\t\t\t\t\t<\/span>\n\t\t\t\t\t\t\t\t\t\t\t\t<a class=\"elementor-accordion-title\" href=\"\">INFORMACI\u00d3N GENERAL<\/a>\n\t\t\t\t\t<\/div>\n\t\t\t\t\t<div id=\"elementor-tab-content-9931\" class=\"elementor-tab-content elementor-clearfix\" data-tab=\"1\" role=\"tabpanel\" aria-labelledby=\"elementor-tab-title-9931\"><p><strong><span id=\"u44265\">Nombre:<\/span><\/strong> Jos\u00e9 Ram\u00f3n G\u00f3mez Cabrillo<\/p><p><strong><span id=\"u44265-4\">Grupo municipal:<\/span>\u00a0<\/strong>Partido Popular (PP)<\/p><p><strong><span id=\"u44265-7\">Nivel de estudios:<\/span>\u00a0<\/strong>Estudios B\u00e1sicos<\/p><p><strong><span id=\"u44265-10\">Ocupaci\u00f3n principal:\u00a0<\/span><\/strong>Jubilado<\/p><p><strong><span id=\"u44265-13\">Correo electr\u00f3nico:<\/span><\/strong> <a href=\"mailto:cabrillo@aytoanievas.org\" target=\"_blank\" rel=\"noopener\">cabrillo@aytoanievas.org<\/a>\u00a0<\/p><p><strong><span id=\"u44265-18\">Cargo:<\/span>\u00a0<\/strong>Concejal<\/p><p><span id=\"u44265-21\"><strong>Retribuciones:<\/strong>\u00a0<\/span><span id=\"u44265-22\">Carece de dedicaci\u00f3n exclusiva o parcial, percibiendo solo dietas e indemnizaciones.\u00a0<\/span><\/p><\/div>\n\t\t\t\t<\/div>\n\t\t\t\t\t\t\t<div class=\"elementor-accordion-item\">\n\t\t\t\t\t<div id=\"elementor-tab-title-9932\" class=\"elementor-tab-title\" data-tab=\"2\" role=\"tab\" aria-controls=\"elementor-tab-content-9932\" aria-expanded=\"false\">\n\t\t\t\t\t\t\t\t\t\t\t\t\t<span class=\"elementor-accordion-icon elementor-accordion-icon-left\" aria-hidden=\"true\">\n\t\t\t\t\t\t\t\t\t\t\t\t\t\t\t<span class=\"elementor-accordion-icon-closed\"><i class=\"fas fa-plus\"><\/i><\/span>\n\t\t\t\t\t\t\t\t<span class=\"elementor-accordion-icon-opened\"><i class=\"fas fa-minus\"><\/i><\/span>\n\t\t\t\t\t\t\t\t\t\t\t\t\t\t<\/span>\n\t\t\t\t\t\t\t\t\t\t\t\t<a class=\"elementor-accordion-title\" href=\"\">FUNCIONES<\/a>\n\t\t\t\t\t<\/div>\n\t\t\t\t\t<div id=\"elementor-tab-content-9932\" class=\"elementor-tab-content elementor-clearfix\" data-tab=\"2\" role=\"tabpanel\" aria-labelledby=\"elementor-tab-title-9932\"><p id=\"u43177-2\">Concejal del Pleno de la Corporaci\u00f3n.<\/p><\/div>\n\t\t\t\t<\/div>\n\t\t\t\t\t\t\t<div class=\"elementor-accordion-item\">\n\t\t\t\t\t<div id=\"elementor-tab-title-9933\" class=\"elementor-tab-title\" data-tab=\"3\" role=\"tab\" aria-controls=\"elementor-tab-content-9933\" aria-expanded=\"false\">\n\t\t\t\t\t\t\t\t\t\t\t\t\t<span class=\"elementor-accordion-icon elementor-accordion-icon-left\" aria-hidden=\"true\">\n\t\t\t\t\t\t\t\t\t\t\t\t\t\t\t<span class=\"elementor-accordion-icon-closed\"><i class=\"fas fa-plus\"><\/i><\/span>\n\t\t\t\t\t\t\t\t<span class=\"elementor-accordion-icon-opened\"><i class=\"fas fa-minus\"><\/i><\/span>\n\t\t\t\t\t\t\t\t\t\t\t\t\t\t<\/span>\n\t\t\t\t\t\t\t\t\t\t\t\t<a class=\"elementor-accordion-title\" href=\"\">RETRIBUCIONES<\/a>\n\t\t\t\t\t<\/div>\n\t\t\t\t\t<div id=\"elementor-tab-content-9933\" class=\"elementor-tab-content elementor-clearfix\" data-tab=\"3\" role=\"tabpanel\" aria-labelledby=\"elementor-tab-title-9933\"><p style=\"text-align: center;\"><div class=\"visualizer-front-container\"><div class=\"visualizer-actions\"><a href=\"#\" class=\"visualizer-action visualizer-action-csv\" data-visualizer-type=\"csv\" data-visualizer-chart-id=\"3172\" data-visualizer-container-id=\"visualizer-3172-1068854380\" data-visualizer-mime=\"application\/csv\" title=\"Download as a CSV\">CSV<\/a> &nbsp;<a href=\"#\" class=\"visualizer-action visualizer-action-xls\" data-visualizer-type=\"xls\" data-visualizer-chart-id=\"3172\" data-visualizer-container-id=\"visualizer-3172-1068854380\" data-visualizer-mime=\"application\/vnd.ms-excel\" title=\"Download as a spreadsheet\">Excel<\/a> &nbsp;<\/div><style type=\"text\/css\" name=\"visualizer-custom-css\" id=\"customcss-visualizer-3172\">.locker,.locker-loader{position:absolute;top:0;left:0;width:100%;height:100%}.locker{z-index:1000;opacity:.8;background-color:#fff;-ms-filter:\"progid:DXImageTransform.Microsoft.Alpha(Opacity=80)\";filter:alpha(opacity=80)}.locker-loader{z-index:1001;background:url(https:\/\/aytoanievas.org\/transparencia\/trans_files\/plugins\/visualizer\/images\/ajax-loader.gif) no-repeat center center}.dt-button{display:none!important}.visualizer-front-container.visualizer-lazy-render{content-visibility: auto;}<\/style><div id=\"visualizer-3172-1068854380\" class=\"visualizer-front  visualizer-front-3172\"><\/div><!-- Not showing structured data for chart 3172 because description is empty --><\/div><\/p><\/div>\n\t\t\t\t<\/div>\n\t\t\t\t\t\t\t<div class=\"elementor-accordion-item\">\n\t\t\t\t\t<div id=\"elementor-tab-title-9934\" class=\"elementor-tab-title\" data-tab=\"4\" role=\"tab\" aria-controls=\"elementor-tab-content-9934\" aria-expanded=\"false\">\n\t\t\t\t\t\t\t\t\t\t\t\t\t<span class=\"elementor-accordion-icon elementor-accordion-icon-left\" aria-hidden=\"true\">\n\t\t\t\t\t\t\t\t\t\t\t\t\t\t\t<span class=\"elementor-accordion-icon-closed\"><i class=\"fas fa-plus\"><\/i><\/span>\n\t\t\t\t\t\t\t\t<span class=\"elementor-accordion-icon-opened\"><i class=\"fas fa-minus\"><\/i><\/span>\n\t\t\t\t\t\t\t\t\t\t\t\t\t\t<\/span>\n\t\t\t\t\t\t\t\t\t\t\t\t<a class=\"elementor-accordion-title\" href=\"\">DECLARACIONES DE BIENES E INTERESES<\/a>\n\t\t\t\t\t<\/div>\n\t\t\t\t\t<div id=\"elementor-tab-content-9934\" class=\"elementor-tab-content elementor-clearfix\" data-tab=\"4\" role=\"tabpanel\" aria-labelledby=\"elementor-tab-title-9934\"><p><img loading=\"lazy\" class=\"alignnone size-medium wp-image-2198 aligncenter\" src=\"https:\/\/aytoanievas.org\/transparencia\/trans_files\/uploads\/maintenance-2422173_1920-300x200.jpg\" alt=\"\" width=\"300\" height=\"200\" srcset=\"https:\/\/aytoanievas.org\/transparencia\/trans_files\/uploads\/maintenance-2422173_1920-300x200.jpg 300w, https:\/\/aytoanievas.org\/transparencia\/trans_files\/uploads\/maintenance-2422173_1920-1024x683.jpg 1024w, https:\/\/aytoanievas.org\/transparencia\/trans_files\/uploads\/maintenance-2422173_1920-768x512.jpg 768w, https:\/\/aytoanievas.org\/transparencia\/trans_files\/uploads\/maintenance-2422173_1920-1536x1024.jpg 1536w, https:\/\/aytoanievas.org\/transparencia\/trans_files\/uploads\/maintenance-2422173_1920.jpg 1920w\" sizes=\"(max-width: 300px) 100vw, 300px\" \/><\/p><\/div>\n\t\t\t\t<\/div>\n\t\t\t\t\t\t\t<div class=\"elementor-accordion-item\">\n\t\t\t\t\t<div id=\"elementor-tab-title-9935\" class=\"elementor-tab-title\" data-tab=\"5\" role=\"tab\" aria-controls=\"elementor-tab-content-9935\" aria-expanded=\"false\">\n\t\t\t\t\t\t\t\t\t\t\t\t\t<span class=\"elementor-accordion-icon elementor-accordion-icon-left\" aria-hidden=\"true\">\n\t\t\t\t\t\t\t\t\t\t\t\t\t\t\t<span class=\"elementor-accordion-icon-closed\"><i class=\"fas fa-plus\"><\/i><\/span>\n\t\t\t\t\t\t\t\t<span class=\"elementor-accordion-icon-opened\"><i class=\"fas fa-minus\"><\/i><\/span>\n\t\t\t\t\t\t\t\t\t\t\t\t\t\t<\/span>\n\t\t\t\t\t\t\t\t\t\t\t\t<a class=\"elementor-accordion-title\" href=\"\">INDEMNIZACIONES PERCIBIDAS CON OCASI\u00d3N DEL ABANDONO DE LOS CARGOS<\/a>\n\t\t\t\t\t<\/div>\n\t\t\t\t\t<div id=\"elementor-tab-content-9935\" class=\"elementor-tab-content elementor-clearfix\" data-tab=\"5\" role=\"tabpanel\" aria-labelledby=\"elementor-tab-title-9935\"><p>En el Ayuntamiento de Anievas no est\u00e1n contempladas indemnizaciones percibidas con ocasi\u00f3n del abandono de los cargos, por lo que estas no son de aplicaci\u00f3n en el Ayuntamiento.<\/p><\/div>\n\t\t\t\t<\/div>\n\t\t\t\t\t\t\t\t<\/div>\n\t\t\t\t<\/div>\n\t\t\t\t<\/div>\n\t\t\t\t\t\t<\/div>\n\t\t\t\t\t<\/div>\n\t\t<\/div>\n\t\t\t\t\t\t\t\t<\/div>\n\t\t\t\t\t<\/div>\n\t\t<\/section>\n\t\t\t\t\t\t\t\t\t<\/div>\n\t\t\t<\/div>\n\t\t\t\t\t<\/div>\n\t\t","protected":false},"excerpt":{"rendered":"<p>INFORMACI\u00d3N GENERAL Nombre: Jos\u00e9 Ram\u00f3n G\u00f3mez Cabrillo Grupo municipal:\u00a0Partido Popular (PP) Nivel de estudios:\u00a0Estudios B\u00e1sicos Ocupaci\u00f3n principal:\u00a0Jubilado Correo electr\u00f3nico: cabrillo@aytoanievas.org\u00a0 Cargo:\u00a0Concejal Retribuciones:\u00a0Carece de dedicaci\u00f3n exclusiva o parcial, percibiendo solo dietas e indemnizaciones.\u00a0 FUNCIONES Concejal del Pleno de la Corporaci\u00f3n. RETRIBUCIONES CSV &nbsp;Excel &nbsp; DECLARACIONES DE BIENES E INTERESES INDEMNIZACIONES PERCIBIDAS CON OCASI\u00d3N DEL ABANDONO DE [&hellip;]<\/p>\n","protected":false},"author":1,"featured_media":0,"parent":0,"menu_order":0,"comment_status":"closed","ping_status":"closed","template":"","meta":[],"_links":{"self":[{"href":"https:\/\/aytoanievas.org\/transparencia\/wp-json\/wp\/v2\/pages\/544"}],"collection":[{"href":"https:\/\/aytoanievas.org\/transparencia\/wp-json\/wp\/v2\/pages"}],"about":[{"href":"https:\/\/aytoanievas.org\/transparencia\/wp-json\/wp\/v2\/types\/page"}],"author":[{"embeddable":true,"href":"https:\/\/aytoanievas.org\/transparencia\/wp-json\/wp\/v2\/users\/1"}],"replies":[{"embeddable":true,"href":"https:\/\/aytoanievas.org\/transparencia\/wp-json\/wp\/v2\/comments?post=544"}],"version-history":[{"count":18,"href":"https:\/\/aytoanievas.org\/transparencia\/wp-json\/wp\/v2\/pages\/544\/revisions"}],"predecessor-version":[{"id":3176,"href":"https:\/\/aytoanievas.org\/transparencia\/wp-json\/wp\/v2\/pages\/544\/revisions\/3176"}],"wp:attachment":[{"href":"https:\/\/aytoanievas.org\/transparencia\/wp-json\/wp\/v2\/media?parent=544"}],"curies":[{"name":"wp","href":"https:\/\/api.w.org\/{rel}","templated":true}]}}