{"id":3903,"date":"2022-02-10T16:51:30","date_gmt":"2022-02-10T16:51:30","guid":{"rendered":"https:\/\/aytoanievas.org\/transparencia\/?page_id=3903"},"modified":"2022-03-25T10:23:33","modified_gmt":"2022-03-25T10:23:33","slug":"962860f","status":"publish","type":"page","link":"https:\/\/aytoanievas.org\/transparencia\/962860f\/","title":{"rendered":"Pavimentaci\u00f3n de viales municipales y n\u00facleos urbanos"},"content":{"rendered":"\t\t<div data-elementor-type=\"wp-page\" data-elementor-id=\"3903\" class=\"elementor elementor-3903\">\n\t\t\t\t\t\t<div class=\"elementor-inner\">\n\t\t\t\t<div class=\"elementor-section-wrap\">\n\t\t\t\t\t\t\t\t\t<section class=\"elementor-section elementor-top-section elementor-element elementor-element-fcd6725 elementor-section-full_width elementor-section-stretched elementor-section-height-default elementor-section-height-default\" data-id=\"fcd6725\" data-element_type=\"section\" data-settings=\"{&quot;stretch_section&quot;:&quot;section-stretched&quot;,&quot;background_background&quot;:&quot;classic&quot;}\">\n\t\t\t\t\t\t<div class=\"elementor-container elementor-column-gap-default\">\n\t\t\t\t\t\t\t<div class=\"elementor-row\">\n\t\t\t\t\t<div class=\"elementor-column elementor-col-100 elementor-top-column elementor-element elementor-element-ba9f048\" data-id=\"ba9f048\" data-element_type=\"column\">\n\t\t\t<div class=\"elementor-column-wrap elementor-element-populated\">\n\t\t\t\t\t\t\t<div class=\"elementor-widget-wrap\">\n\t\t\t\t\t\t<div class=\"elementor-element elementor-element-2c8d40d elementor-widget elementor-widget-heading\" data-id=\"2c8d40d\" data-element_type=\"widget\" data-widget_type=\"heading.default\">\n\t\t\t\t<div class=\"elementor-widget-container\">\n\t\t\t<h2 class=\"elementor-heading-title elementor-size-default\">CONTRATO ADMINISTRATIVO DE OBRAS PARA LA EJECUCI\u00d3N DEL PROYECTO DE \n MEJORA DE PAVIMENTACI\u00d3N DE VIALES MUNICIPALES Y\nN\u00daCLEOS URBANOS EN EL MUNICIPIO DE ANIEVAS<\/h2>\t\t<\/div>\n\t\t\t\t<\/div>\n\t\t\t\t\t\t<\/div>\n\t\t\t\t\t<\/div>\n\t\t<\/div>\n\t\t\t\t\t\t\t\t<\/div>\n\t\t\t\t\t<\/div>\n\t\t<\/section>\n\t\t\t\t<section class=\"elementor-section elementor-top-section elementor-element elementor-element-fa2a72d elementor-section-boxed elementor-section-height-default elementor-section-height-default\" data-id=\"fa2a72d\" data-element_type=\"section\">\n\t\t\t\t\t\t<div class=\"elementor-container elementor-column-gap-default\">\n\t\t\t\t\t\t\t<div class=\"elementor-row\">\n\t\t\t\t\t<div class=\"elementor-column elementor-col-100 elementor-top-column elementor-element elementor-element-1403a78\" data-id=\"1403a78\" data-element_type=\"column\">\n\t\t\t<div class=\"elementor-column-wrap elementor-element-populated\">\n\t\t\t\t\t\t\t<div class=\"elementor-widget-wrap\">\n\t\t\t\t\t\t<div class=\"elementor-element elementor-element-9e6586e elementor-widget elementor-widget-spacer\" data-id=\"9e6586e\" data-element_type=\"widget\" data-widget_type=\"spacer.default\">\n\t\t\t\t<div class=\"elementor-widget-container\">\n\t\t\t\t\t<div class=\"elementor-spacer\">\n\t\t\t<div class=\"elementor-spacer-inner\"><\/div>\n\t\t<\/div>\n\t\t\t\t<\/div>\n\t\t\t\t<\/div>\n\t\t\t\t\t\t<\/div>\n\t\t\t\t\t<\/div>\n\t\t<\/div>\n\t\t\t\t\t\t\t\t<\/div>\n\t\t\t\t\t<\/div>\n\t\t<\/section>\n\t\t\t\t<section class=\"elementor-section elementor-top-section elementor-element elementor-element-e64c08e elementor-section-boxed elementor-section-height-default elementor-section-height-default\" data-id=\"e64c08e\" data-element_type=\"section\">\n\t\t\t\t\t\t<div class=\"elementor-container elementor-column-gap-default\">\n\t\t\t\t\t\t\t<div class=\"elementor-row\">\n\t\t\t\t\t<div class=\"elementor-column elementor-col-100 elementor-top-column elementor-element elementor-element-b0478cb\" data-id=\"b0478cb\" data-element_type=\"column\">\n\t\t\t<div class=\"elementor-column-wrap elementor-element-populated\">\n\t\t\t\t\t\t\t<div class=\"elementor-widget-wrap\">\n\t\t\t\t\t\t<div class=\"elementor-element elementor-element-d3541d0 elementor-widget elementor-widget-text-editor\" data-id=\"d3541d0\" data-element_type=\"widget\" data-widget_type=\"text-editor.default\">\n\t\t\t\t<div class=\"elementor-widget-container\">\n\t\t\t\t\t\t\t\t<div class=\"elementor-text-editor elementor-clearfix\">\n\t\t\t\t<section class=\"elementor-section elementor-top-section elementor-element elementor-element-e64c08e elementor-section-boxed elementor-section-height-default elementor-section-height-default\" data-id=\"e64c08e\" data-element_type=\"section\"><div class=\"elementor-container elementor-column-gap-default\"><div class=\"elementor-row\"><div class=\"elementor-column elementor-col-100 elementor-top-column elementor-element elementor-element-b0478cb\" data-id=\"b0478cb\" data-element_type=\"column\"><div class=\"elementor-column-wrap elementor-element-populated\"><div class=\"elementor-widget-wrap\"><div class=\"elementor-element elementor-element-d3541d0 elementor-widget elementor-widget-text-editor\" data-id=\"d3541d0\" data-element_type=\"widget\" data-widget_type=\"text-editor.default\"><div class=\"elementor-widget-container\"><div class=\"elementor-text-editor elementor-clearfix\"><p><strong>OBJETO<\/strong><\/p><p>El contrato a que se refiere el presente pliego tiene por objeto la ejecuci\u00f3n de las obras de construcci\u00f3n del \u201cPROYECTO DE MEJORA DE PAVIMENTACI\u00d3N DE VIALES MUNICIPALES Y N\u00daCLEOS URBANOS EN EL MUNICIPIO DE ANIEVAS\u201c contempladas en el proyecto aprobado por el Ayuntamiento en Sesi\u00f3n Plenaria de fecha 25 de mayo de 2021, as\u00ed como, en su caso, las mejoras aceptadas por el adjudicatario conforme a lo establecido en los criterios de adjudicaci\u00f3n del contrato.<\/p><p>Con el presente PROYECTO DE MEJORA DE PAVIMENTACI\u00d3N DE VIALES MUNICIPALES Y N\u00daCLEOS URBANOS EN EL MUNICIPIO DE ANIEVAS se pretende definir, a nivel de proyecto de construcci\u00f3n, las actuaciones necesarias para mejorar las condiciones de circulaci\u00f3n de varios caminos o calles de n\u00facleos urbanos del t\u00e9rmino municipal de Anievas, ya sea porque las condiciones del pavimento son defectuosas, el firme no es capaz de soportar las cargas del tr\u00e1fico o porque los elementos existentes de recogida de las aguas de escorrent\u00eda no realizan su cometido de manera satisfactoria. Los n\u00facleos de poblaci\u00f3n en los que se act\u00faa son: Barriopalacio, Calga, Cotillo y Villasuso.<\/p><\/div><\/div><\/div><\/div><\/div><\/div><\/div><\/div><\/section><section class=\"elementor-section elementor-top-section elementor-element elementor-element-1576806 elementor-section-boxed elementor-section-height-default elementor-section-height-default\" data-id=\"1576806\" data-element_type=\"section\"><div class=\"elementor-container elementor-column-gap-default\"><div class=\"elementor-row\"><div class=\"elementor-column elementor-col-100 elementor-top-column elementor-element elementor-element-5aab652\" data-id=\"5aab652\" data-element_type=\"column\"><div class=\"elementor-column-wrap elementor-element-populated\"><div class=\"elementor-widget-wrap\"><div class=\"elementor-element elementor-element-e81ac74 elementor-widget elementor-widget-text-editor\" data-id=\"e81ac74\" data-element_type=\"widget\" data-widget_type=\"text-editor.default\"><div class=\"elementor-widget-container\"><div class=\"elementor-text-editor elementor-clearfix\"><p><strong>DEPENDENCIA QUE TRAMITA EXPEDIENTE<\/strong><\/p><p>SECRETAR\u00cdA \u2013 INTERVENCI\u00d3N<\/p><p><strong>\u00d3RGANO DE CONTRATACI\u00d3N<\/strong><\/p><p>PLENO DE LA CORPORACI\u00d3N<\/p><p><strong>OBTENCI\u00d3N DE DOCUMENTACI\u00d3N<\/strong><\/p><p>AYUNTAMIENTO DE ANIEVAS, BARRIO LAS ESCUELAS, S\/n, 39451, COTILLO DE ANIEVAS, CANTABRIA. <a href=\"mailto:secretario@aytoanievas.org\" target=\"_blank\" rel=\"noopener\">secretario@aytoanievas.org<\/a>\u00a0<\/p><p><strong>TIPO DE CONTRATO<\/strong><\/p><p>OBRAS<\/p><p><strong>PROCEDIMIENTO DE ADJUDICACI\u00d3N<\/strong><\/p><p>ABIERTO SIMPLIFICADO (Art. 159 LCSP).<\/p><p><strong>TRAMITACI\u00d3N<\/strong><\/p><p>ORDINARIA<\/p><p><strong>CRITERIOS DE ADJUDICACI\u00d3N<\/strong><\/p><p>VARIOS CRITERIOS DE ADJUDICACI\u00d3N. (ART. 23 DEL PCAP).<\/p><p><strong>VALOR ESTIMADO DEL CONTRATO<\/strong><\/p><p>127.595,04 \u20ac IVA EXCLUIDO.<\/p><p><strong>PLAZO DE EJECUCI\u00d3N<\/strong><\/p><p>EL PLAZO DE EJECUCI\u00d3N DEL CONTRATO SER\u00c1 DE\u00a0<b>4 MESES, <\/b>CONFORME A LA ESTIMACI\u00d3N DEL PLAZO DE EJECUCI\u00d3N QUE FIGURA DENTRO DEL PROYECTO DE OBRA, Y COMENZAR\u00c1 CON EL ACTA DE COMPROBACI\u00d3N DEL REPLANTEO E INICIO DE LAS OBRAS.<\/p><p><strong>GARANT\u00cdA PROVISIONAL<\/strong><\/p><p>NO SE EXIGE<\/p><p><strong>ANUNCIO DE LICITACI\u00d3N<\/strong><\/p><p><a href=\"https:\/\/contrataciondelestado.es\/wps\/poc?uri=deeplink%3Adetalle_licitacion&amp;idEvl=C7u%2FiyBtHSqrz3GQd5r6SQ%3D%3D\" target=\"_blank\" rel=\"noopener\">ANUNCIO PUBLICADO EN LA PCSP EN FECHA DEL 10\/02\/2022.<\/a><\/p><p><strong>FECHA PRESENTACI\u00d3N SOLICITUDES<\/strong><\/p><p>20 D\u00cdAS NATURALES. HASTA EL 02 DE MARZO DE 2022 A LAS 23:59 HORAS. (ART. 17 DEL PCAP).<\/p><p><strong>PRESENTACI\u00d3N DE OFERTAS<\/strong><\/p><p>ART. 18 DEL PCAP. EXCLUSIVAMENTE POR MEDIOS TELEM\u00c1TICOS A TRAV\u00c9S DE LA PLATAFORMA DE CONTRATOS DEL SECTOR P\u00daBLICO. (<a href=\"https:\/\/contrataciondelestado.es\/wps\/wcm\/connect\/PLACE_es\/Site\/area\/docAccCmpnt?srv=cmpnt&amp;cmpntname=GetDocumentsById&amp;source=library&amp;DocumentIdParam=04b263ab-3c90-49f9-8e9b-b028422d967a\" target=\"_blank\" rel=\"noopener\">MANUAL DE PRESENTACI\u00d3N DE OFERTAS<\/a>).\u00a0<\/p><p><strong>APERTURA DE OFERTAS<\/strong><\/p><p>ART. 20 DEL PLIEGO DE CL\u00c1USULAS ADMINISTRATIVAS PARTICULARES. SESI\u00d3N PREVISTA PARA EL 09\/03\/2022.<\/p><\/div><\/div><\/div><\/div><\/div><\/div><\/div><\/div><\/section>\t\t\t\t\t<\/div>\n\t\t\t\t\t\t<\/div>\n\t\t\t\t<\/div>\n\t\t\t\t\t\t<\/div>\n\t\t\t\t\t<\/div>\n\t\t<\/div>\n\t\t\t\t\t\t\t\t<\/div>\n\t\t\t\t\t<\/div>\n\t\t<\/section>\n\t\t\t\t<section class=\"elementor-section elementor-top-section elementor-element elementor-element-e556fe8 elementor-section-boxed elementor-section-height-default elementor-section-height-default\" data-id=\"e556fe8\" data-element_type=\"section\">\n\t\t\t\t\t\t<div class=\"elementor-container elementor-column-gap-default\">\n\t\t\t\t\t\t\t<div class=\"elementor-row\">\n\t\t\t\t\t<div class=\"elementor-column elementor-col-100 elementor-top-column elementor-element elementor-element-3f64326\" data-id=\"3f64326\" data-element_type=\"column\">\n\t\t\t<div class=\"elementor-column-wrap elementor-element-populated\">\n\t\t\t\t\t\t\t<div class=\"elementor-widget-wrap\">\n\t\t\t\t\t\t<div class=\"elementor-element elementor-element-79b4334 elementor-widget elementor-widget-spacer\" data-id=\"79b4334\" data-element_type=\"widget\" data-widget_type=\"spacer.default\">\n\t\t\t\t<div class=\"elementor-widget-container\">\n\t\t\t\t\t<div class=\"elementor-spacer\">\n\t\t\t<div class=\"elementor-spacer-inner\"><\/div>\n\t\t<\/div>\n\t\t\t\t<\/div>\n\t\t\t\t<\/div>\n\t\t\t\t\t\t<\/div>\n\t\t\t\t\t<\/div>\n\t\t<\/div>\n\t\t\t\t\t\t\t\t<\/div>\n\t\t\t\t\t<\/div>\n\t\t<\/section>\n\t\t\t\t<section class=\"elementor-section elementor-top-section elementor-element elementor-element-8739875 elementor-section-boxed elementor-section-height-default elementor-section-height-default\" data-id=\"8739875\" data-element_type=\"section\">\n\t\t\t\t\t\t<div class=\"elementor-container elementor-column-gap-default\">\n\t\t\t\t\t\t\t<div class=\"elementor-row\">\n\t\t\t\t\t<div class=\"elementor-column elementor-col-100 elementor-top-column elementor-element elementor-element-17c345b\" data-id=\"17c345b\" data-element_type=\"column\">\n\t\t\t<div class=\"elementor-column-wrap elementor-element-populated\">\n\t\t\t\t\t\t\t<div class=\"elementor-widget-wrap\">\n\t\t\t\t\t\t<div class=\"elementor-element elementor-element-5ec8e59 elementor-widget elementor-widget-accordion\" data-id=\"5ec8e59\" data-element_type=\"widget\" data-widget_type=\"accordion.default\">\n\t\t\t\t<div class=\"elementor-widget-container\">\n\t\t\t\t\t<div class=\"elementor-accordion\" role=\"tablist\">\n\t\t\t\t\t\t\t<div class=\"elementor-accordion-item\">\n\t\t\t\t\t<div id=\"elementor-tab-title-9931\" class=\"elementor-tab-title\" data-tab=\"1\" role=\"tab\" aria-controls=\"elementor-tab-content-9931\" aria-expanded=\"false\">\n\t\t\t\t\t\t\t\t\t\t\t\t\t<span class=\"elementor-accordion-icon elementor-accordion-icon-left\" aria-hidden=\"true\">\n\t\t\t\t\t\t\t\t\t\t\t\t\t\t\t<span class=\"elementor-accordion-icon-closed\"><i class=\"fas fa-plus\"><\/i><\/span>\n\t\t\t\t\t\t\t\t<span class=\"elementor-accordion-icon-opened\"><i class=\"fas fa-minus\"><\/i><\/span>\n\t\t\t\t\t\t\t\t\t\t\t\t\t\t<\/span>\n\t\t\t\t\t\t\t\t\t\t\t\t<a class=\"elementor-accordion-title\" href=\"\">PLIEGO DE CL\u00c1SULAS ADMINISTRATIVAS PARTICULARES<\/a>\n\t\t\t\t\t<\/div>\n\t\t\t\t\t<div id=\"elementor-tab-content-9931\" class=\"elementor-tab-content elementor-clearfix\" data-tab=\"1\" role=\"tabpanel\" aria-labelledby=\"elementor-tab-title-9931\"><p><a href=\"https:\/\/contrataciondelestado.es\/wps\/wcm\/connect\/PLACE_es\/Site\/area\/docAccCmpnt?srv=cmpnt&amp;cmpntname=GetDocumentsById&amp;source=library&amp;DocumentIdParam=a4172919-a0d4-4e9e-a700-cccb26165fd0\" target=\"_blank\" rel=\"noopener\">ENLACE AL PLIEGO<\/a><\/p><\/div>\n\t\t\t\t<\/div>\n\t\t\t\t\t\t\t<div class=\"elementor-accordion-item\">\n\t\t\t\t\t<div id=\"elementor-tab-title-9932\" class=\"elementor-tab-title\" data-tab=\"2\" role=\"tab\" aria-controls=\"elementor-tab-content-9932\" aria-expanded=\"false\">\n\t\t\t\t\t\t\t\t\t\t\t\t\t<span class=\"elementor-accordion-icon elementor-accordion-icon-left\" aria-hidden=\"true\">\n\t\t\t\t\t\t\t\t\t\t\t\t\t\t\t<span class=\"elementor-accordion-icon-closed\"><i class=\"fas fa-plus\"><\/i><\/span>\n\t\t\t\t\t\t\t\t<span class=\"elementor-accordion-icon-opened\"><i class=\"fas fa-minus\"><\/i><\/span>\n\t\t\t\t\t\t\t\t\t\t\t\t\t\t<\/span>\n\t\t\t\t\t\t\t\t\t\t\t\t<a class=\"elementor-accordion-title\" href=\"\">PLIEGO DE PRESCRIPCIONES T\u00c9CNICAS<\/a>\n\t\t\t\t\t<\/div>\n\t\t\t\t\t<div id=\"elementor-tab-content-9932\" class=\"elementor-tab-content elementor-clearfix\" data-tab=\"2\" role=\"tabpanel\" aria-labelledby=\"elementor-tab-title-9932\"><p><a href=\"https:\/\/contrataciondelestado.es\/wps\/wcm\/connect\/PLACE_es\/Site\/area\/docAccCmpnt?srv=cmpnt&amp;cmpntname=GetDocumentsById&amp;source=library&amp;DocumentIdParam=5c805491-a8c7-4f6c-966f-8846866eb4be\" target=\"_blank\" rel=\"noopener\">ENLACE AL PLIEGO<\/a><\/p><\/div>\n\t\t\t\t<\/div>\n\t\t\t\t\t\t\t<div class=\"elementor-accordion-item\">\n\t\t\t\t\t<div id=\"elementor-tab-title-9933\" class=\"elementor-tab-title\" data-tab=\"3\" role=\"tab\" aria-controls=\"elementor-tab-content-9933\" aria-expanded=\"false\">\n\t\t\t\t\t\t\t\t\t\t\t\t\t<span class=\"elementor-accordion-icon elementor-accordion-icon-left\" aria-hidden=\"true\">\n\t\t\t\t\t\t\t\t\t\t\t\t\t\t\t<span class=\"elementor-accordion-icon-closed\"><i class=\"fas fa-plus\"><\/i><\/span>\n\t\t\t\t\t\t\t\t<span class=\"elementor-accordion-icon-opened\"><i class=\"fas fa-minus\"><\/i><\/span>\n\t\t\t\t\t\t\t\t\t\t\t\t\t\t<\/span>\n\t\t\t\t\t\t\t\t\t\t\t\t<a class=\"elementor-accordion-title\" href=\"\">ANEXOS<\/a>\n\t\t\t\t\t<\/div>\n\t\t\t\t\t<div id=\"elementor-tab-content-9933\" class=\"elementor-tab-content elementor-clearfix\" data-tab=\"3\" role=\"tabpanel\" aria-labelledby=\"elementor-tab-title-9933\"><p><a href=\"https:\/\/contrataciondelestado.es\/wps\/wcm\/connect\/PLACE_es\/Site\/area\/docAccCmpnt?srv=cmpnt&amp;cmpntname=GetDocumentsById&amp;source=library&amp;DocumentIdParam=ea41c482-a341-44f7-b4d6-ca56ea1ead0c\" target=\"_blank\" rel=\"noopener\">Anexo I Anievas 962860F.docx<\/a><br \/><a href=\"https:\/\/contrataciondelestado.es\/wps\/wcm\/connect\/PLACE_es\/Site\/area\/docAccCmpnt?srv=cmpnt&amp;cmpntname=GetDocumentsById&amp;source=library&amp;DocumentIdParam=72a1341d-9777-4598-9552-ccbd42f45f81\" target=\"_blank\" rel=\"noopener\">Anexo II Anievas 962860F.docx<\/a><br \/><a href=\"https:\/\/contrataciondelestado.es\/wps\/wcm\/connect\/PLACE_es\/Site\/area\/docAccCmpnt?srv=cmpnt&amp;cmpntname=GetDocumentsById&amp;source=library&amp;DocumentIdParam=cb7f55cd-2ef7-46dd-b538-a722d8decb98\" target=\"_blank\" rel=\"noopener\">Anexo III &#8211; Solvencia Economica 962860F.doc<\/a><br \/><a href=\"https:\/\/contrataciondelestado.es\/wps\/wcm\/connect\/PLACE_es\/Site\/area\/docAccCmpnt?srv=cmpnt&amp;cmpntname=GetDocumentsById&amp;source=library&amp;DocumentIdParam=21cb2adf-9619-488e-86a5-33110b91ac02\" target=\"_blank\" rel=\"noopener\">Anexo IV &#8211; Solvencia Tecnica 962860F.doc<\/a><br \/><a href=\"https:\/\/contrataciondelestado.es\/wps\/wcm\/connect\/PLACE_es\/Site\/area\/docAccCmpnt?srv=cmpnt&amp;cmpntname=GetDocumentsById&amp;source=library&amp;DocumentIdParam=af740102-d7b4-4d7f-8214-542814ec15a7\" target=\"_blank\" rel=\"noopener\">Anexo V &#8211; Declaracion de Datos 962860F.doc<\/a><\/p><p><a href=\"https:\/\/contrataciondelestado.es\/wps\/wcm\/connect\/PLACE_es\/Site\/area\/docAccCmpnt?srv=cmpnt&amp;cmpntname=GetDocumentsById&amp;source=library&amp;DocumentIdParam=04b263ab-3c90-49f9-8e9b-b028422d967a\" target=\"_blank\" rel=\"noopener\">Gu\u00eda de licitaci\u00f3n para empresas<\/a><\/p><\/div>\n\t\t\t\t<\/div>\n\t\t\t\t\t\t\t<div class=\"elementor-accordion-item\">\n\t\t\t\t\t<div id=\"elementor-tab-title-9934\" class=\"elementor-tab-title\" data-tab=\"4\" role=\"tab\" aria-controls=\"elementor-tab-content-9934\" aria-expanded=\"false\">\n\t\t\t\t\t\t\t\t\t\t\t\t\t<span class=\"elementor-accordion-icon elementor-accordion-icon-left\" aria-hidden=\"true\">\n\t\t\t\t\t\t\t\t\t\t\t\t\t\t\t<span class=\"elementor-accordion-icon-closed\"><i class=\"fas fa-plus\"><\/i><\/span>\n\t\t\t\t\t\t\t\t<span class=\"elementor-accordion-icon-opened\"><i class=\"fas fa-minus\"><\/i><\/span>\n\t\t\t\t\t\t\t\t\t\t\t\t\t\t<\/span>\n\t\t\t\t\t\t\t\t\t\t\t\t<a class=\"elementor-accordion-title\" href=\"\">DOCUMENTOS DEL EXPEDIENTE DE LICITACI\u00d3N<\/a>\n\t\t\t\t\t<\/div>\n\t\t\t\t\t<div id=\"elementor-tab-content-9934\" class=\"elementor-tab-content elementor-clearfix\" data-tab=\"4\" role=\"tabpanel\" aria-labelledby=\"elementor-tab-title-9934\"><p><a href=\"https:\/\/aytoanievas.org\/transparencia\/trans_files\/uploads\/Memoria_justificativa_expediente_962860F_-_SEFYCU_3482448.pdf\" target=\"_blank\" rel=\"noopener\">MEMORIA JUSTIFICATIVA<\/a><\/p><p><a href=\"https:\/\/aytoanievas.org\/transparencia\/trans_files\/uploads\/Certificado_Acuerdo_Pleno_10022022_-_Licitacion_Pavimentacion_962860F.pdf\" target=\"_blank\" rel=\"noopener\">CERTIFICADO DE APROBACI\u00d3N DEL EXPEDIENTE<\/a><\/p><p><a href=\"https:\/\/aytoanievas.org\/transparencia\/trans_files\/uploads\/962860F-ID_E00126605_2022_136759263.pdf\" target=\"_blank\" rel=\"noopener\">CONVOCATORIA MESA DE CONTRATACI\u00d3N<\/a><\/p><p><a href=\"https:\/\/aytoanievas.org\/transparencia\/trans_files\/uploads\/Acta_apertura_ofertas_expediente_962860F_-_SEFYCU_3575719.pdf\" target=\"_blank\" rel=\"noopener\">ACTA DE LA MESA DE CONTRATACI\u00d3N<\/a><\/p><p><a href=\"https:\/\/aytoanievas.org\/transparencia\/trans_files\/uploads\/DOC_CAN_ADJ2022-584599.pdf\" target=\"_blank\" rel=\"noopener\">ADJUDICACI\u00d3N MEDIANTE ACUERDO PLENO DE 24\/03\/2022<\/a><\/p><\/div>\n\t\t\t\t<\/div>\n\t\t\t\t\t\t\t\t<\/div>\n\t\t\t\t<\/div>\n\t\t\t\t<\/div>\n\t\t\t\t\t\t<\/div>\n\t\t\t\t\t<\/div>\n\t\t<\/div>\n\t\t\t\t\t\t\t\t<\/div>\n\t\t\t\t\t<\/div>\n\t\t<\/section>\n\t\t\t\t\t\t\t\t\t<\/div>\n\t\t\t<\/div>\n\t\t\t\t\t<\/div>\n\t\t","protected":false},"excerpt":{"rendered":"<p>CONTRATO ADMINISTRATIVO DE OBRAS PARA LA EJECUCI\u00d3N DEL PROYECTO DE MEJORA DE PAVIMENTACI\u00d3N DE VIALES MUNICIPALES Y N\u00daCLEOS URBANOS EN EL MUNICIPIO DE ANIEVAS OBJETO El contrato a que se refiere el presente pliego tiene por objeto la ejecuci\u00f3n de las obras de construcci\u00f3n del \u201cPROYECTO DE MEJORA DE PAVIMENTACI\u00d3N DE VIALES MUNICIPALES Y N\u00daCLEOS [&hellip;]<\/p>\n","protected":false},"author":1,"featured_media":0,"parent":0,"menu_order":0,"comment_status":"closed","ping_status":"closed","template":"","meta":[],"_links":{"self":[{"href":"https:\/\/aytoanievas.org\/transparencia\/wp-json\/wp\/v2\/pages\/3903"}],"collection":[{"href":"https:\/\/aytoanievas.org\/transparencia\/wp-json\/wp\/v2\/pages"}],"about":[{"href":"https:\/\/aytoanievas.org\/transparencia\/wp-json\/wp\/v2\/types\/page"}],"author":[{"embeddable":true,"href":"https:\/\/aytoanievas.org\/transparencia\/wp-json\/wp\/v2\/users\/1"}],"replies":[{"embeddable":true,"href":"https:\/\/aytoanievas.org\/transparencia\/wp-json\/wp\/v2\/comments?post=3903"}],"version-history":[{"count":22,"href":"https:\/\/aytoanievas.org\/transparencia\/wp-json\/wp\/v2\/pages\/3903\/revisions"}],"predecessor-version":[{"id":3998,"href":"https:\/\/aytoanievas.org\/transparencia\/wp-json\/wp\/v2\/pages\/3903\/revisions\/3998"}],"wp:attachment":[{"href":"https:\/\/aytoanievas.org\/transparencia\/wp-json\/wp\/v2\/media?parent=3903"}],"curies":[{"name":"wp","href":"https:\/\/api.w.org\/{rel}","templated":true}]}}