{"id":3297,"date":"2021-04-09T12:18:17","date_gmt":"2021-04-09T12:18:17","guid":{"rendered":"https:\/\/aytoanievas.org\/transparencia\/?page_id=3297"},"modified":"2021-06-10T16:58:43","modified_gmt":"2021-06-10T16:58:43","slug":"770688a","status":"publish","type":"page","link":"https:\/\/aytoanievas.org\/transparencia\/770688a\/","title":{"rendered":"Pavimentaci\u00f3n de caminos municipales"},"content":{"rendered":"\t\t<div data-elementor-type=\"wp-page\" data-elementor-id=\"3297\" class=\"elementor elementor-3297\">\n\t\t\t\t\t\t<div class=\"elementor-inner\">\n\t\t\t\t<div class=\"elementor-section-wrap\">\n\t\t\t\t\t\t\t\t\t<section class=\"elementor-section elementor-top-section elementor-element elementor-element-fcd6725 elementor-section-full_width elementor-section-stretched elementor-section-height-default elementor-section-height-default\" data-id=\"fcd6725\" data-element_type=\"section\" data-settings=\"{&quot;stretch_section&quot;:&quot;section-stretched&quot;,&quot;background_background&quot;:&quot;classic&quot;}\">\n\t\t\t\t\t\t<div class=\"elementor-container elementor-column-gap-default\">\n\t\t\t\t\t\t\t<div class=\"elementor-row\">\n\t\t\t\t\t<div class=\"elementor-column elementor-col-100 elementor-top-column elementor-element elementor-element-ba9f048\" data-id=\"ba9f048\" data-element_type=\"column\">\n\t\t\t<div class=\"elementor-column-wrap elementor-element-populated\">\n\t\t\t\t\t\t\t<div class=\"elementor-widget-wrap\">\n\t\t\t\t\t\t<div class=\"elementor-element elementor-element-2c8d40d elementor-widget elementor-widget-heading\" data-id=\"2c8d40d\" data-element_type=\"widget\" data-widget_type=\"heading.default\">\n\t\t\t\t<div class=\"elementor-widget-container\">\n\t\t\t<h2 class=\"elementor-heading-title elementor-size-default\">CONTRATO ADMINISTRATIVO DE OBRAS PARA LA EJECUCI\u00d3N DEL \u201cPROYECTO DE PAVIMENTACI\u00d3N DE CAMINOS MUNICIPALES\u201d PROMOVIDO POR EL AYUNTAMIENTO DE ANIEVAS<\/h2>\t\t<\/div>\n\t\t\t\t<\/div>\n\t\t\t\t\t\t<\/div>\n\t\t\t\t\t<\/div>\n\t\t<\/div>\n\t\t\t\t\t\t\t\t<\/div>\n\t\t\t\t\t<\/div>\n\t\t<\/section>\n\t\t\t\t<section class=\"elementor-section elementor-top-section elementor-element elementor-element-fa2a72d elementor-section-boxed elementor-section-height-default elementor-section-height-default\" data-id=\"fa2a72d\" data-element_type=\"section\">\n\t\t\t\t\t\t<div class=\"elementor-container elementor-column-gap-default\">\n\t\t\t\t\t\t\t<div class=\"elementor-row\">\n\t\t\t\t\t<div class=\"elementor-column elementor-col-100 elementor-top-column elementor-element elementor-element-1403a78\" data-id=\"1403a78\" data-element_type=\"column\">\n\t\t\t<div class=\"elementor-column-wrap elementor-element-populated\">\n\t\t\t\t\t\t\t<div class=\"elementor-widget-wrap\">\n\t\t\t\t\t\t<div class=\"elementor-element elementor-element-9e6586e elementor-widget elementor-widget-spacer\" data-id=\"9e6586e\" data-element_type=\"widget\" data-widget_type=\"spacer.default\">\n\t\t\t\t<div class=\"elementor-widget-container\">\n\t\t\t\t\t<div class=\"elementor-spacer\">\n\t\t\t<div class=\"elementor-spacer-inner\"><\/div>\n\t\t<\/div>\n\t\t\t\t<\/div>\n\t\t\t\t<\/div>\n\t\t\t\t\t\t<\/div>\n\t\t\t\t\t<\/div>\n\t\t<\/div>\n\t\t\t\t\t\t\t\t<\/div>\n\t\t\t\t\t<\/div>\n\t\t<\/section>\n\t\t\t\t<section class=\"elementor-section elementor-top-section elementor-element elementor-element-e64c08e elementor-section-boxed elementor-section-height-default elementor-section-height-default\" data-id=\"e64c08e\" data-element_type=\"section\">\n\t\t\t\t\t\t<div class=\"elementor-container elementor-column-gap-default\">\n\t\t\t\t\t\t\t<div class=\"elementor-row\">\n\t\t\t\t\t<div class=\"elementor-column elementor-col-100 elementor-top-column elementor-element elementor-element-b0478cb\" data-id=\"b0478cb\" data-element_type=\"column\">\n\t\t\t<div class=\"elementor-column-wrap elementor-element-populated\">\n\t\t\t\t\t\t\t<div class=\"elementor-widget-wrap\">\n\t\t\t\t\t\t<div class=\"elementor-element elementor-element-d3541d0 elementor-widget elementor-widget-text-editor\" data-id=\"d3541d0\" data-element_type=\"widget\" data-widget_type=\"text-editor.default\">\n\t\t\t\t<div class=\"elementor-widget-container\">\n\t\t\t\t\t\t\t\t<div class=\"elementor-text-editor elementor-clearfix\">\n\t\t\t\t<section class=\"elementor-section elementor-top-section elementor-element elementor-element-e64c08e elementor-section-boxed elementor-section-height-default elementor-section-height-default\" data-id=\"e64c08e\" data-element_type=\"section\"><div class=\"elementor-container elementor-column-gap-default\"><div class=\"elementor-row\"><div class=\"elementor-column elementor-col-100 elementor-top-column elementor-element elementor-element-b0478cb\" data-id=\"b0478cb\" data-element_type=\"column\"><div class=\"elementor-column-wrap elementor-element-populated\"><div class=\"elementor-widget-wrap\"><div class=\"elementor-element elementor-element-d3541d0 elementor-widget elementor-widget-text-editor\" data-id=\"d3541d0\" data-element_type=\"widget\" data-widget_type=\"text-editor.default\"><div class=\"elementor-widget-container\"><div class=\"elementor-text-editor elementor-clearfix\"><p><strong>OBJETO<\/strong><\/p><p>El contrato a que se refiere el presente pliego tiene por objeto la ejecuci\u00f3n de las obras de construcci\u00f3n del \u201cPROYECTO DE PAVIMENTACI\u00d3N DE CAMINOS MUNICIPALES\u201c, contempladas en el proyecto aprobado por el Ayuntamiento en Sesi\u00f3n Plenaria de fecha 15 de abril de 2021, as\u00ed como, en su caso, las mejoras aceptadas por el adjudicatario conforme a lo establecido en los criterios de adjudicaci\u00f3n del contrato.<\/p><p>Con el presente PROYECTO DE PAVIMENTACI\u00d3N DE CAMINOS MUNICIPALES se pretende definir completamente las obras necesarias para, en primer lugar, preparaci\u00f3n de la plataforma y pavimentaci\u00f3n con hormig\u00f3n en las ubicaciones de La Camberona, El Ejido y La Cantera y, en segundo lugar, la formaci\u00f3n de cuneta en La Mojica.<\/p><\/div><\/div><\/div><\/div><\/div><\/div><\/div><\/div><\/section><section class=\"elementor-section elementor-top-section elementor-element elementor-element-1576806 elementor-section-boxed elementor-section-height-default elementor-section-height-default\" data-id=\"1576806\" data-element_type=\"section\"><div class=\"elementor-container elementor-column-gap-default\"><div class=\"elementor-row\"><div class=\"elementor-column elementor-col-100 elementor-top-column elementor-element elementor-element-5aab652\" data-id=\"5aab652\" data-element_type=\"column\"><div class=\"elementor-column-wrap elementor-element-populated\"><div class=\"elementor-widget-wrap\"><div class=\"elementor-element elementor-element-e81ac74 elementor-widget elementor-widget-text-editor\" data-id=\"e81ac74\" data-element_type=\"widget\" data-widget_type=\"text-editor.default\"><div class=\"elementor-widget-container\"><div class=\"elementor-text-editor elementor-clearfix\"><p><strong>DEPENDENCIA QUE TRAMITA EXPEDIENTE<\/strong><\/p><p>SECRETAR\u00cdA \u2013 INTERVENCI\u00d3N<\/p><p><strong>\u00d3RGANO DE CONTRATACI\u00d3N<\/strong><\/p><p>PLENO DE LA CORPORACI\u00d3N<\/p><p><strong>OBTENCI\u00d3N DE DOCUMENTACI\u00d3N<\/strong><\/p><p>AYUNTAMIENTO DE ANIEVAS, BARRIO LAS ESCUELAS, S\/n, 39451, COTILLO DE ANIEVAS, CANTABRIA. <a href=\"mailto:secretario@aytoanievas.org\" target=\"_blank\" rel=\"noopener\">secretario@aytoanievas.org<\/a>\u00a0<\/p><p><strong>TIPO DE CONTRATO<\/strong><\/p><p>OBRAS<\/p><p><strong>PROCEDIMIENTO DE ADJUDICACI\u00d3N<\/strong><\/p><p>ABIERTO SIMPLIFICADO (Art. 159 LCSP).<\/p><p><strong>TRAMITACI\u00d3N<\/strong><\/p><p>ORDINARIA<\/p><p><strong>CRITERIOS DE ADJUDICACI\u00d3N<\/strong><\/p><p>VARIOS CRITERIOS DE ADJUDICACI\u00d3N. (ART. 23 DEL PCAP).<\/p><p><strong>VALOR ESTIMADO DEL CONTRATO<\/strong><\/p><p>70.144,29 \u20ac IVA EXCLUIDO.<\/p><p><strong>PLAZO DE EJECUCI\u00d3N<\/strong><\/p><p>EL PLAZO DE EJECUCI\u00d3N DEL CONTRATO SER\u00c1 DE\u00a0<b>1 MES, <\/b>CONFORME A LA ESTIMACI\u00d3N DEL PLAZO DE EJECUCI\u00d3N QUE FIGURA DENTRO DEL PROYECTO DE OBRA, Y COMENZAR\u00c1 CON EL ACTA DE COMPROBACI\u00d3N DEL REPLANTEO E INICIO DE LAS OBRAS.<\/p><p><strong>GARANT\u00cdA PROVISIONAL<\/strong><\/p><p>NO SE EXIGE<\/p><p><strong>ANUNCIO DE LICITACI\u00d3N<\/strong><\/p><p><a href=\"https:\/\/contrataciondelestado.es\/wps\/poc?uri=deeplink%3Adetalle_licitacion&amp;idEvl=KMVnn5vIMIDnSoTX3z%2F7wA%3D%3D\" target=\"_blank\" rel=\"noopener\">ANUNCIO PUBLICADO EN LA PCSP EN FECHA DEL 15\/04\/2021.<\/a><\/p><p><strong>FECHA PRESENTACI\u00d3N SOLICITUDES<\/strong><\/p><p>20 D\u00cdAS NATURALES. HASTA EL 05 DE MAYO DE 2021 A LAS 23:59 HORAS. (ART. 17 DEL PCAP).<\/p><p><strong>PRESENTACI\u00d3N DE OFERTAS<\/strong><\/p><p>ART. 18 DEL PCAP. EXCLUSIVAMENTE POR MEDIOS TELEM\u00c1TICOS A TRAV\u00c9S DE LA PLATAFORMA DE CONTRATOS DEL SECTOR P\u00daBLICO. (<a href=\"https:\/\/contrataciondelestado.es\/wps\/wcm\/connect\/PLACE_es\/Site\/area\/docAccCmpnt?srv=cmpnt&amp;cmpntname=GetDocumentsById&amp;source=library&amp;DocumentIdParam=04b263ab-3c90-49f9-8e9b-b028422d967a\" target=\"_blank\" rel=\"noopener\">MANUAL DE PRESENTACI\u00d3N DE OFERTAS<\/a>).\u00a0<\/p><p><strong>APERTURA DE OFERTAS<\/strong><\/p><p>ART. 20 DEL PLIEGO DE CL\u00c1USULAS ADMINISTRATIVAS PARTICULARES. SESI\u00d3N PREVISTA PARA EL 12\/05\/2021.<\/p><\/div><\/div><\/div><\/div><\/div><\/div><\/div><\/div><\/section>\t\t\t\t\t<\/div>\n\t\t\t\t\t\t<\/div>\n\t\t\t\t<\/div>\n\t\t\t\t\t\t<\/div>\n\t\t\t\t\t<\/div>\n\t\t<\/div>\n\t\t\t\t\t\t\t\t<\/div>\n\t\t\t\t\t<\/div>\n\t\t<\/section>\n\t\t\t\t<section class=\"elementor-section elementor-top-section elementor-element elementor-element-e556fe8 elementor-section-boxed elementor-section-height-default elementor-section-height-default\" data-id=\"e556fe8\" data-element_type=\"section\">\n\t\t\t\t\t\t<div class=\"elementor-container elementor-column-gap-default\">\n\t\t\t\t\t\t\t<div class=\"elementor-row\">\n\t\t\t\t\t<div class=\"elementor-column elementor-col-100 elementor-top-column elementor-element elementor-element-3f64326\" data-id=\"3f64326\" data-element_type=\"column\">\n\t\t\t<div class=\"elementor-column-wrap elementor-element-populated\">\n\t\t\t\t\t\t\t<div class=\"elementor-widget-wrap\">\n\t\t\t\t\t\t<div class=\"elementor-element elementor-element-79b4334 elementor-widget elementor-widget-spacer\" data-id=\"79b4334\" data-element_type=\"widget\" data-widget_type=\"spacer.default\">\n\t\t\t\t<div class=\"elementor-widget-container\">\n\t\t\t\t\t<div class=\"elementor-spacer\">\n\t\t\t<div class=\"elementor-spacer-inner\"><\/div>\n\t\t<\/div>\n\t\t\t\t<\/div>\n\t\t\t\t<\/div>\n\t\t\t\t\t\t<\/div>\n\t\t\t\t\t<\/div>\n\t\t<\/div>\n\t\t\t\t\t\t\t\t<\/div>\n\t\t\t\t\t<\/div>\n\t\t<\/section>\n\t\t\t\t<section class=\"elementor-section elementor-top-section elementor-element elementor-element-8739875 elementor-section-boxed elementor-section-height-default elementor-section-height-default\" data-id=\"8739875\" data-element_type=\"section\">\n\t\t\t\t\t\t<div class=\"elementor-container elementor-column-gap-default\">\n\t\t\t\t\t\t\t<div class=\"elementor-row\">\n\t\t\t\t\t<div class=\"elementor-column elementor-col-100 elementor-top-column elementor-element elementor-element-17c345b\" data-id=\"17c345b\" data-element_type=\"column\">\n\t\t\t<div class=\"elementor-column-wrap elementor-element-populated\">\n\t\t\t\t\t\t\t<div class=\"elementor-widget-wrap\">\n\t\t\t\t\t\t<div class=\"elementor-element elementor-element-5ec8e59 elementor-widget elementor-widget-accordion\" data-id=\"5ec8e59\" data-element_type=\"widget\" data-widget_type=\"accordion.default\">\n\t\t\t\t<div class=\"elementor-widget-container\">\n\t\t\t\t\t<div class=\"elementor-accordion\" role=\"tablist\">\n\t\t\t\t\t\t\t<div class=\"elementor-accordion-item\">\n\t\t\t\t\t<div id=\"elementor-tab-title-9931\" class=\"elementor-tab-title\" data-tab=\"1\" role=\"tab\" aria-controls=\"elementor-tab-content-9931\" aria-expanded=\"false\">\n\t\t\t\t\t\t\t\t\t\t\t\t\t<span class=\"elementor-accordion-icon elementor-accordion-icon-left\" aria-hidden=\"true\">\n\t\t\t\t\t\t\t\t\t\t\t\t\t\t\t<span class=\"elementor-accordion-icon-closed\"><i class=\"fas fa-plus\"><\/i><\/span>\n\t\t\t\t\t\t\t\t<span class=\"elementor-accordion-icon-opened\"><i class=\"fas fa-minus\"><\/i><\/span>\n\t\t\t\t\t\t\t\t\t\t\t\t\t\t<\/span>\n\t\t\t\t\t\t\t\t\t\t\t\t<a class=\"elementor-accordion-title\" href=\"\">PLIEGO DE CL\u00c1SULAS ADMINISTRATIVAS PARTICULARES<\/a>\n\t\t\t\t\t<\/div>\n\t\t\t\t\t<div id=\"elementor-tab-content-9931\" class=\"elementor-tab-content elementor-clearfix\" data-tab=\"1\" role=\"tabpanel\" aria-labelledby=\"elementor-tab-title-9931\"><p><a href=\"https:\/\/aytoanievas.org\/transparencia\/trans_files\/uploads\/PCAP-Diligencia-Aprobacion-Pleno.pdf\" target=\"_blank\" rel=\"noopener\">ENLACE AL PLIEGO<\/a><\/p><\/div>\n\t\t\t\t<\/div>\n\t\t\t\t\t\t\t<div class=\"elementor-accordion-item\">\n\t\t\t\t\t<div id=\"elementor-tab-title-9932\" class=\"elementor-tab-title\" data-tab=\"2\" role=\"tab\" aria-controls=\"elementor-tab-content-9932\" aria-expanded=\"false\">\n\t\t\t\t\t\t\t\t\t\t\t\t\t<span class=\"elementor-accordion-icon elementor-accordion-icon-left\" aria-hidden=\"true\">\n\t\t\t\t\t\t\t\t\t\t\t\t\t\t\t<span class=\"elementor-accordion-icon-closed\"><i class=\"fas fa-plus\"><\/i><\/span>\n\t\t\t\t\t\t\t\t<span class=\"elementor-accordion-icon-opened\"><i class=\"fas fa-minus\"><\/i><\/span>\n\t\t\t\t\t\t\t\t\t\t\t\t\t\t<\/span>\n\t\t\t\t\t\t\t\t\t\t\t\t<a class=\"elementor-accordion-title\" href=\"\">PLIEGO DE PRESCRIPCIONES T\u00c9CNICAS<\/a>\n\t\t\t\t\t<\/div>\n\t\t\t\t\t<div id=\"elementor-tab-content-9932\" class=\"elementor-tab-content elementor-clearfix\" data-tab=\"2\" role=\"tabpanel\" aria-labelledby=\"elementor-tab-title-9932\"><p><a href=\"https:\/\/aytoanievas.org\/transparencia\/trans_files\/uploads\/sellado1193EXP_194_Proyecto_Pavimentacion_Caminos_Anievas_Firmado.pdf\" target=\"_blank\" rel=\"noopener\">ENLACE AL PLIEGO<\/a><\/p><\/div>\n\t\t\t\t<\/div>\n\t\t\t\t\t\t\t<div class=\"elementor-accordion-item\">\n\t\t\t\t\t<div id=\"elementor-tab-title-9933\" class=\"elementor-tab-title\" data-tab=\"3\" role=\"tab\" aria-controls=\"elementor-tab-content-9933\" aria-expanded=\"false\">\n\t\t\t\t\t\t\t\t\t\t\t\t\t<span class=\"elementor-accordion-icon elementor-accordion-icon-left\" aria-hidden=\"true\">\n\t\t\t\t\t\t\t\t\t\t\t\t\t\t\t<span class=\"elementor-accordion-icon-closed\"><i class=\"fas fa-plus\"><\/i><\/span>\n\t\t\t\t\t\t\t\t<span class=\"elementor-accordion-icon-opened\"><i class=\"fas fa-minus\"><\/i><\/span>\n\t\t\t\t\t\t\t\t\t\t\t\t\t\t<\/span>\n\t\t\t\t\t\t\t\t\t\t\t\t<a class=\"elementor-accordion-title\" href=\"\">ANEXOS<\/a>\n\t\t\t\t\t<\/div>\n\t\t\t\t\t<div id=\"elementor-tab-content-9933\" class=\"elementor-tab-content elementor-clearfix\" data-tab=\"3\" role=\"tabpanel\" aria-labelledby=\"elementor-tab-title-9933\"><p><a href=\"https:\/\/aytoanievas.org\/transparencia\/trans_files\/uploads\/Anexo-I-Anievas-770688A.docx\" target=\"_blank\" rel=\"noopener\">Anexo I 770688A (WORD)<\/a><\/p><p><a href=\"https:\/\/aytoanievas.org\/transparencia\/trans_files\/uploads\/Anexo-II-Anievas-770688A.docx\" target=\"_blank\" rel=\"noopener\">Anexo II 770688A (WORD)<\/a><\/p><p><a href=\"https:\/\/aytoanievas.org\/transparencia\/trans_files\/uploads\/Anexo-III-Solvencia-Economica.doc\" target=\"_blank\" rel=\"noopener\">Anexo III 770688A (WORD)<\/a><\/p><p><a href=\"https:\/\/aytoanievas.org\/transparencia\/trans_files\/uploads\/Anexo-IV-Solvencia-Tecnica.doc\" target=\"_blank\" rel=\"noopener\">Anexo IV 770688A (WORD)<\/a><\/p><p><a href=\"https:\/\/aytoanievas.org\/transparencia\/trans_files\/uploads\/Anexo-V-Declaracion-de-Datos.doc\" target=\"_blank\" rel=\"noopener\">Anexo V 770688A (WORD)<\/a><\/p><p><a href=\"https:\/\/contrataciondelestado.es\/wps\/wcm\/connect\/PLACE_es\/Site\/area\/docAccCmpnt?srv=cmpnt&amp;cmpntname=GetDocumentsById&amp;source=library&amp;DocumentIdParam=04b263ab-3c90-49f9-8e9b-b028422d967a\" target=\"_blank\" rel=\"noopener\">Gu\u00eda de licitaci\u00f3n para empresas<\/a><\/p><\/div>\n\t\t\t\t<\/div>\n\t\t\t\t\t\t\t<div class=\"elementor-accordion-item\">\n\t\t\t\t\t<div id=\"elementor-tab-title-9934\" class=\"elementor-tab-title\" data-tab=\"4\" role=\"tab\" aria-controls=\"elementor-tab-content-9934\" aria-expanded=\"false\">\n\t\t\t\t\t\t\t\t\t\t\t\t\t<span class=\"elementor-accordion-icon elementor-accordion-icon-left\" aria-hidden=\"true\">\n\t\t\t\t\t\t\t\t\t\t\t\t\t\t\t<span class=\"elementor-accordion-icon-closed\"><i class=\"fas fa-plus\"><\/i><\/span>\n\t\t\t\t\t\t\t\t<span class=\"elementor-accordion-icon-opened\"><i class=\"fas fa-minus\"><\/i><\/span>\n\t\t\t\t\t\t\t\t\t\t\t\t\t\t<\/span>\n\t\t\t\t\t\t\t\t\t\t\t\t<a class=\"elementor-accordion-title\" href=\"\">DOCUMENTOS DEL EXPEDIENTE DE LICITACI\u00d3N<\/a>\n\t\t\t\t\t<\/div>\n\t\t\t\t\t<div id=\"elementor-tab-content-9934\" class=\"elementor-tab-content elementor-clearfix\" data-tab=\"4\" role=\"tabpanel\" aria-labelledby=\"elementor-tab-title-9934\"><p><a href=\"https:\/\/aytoanievas.org\/transparencia\/trans_files\/uploads\/01-Memoria-Justificativa.pdf\" target=\"_blank\" rel=\"noopener\">MEMORIA JUSTIFICATIVA<\/a><\/p><p><a href=\"https:\/\/aytoanievas.org\/transparencia\/trans_files\/uploads\/Certificado-Pleno-15-04-2021-Licitacion-Proyecto-Pavimentacion.pdf\" target=\"_blank\" rel=\"noopener\">CERTIFICADO DE APROBACI\u00d3N DEL EXPEDIENTE<\/a><\/p><p><a href=\"https:\/\/aytoanievas.org\/transparencia\/trans_files\/uploads\/ID_E00126605_2021_94453568.pdf\" target=\"_blank\" rel=\"noopener\">CONVOCATORIA \u00d3RGANO DE ASISTENCIA<\/a><\/p><p><a href=\"https:\/\/aytoanievas.org\/transparencia\/trans_files\/uploads\/Replanificacion_Convocatoria_Apertura_770688A_06-05-21_13_05_32.pdf\" target=\"_blank\" rel=\"noopener\">REPLANIFICACI\u00d3N CONVOCATORIA \u00d3RGANO DE ASISTENCIA<\/a><\/p><p><a href=\"https:\/\/aytoanievas.org\/transparencia\/trans_files\/uploads\/Acta_de_apertura_de_ofertas_del_expediente_770688A_-_SEFYCU_2790869.pdf\" target=\"_blank\" rel=\"noopener\">ACTA DE LA MESA DE CONTRATACI\u00d3N DE 12\/05\/2021<\/a><\/p><p><a href=\"https:\/\/aytoanievas.org\/transparencia\/trans_files\/uploads\/21-Informe_justificacion_precios_-_SEFYCU_2823512.pdf\" target=\"_blank\" rel=\"noopener\">INFORME JUSTIFICACI\u00d3N PRECIOS<\/a><\/p><p><a href=\"https:\/\/aytoanievas.org\/transparencia\/trans_files\/uploads\/ID_E00126605_2021_98349161.pdf\" target=\"_blank\" rel=\"noopener\">CONVOCATORIA \u00d3RGANO DE ASISTENCIA<\/a><\/p><p><a href=\"https:\/\/aytoanievas.org\/transparencia\/trans_files\/uploads\/Acta_Mesa_de_Contratacion_de_26052021_-_Expediente_770688A_-_SEFYCU_2824980.pdf\" target=\"_blank\" rel=\"noopener\">ACTA DE LA MESA DE CONTRATACI\u00d3N DE 26\/05\/2021<\/a><\/p><p><a href=\"https:\/\/aytoanievas.org\/transparencia\/trans_files\/uploads\/Certificado_Pleno_08062021_770688A_SEFYCU_2852369.pdf\" target=\"_blank\" rel=\"noopener\">CERTIFICADO ACUERDO PLENO DE 08\/06\/2021, ADJUDICACI\u00d3N EXPEDIENTE LICITACI\u00d3N 770688A<\/a><\/p><p><a href=\"https:\/\/aytoanievas.org\/transparencia\/trans_files\/uploads\/DOC_CAN_ADJ2021-941041.pdf\" target=\"_blank\" rel=\"noopener\">ANUNCIO DE ADJUDICACI\u00d3N<\/a><\/p><p><a href=\"https:\/\/aytoanievas.org\/transparencia\/trans_files\/uploads\/DOC_FORM2021-949336.pdf\" target=\"_blank\" rel=\"noopener\">ANUNCIO DE FORMALIZACI\u00d3N DEL CONTRATO<\/a><\/p><\/div>\n\t\t\t\t<\/div>\n\t\t\t\t\t\t\t\t<\/div>\n\t\t\t\t<\/div>\n\t\t\t\t<\/div>\n\t\t\t\t\t\t<\/div>\n\t\t\t\t\t<\/div>\n\t\t<\/div>\n\t\t\t\t\t\t\t\t<\/div>\n\t\t\t\t\t<\/div>\n\t\t<\/section>\n\t\t\t\t\t\t\t\t\t<\/div>\n\t\t\t<\/div>\n\t\t\t\t\t<\/div>\n\t\t","protected":false},"excerpt":{"rendered":"<p>CONTRATO ADMINISTRATIVO DE OBRAS PARA LA EJECUCI\u00d3N DEL \u201cPROYECTO DE PAVIMENTACI\u00d3N DE CAMINOS MUNICIPALES\u201d PROMOVIDO POR EL AYUNTAMIENTO DE ANIEVAS OBJETO El contrato a que se refiere el presente pliego tiene por objeto la ejecuci\u00f3n de las obras de construcci\u00f3n del \u201cPROYECTO DE PAVIMENTACI\u00d3N DE CAMINOS MUNICIPALES\u201c, contempladas en el proyecto aprobado por el Ayuntamiento [&hellip;]<\/p>\n","protected":false},"author":1,"featured_media":0,"parent":0,"menu_order":0,"comment_status":"closed","ping_status":"closed","template":"","meta":[],"_links":{"self":[{"href":"https:\/\/aytoanievas.org\/transparencia\/wp-json\/wp\/v2\/pages\/3297"}],"collection":[{"href":"https:\/\/aytoanievas.org\/transparencia\/wp-json\/wp\/v2\/pages"}],"about":[{"href":"https:\/\/aytoanievas.org\/transparencia\/wp-json\/wp\/v2\/types\/page"}],"author":[{"embeddable":true,"href":"https:\/\/aytoanievas.org\/transparencia\/wp-json\/wp\/v2\/users\/1"}],"replies":[{"embeddable":true,"href":"https:\/\/aytoanievas.org\/transparencia\/wp-json\/wp\/v2\/comments?post=3297"}],"version-history":[{"count":50,"href":"https:\/\/aytoanievas.org\/transparencia\/wp-json\/wp\/v2\/pages\/3297\/revisions"}],"predecessor-version":[{"id":3502,"href":"https:\/\/aytoanievas.org\/transparencia\/wp-json\/wp\/v2\/pages\/3297\/revisions\/3502"}],"wp:attachment":[{"href":"https:\/\/aytoanievas.org\/transparencia\/wp-json\/wp\/v2\/media?parent=3297"}],"curies":[{"name":"wp","href":"https:\/\/api.w.org\/{rel}","templated":true}]}}