{"id":2021,"date":"2020-05-12T07:10:28","date_gmt":"2020-05-12T07:10:28","guid":{"rendered":"https:\/\/aytoanievas.org\/transparencia\/?page_id=2021"},"modified":"2020-06-06T07:14:41","modified_gmt":"2020-06-06T07:14:41","slug":"opendata","status":"publish","type":"page","link":"https:\/\/aytoanievas.org\/transparencia\/opendata\/","title":{"rendered":"Datos Abiertos"},"content":{"rendered":"\t\t<div data-elementor-type=\"wp-page\" data-elementor-id=\"2021\" class=\"elementor elementor-2021\">\n\t\t\t\t\t\t<div class=\"elementor-inner\">\n\t\t\t\t<div class=\"elementor-section-wrap\">\n\t\t\t\t\t\t\t\t\t<section class=\"elementor-section elementor-top-section elementor-element elementor-element-3af0d47 elementor-section-stretched elementor-section-full_width elementor-section-height-default elementor-section-height-default\" data-id=\"3af0d47\" data-element_type=\"section\" data-settings=\"{&quot;stretch_section&quot;:&quot;section-stretched&quot;,&quot;background_background&quot;:&quot;classic&quot;}\">\n\t\t\t\t\t\t<div class=\"elementor-container elementor-column-gap-default\">\n\t\t\t\t\t\t\t<div class=\"elementor-row\">\n\t\t\t\t\t<div class=\"elementor-column elementor-col-100 elementor-top-column elementor-element elementor-element-b1febd1\" data-id=\"b1febd1\" data-element_type=\"column\">\n\t\t\t<div class=\"elementor-column-wrap elementor-element-populated\">\n\t\t\t\t\t\t\t<div class=\"elementor-widget-wrap\">\n\t\t\t\t\t\t<div class=\"elementor-element elementor-element-9eee742 elementor-widget elementor-widget-heading\" data-id=\"9eee742\" data-element_type=\"widget\" data-widget_type=\"heading.default\">\n\t\t\t\t<div class=\"elementor-widget-container\">\n\t\t\t<h2 class=\"elementor-heading-title elementor-size-default\">DATOS ABIERTOS DEL AYUNTAMIENTO DE ANIEVAS<\/h2>\t\t<\/div>\n\t\t\t\t<\/div>\n\t\t\t\t\t\t<\/div>\n\t\t\t\t\t<\/div>\n\t\t<\/div>\n\t\t\t\t\t\t\t\t<\/div>\n\t\t\t\t\t<\/div>\n\t\t<\/section>\n\t\t\t\t<section class=\"elementor-section elementor-top-section elementor-element elementor-element-e556fe8 elementor-section-boxed elementor-section-height-default elementor-section-height-default\" data-id=\"e556fe8\" data-element_type=\"section\">\n\t\t\t\t\t\t<div class=\"elementor-container elementor-column-gap-default\">\n\t\t\t\t\t\t\t<div class=\"elementor-row\">\n\t\t\t\t\t<div class=\"elementor-column elementor-col-100 elementor-top-column elementor-element elementor-element-3f64326\" data-id=\"3f64326\" data-element_type=\"column\">\n\t\t\t<div class=\"elementor-column-wrap elementor-element-populated\">\n\t\t\t\t\t\t\t<div class=\"elementor-widget-wrap\">\n\t\t\t\t\t\t<div class=\"elementor-element elementor-element-79b4334 elementor-widget elementor-widget-spacer\" data-id=\"79b4334\" data-element_type=\"widget\" data-widget_type=\"spacer.default\">\n\t\t\t\t<div class=\"elementor-widget-container\">\n\t\t\t\t\t<div class=\"elementor-spacer\">\n\t\t\t<div class=\"elementor-spacer-inner\"><\/div>\n\t\t<\/div>\n\t\t\t\t<\/div>\n\t\t\t\t<\/div>\n\t\t\t\t\t\t<\/div>\n\t\t\t\t\t<\/div>\n\t\t<\/div>\n\t\t\t\t\t\t\t\t<\/div>\n\t\t\t\t\t<\/div>\n\t\t<\/section>\n\t\t\t\t<section class=\"elementor-section elementor-top-section elementor-element elementor-element-5c70b95 elementor-section-boxed elementor-section-height-default elementor-section-height-default\" data-id=\"5c70b95\" data-element_type=\"section\">\n\t\t\t\t\t\t<div class=\"elementor-container elementor-column-gap-default\">\n\t\t\t\t\t\t\t<div class=\"elementor-row\">\n\t\t\t\t\t<div class=\"elementor-column elementor-col-100 elementor-top-column elementor-element elementor-element-e0d56a1\" data-id=\"e0d56a1\" data-element_type=\"column\">\n\t\t\t<div class=\"elementor-column-wrap elementor-element-populated\">\n\t\t\t\t\t\t\t<div class=\"elementor-widget-wrap\">\n\t\t\t\t\t\t<div class=\"elementor-element elementor-element-5d35d5c elementor-widget elementor-widget-text-editor\" data-id=\"5d35d5c\" data-element_type=\"widget\" data-widget_type=\"text-editor.default\">\n\t\t\t\t<div class=\"elementor-widget-container\">\n\t\t\t\t\t\t\t\t<div class=\"elementor-text-editor elementor-clearfix\">\n\t\t\t\t<p><strong>DATOS ABIERTOS<\/strong><\/p><p>El portal de datos abiertos del Ayuntamiento de Anievas es un punto de acceso \u00fanico a una serie de datos elaborados por la propia entidad o recopilando datos de otras instituciones como el\u00a0<a href=\"https:\/\/www.ine.es\/\" target=\"_blank\" rel=\"noopener\">INE\u00a0<\/a>o el\u00a0<a href=\"https:\/\/www.icane.es\/\" target=\"_blank\" rel=\"noopener\">ICANE<\/a>. Los datos aqu\u00ed disponibles se pueden utilizar, reutilizar, enlazar y redistribuir gratuitamente y sin restricciones.\u00a0<\/p><p>Estamos abiertos a sus aportaciones o sugerencias.<\/p>\t\t\t\t\t<\/div>\n\t\t\t\t\t\t<\/div>\n\t\t\t\t<\/div>\n\t\t\t\t\t\t<\/div>\n\t\t\t\t\t<\/div>\n\t\t<\/div>\n\t\t\t\t\t\t\t\t<\/div>\n\t\t\t\t\t<\/div>\n\t\t<\/section>\n\t\t\t\t<section class=\"elementor-section elementor-top-section elementor-element elementor-element-b16fd5b elementor-section-boxed elementor-section-height-default elementor-section-height-default\" data-id=\"b16fd5b\" data-element_type=\"section\">\n\t\t\t\t\t\t<div class=\"elementor-container elementor-column-gap-default\">\n\t\t\t\t\t\t\t<div class=\"elementor-row\">\n\t\t\t\t\t<div class=\"elementor-column elementor-col-100 elementor-top-column elementor-element elementor-element-0049fd1\" data-id=\"0049fd1\" data-element_type=\"column\">\n\t\t\t<div class=\"elementor-column-wrap elementor-element-populated\">\n\t\t\t\t\t\t\t<div class=\"elementor-widget-wrap\">\n\t\t\t\t\t\t<div class=\"elementor-element elementor-element-49e3b5f elementor-widget elementor-widget-spacer\" data-id=\"49e3b5f\" data-element_type=\"widget\" data-widget_type=\"spacer.default\">\n\t\t\t\t<div class=\"elementor-widget-container\">\n\t\t\t\t\t<div class=\"elementor-spacer\">\n\t\t\t<div class=\"elementor-spacer-inner\"><\/div>\n\t\t<\/div>\n\t\t\t\t<\/div>\n\t\t\t\t<\/div>\n\t\t\t\t\t\t<\/div>\n\t\t\t\t\t<\/div>\n\t\t<\/div>\n\t\t\t\t\t\t\t\t<\/div>\n\t\t\t\t\t<\/div>\n\t\t<\/section>\n\t\t\t\t<section class=\"elementor-section elementor-top-section elementor-element elementor-element-8739875 elementor-section-boxed elementor-section-height-default elementor-section-height-default\" data-id=\"8739875\" data-element_type=\"section\">\n\t\t\t\t\t\t<div class=\"elementor-container elementor-column-gap-default\">\n\t\t\t\t\t\t\t<div class=\"elementor-row\">\n\t\t\t\t\t<div class=\"elementor-column elementor-col-100 elementor-top-column elementor-element elementor-element-17c345b\" data-id=\"17c345b\" data-element_type=\"column\">\n\t\t\t<div class=\"elementor-column-wrap elementor-element-populated\">\n\t\t\t\t\t\t\t<div class=\"elementor-widget-wrap\">\n\t\t\t\t\t\t<div class=\"elementor-element elementor-element-5ec8e59 elementor-widget elementor-widget-accordion\" data-id=\"5ec8e59\" data-element_type=\"widget\" data-widget_type=\"accordion.default\">\n\t\t\t\t<div class=\"elementor-widget-container\">\n\t\t\t\t\t<div class=\"elementor-accordion\" role=\"tablist\">\n\t\t\t\t\t\t\t<div class=\"elementor-accordion-item\">\n\t\t\t\t\t<div id=\"elementor-tab-title-9931\" class=\"elementor-tab-title\" data-tab=\"1\" role=\"tab\" aria-controls=\"elementor-tab-content-9931\" aria-expanded=\"false\">\n\t\t\t\t\t\t\t\t\t\t\t\t\t<span class=\"elementor-accordion-icon elementor-accordion-icon-left\" aria-hidden=\"true\">\n\t\t\t\t\t\t\t\t\t\t\t\t\t\t\t<span class=\"elementor-accordion-icon-closed\"><i class=\"fas fa-plus\"><\/i><\/span>\n\t\t\t\t\t\t\t\t<span class=\"elementor-accordion-icon-opened\"><i class=\"fas fa-minus\"><\/i><\/span>\n\t\t\t\t\t\t\t\t\t\t\t\t\t\t<\/span>\n\t\t\t\t\t\t\t\t\t\t\t\t<a class=\"elementor-accordion-title\" href=\"\">POBLACI\u00d3N<\/a>\n\t\t\t\t\t<\/div>\n\t\t\t\t\t<div id=\"elementor-tab-content-9931\" class=\"elementor-tab-content elementor-clearfix\" data-tab=\"1\" role=\"tabpanel\" aria-labelledby=\"elementor-tab-title-9931\"><p><b>Informaci\u00f3n sobre evoluci\u00f3n de la poblaci\u00f3n en el Ayuntamiento de Anievas.<\/b><\/p><p><a href=\"https:\/\/aytoanievas.org\/transparencia\/trans_files\/uploads\/poblacion_anievas.xlsx\" target=\"_blank\" rel=\"noopener\">Descarga en formato XLS<\/a>.<\/p><p>Fuente:\u00a0<a style=\"font-family: Roboto, sans-serif; font-size: 14px; font-weight: 400; background-color: #ffffff;\" href=\"https:\/\/www.icane.es\/munreport\/dashboard\/3\" target=\"_blank\" rel=\"noopener\">ICANE<\/a><\/p><\/div>\n\t\t\t\t<\/div>\n\t\t\t\t\t\t\t<div class=\"elementor-accordion-item\">\n\t\t\t\t\t<div id=\"elementor-tab-title-9932\" class=\"elementor-tab-title\" data-tab=\"2\" role=\"tab\" aria-controls=\"elementor-tab-content-9932\" aria-expanded=\"false\">\n\t\t\t\t\t\t\t\t\t\t\t\t\t<span class=\"elementor-accordion-icon elementor-accordion-icon-left\" aria-hidden=\"true\">\n\t\t\t\t\t\t\t\t\t\t\t\t\t\t\t<span class=\"elementor-accordion-icon-closed\"><i class=\"fas fa-plus\"><\/i><\/span>\n\t\t\t\t\t\t\t\t<span class=\"elementor-accordion-icon-opened\"><i class=\"fas fa-minus\"><\/i><\/span>\n\t\t\t\t\t\t\t\t\t\t\t\t\t\t<\/span>\n\t\t\t\t\t\t\t\t\t\t\t\t<a class=\"elementor-accordion-title\" href=\"\">EMPLEO<\/a>\n\t\t\t\t\t<\/div>\n\t\t\t\t\t<div id=\"elementor-tab-content-9932\" class=\"elementor-tab-content elementor-clearfix\" data-tab=\"2\" role=\"tabpanel\" aria-labelledby=\"elementor-tab-title-9932\"><p id=\"u43177-2\"><strong>Informaci\u00f3n sobre datos de paro y afiliaci\u00f3n en el t\u00e9rmino municipal.<\/strong><\/p><p><a href=\"https:\/\/aytoanievas.org\/transparencia\/trans_files\/uploads\/economia_anievas.xlsx\" target=\"_blank\" rel=\"noopener\">Descarga en formato XLS.<\/a><\/p><p>Fuente: <a href=\"https:\/\/www.icane.es\/munreport\/dashboard\/3\" target=\"_blank\" rel=\"noopener\">ICANE<\/a><\/p><\/div>\n\t\t\t\t<\/div>\n\t\t\t\t\t\t\t<div class=\"elementor-accordion-item\">\n\t\t\t\t\t<div id=\"elementor-tab-title-9933\" class=\"elementor-tab-title\" data-tab=\"3\" role=\"tab\" aria-controls=\"elementor-tab-content-9933\" aria-expanded=\"false\">\n\t\t\t\t\t\t\t\t\t\t\t\t\t<span class=\"elementor-accordion-icon elementor-accordion-icon-left\" aria-hidden=\"true\">\n\t\t\t\t\t\t\t\t\t\t\t\t\t\t\t<span class=\"elementor-accordion-icon-closed\"><i class=\"fas fa-plus\"><\/i><\/span>\n\t\t\t\t\t\t\t\t<span class=\"elementor-accordion-icon-opened\"><i class=\"fas fa-minus\"><\/i><\/span>\n\t\t\t\t\t\t\t\t\t\t\t\t\t\t<\/span>\n\t\t\t\t\t\t\t\t\t\t\t\t<a class=\"elementor-accordion-title\" href=\"\">SOCIEDAD<\/a>\n\t\t\t\t\t<\/div>\n\t\t\t\t\t<div id=\"elementor-tab-content-9933\" class=\"elementor-tab-content elementor-clearfix\" data-tab=\"3\" role=\"tabpanel\" aria-labelledby=\"elementor-tab-title-9933\"><p id=\"u43177-2\"><strong>Informaci\u00f3n sobre datos de Educaci\u00f3n, Sanidad, Prestaciones sociales, Instalaciones deportivas y datos electorales.<\/strong><\/p><p><a href=\"https:\/\/aytoanievas.org\/transparencia\/trans_files\/uploads\/sociedad_anievas.xlsx\" target=\"_blank\" rel=\"noopener\">Descarga en formato XLS.<\/a><\/p><p>Fuente:\u00a0<a href=\"https:\/\/www.icane.es\/munreport\/dashboard\/3\" target=\"_blank\" rel=\"noopener\">ICANE<\/a><\/p><\/div>\n\t\t\t\t<\/div>\n\t\t\t\t\t\t\t<div class=\"elementor-accordion-item\">\n\t\t\t\t\t<div id=\"elementor-tab-title-9934\" class=\"elementor-tab-title\" data-tab=\"4\" role=\"tab\" aria-controls=\"elementor-tab-content-9934\" aria-expanded=\"false\">\n\t\t\t\t\t\t\t\t\t\t\t\t\t<span class=\"elementor-accordion-icon elementor-accordion-icon-left\" aria-hidden=\"true\">\n\t\t\t\t\t\t\t\t\t\t\t\t\t\t\t<span class=\"elementor-accordion-icon-closed\"><i class=\"fas fa-plus\"><\/i><\/span>\n\t\t\t\t\t\t\t\t<span class=\"elementor-accordion-icon-opened\"><i class=\"fas fa-minus\"><\/i><\/span>\n\t\t\t\t\t\t\t\t\t\t\t\t\t\t<\/span>\n\t\t\t\t\t\t\t\t\t\t\t\t<a class=\"elementor-accordion-title\" href=\"\">TERRITORIO<\/a>\n\t\t\t\t\t<\/div>\n\t\t\t\t\t<div id=\"elementor-tab-content-9934\" class=\"elementor-tab-content elementor-clearfix\" data-tab=\"4\" role=\"tabpanel\" aria-labelledby=\"elementor-tab-title-9934\"><p id=\"u43177-2\"><strong>Informaci\u00f3n sobre datos de territorio y datos catastrales.<\/strong><\/p><p><a href=\"https:\/\/aytoanievas.org\/transparencia\/trans_files\/uploads\/territorio_anievas.xlsx\" target=\"_blank\" rel=\"noopener\">Descarga en formato XLS.<\/a><\/p><p>Fuente:\u00a0<a href=\"https:\/\/www.icane.es\/munreport\/dashboard\/3\" target=\"_blank\" rel=\"noopener\">ICANE<\/a><\/p><\/div>\n\t\t\t\t<\/div>\n\t\t\t\t\t\t\t\t<\/div>\n\t\t\t\t<\/div>\n\t\t\t\t<\/div>\n\t\t\t\t\t\t<\/div>\n\t\t\t\t\t<\/div>\n\t\t<\/div>\n\t\t\t\t\t\t\t\t<\/div>\n\t\t\t\t\t<\/div>\n\t\t<\/section>\n\t\t\t\t\t\t\t\t\t<\/div>\n\t\t\t<\/div>\n\t\t\t\t\t<\/div>\n\t\t","protected":false},"excerpt":{"rendered":"<p>DATOS ABIERTOS DEL AYUNTAMIENTO DE ANIEVAS DATOS ABIERTOS El portal de datos abiertos del Ayuntamiento de Anievas es un punto de acceso \u00fanico a una serie de datos elaborados por la propia entidad o recopilando datos de otras instituciones como el\u00a0INE\u00a0o el\u00a0ICANE. Los datos aqu\u00ed disponibles se pueden utilizar, reutilizar, enlazar y redistribuir gratuitamente y [&hellip;]<\/p>\n","protected":false},"author":1,"featured_media":0,"parent":0,"menu_order":0,"comment_status":"closed","ping_status":"closed","template":"","meta":[],"_links":{"self":[{"href":"https:\/\/aytoanievas.org\/transparencia\/wp-json\/wp\/v2\/pages\/2021"}],"collection":[{"href":"https:\/\/aytoanievas.org\/transparencia\/wp-json\/wp\/v2\/pages"}],"about":[{"href":"https:\/\/aytoanievas.org\/transparencia\/wp-json\/wp\/v2\/types\/page"}],"author":[{"embeddable":true,"href":"https:\/\/aytoanievas.org\/transparencia\/wp-json\/wp\/v2\/users\/1"}],"replies":[{"embeddable":true,"href":"https:\/\/aytoanievas.org\/transparencia\/wp-json\/wp\/v2\/comments?post=2021"}],"version-history":[{"count":22,"href":"https:\/\/aytoanievas.org\/transparencia\/wp-json\/wp\/v2\/pages\/2021\/revisions"}],"predecessor-version":[{"id":2312,"href":"https:\/\/aytoanievas.org\/transparencia\/wp-json\/wp\/v2\/pages\/2021\/revisions\/2312"}],"wp:attachment":[{"href":"https:\/\/aytoanievas.org\/transparencia\/wp-json\/wp\/v2\/media?parent=2021"}],"curies":[{"name":"wp","href":"https:\/\/api.w.org\/{rel}","templated":true}]}}