{"id":1890,"date":"2020-05-10T10:48:37","date_gmt":"2020-05-10T10:48:37","guid":{"rendered":"https:\/\/aytoanievas.org\/transparencia\/?page_id=1890"},"modified":"2020-06-07T16:39:00","modified_gmt":"2020-06-07T16:39:00","slug":"jgl","status":"publish","type":"page","link":"https:\/\/aytoanievas.org\/transparencia\/jgl\/","title":{"rendered":"Junta de Gobierno Local"},"content":{"rendered":"\t\t<div data-elementor-type=\"wp-page\" data-elementor-id=\"1890\" class=\"elementor elementor-1890\">\n\t\t\t\t\t\t<div class=\"elementor-inner\">\n\t\t\t\t<div class=\"elementor-section-wrap\">\n\t\t\t\t\t\t\t\t\t<section class=\"elementor-section elementor-top-section elementor-element elementor-element-1d4168f elementor-section-boxed elementor-section-height-default elementor-section-height-default\" data-id=\"1d4168f\" data-element_type=\"section\">\n\t\t\t\t\t\t<div class=\"elementor-container elementor-column-gap-default\">\n\t\t\t\t\t\t\t<div class=\"elementor-row\">\n\t\t\t\t\t<div class=\"elementor-column elementor-col-100 elementor-top-column elementor-element elementor-element-80faee0\" data-id=\"80faee0\" data-element_type=\"column\">\n\t\t\t<div class=\"elementor-column-wrap elementor-element-populated\">\n\t\t\t\t\t\t\t<div class=\"elementor-widget-wrap\">\n\t\t\t\t\t\t<div class=\"elementor-element elementor-element-b24b6c5 elementor-invisible elementor-widget elementor-widget-image\" data-id=\"b24b6c5\" data-element_type=\"widget\" data-settings=\"{&quot;_animation&quot;:&quot;zoomIn&quot;}\" data-widget_type=\"image.default\">\n\t\t\t\t<div class=\"elementor-widget-container\">\n\t\t\t\t\t\t\t\t<div class=\"elementor-image\">\n\t\t\t\t\t\t\t\t\t\t\t\t\t<a href=\"https:\/\/aytoanievas.org\/transparencia\/trans_files\/uploads\/salon_plenos-scaled.jpg\" data-elementor-open-lightbox=\"yes\" e-action-hash=\"#elementor-action%3Aaction%3Dlightbox%26settings%3DeyJpZCI6NjU5LCJ1cmwiOmZhbHNlfQ%3D%3D\">\n\t\t\t\t\t\t\t<img src=\"https:\/\/aytoanievas.org\/transparencia\/trans_files\/uploads\/salon_plenos-scaled.jpg\" title=\"\" alt=\"\" \/>\t\t\t\t\t\t\t\t<\/a>\n\t\t\t\t\t\t\t\t\t\t\t\t\t\t<\/div>\n\t\t\t\t\t\t<\/div>\n\t\t\t\t<\/div>\n\t\t\t\t\t\t<\/div>\n\t\t\t\t\t<\/div>\n\t\t<\/div>\n\t\t\t\t\t\t\t\t<\/div>\n\t\t\t\t\t<\/div>\n\t\t<\/section>\n\t\t\t\t<section class=\"elementor-section elementor-top-section elementor-element elementor-element-e556fe8 elementor-section-boxed elementor-section-height-default elementor-section-height-default\" data-id=\"e556fe8\" data-element_type=\"section\">\n\t\t\t\t\t\t<div class=\"elementor-container elementor-column-gap-default\">\n\t\t\t\t\t\t\t<div class=\"elementor-row\">\n\t\t\t\t\t<div class=\"elementor-column elementor-col-100 elementor-top-column elementor-element elementor-element-3f64326\" data-id=\"3f64326\" data-element_type=\"column\">\n\t\t\t<div class=\"elementor-column-wrap elementor-element-populated\">\n\t\t\t\t\t\t\t<div class=\"elementor-widget-wrap\">\n\t\t\t\t\t\t<div class=\"elementor-element elementor-element-79b4334 elementor-widget elementor-widget-spacer\" data-id=\"79b4334\" data-element_type=\"widget\" data-widget_type=\"spacer.default\">\n\t\t\t\t<div class=\"elementor-widget-container\">\n\t\t\t\t\t<div class=\"elementor-spacer\">\n\t\t\t<div class=\"elementor-spacer-inner\"><\/div>\n\t\t<\/div>\n\t\t\t\t<\/div>\n\t\t\t\t<\/div>\n\t\t\t\t\t\t<\/div>\n\t\t\t\t\t<\/div>\n\t\t<\/div>\n\t\t\t\t\t\t\t\t<\/div>\n\t\t\t\t\t<\/div>\n\t\t<\/section>\n\t\t\t\t<section class=\"elementor-section elementor-top-section elementor-element elementor-element-1fd55c5 elementor-section-boxed elementor-section-height-default elementor-section-height-default\" data-id=\"1fd55c5\" data-element_type=\"section\">\n\t\t\t\t\t\t<div class=\"elementor-container elementor-column-gap-default\">\n\t\t\t\t\t\t\t<div class=\"elementor-row\">\n\t\t\t\t\t<div class=\"elementor-column elementor-col-100 elementor-top-column elementor-element elementor-element-d76c9f7\" data-id=\"d76c9f7\" data-element_type=\"column\">\n\t\t\t<div class=\"elementor-column-wrap elementor-element-populated\">\n\t\t\t\t\t\t\t<div class=\"elementor-widget-wrap\">\n\t\t\t\t\t\t<div class=\"elementor-element elementor-element-9cba695 elementor-widget elementor-widget-text-editor\" data-id=\"9cba695\" data-element_type=\"widget\" data-widget_type=\"text-editor.default\">\n\t\t\t\t<div class=\"elementor-widget-container\">\n\t\t\t\t\t\t\t\t<div class=\"elementor-text-editor elementor-clearfix\">\n\t\t\t\t<p><strong>JUNTA DE GOBIERNO LOCAL<\/strong><\/p><p>La Junta de Gobierno Local es un \u00f3rgano colegiado de car\u00e1cter municipal que dirige la administraci\u00f3n del Ayuntamiento bajo la presidencia del alcalde. La Junta de Gobierno Local est\u00e1 compuesta por el alcalde y los concejales designados y cesados libremente por el alcalde.<\/p><p>Su funci\u00f3n es la asistencia al m\u00e1ximo representante del Ayuntamiento en el ejercicio de sus funciones y ejercer las competencias que le sean delegadas por el alcalde o el Pleno, o aquellas que le atribuya espec\u00edficamente la Ley. Esta Junta de Gobierno Local act\u00faa para conseguir una mayor agilidad en la actuaci\u00f3n tanto del Pleno como del alcalde.<\/p><p class=\"a\">El Ayuntamiento de Anievas no ha previsto la existencia de este\u00a0 \u00d3rgano, al ser el mismo potestativo seg\u00fan dispone el Art\u00edculo 20 de la Ley 7\/1985, de 02 de abril, Reguladora de las Bases de R\u00e9gimen Local, conforme al cual:<\/p><p><b>1.\u00a0<\/b>La organizaci\u00f3n municipal responde a las siguientes reglas:<\/p><ul><li>El Alcalde, los Tenientes de Alcalde y el Pleno existen en todos los ayuntamientos.<\/li><li>La Junta de Gobierno Local existe en todos los municipios con poblaci\u00f3n superior a 5.000 habitantes y en los de menos, cuando as\u00ed lo disponga su reglamento org\u00e1nico o as\u00ed lo acuerde el Pleno de su ayuntamiento.<\/li><\/ul>\t\t\t\t\t<\/div>\n\t\t\t\t\t\t<\/div>\n\t\t\t\t<\/div>\n\t\t\t\t\t\t<\/div>\n\t\t\t\t\t<\/div>\n\t\t<\/div>\n\t\t\t\t\t\t\t\t<\/div>\n\t\t\t\t\t<\/div>\n\t\t<\/section>\n\t\t\t\t<section class=\"elementor-section elementor-top-section elementor-element elementor-element-6eed119 elementor-section-boxed elementor-section-height-default elementor-section-height-default\" data-id=\"6eed119\" data-element_type=\"section\">\n\t\t\t\t\t\t<div class=\"elementor-container elementor-column-gap-default\">\n\t\t\t\t\t\t\t<div class=\"elementor-row\">\n\t\t\t\t\t<div class=\"elementor-column elementor-col-100 elementor-top-column elementor-element elementor-element-81a350e\" data-id=\"81a350e\" data-element_type=\"column\">\n\t\t\t<div class=\"elementor-column-wrap elementor-element-populated\">\n\t\t\t\t\t\t\t<div class=\"elementor-widget-wrap\">\n\t\t\t\t\t\t<div class=\"elementor-element elementor-element-e4d3101 elementor-widget elementor-widget-spacer\" data-id=\"e4d3101\" data-element_type=\"widget\" data-widget_type=\"spacer.default\">\n\t\t\t\t<div class=\"elementor-widget-container\">\n\t\t\t\t\t<div class=\"elementor-spacer\">\n\t\t\t<div class=\"elementor-spacer-inner\"><\/div>\n\t\t<\/div>\n\t\t\t\t<\/div>\n\t\t\t\t<\/div>\n\t\t\t\t\t\t<\/div>\n\t\t\t\t\t<\/div>\n\t\t<\/div>\n\t\t\t\t\t\t\t\t<\/div>\n\t\t\t\t\t<\/div>\n\t\t<\/section>\n\t\t\t\t\t\t\t\t\t<\/div>\n\t\t\t<\/div>\n\t\t\t\t\t<\/div>\n\t\t","protected":false},"excerpt":{"rendered":"<p>JUNTA DE GOBIERNO LOCAL La Junta de Gobierno Local es un \u00f3rgano colegiado de car\u00e1cter municipal que dirige la administraci\u00f3n del Ayuntamiento bajo la presidencia del alcalde. La Junta de Gobierno Local est\u00e1 compuesta por el alcalde y los concejales designados y cesados libremente por el alcalde. Su funci\u00f3n es la asistencia al m\u00e1ximo representante [&hellip;]<\/p>\n","protected":false},"author":1,"featured_media":0,"parent":0,"menu_order":0,"comment_status":"closed","ping_status":"closed","template":"","meta":[],"_links":{"self":[{"href":"https:\/\/aytoanievas.org\/transparencia\/wp-json\/wp\/v2\/pages\/1890"}],"collection":[{"href":"https:\/\/aytoanievas.org\/transparencia\/wp-json\/wp\/v2\/pages"}],"about":[{"href":"https:\/\/aytoanievas.org\/transparencia\/wp-json\/wp\/v2\/types\/page"}],"author":[{"embeddable":true,"href":"https:\/\/aytoanievas.org\/transparencia\/wp-json\/wp\/v2\/users\/1"}],"replies":[{"embeddable":true,"href":"https:\/\/aytoanievas.org\/transparencia\/wp-json\/wp\/v2\/comments?post=1890"}],"version-history":[{"count":10,"href":"https:\/\/aytoanievas.org\/transparencia\/wp-json\/wp\/v2\/pages\/1890\/revisions"}],"predecessor-version":[{"id":2427,"href":"https:\/\/aytoanievas.org\/transparencia\/wp-json\/wp\/v2\/pages\/1890\/revisions\/2427"}],"wp:attachment":[{"href":"https:\/\/aytoanievas.org\/transparencia\/wp-json\/wp\/v2\/media?parent=1890"}],"curies":[{"name":"wp","href":"https:\/\/api.w.org\/{rel}","templated":true}]}}