{"id":1846,"date":"2020-05-08T10:14:08","date_gmt":"2020-05-08T10:14:08","guid":{"rendered":"https:\/\/aytoanievas.org\/transparencia\/?page_id=1846"},"modified":"2022-06-09T09:24:30","modified_gmt":"2022-06-09T09:24:30","slug":"noticias","status":"publish","type":"page","link":"https:\/\/aytoanievas.org\/transparencia\/noticias\/","title":{"rendered":"Noticias Anteriores"},"content":{"rendered":"\t\t<div data-elementor-type=\"wp-page\" data-elementor-id=\"1846\" class=\"elementor elementor-1846\">\n\t\t\t\t\t\t<div class=\"elementor-inner\">\n\t\t\t\t<div class=\"elementor-section-wrap\">\n\t\t\t\t\t\t\t\t\t<section class=\"elementor-section elementor-top-section elementor-element elementor-element-c0e5b25 elementor-section-stretched elementor-section-full_width elementor-section-height-default elementor-section-height-default\" data-id=\"c0e5b25\" data-element_type=\"section\" data-settings=\"{&quot;stretch_section&quot;:&quot;section-stretched&quot;,&quot;background_background&quot;:&quot;classic&quot;}\">\n\t\t\t\t\t\t<div class=\"elementor-container elementor-column-gap-default\">\n\t\t\t\t\t\t\t<div class=\"elementor-row\">\n\t\t\t\t\t<div class=\"elementor-column elementor-col-100 elementor-top-column elementor-element elementor-element-8afdaf8\" data-id=\"8afdaf8\" data-element_type=\"column\">\n\t\t\t<div class=\"elementor-column-wrap elementor-element-populated\">\n\t\t\t\t\t\t\t<div class=\"elementor-widget-wrap\">\n\t\t\t\t\t\t<div class=\"elementor-element elementor-element-02e51a9 elementor-widget elementor-widget-heading\" data-id=\"02e51a9\" data-element_type=\"widget\" data-widget_type=\"heading.default\">\n\t\t\t\t<div class=\"elementor-widget-container\">\n\t\t\t<h2 class=\"elementor-heading-title elementor-size-default\">NOTICIAS PUBLICADAS EN EL PORTAL DE TRANSPARENCIA<\/h2>\t\t<\/div>\n\t\t\t\t<\/div>\n\t\t\t\t\t\t<\/div>\n\t\t\t\t\t<\/div>\n\t\t<\/div>\n\t\t\t\t\t\t\t\t<\/div>\n\t\t\t\t\t<\/div>\n\t\t<\/section>\n\t\t\t\t<section class=\"elementor-section elementor-top-section elementor-element elementor-element-cb6bee8 elementor-section-boxed elementor-section-height-default elementor-section-height-default\" data-id=\"cb6bee8\" data-element_type=\"section\">\n\t\t\t\t\t\t<div class=\"elementor-container elementor-column-gap-default\">\n\t\t\t\t\t\t\t<div class=\"elementor-row\">\n\t\t\t\t\t<div class=\"elementor-column elementor-col-100 elementor-top-column elementor-element elementor-element-fa54e86\" data-id=\"fa54e86\" data-element_type=\"column\">\n\t\t\t<div class=\"elementor-column-wrap elementor-element-populated\">\n\t\t\t\t\t\t\t<div class=\"elementor-widget-wrap\">\n\t\t\t\t\t\t<div class=\"elementor-element elementor-element-12ccf44 elementor-widget elementor-widget-spacer\" data-id=\"12ccf44\" data-element_type=\"widget\" data-widget_type=\"spacer.default\">\n\t\t\t\t<div class=\"elementor-widget-container\">\n\t\t\t\t\t<div class=\"elementor-spacer\">\n\t\t\t<div class=\"elementor-spacer-inner\"><\/div>\n\t\t<\/div>\n\t\t\t\t<\/div>\n\t\t\t\t<\/div>\n\t\t\t\t\t\t<\/div>\n\t\t\t\t\t<\/div>\n\t\t<\/div>\n\t\t\t\t\t\t\t\t<\/div>\n\t\t\t\t\t<\/div>\n\t\t<\/section>\n\t\t\t\t<section class=\"elementor-section elementor-top-section elementor-element elementor-element-7cd14bb elementor-section-boxed elementor-section-height-default elementor-section-height-default\" data-id=\"7cd14bb\" data-element_type=\"section\">\n\t\t\t\t\t\t<div class=\"elementor-container elementor-column-gap-default\">\n\t\t\t\t\t\t\t<div class=\"elementor-row\">\n\t\t\t\t\t<div class=\"elementor-column elementor-col-100 elementor-top-column elementor-element elementor-element-9a2490a\" data-id=\"9a2490a\" data-element_type=\"column\">\n\t\t\t<div class=\"elementor-column-wrap elementor-element-populated\">\n\t\t\t\t\t\t\t<div class=\"elementor-widget-wrap\">\n\t\t\t\t\t\t<div class=\"elementor-element elementor-element-a0bc128 elementor-widget elementor-widget-accordion\" data-id=\"a0bc128\" data-element_type=\"widget\" data-widget_type=\"accordion.default\">\n\t\t\t\t<div class=\"elementor-widget-container\">\n\t\t\t\t\t<div class=\"elementor-accordion\" role=\"tablist\">\n\t\t\t\t\t\t\t<div class=\"elementor-accordion-item\">\n\t\t\t\t\t<div id=\"elementor-tab-title-1681\" class=\"elementor-tab-title\" data-tab=\"1\" role=\"tab\" aria-controls=\"elementor-tab-content-1681\" aria-expanded=\"false\">\n\t\t\t\t\t\t\t\t\t\t\t\t\t<span class=\"elementor-accordion-icon elementor-accordion-icon-left\" aria-hidden=\"true\">\n\t\t\t\t\t\t\t\t\t\t\t\t\t\t\t<span class=\"elementor-accordion-icon-closed\"><i class=\"fas fa-plus\"><\/i><\/span>\n\t\t\t\t\t\t\t\t<span class=\"elementor-accordion-icon-opened\"><i class=\"fas fa-minus\"><\/i><\/span>\n\t\t\t\t\t\t\t\t\t\t\t\t\t\t<\/span>\n\t\t\t\t\t\t\t\t\t\t\t\t<a class=\"elementor-accordion-title\" href=\"\">2022<\/a>\n\t\t\t\t\t<\/div>\n\t\t\t\t\t<div id=\"elementor-tab-content-1681\" class=\"elementor-tab-content elementor-clearfix\" data-tab=\"1\" role=\"tabpanel\" aria-labelledby=\"elementor-tab-title-1681\"><p>09\/06\/2022. <a href=\"https:\/\/aytoanievas.org\/transparencia\/trans_files\/uploads\/Borrador_del_Acta_del_Pleno_de_08062022_-_SEFYCU_3802963.pdf\" target=\"_blank\" rel=\"noopener\">Acta de la Sesi\u00f3n Ordinaria del Pleno de la Corporaci\u00f3n de fecha 08 de junio de 2022.<\/a><\/p><p>25\/03\/2022. <a href=\"https:\/\/aytoanievas.org\/transparencia\/trans_files\/uploads\/DOC_CAN_ADJ2022-584599.pdf\" target=\"_blank\" rel=\"noopener\">Adjudicaci\u00f3n del expediente de mejora de pavimentaci\u00f3n de viales municipales y n\u00facleos urbanos del Ayuntamiento de Anievas.<\/a><\/p><p>25\/03\/2022. <a href=\"https:\/\/aytoanievas.org\/transparencia\/trans_files\/uploads\/02-Acta-del-Pleno-Sesion-Ordinaria-24-03-2022.pdf\" target=\"_blank\" rel=\"noopener\">Acta de la Sesi\u00f3n Ordinaria del Pleno de la Corporaci\u00f3n de fecha 24 de marzo de 2022.<\/a><\/p><p>09\/03\/2022. <a href=\"https:\/\/aytoanievas.org\/transparencia\/trans_files\/uploads\/Acta_apertura_ofertas_expediente_962860F_-_SEFYCU_3575719.pdf\" target=\"_blank\" rel=\"noopener\">Acta de la mesa de contrataci\u00f3n del expediente de mejora de pavimentaci\u00f3n de viales municipales y n\u00facleos urbanos.<\/a><\/p><p>10\/02\/2022. <a href=\"https:\/\/aytoanievas.org\/transparencia\/962860f\/\">Licitaci\u00f3n del expediente de mejora de pavimentaci\u00f3n de viales municipales y n\u00facleos urbanos del Ayuntamiento de Anievas.<\/a><\/p><p>10\/02\/2022. <a href=\"https:\/\/aytoanievas.org\/transparencia\/trans_files\/uploads\/Borrador_del_Acta_del_Pleno_de_la_Corporacion_de_fecha_10022022_-_SEFYCU_3498977.pdf\" target=\"_blank\" rel=\"noopener\">Acta de la Sesi\u00f3n Extraordinaria del Pleno de la Corporaci\u00f3n de fecha 10\/02\/2022.<\/a><\/p><\/div>\n\t\t\t\t<\/div>\n\t\t\t\t\t\t\t<div class=\"elementor-accordion-item\">\n\t\t\t\t\t<div id=\"elementor-tab-title-1682\" class=\"elementor-tab-title\" data-tab=\"2\" role=\"tab\" aria-controls=\"elementor-tab-content-1682\" aria-expanded=\"false\">\n\t\t\t\t\t\t\t\t\t\t\t\t\t<span class=\"elementor-accordion-icon elementor-accordion-icon-left\" aria-hidden=\"true\">\n\t\t\t\t\t\t\t\t\t\t\t\t\t\t\t<span class=\"elementor-accordion-icon-closed\"><i class=\"fas fa-plus\"><\/i><\/span>\n\t\t\t\t\t\t\t\t<span class=\"elementor-accordion-icon-opened\"><i class=\"fas fa-minus\"><\/i><\/span>\n\t\t\t\t\t\t\t\t\t\t\t\t\t\t<\/span>\n\t\t\t\t\t\t\t\t\t\t\t\t<a class=\"elementor-accordion-title\" href=\"\">2021<\/a>\n\t\t\t\t\t<\/div>\n\t\t\t\t\t<div id=\"elementor-tab-content-1682\" class=\"elementor-tab-content elementor-clearfix\" data-tab=\"2\" role=\"tabpanel\" aria-labelledby=\"elementor-tab-title-1682\"><p>29\/12\/2021. <a href=\"https:\/\/boc.cantabria.es\/boces\/verAnuncioAction.do?idAnuBlob=368026\" target=\"_blank\" rel=\"noopener\">Aprobaci\u00f3n inicial del Presupuesto municipal del Ayuntamiento de Anievas para el ejercicio 2022.<\/a><\/p><p>29\/12\/2021. <a href=\"https:\/\/boc.cantabria.es\/boces\/verAnuncioAction.do?idAnuBlob=368025\" target=\"_blank\" rel=\"noopener\">Aprobaci\u00f3n definitiva de la ORDENANZA FISCAL REGULADORA DE LA TASA POR UTILIZACI\u00d3N PRIVATIVA O APROVECHAMIENTO ESPECIAL DEL DOMINIO P\u00daBLICO LOCAL DE LAS INSTALACIONES DE TRANSPORTE DE ENERG\u00cdA ELECTRICA, GAS, AGUA E HIDROCARBUROS.<\/a><\/p><p>22\/12\/2021. <a href=\"https:\/\/aytoanievas.org\/transparencia\/trans_files\/uploads\/Borrador-Acta-del-Pleno-Sesion-Ordinaria-21-12-2021.pdf\" target=\"_blank\" rel=\"noopener\">Acta de la Sesi\u00f3n Ordinaria del Pleno del Ayuntamiento de fecha 21\/12\/2021.<\/a><\/p><p>20\/10\/2021. <a href=\"https:\/\/aytoanievas.org\/transparencia\/trans_files\/uploads\/08-Acta-del-Pleno-Sesion-Extraordinaria-20-10-2021.pdf\" target=\"_blank\" rel=\"noopener\">Acta de la Sesi\u00f3n Extraordinaria del Pleno del Ayuntamiento de fecha 20\/10\/2021.<\/a><\/p><p>14\/10\/2021. <a href=\"https:\/\/aytoanievas.org\/transparencia\/trans_files\/uploads\/Resolucion_N_118_de_14102021_Resolucion_Convocatoria_Pleno_Extraordinario_20102021_-_SEGRA_518245.pdf\" target=\"_blank\" rel=\"noopener\">Convocado Pleno del Ayuntamiento en Sesi\u00f3n Extraordinaria prevista para el 20\/10\/2021.<\/a><\/p><p>14\/10\/2021. <a href=\"https:\/\/aytoanievas.org\/transparencia\/trans_files\/uploads\/Certificado-No-Alegaciones.pdf\" target=\"_blank\" rel=\"noopener\">Resultado de la consulta p\u00fablica de la ordenanza reguladora de la TASA POR UTILIZACI\u00d3N PRIVATIVA O APROVECHAMIENTO ESPECIAL DEL DOMINIO P\u00daBLICO LOCAL DE LAS INSTALACIONES DE TRANSPORTE DE ENERG\u00cdA ELECTRICA, GAS, AGUA E HIDROCARBUROS.<\/a><\/p><p>07\/10\/2021. <a href=\"https:\/\/aytoanievas.org\/transparencia\/trans_files\/uploads\/Cuenta_General_del_Ejercicio_2020_-_SEFYCU_2823873.pdf\" target=\"_blank\" rel=\"noopener\">Rendici\u00f3n de la Cuenta general del ejercicio econ\u00f3mico 2020.<\/a><\/p><p>13\/09\/2021.\u00a0<a href=\"https:\/\/aytoanievas.org\/transparencia\/trans_files\/uploads\/Consulta_Previa_Tramitacion_Ordenanza_Fiscal_Instalaciones_Electricidad_-_SEFYCU_3074725.pdf\" target=\"_blank\" rel=\"noopener\">Consulta previa de la ORDENANZA FISCAL REGULADORA DE LA TASA POR UTILIZACI\u00d3N PRIVATIVA O APROVECHAMIENTO ESPECIAL DEL DOMINIO P\u00daBLICO LOCAL DE LAS INSTALACIONES DE TRANSPORTE DE ENERG\u00cdA ELECTRICA, GAS, AGUA E HIDROCARBUROS.<\/a><\/p><p>08\/09\/2021. <a href=\"https:\/\/aytoanievas.org\/transparencia\/trans_files\/uploads\/Resolucion_N_100_de_08092021_Adjudicacion_Contrato_Servicio_Recaudacion_848664A_-_SEGRA_505213.pdf\" target=\"_blank\" rel=\"noopener\">Acuerdo de adjudicaci\u00f3n del contrato de servicios de recaudaci\u00f3n del Ayuntamiento de Anievas, Expediente 848664A.<\/a><\/p><p>08\/09\/2021. <a href=\"https:\/\/aytoanievas.org\/transparencia\/trans_files\/uploads\/Borrador_del_Acta_del_Pleno_de_la_Corporacion_de_fecha_2092021_-_SEFYCU_3063849.pdf\" target=\"_blank\" rel=\"noopener\">Acta de la Sesi\u00f3n Ordinaria del Pleno del Ayuntamiento de fecha 02 de septiembre de 2021.<\/a><\/p><p>25\/08\/2021. <a href=\"https:\/\/aytoanievas.org\/transparencia\/trans_files\/uploads\/Resolucion_N_91_de_25082021_Convocatoria_Sesion_Plenaria_prevista_para_el_02092021_-_SEGRA_500830.pdf\" target=\"_blank\" rel=\"noopener\">Convocado Pleno del Ayuntamiento en Sesi\u00f3n Ordinaria prevista para el 02\/09\/2021.<\/a><\/p><p>25\/08\/2021. <a href=\"https:\/\/aytoanievas.org\/transparencia\/trans_files\/uploads\/Acta_apertura_ofertas_expediente_848664A_-_SEFYCU_3032412.pdf\" target=\"_blank\" rel=\"noopener\">Acta de apertura de ofertas del expediente de licitaci\u00f3n 848664A.<\/a><\/p><p>10\/06\/2021. <a href=\"https:\/\/aytoanievas.org\/transparencia\/trans_files\/uploads\/DOC_FORM2021-949336.pdf\" target=\"_blank\" rel=\"noopener\">Anuncio de formalizaci\u00f3n del contrato administrativo de obras, expediente 770688A.<\/a><\/p><p>09\/06\/202. <a href=\"https:\/\/aytoanievas.org\/transparencia\/trans_files\/uploads\/Borrador_del_Acta_del_Pleno_de_la_Corporacion_de_fecha_08062021_-_SEFYCU_2854574.pdf\" target=\"_blank\" rel=\"noopener\">Acta de la Sesi\u00f3n Ordinaria del Pleno del Ayuntamiento de fecha 08\/06\/2021.<\/a><\/p><p>09\/06\/2021. <a href=\"https:\/\/aytoanievas.org\/transparencia\/trans_files\/uploads\/Certificado_Pleno_08062021_770688A_SEFYCU_2852369.pdf\" target=\"_blank\" rel=\"noopener\">Acuerdo del Pleno adoptado en sesi\u00f3n de fecha 08\/06\/2021 por la que se adjudica el expediente de licitaci\u00f3n 770688A.<\/a><\/p><p>02\/06\/2021. <a href=\"https:\/\/aytoanievas.org\/transparencia\/trans_files\/uploads\/53-Resolucion_Convocatoria_Pleno_Ordinario_08062021_-_SEGRA_474984.pdf\" target=\"_blank\" rel=\"noopener\">Convocado Pleno del Ayuntamiento en Sesi\u00f3n Ordinaria prevista para el 08\/06\/2021.<\/a><\/p><p>26\/05\/2021. <a href=\"https:\/\/aytoanievas.org\/transparencia\/trans_files\/uploads\/Acta_Mesa_de_Contratacion_de_26052021_-_Expediente_770688A_-_SEFYCU_2824980.pdf\" target=\"_blank\" rel=\"noopener\">Acta de la mesa de contrataci\u00f3n del expediente de licitaci\u00f3n 770688A de fecha 26\/05\/2021.<\/a><\/p><p>25\/05\/2021. <a href=\"https:\/\/aytoanievas.org\/transparencia\/trans_files\/uploads\/Borrador_del_Acta_del_Pleno_de_la_Corporacion_de_fecha_25052021_-_SEFYCU_2823377.pdf\" target=\"_blank\" rel=\"noopener\">Acta de la Sesi\u00f3n Extraordinaria del Pleno del Ayuntamiento de fecha 25\/05\/2021.<\/a><\/p><p>12\/05\/2021. <a href=\"https:\/\/aytoanievas.org\/transparencia\/trans_files\/uploads\/Acta_de_apertura_de_ofertas_del_expediente_770688A_-_SEFYCU_2790869.pdf\" target=\"_blank\" rel=\"noopener\">Acta de la mesa de contrataci\u00f3n del expediente de licitaci\u00f3n 770688A de fecha 12\/05\/2021.<\/a><\/p><p>15\/04\/2021. <a href=\"https:\/\/aytoanievas.org\/transparencia\/trans_files\/uploads\/04-Acta-del-Pleno-Sesion-Extraordinaria-15-04-2021.pdf\" target=\"_blank\" rel=\"noopener\">Acta de la Sesi\u00f3n Extraordinaria del Pleno del Ayuntamiento de fecha 15\/04\/2021.<\/a><\/p><p>07\/04\/2021. <a href=\"https:\/\/aytoanievas.org\/transparencia\/trans_files\/uploads\/32-Resolucion_Convocatoria_Pleno_Extraordinario_15042021_-_SEGRA_455820-1.pdf\" target=\"_blank\" rel=\"noopener\">Convocado Pleno del Ayuntamiento en Sesi\u00f3n Extraordinaria prevista para el 15\/04\/2021.<\/a><\/p><p>25\/03\/2021. <a href=\"https:\/\/aytoanievas.org\/transparencia\/trans_files\/uploads\/Borrador_del_Acta_del_Pleno_de_la_Corporacion_de_fecha_25032021_-_SEFYCU_2672015.pdf\" target=\"_blank\" rel=\"noopener\">Acta de la Sesi\u00f3n Ordinaria del Pleno del Ayuntamiento de fecha 25 de marzo de 2021.<\/a><\/p><p>17\/03\/2021. <a href=\"https:\/\/aytoanievas.org\/transparencia\/trans_files\/uploads\/Resolucion_N_25_de_17032021_Convocatoria_Sesion_Plenaria_prevista_para_el_25032021_-_SEGRA_449722.pdf\" target=\"_blank\" rel=\"noopener\">Convocado Pleno del Ayuntamiento en Sesi\u00f3n Ordinaria prevista para el 25\/03\/2021.<\/a><\/p><p>25\/02\/2021.\u00a0<a href=\"https:\/\/aytoanievas.org\/transparencia\/trans_files\/uploads\/Contrato-SAD-690762R.pdf\" target=\"_blank\" rel=\"noopener\">Formalizaci\u00f3n del Servicio de Ayuda a Domicilio del Ayuntamiento de Anievas. Expediente 690762R.<\/a><\/p><p>23\/02\/2021.\u00a0<a href=\"https:\/\/aytoanievas.org\/transparencia\/trans_files\/uploads\/Certificado_Acuerdo_Pleno_23022021_-_Adjudicacion_SAD_690762R_-_SEFYCU_2593642.pdf\" target=\"_blank\" rel=\"noopener\">Adjudicaci\u00f3n del Servicio de Ayuda a Domicilio del Ayuntamiento de Anievas. Expediente 690762R.<\/a><\/p><p>23\/02\/2021.\u00a0<a href=\"https:\/\/aytoanievas.org\/transparencia\/trans_files\/uploads\/Borrador_del_Acta_del_Pleno_de_la_Corporacion_de_fecha_23022021_-_SEFYCU_2593633.pdf\" target=\"_blank\" rel=\"noopener\">Acta de la Sesi\u00f3n Extraordinaria del Pleno del Ayuntamiento de fecha 23 de febrero de 2021.<\/a><\/p><p>19\/01\/2021.\u00a0<a href=\"https:\/\/aytoanievas.org\/transparencia\/sad_690762r\/\">Licitaci\u00f3n del Servicio de Ayuda a Domicilio del Ayuntamiento de Anievas. Expediente 690762R.<\/a><\/p><p>19\/01\/2021.\u00a0<a href=\"https:\/\/aytoanievas.org\/transparencia\/trans_files\/uploads\/Borrador_del_Acta_del_Pleno_de_la_Corporacion_de_fecha_19012021_-_SEFYCU_2476923.pdf\" target=\"_blank\" rel=\"noopener\">Acta de la Sesi\u00f3n\u00a0 Extraordinaria del Pleno del Ayuntamiento de fecha 19 de enero de 2021.<\/a><\/p><p>15\/01\/2021.\u00a0<a href=\"https:\/\/aytoanievas.org\/transparencia\/trans_files\/uploads\/Convocatoria_Sesion_Plenaria_prevista_para_el_19012021_-_SEGRA_422216.pdf\" target=\"_blank\" rel=\"noopener\">Convocado Pleno del Ayuntamiento en Sesi\u00f3n Extraordinaria prevista para el 19\/01\/2021.<\/a><\/p><\/div>\n\t\t\t\t<\/div>\n\t\t\t\t\t\t\t<div class=\"elementor-accordion-item\">\n\t\t\t\t\t<div id=\"elementor-tab-title-1683\" class=\"elementor-tab-title\" data-tab=\"3\" role=\"tab\" aria-controls=\"elementor-tab-content-1683\" aria-expanded=\"false\">\n\t\t\t\t\t\t\t\t\t\t\t\t\t<span class=\"elementor-accordion-icon elementor-accordion-icon-left\" aria-hidden=\"true\">\n\t\t\t\t\t\t\t\t\t\t\t\t\t\t\t<span class=\"elementor-accordion-icon-closed\"><i class=\"fas fa-plus\"><\/i><\/span>\n\t\t\t\t\t\t\t\t<span class=\"elementor-accordion-icon-opened\"><i class=\"fas fa-minus\"><\/i><\/span>\n\t\t\t\t\t\t\t\t\t\t\t\t\t\t<\/span>\n\t\t\t\t\t\t\t\t\t\t\t\t<a class=\"elementor-accordion-title\" href=\"\">2020<\/a>\n\t\t\t\t\t<\/div>\n\t\t\t\t\t<div id=\"elementor-tab-content-1683\" class=\"elementor-tab-content elementor-clearfix\" data-tab=\"3\" role=\"tabpanel\" aria-labelledby=\"elementor-tab-title-1683\"><p>05\/12\/2020.\u00a0<a href=\"https:\/\/aytoanievas.org\/transparencia\/presu_21\/\">Actualizada la informaci\u00f3n acerca del Presupuesto General del Ayuntamiento de Anievas para el ejercicio econ\u00f3mico 2021.<\/a><\/p><p>03\/12\/2020.\u00a0<a href=\"https:\/\/aytoanievas.org\/transparencia\/trans_files\/uploads\/Borrador_del_Acta_del_Pleno_de_la_Corporacion_de_fecha_03122020_-_SEFYCU_2350250.pdf\" target=\"_blank\" rel=\"noopener\">Acta de la Sesi\u00f3n Ordinaria del Pleno del Ayuntamiento de fecha 03 de diciembre de 2020.<\/a><\/p><p>03\/09\/2020.\u00a0<a href=\"https:\/\/aytoanievas.org\/transparencia\/trans_files\/uploads\/Borrador_del_Acta_del_Pleno_de_03092020_-_SEFYCU_2054961.pdf\" target=\"_blank\" rel=\"noopener\">Acta de la Sesi\u00f3n Ordinaria del Pleno del Ayuntamiento de fecha 03 de septiembre de 2020.<\/a><\/p><p>21\/07\/2020.\u00a0<a href=\"https:\/\/boc.cantabria.es\/boces\/verAnuncioAction.do?idAnuBlob=351676\" target=\"_blank\" rel=\"noopener\">CONVENIO ENTRE LA DIPUTACI\u00d3N PROVINCIAL DE ALBACETE Y EL AYUNTAMIENTO DE ANIEVAS PARA LA PUESTA A DISPOSICI\u00d3N DE LA TOTALIDAD DE APLICATIVOS Y HERRAMIENTAS QUE INTEGRAN LA PLATAFORMA SEDIPUALBA.<\/a><\/p><p>20\/04\/2020.\u00a0<a href=\"https:\/\/aytoanievas.org\/transparencia\/privacidad\/\">Aprobado el Registro de Actividades de Tratamiento del Ayuntamiento de Anievas<\/a>.<\/p><p>05\/03\/2020.\u00a0<a href=\"https:\/\/aytoanievas.org\/transparencia\/presu_2020\/\">Consulta del Presupuesto General del Ayuntamiento de Anievas para el ejercicio 2020.<\/a><\/p><p>28\/02\/2020.\u00a0<a href=\"https:\/\/aytoanievas.org\/transparencia\/liquidacion\/\">Datos del expediente de liquidaci\u00f3n del ejercicio 2019.<\/a><\/p><p>08\/01\/2020.\u00a0<a href=\"https:\/\/aytoanievas.org\/transparencia\/facturacion\/\">Informaci\u00f3n sobre factura electr\u00f3nica del Ayuntamiento de Anievas.<\/a><\/p><\/div>\n\t\t\t\t<\/div>\n\t\t\t\t\t\t\t\t<\/div>\n\t\t\t\t<\/div>\n\t\t\t\t<\/div>\n\t\t\t\t\t\t<\/div>\n\t\t\t\t\t<\/div>\n\t\t<\/div>\n\t\t\t\t\t\t\t\t<\/div>\n\t\t\t\t\t<\/div>\n\t\t<\/section>\n\t\t\t\t\t\t\t\t\t<\/div>\n\t\t\t<\/div>\n\t\t\t\t\t<\/div>\n\t\t","protected":false},"excerpt":{"rendered":"<p>NOTICIAS PUBLICADAS EN EL PORTAL DE TRANSPARENCIA 2022 09\/06\/2022. Acta de la Sesi\u00f3n Ordinaria del Pleno de la Corporaci\u00f3n de fecha 08 de junio de 2022. 25\/03\/2022. Adjudicaci\u00f3n del expediente de mejora de pavimentaci\u00f3n de viales municipales y n\u00facleos urbanos del Ayuntamiento de Anievas. 25\/03\/2022. Acta de la Sesi\u00f3n Ordinaria del Pleno de la Corporaci\u00f3n [&hellip;]<\/p>\n","protected":false},"author":1,"featured_media":0,"parent":0,"menu_order":0,"comment_status":"closed","ping_status":"closed","template":"","meta":[],"_links":{"self":[{"href":"https:\/\/aytoanievas.org\/transparencia\/wp-json\/wp\/v2\/pages\/1846"}],"collection":[{"href":"https:\/\/aytoanievas.org\/transparencia\/wp-json\/wp\/v2\/pages"}],"about":[{"href":"https:\/\/aytoanievas.org\/transparencia\/wp-json\/wp\/v2\/types\/page"}],"author":[{"embeddable":true,"href":"https:\/\/aytoanievas.org\/transparencia\/wp-json\/wp\/v2\/users\/1"}],"replies":[{"embeddable":true,"href":"https:\/\/aytoanievas.org\/transparencia\/wp-json\/wp\/v2\/comments?post=1846"}],"version-history":[{"count":117,"href":"https:\/\/aytoanievas.org\/transparencia\/wp-json\/wp\/v2\/pages\/1846\/revisions"}],"predecessor-version":[{"id":4031,"href":"https:\/\/aytoanievas.org\/transparencia\/wp-json\/wp\/v2\/pages\/1846\/revisions\/4031"}],"wp:attachment":[{"href":"https:\/\/aytoanievas.org\/transparencia\/wp-json\/wp\/v2\/media?parent=1846"}],"curies":[{"name":"wp","href":"https:\/\/api.w.org\/{rel}","templated":true}]}}