{"id":1768,"date":"2020-05-08T08:55:56","date_gmt":"2020-05-08T08:55:56","guid":{"rendered":"https:\/\/aytoanievas.org\/transparencia\/?page_id=1768"},"modified":"2020-05-29T17:17:29","modified_gmt":"2020-05-29T17:17:29","slug":"catalogo_servicios","status":"publish","type":"page","link":"https:\/\/aytoanievas.org\/transparencia\/catalogo_servicios\/","title":{"rendered":"Cat\u00e1logo de Servicios"},"content":{"rendered":"\t\t<div data-elementor-type=\"wp-page\" data-elementor-id=\"1768\" class=\"elementor elementor-1768\">\n\t\t\t\t\t\t<div class=\"elementor-inner\">\n\t\t\t\t<div class=\"elementor-section-wrap\">\n\t\t\t\t\t\t\t\t\t<section class=\"elementor-section elementor-top-section elementor-element elementor-element-635e2ed elementor-section-boxed elementor-section-height-default elementor-section-height-default\" data-id=\"635e2ed\" data-element_type=\"section\">\n\t\t\t\t\t\t<div class=\"elementor-container elementor-column-gap-default\">\n\t\t\t\t\t\t\t<div class=\"elementor-row\">\n\t\t\t\t\t<div class=\"elementor-column elementor-col-100 elementor-top-column elementor-element elementor-element-3c748e8\" data-id=\"3c748e8\" data-element_type=\"column\">\n\t\t\t<div class=\"elementor-column-wrap elementor-element-populated\">\n\t\t\t\t\t\t\t<div class=\"elementor-widget-wrap\">\n\t\t\t\t\t\t<div class=\"elementor-element elementor-element-89f309a elementor-widget elementor-widget-text-editor\" data-id=\"89f309a\" data-element_type=\"widget\" data-widget_type=\"text-editor.default\">\n\t\t\t\t<div class=\"elementor-widget-container\">\n\t\t\t\t\t\t\t\t<div class=\"elementor-text-editor elementor-clearfix\">\n\t\t\t\t<p><strong>CAT\u00c1LOGO DE SERVICIOS<\/strong><\/p><p>Consulte a trav\u00e9s de la Sede Electr\u00f3nica Municipal el cat\u00e1logo de servicios, con informaci\u00f3n sobre los siguientes \u00e1mbitos:<\/p><ul><li>Servicios relacionados con ciudadanos<\/li><li>Servicios relacionados con empresas<\/li><li>Servicios relacionados con empleados<\/li><li>Servicios relacionados con ayuntamientos<br \/><br \/><br \/><\/li><\/ul>\t\t\t\t\t<\/div>\n\t\t\t\t\t\t<\/div>\n\t\t\t\t<\/div>\n\t\t\t\t\t\t<\/div>\n\t\t\t\t\t<\/div>\n\t\t<\/div>\n\t\t\t\t\t\t\t\t<\/div>\n\t\t\t\t\t<\/div>\n\t\t<\/section>\n\t\t\t\t<section class=\"elementor-section elementor-top-section elementor-element elementor-element-cc663a4 elementor-section-boxed elementor-section-height-default elementor-section-height-default\" data-id=\"cc663a4\" data-element_type=\"section\">\n\t\t\t\t\t\t<div class=\"elementor-container elementor-column-gap-default\">\n\t\t\t\t\t\t\t<div class=\"elementor-row\">\n\t\t\t\t\t<div class=\"elementor-column elementor-col-100 elementor-top-column elementor-element elementor-element-84c575f\" data-id=\"84c575f\" data-element_type=\"column\">\n\t\t\t<div class=\"elementor-column-wrap elementor-element-populated\">\n\t\t\t\t\t\t\t<div class=\"elementor-widget-wrap\">\n\t\t\t\t\t\t<div class=\"elementor-element elementor-element-2d6002c elementor-widget elementor-widget-spacer\" data-id=\"2d6002c\" data-element_type=\"widget\" data-widget_type=\"spacer.default\">\n\t\t\t\t<div class=\"elementor-widget-container\">\n\t\t\t\t\t<div class=\"elementor-spacer\">\n\t\t\t<div class=\"elementor-spacer-inner\"><\/div>\n\t\t<\/div>\n\t\t\t\t<\/div>\n\t\t\t\t<\/div>\n\t\t\t\t\t\t<\/div>\n\t\t\t\t\t<\/div>\n\t\t<\/div>\n\t\t\t\t\t\t\t\t<\/div>\n\t\t\t\t\t<\/div>\n\t\t<\/section>\n\t\t\t\t<section class=\"elementor-section elementor-top-section elementor-element elementor-element-eaab648 elementor-section-boxed elementor-section-height-default elementor-section-height-default\" data-id=\"eaab648\" data-element_type=\"section\">\n\t\t\t\t\t\t<div class=\"elementor-container elementor-column-gap-default\">\n\t\t\t\t\t\t\t<div class=\"elementor-row\">\n\t\t\t\t\t<div class=\"elementor-column elementor-col-100 elementor-top-column elementor-element elementor-element-22c423c\" data-id=\"22c423c\" data-element_type=\"column\">\n\t\t\t<div class=\"elementor-column-wrap elementor-element-populated\">\n\t\t\t\t\t\t\t<div class=\"elementor-widget-wrap\">\n\t\t\t\t\t\t<div class=\"elementor-element elementor-element-b2061af elementor-align-center elementor-invisible elementor-widget elementor-widget-button\" data-id=\"b2061af\" data-element_type=\"widget\" data-settings=\"{&quot;_animation&quot;:&quot;fadeInLeft&quot;}\" data-widget_type=\"button.default\">\n\t\t\t\t<div class=\"elementor-widget-container\">\n\t\t\t\t\t<div class=\"elementor-button-wrapper\">\n\t\t\t<a href=\"https:\/\/anievas.sedipualba.es\/catalogoservicios.aspx\" target=\"_blank\" class=\"elementor-button-link elementor-button elementor-size-md elementor-animation-grow\" role=\"button\">\n\t\t\t\t\t\t<span class=\"elementor-button-content-wrapper\">\n\t\t\t\t\t\t\t<span class=\"elementor-button-icon elementor-align-icon-left\">\n\t\t\t\t<i aria-hidden=\"true\" class=\"fas fa-external-link-alt\"><\/i>\t\t\t<\/span>\n\t\t\t\t\t\t<span class=\"elementor-button-text\">CAT\u00c1LOGO DE SERVICIOS<\/span>\n\t\t<\/span>\n\t\t\t\t\t<\/a>\n\t\t<\/div>\n\t\t\t\t<\/div>\n\t\t\t\t<\/div>\n\t\t\t\t\t\t<\/div>\n\t\t\t\t\t<\/div>\n\t\t<\/div>\n\t\t\t\t\t\t\t\t<\/div>\n\t\t\t\t\t<\/div>\n\t\t<\/section>\n\t\t\t\t\t\t\t\t\t<\/div>\n\t\t\t<\/div>\n\t\t\t\t\t<\/div>\n\t\t","protected":false},"excerpt":{"rendered":"<p>CAT\u00c1LOGO DE SERVICIOS Consulte a trav\u00e9s de la Sede Electr\u00f3nica Municipal el cat\u00e1logo de servicios, con informaci\u00f3n sobre los siguientes \u00e1mbitos: Servicios relacionados con ciudadanos Servicios relacionados con empresas Servicios relacionados con empleados Servicios relacionados con ayuntamientos CAT\u00c1LOGO DE SERVICIOS<\/p>\n","protected":false},"author":1,"featured_media":0,"parent":0,"menu_order":0,"comment_status":"closed","ping_status":"closed","template":"","meta":[],"_links":{"self":[{"href":"https:\/\/aytoanievas.org\/transparencia\/wp-json\/wp\/v2\/pages\/1768"}],"collection":[{"href":"https:\/\/aytoanievas.org\/transparencia\/wp-json\/wp\/v2\/pages"}],"about":[{"href":"https:\/\/aytoanievas.org\/transparencia\/wp-json\/wp\/v2\/types\/page"}],"author":[{"embeddable":true,"href":"https:\/\/aytoanievas.org\/transparencia\/wp-json\/wp\/v2\/users\/1"}],"replies":[{"embeddable":true,"href":"https:\/\/aytoanievas.org\/transparencia\/wp-json\/wp\/v2\/comments?post=1768"}],"version-history":[{"count":4,"href":"https:\/\/aytoanievas.org\/transparencia\/wp-json\/wp\/v2\/pages\/1768\/revisions"}],"predecessor-version":[{"id":2241,"href":"https:\/\/aytoanievas.org\/transparencia\/wp-json\/wp\/v2\/pages\/1768\/revisions\/2241"}],"wp:attachment":[{"href":"https:\/\/aytoanievas.org\/transparencia\/wp-json\/wp\/v2\/media?parent=1768"}],"curies":[{"name":"wp","href":"https:\/\/api.w.org\/{rel}","templated":true}]}}