{"id":1654,"date":"2020-05-05T15:39:23","date_gmt":"2020-05-05T15:39:23","guid":{"rendered":"https:\/\/aytoanievas.org\/transparencia\/?page_id=1654"},"modified":"2020-05-05T15:40:56","modified_gmt":"2020-05-05T15:40:56","slug":"faqs","status":"publish","type":"page","link":"https:\/\/aytoanievas.org\/transparencia\/faqs\/","title":{"rendered":"Preguntas Frecuentes"},"content":{"rendered":"\t\t<div data-elementor-type=\"wp-page\" data-elementor-id=\"1654\" class=\"elementor elementor-1654\">\n\t\t\t\t\t\t<div class=\"elementor-inner\">\n\t\t\t\t<div class=\"elementor-section-wrap\">\n\t\t\t\t\t\t\t\t\t<section class=\"elementor-section elementor-top-section elementor-element elementor-element-635e2ed elementor-section-boxed elementor-section-height-default elementor-section-height-default\" data-id=\"635e2ed\" data-element_type=\"section\">\n\t\t\t\t\t\t<div class=\"elementor-container elementor-column-gap-default\">\n\t\t\t\t\t\t\t<div class=\"elementor-row\">\n\t\t\t\t\t<div class=\"elementor-column elementor-col-100 elementor-top-column elementor-element elementor-element-3c748e8\" data-id=\"3c748e8\" data-element_type=\"column\">\n\t\t\t<div class=\"elementor-column-wrap elementor-element-populated\">\n\t\t\t\t\t\t\t<div class=\"elementor-widget-wrap\">\n\t\t\t\t\t\t<div class=\"elementor-element elementor-element-89f309a elementor-widget elementor-widget-text-editor\" data-id=\"89f309a\" data-element_type=\"widget\" data-widget_type=\"text-editor.default\">\n\t\t\t\t<div class=\"elementor-widget-container\">\n\t\t\t\t\t\t\t\t<div class=\"elementor-text-editor elementor-clearfix\">\n\t\t\t\t<p><strong>SOBRE LA LEY DE TRANSPARENCIA<\/strong><\/p><p><strong>\u00a0<\/strong><strong>\u00bfQu\u00e9 regula la Ley de Transparencia?<\/strong><\/p><p><strong>\u00a0<\/strong>La Ley de Transparencia, Acceso a la Informaci\u00f3n P\u00fablica y Buen Gobierno (LTBG) prev\u00e9 qu\u00e9 informaci\u00f3n deben publicar las Administraciones P\u00fablicas para conocimiento de los ciudadanos, c\u00f3mo pueden pedir los ciudadanos informaci\u00f3n a las Administraciones y cu\u00e1les son las reglas de Buen Gobierno que deben respetar los responsables p\u00fablicos.<\/p><p><strong>\u00bfQu\u00e9 entidades est\u00e1n obligadas a proporcionar informaci\u00f3n?<\/strong><\/p><p>Todas las Administraciones P\u00fablicas, entidades del sector p\u00fablico, \u00f3rganos constitucionales (incluida la Casa de Su Majestad el Rey) y sus equivalentes a nivel auton\u00f3mico, as\u00ed como Fundaciones del Sector P\u00fablico, Asociaciones constituidas por Administraciones P\u00fablicas o Sociedades Mercantiles con participaci\u00f3n p\u00fablica mayoritaria, est\u00e1n obligadas a cumplir la Ley de Transparencia. Es decir, deben publicar la informaci\u00f3n que la Ley menciona y, adem\u00e1s, responder a las solicitudes de informaci\u00f3n que presenten los ciudadanos. Deber\u00e1n tambi\u00e9n publicar la informaci\u00f3n prevista en la Ley entidades privadas como los partidos pol\u00edticos, sindicatos, organizaciones sindicales y otras entidades que perciban ayudas p\u00fablicas. En el caso del presente Portal de la Transparencia, atendiendo al art\u00edculo 2, se publica la informaci\u00f3n del Ayuntamiento de Campoo de Yuso.<\/p><p><strong>\u00bfQu\u00e9 es el Portal de la Transparencia del Ayuntamiento de Campoo de Yuso?<\/strong><\/p><p>Es la plataforma por la que se podr\u00e1 acceder a la informaci\u00f3n del Ayuntamiento de Campoo de Yuso. Tambi\u00e9n contendr\u00e1 la informaci\u00f3n que los ciudadanos soliciten con mayor frecuencia en ejercicio del derecho de acceso a la informaci\u00f3n p\u00fablica.<\/p><p><strong>\u00bfQu\u00e9 contiene este Portal?<\/strong><\/p><p><strong>\u00a0<\/strong>El Portal, de acuerdo con lo dispuesto por la Ley 19\/2013, de 9 de diciembre, de Transparencia, Acceso a la Informaci\u00f3n P\u00fablica y Buen Gobierno, tiene por objeto ampliar y reforzar la transparencia de la actividad p\u00fablica, regular y garantizar el derecho de acceso a la informaci\u00f3n relativa a aquella actividad y establecer las obligaciones de buen gobierno que deben cumplir los responsables p\u00fablicos.<\/p><p><strong>Publicidad activa<\/strong><\/p><p><strong>\u00a0<\/strong>La Publicidad activa, responde a la obligaci\u00f3n, por parte de las Administraciones p\u00fablicas y sus entidades e instituciones dependientes, de publicar de manera permanente determinada informaci\u00f3n p\u00fablica exigida por la ley en sus portales de transparencia o sitios web, con el fin de garantizar la transparencia de su actividad.<\/p><p><strong>SOBRE LA PUBLICIDAD ACTIVA<\/strong><\/p><p><strong>\u00a0<\/strong><strong>\u00bfQu\u00e9 es la Publicidad Activa?<\/strong><\/p><p><strong>\u00a0<\/strong>Es una informaci\u00f3n agrupada en las categor\u00edas definidas en la ley, que las administraciones p\u00fablicas deber\u00e1n publicar de forma peri\u00f3dica y actualizada para garantizar la transparencia de su actividad. En este Portal de la Transparencia del Ayuntamiento de Campoo de Yuso se facilita el acceso de los ciudadanos a toda la informaci\u00f3n institucional, organizativa, de planificaci\u00f3n, de relevancia jur\u00eddica, econ\u00f3mica, presupuestaria y estad\u00edstica prevista en la Ley correspondiente a las distintas \u00c1reas municipales.<\/p><p><strong>\u00bfQu\u00e9 informaci\u00f3n se publica en el Portal?<\/strong><\/p><p><strong>\u00a0<\/strong>La Ley regula la publicaci\u00f3n de las siguientes categor\u00edas de informaci\u00f3n en lo que se conoce como Publicidad Activa:<\/p><p>Informaci\u00f3n organizativa<\/p><ul><li>Funciones que se desarrollan en los organismos<\/li><li>Normativa de aplicaci\u00f3n<\/li><li>Estructura: organigrama con identificaci\u00f3n de los responsables de las unidades, su perfil y trayectoria profesional<\/li><\/ul><p>Informaci\u00f3n de relevancia jur\u00eddica<\/p><ul><li>Ordenanzas y Reglamentos<\/li><li>Proyectos de Ordenanzas y Reglamentos<\/li><li>Memorias e Informes incluidos en los expedientes de elaboraci\u00f3n de textos normativos<\/li><li>Documentos que deban ser sometidos a informaci\u00f3n p\u00fablica<\/li><\/ul><p>Informaci\u00f3n de contenido econ\u00f3mico<\/p><ul><li>Contratos<\/li><li>Convenios y encomiendas de gesti\u00f3n<\/li><li>Retribuciones de altos cargos<\/li><li>Subvenciones y ayudas p\u00fablicas<\/li><li>Presupuestos<\/li><li>Cuentas anuales. Informes de auditor\u00eda de cuentas y de fiscalizaci\u00f3n<\/li><li>Informaci\u00f3n estad\u00edstica de grado de cumplimiento de los servicios p\u00fablicos<\/li><li>Bienes inmuebles de propiedad municipal<\/li><\/ul><p><strong>\u00bfExiste alguna restricci\u00f3n a la publicaci\u00f3n de la informaci\u00f3n?<\/strong><\/p><p><strong>\u00a0<\/strong>En efecto. Puede que la informaci\u00f3n no pueda publicarse porque afecte a cuestiones sensibles como la seguridad nacional, la defensa o la protecci\u00f3n de datos personales. En estos casos, deber\u00e1 comprobarse si, verdaderamente, la publicaci\u00f3n afecta a los l\u00edmites que la Ley prev\u00e9 o, para el caso de los datos personales, si \u00e9stos pueden eliminarse del documento que se publique.<\/p><p><strong>\u00bfQu\u00e9 ocurre si no encuentro informaci\u00f3n en el Portal?<\/strong><\/p><p><strong>\u00a0<\/strong>En principio, la informaci\u00f3n m\u00e1s relevante para el ciudadano y de frecuente acceso estar\u00e1 disponible en el Portal de manera accesible, reutilizable e interoperable. Si el interesado necesita m\u00e1s informaci\u00f3n o necesita m\u00e1s detalle, entonces, se podr\u00e1 acceder al servicio de solicitud de informaci\u00f3n p\u00fablica que es un derecho regulado por la ley de transparencia y buen gobierno. Este servicio se encuentra disponible en el Portal.<\/p><p><strong>\u00bfQu\u00e9 ocurre si no se cumple con las obligaciones de transparencia y no se publica la informaci\u00f3n?<\/strong><\/p><p><strong>\u00a0<\/strong>El Consejo de Transparencia y Buen Gobierno velar\u00e1 por el cumplimiento de las disposiciones de la Ley y el incumplimiento podr\u00e1 dar lugar a procedimientos disciplinarios.<\/p><p><strong>\u00bfQu\u00e9 es el derecho de acceso a la informaci\u00f3n p\u00fablica?<\/strong><\/p><p><strong>\u00a0<\/strong>Es el derecho de acceso a acceder a informaci\u00f3n p\u00fablica en los t\u00e9rminos previstos en la Constituci\u00f3n art\u00edculo 105.b), entendi\u00e9ndose como informaci\u00f3n p\u00fablica los contenidos o documentos, cualquiera que sea su soporte o formato, que obren en poder de la administraci\u00f3n y que hayan sido elaborados o adquiridos en el ejercicio de sus funciones.<\/p><p><strong>\u00bfSe puede pedir cualquier informaci\u00f3n?<\/strong><\/p><p><strong>\u00a0<\/strong>El derecho de acceso a la informaci\u00f3n est\u00e1 sujeto a ciertos l\u00edmites que tienen como objetivo proteger otros bienes jur\u00eddicos que pueden quedar desprotegidos si se da la informaci\u00f3n. Es decir, los l\u00edmites existen para proteger informaci\u00f3n que no debe ser p\u00fablica porque, si lo fuera, podr\u00eda da\u00f1ar a una persona o al inter\u00e9s p\u00fablico. Estos l\u00edmites est\u00e1n tasados en la Ley y son los siguientes:<\/p><ul><li>La seguridad nacional<\/li><li>La defensa<\/li><li>Las relaciones exteriores<\/li><li>La seguridad p\u00fablica<\/li><li>La prevenci\u00f3n, investigaci\u00f3n y sanci\u00f3n de los il\u00edcitos penales, administrativos o disciplinarios<\/li><li>La igualdad de las partes en los procesos judiciales y la tutela judicial efectiva<\/li><li>Las funciones administrativas de vigilancia, inspecci\u00f3n y control<\/li><li>Los intereses econ\u00f3micos y comerciales<\/li><li>La pol\u00edtica econ\u00f3mica y monetaria<\/li><li>El secreto profesional y la propiedad intelectual e industrial<\/li><li>La garant\u00eda de la confidencialidad o el secreto requerido en procesos de toma de decisi\u00f3n<\/li><li>La protecci\u00f3n del medio ambiente<\/li><\/ul><p><strong>\u00bfC\u00f3mo se aplican los l\u00edmites?<\/strong><\/p><p><strong>\u00a0<\/strong>El \u00f3rgano al que se le solicita una informaci\u00f3n cuya publicaci\u00f3n considera que puede perjudicar a alguno de los l\u00edmites deber\u00e1 valorar si, efectivamente, se produce un da\u00f1o si se provee esa informaci\u00f3n.<\/p><p><strong>\u00bfPor qu\u00e9 existe protecci\u00f3n de datos personales?<\/strong><\/p><p><strong>\u00a0<\/strong>Si la informaci\u00f3n solicitada contuviera datos especialmente protegidos, el acceso \u00fanicamente se podr\u00e1 autorizar en caso de que se contase con el consentimiento expreso y por escrito del afectado.<\/p><p><strong>\u00bfQu\u00e9 es el acceso parcial?<\/strong><\/p><p><strong>\u00a0<\/strong>En los casos en los que se solicite informaci\u00f3n en la que parte de la misma est\u00e9 sometida a alguna causa de l\u00edmite del derecho, se admitir\u00e1 parcialmente la solicitud y se indicar\u00e1 al solicitante la informaci\u00f3n que ha sido omitida.<\/p><p><strong>\u00bfQu\u00e9 puede hacer un ciudadano al que se le deniega informaci\u00f3n?<\/strong><\/p><p><strong>\u00a0<\/strong>Puede presentar una reclamaci\u00f3n ante el Consejo de Transparencia y Buen Gobierno, \u00f3rgano independiente encargado de velar por el correcto cumplimiento de las disposiciones de la Ley.<\/p><p><strong>\u00a0<\/strong><strong>SOBRE EL CONSEJO DE TRANSPARENCIA Y BUEN GOBIERNO<\/strong><\/p><p><strong>\u00a0<\/strong><strong>\u00bfQu\u00e9 es el Consejo de la Transparencia y Buen Gobierno?<\/strong><\/p><p><strong>\u00a0<\/strong>El Consejo de la Transparencia y Buen Gobierno es un organismo p\u00fablico previsto en la disposici\u00f3n adicional d\u00e9cima de la Ley 6\/1997, de 14 de abril, de Organizaci\u00f3n y Funcionamiento de la Administraci\u00f3n General del Estado. Est\u00e1 adscrito al Ministerio de Hacienda y Administraciones P\u00fablicas, tiene personalidad jur\u00eddica propia y plena capacidad de obrar, actuando con autonom\u00eda y plena independencia en el cumplimiento de sus fines. El Consejo de la Transparencia y Buen Gobierno tiene por finalidad promover la transparencia de la actividad p\u00fablica, velar por el cumplimiento de las obligaciones de publicidad, salvaguardar el ejercicio de derecho de acceso a la informaci\u00f3n p\u00fablica y garantizar la observancia de las disposiciones de buen gobierno.<\/p><p><strong>\u00bfEs el Consejo responsable del Portal de la Transparencia?<\/strong><\/p><p><strong>\u00a0<\/strong>No. El consejo tiene personalidad jur\u00eddica propia y plena capacidad para obrar. Act\u00faa con autonom\u00eda y plena independencia en el cumplimiento de sus fines.<\/p><p>\u00a0<\/p>\t\t\t\t\t<\/div>\n\t\t\t\t\t\t<\/div>\n\t\t\t\t<\/div>\n\t\t\t\t\t\t<\/div>\n\t\t\t\t\t<\/div>\n\t\t<\/div>\n\t\t\t\t\t\t\t\t<\/div>\n\t\t\t\t\t<\/div>\n\t\t<\/section>\n\t\t\t\t\t\t\t\t\t<\/div>\n\t\t\t<\/div>\n\t\t\t\t\t<\/div>\n\t\t","protected":false},"excerpt":{"rendered":"<p>SOBRE LA LEY DE TRANSPARENCIA \u00a0\u00bfQu\u00e9 regula la Ley de Transparencia? \u00a0La Ley de Transparencia, Acceso a la Informaci\u00f3n P\u00fablica y Buen Gobierno (LTBG) prev\u00e9 qu\u00e9 informaci\u00f3n deben publicar las Administraciones P\u00fablicas para conocimiento de los ciudadanos, c\u00f3mo pueden pedir los ciudadanos informaci\u00f3n a las Administraciones y cu\u00e1les son las reglas de Buen Gobierno que [&hellip;]<\/p>\n","protected":false},"author":1,"featured_media":0,"parent":0,"menu_order":0,"comment_status":"closed","ping_status":"closed","template":"","meta":[],"_links":{"self":[{"href":"https:\/\/aytoanievas.org\/transparencia\/wp-json\/wp\/v2\/pages\/1654"}],"collection":[{"href":"https:\/\/aytoanievas.org\/transparencia\/wp-json\/wp\/v2\/pages"}],"about":[{"href":"https:\/\/aytoanievas.org\/transparencia\/wp-json\/wp\/v2\/types\/page"}],"author":[{"embeddable":true,"href":"https:\/\/aytoanievas.org\/transparencia\/wp-json\/wp\/v2\/users\/1"}],"replies":[{"embeddable":true,"href":"https:\/\/aytoanievas.org\/transparencia\/wp-json\/wp\/v2\/comments?post=1654"}],"version-history":[{"count":2,"href":"https:\/\/aytoanievas.org\/transparencia\/wp-json\/wp\/v2\/pages\/1654\/revisions"}],"predecessor-version":[{"id":1656,"href":"https:\/\/aytoanievas.org\/transparencia\/wp-json\/wp\/v2\/pages\/1654\/revisions\/1656"}],"wp:attachment":[{"href":"https:\/\/aytoanievas.org\/transparencia\/wp-json\/wp\/v2\/media?parent=1654"}],"curies":[{"name":"wp","href":"https:\/\/api.w.org\/{rel}","templated":true}]}}