{"id":1512,"date":"2020-05-05T06:55:31","date_gmt":"2020-05-05T06:55:31","guid":{"rendered":"https:\/\/aytoanievas.org\/transparencia\/?page_id=1512"},"modified":"2020-05-05T06:56:43","modified_gmt":"2020-05-05T06:56:43","slug":"rolece","status":"publish","type":"page","link":"https:\/\/aytoanievas.org\/transparencia\/rolece\/","title":{"rendered":"Inscripci\u00f3n en el Registro Oficial de Licitadores"},"content":{"rendered":"\t\t<div data-elementor-type=\"wp-page\" data-elementor-id=\"1512\" class=\"elementor elementor-1512\">\n\t\t\t\t\t\t<div class=\"elementor-inner\">\n\t\t\t\t<div class=\"elementor-section-wrap\">\n\t\t\t\t\t\t\t\t\t<section class=\"elementor-section elementor-top-section elementor-element elementor-element-635e2ed elementor-section-boxed elementor-section-height-default elementor-section-height-default\" data-id=\"635e2ed\" data-element_type=\"section\">\n\t\t\t\t\t\t<div class=\"elementor-container elementor-column-gap-default\">\n\t\t\t\t\t\t\t<div class=\"elementor-row\">\n\t\t\t\t\t<div class=\"elementor-column elementor-col-100 elementor-top-column elementor-element elementor-element-3c748e8\" data-id=\"3c748e8\" data-element_type=\"column\">\n\t\t\t<div class=\"elementor-column-wrap elementor-element-populated\">\n\t\t\t\t\t\t\t<div class=\"elementor-widget-wrap\">\n\t\t\t\t\t\t<div class=\"elementor-element elementor-element-89f309a elementor-widget elementor-widget-text-editor\" data-id=\"89f309a\" data-element_type=\"widget\" data-widget_type=\"text-editor.default\">\n\t\t\t\t<div class=\"elementor-widget-container\">\n\t\t\t\t\t\t\t\t<div class=\"elementor-text-editor elementor-clearfix\">\n\t\t\t\t<p><strong>INSCRIPCI\u00d3N EN EL REGISTRO OFICIAL DE LICITADORES Y EMPRESAS ESTATALES<\/strong><\/p><p>En cumplimiento de lo dispuesto en los art\u00edculos 301 a 307 de la Ley 30\/2007, de 30 de octubre, de contratos del sector p\u00fablico, se ha creado el registro oficial de licitadores y empresas del sector p\u00fablico. Ahora, despu\u00e9s de la entrada en vigor de la Ley 9\/2017, sobre contratos del sector p\u00fablico, este registro es obligatorio para los licitadores que participen en procedimientos abiertos simplificados, de conformidad con el art\u00edculo 159.<\/p><p>El Ayuntamiento puede acordar utilizar este procedimiento abierto simplificado cuando el valor estimado del contrato sea igual o inferior a 2 mil millones de euros en el caso de los contratos de obras y, en el caso de los contratos de suministro y servicio, cuando el valor estimado sea igual o inferior a 100.000 euros.<\/p><p>Sin el cumplimiento de dicho registro no ser\u00e1 posible contratar con ninguna Administraci\u00f3n P\u00fablica mediante procedimiento abierto simplificado, a partir del 9 de septiembre de 2018, de conformidad con la disposici\u00f3n transitoria tercera de la misma ley de contratos.<\/p><p>Adem\u00e1s, el registro en el Registro exime a las empresas de presentar en cada procedimiento de contrataci\u00f3n la documentaci\u00f3n que acredite su personalidad y capacidad para actuar, representar, clasificar y solvencia financiera y econ\u00f3mica. En cambio, pueden adjuntar su certificado ROLECE, acompa\u00f1ado de una declaraci\u00f3n responsable que indique que los datos contenidos en el mismo no han sido alterados.<\/p><p>La inscripci\u00f3n en dicho registro ser\u00e1 realizada por los oferentes de manera telem\u00e1tica a trav\u00e9s de la direcci\u00f3n electr\u00f3nica\u00a0<a title=\"Enlace al portal web del Registro Oficial de Licitadores\" href=\"https:\/\/registrodelicitadores.gob.es\/\" target=\"_blank\" rel=\"noopener noreferrer\">https:\/\/registrodelicitadores.gob.es<\/a>, debiendo acreditar la identidad del solicitante mediante el uso de un certificado electr\u00f3nico.<\/p>\t\t\t\t\t<\/div>\n\t\t\t\t\t\t<\/div>\n\t\t\t\t<\/div>\n\t\t\t\t\t\t<\/div>\n\t\t\t\t\t<\/div>\n\t\t<\/div>\n\t\t\t\t\t\t\t\t<\/div>\n\t\t\t\t\t<\/div>\n\t\t<\/section>\n\t\t\t\t\t\t\t\t\t<\/div>\n\t\t\t<\/div>\n\t\t\t\t\t<\/div>\n\t\t","protected":false},"excerpt":{"rendered":"<p>INSCRIPCI\u00d3N EN EL REGISTRO OFICIAL DE LICITADORES Y EMPRESAS ESTATALES En cumplimiento de lo dispuesto en los art\u00edculos 301 a 307 de la Ley 30\/2007, de 30 de octubre, de contratos del sector p\u00fablico, se ha creado el registro oficial de licitadores y empresas del sector p\u00fablico. Ahora, despu\u00e9s de la entrada en vigor de [&hellip;]<\/p>\n","protected":false},"author":1,"featured_media":0,"parent":0,"menu_order":0,"comment_status":"closed","ping_status":"closed","template":"","meta":[],"_links":{"self":[{"href":"https:\/\/aytoanievas.org\/transparencia\/wp-json\/wp\/v2\/pages\/1512"}],"collection":[{"href":"https:\/\/aytoanievas.org\/transparencia\/wp-json\/wp\/v2\/pages"}],"about":[{"href":"https:\/\/aytoanievas.org\/transparencia\/wp-json\/wp\/v2\/types\/page"}],"author":[{"embeddable":true,"href":"https:\/\/aytoanievas.org\/transparencia\/wp-json\/wp\/v2\/users\/1"}],"replies":[{"embeddable":true,"href":"https:\/\/aytoanievas.org\/transparencia\/wp-json\/wp\/v2\/comments?post=1512"}],"version-history":[{"count":2,"href":"https:\/\/aytoanievas.org\/transparencia\/wp-json\/wp\/v2\/pages\/1512\/revisions"}],"predecessor-version":[{"id":1514,"href":"https:\/\/aytoanievas.org\/transparencia\/wp-json\/wp\/v2\/pages\/1512\/revisions\/1514"}],"wp:attachment":[{"href":"https:\/\/aytoanievas.org\/transparencia\/wp-json\/wp\/v2\/media?parent=1512"}],"curies":[{"name":"wp","href":"https:\/\/api.w.org\/{rel}","templated":true}]}}