{"id":151,"date":"2020-04-23T19:00:40","date_gmt":"2020-04-23T19:00:40","guid":{"rendered":"https:\/\/aytoanievas.org\/transparencia\/?page_id=151"},"modified":"2020-05-19T11:42:18","modified_gmt":"2020-05-19T11:42:18","slug":"privacidad","status":"publish","type":"page","link":"https:\/\/aytoanievas.org\/transparencia\/privacidad\/","title":{"rendered":"Privacidad"},"content":{"rendered":"\t\t<div data-elementor-type=\"wp-page\" data-elementor-id=\"151\" class=\"elementor elementor-151\">\n\t\t\t\t\t\t<div class=\"elementor-inner\">\n\t\t\t\t<div class=\"elementor-section-wrap\">\n\t\t\t\t\t\t\t\t\t<section class=\"elementor-section elementor-top-section elementor-element elementor-element-5c4a277 elementor-section-boxed elementor-section-height-default elementor-section-height-default\" data-id=\"5c4a277\" data-element_type=\"section\">\n\t\t\t\t\t\t<div class=\"elementor-container elementor-column-gap-default\">\n\t\t\t\t\t\t\t<div class=\"elementor-row\">\n\t\t\t\t\t<div class=\"elementor-column elementor-col-100 elementor-top-column elementor-element elementor-element-5876900\" data-id=\"5876900\" data-element_type=\"column\">\n\t\t\t<div class=\"elementor-column-wrap elementor-element-populated\">\n\t\t\t\t\t\t\t<div class=\"elementor-widget-wrap\">\n\t\t\t\t\t\t<div class=\"elementor-element elementor-element-508856a elementor-widget elementor-widget-text-editor\" data-id=\"508856a\" data-element_type=\"widget\" data-widget_type=\"text-editor.default\">\n\t\t\t\t<div class=\"elementor-widget-container\">\n\t\t\t\t\t\t\t\t<div class=\"elementor-text-editor elementor-clearfix\">\n\t\t\t\t<p><strong>PRIVACIDAD. PROTECCI\u00d3N DE DATOS DE CAR\u00c1CTER PERSONAL.<\/strong><\/p><p><strong>\u00bfQUI\u00c9N ES EL RESPONSABLE DEL TRATAMIENTO DE SUS DATOS PERSONALES?<\/strong><\/p><p>Ayuntamiento de Anievas. CIF: P3900300I. Direcci\u00f3n Postal: B\u00ba Las Escuelas, S\/N, 39451, Cotillo de Anievas, Cantabria. Tel\u00e9fono: 942840613. Correo electr\u00f3nico:\u00a0<span id=\"cloak02202d6a6d0b44918af606c02e90d84b\"><\/span><a href=\"mailto:info@aytoanievas.org\">info@aytoanievas.org<\/a><\/p><p><strong>DELEGADO DE PROTECCI\u00d3N DE DATOS<\/strong><\/p><p>Direcci\u00f3n Postal: B\u00ba Las Escuelas, S\/N, 39451, Cotillo de Anievas, Cantabria. Tel\u00e9fono: 942840613. Correo electr\u00f3nico:\u00a0<span id=\"cloak26403d6211aeb26c1422dd1810c73be2\"><\/span><a href=\"mailto:secretario@aytoanievas.org\">secretario@aytoanievas.org<\/a><\/p><p><strong>\u00bfCON QU\u00c9 FINALIDAD TRATAMOS SUS DATOS?<\/strong><\/p><p>En esta Entidad tratamos la informaci\u00f3n obtenida con la finalidad de poder tramitar los expedientes administrativos y las actuaciones derivadas de ellos.<\/p><p><strong>\u00bfPOR CU\u00c1NTO TIEMPO CONSERVAREMOS SUS DATOS?<\/strong><\/p><p>Almacenamos los datos durante el tiempo necesario para poder cumplir con las obligaciones legales que encomienda la normativa administrativa, y siempre, cumpliendo al menos con el tiempo m\u00ednimo de conservaci\u00f3n de la informaci\u00f3n. Ser\u00e1 de aplicaci\u00f3n lo dispuesto en la normativa de archivos y documentaci\u00f3n.<\/p><p><strong>\u00bfEXISTENCIA DE DECISIONES AUTOMATIZADAS?<\/strong><\/p><p>Esta Entidad puede tomar decisiones automatizadas basadas en la cobertura legal que le otorga el art\u00edculo 41 de la Ley 40\/2015, de 1 de octubre, de R\u00e9gimen Jur\u00eddico del Sector P\u00fablico. Ser\u00eda cualquier acto o actuaci\u00f3n realizada \u00edntegramente a trav\u00e9s de medios electr\u00f3nicos en el marco de un procedimiento administrativo y en la que no haya intervenido de forma directa una persona.<\/p><p><strong>\u00bfCU\u00c1L ES LA LEGITIMACI\u00d3N PARA EL TRATAMIENTO DE SUS DATOS PERSONALES?<\/strong><\/p><p>La base legal para el tratamiento de sus datos es el cumplimiento de una misi\u00f3n que es realizada en inter\u00e9s p\u00fablico o en el ejercicio de poderes p\u00fablicos, de conformidad con la Ley 39\/2015, de 1 de octubre, de Procedimiento Administrativo Com\u00fan, as\u00ed como lo dispuesto en la Ley 7\/1985, de 02 de abril, Reguladora de las Bases de R\u00e9gimen Local. Tambi\u00e9n se basa en el consentimiento de los interesados. ART. 6.1.a y 6.1.e RGPD.<\/p><p><strong>\u00bfA QU\u00c9 DESTINATARIOS SE COMUNICAR\u00c1N SUS DATOS?<\/strong><\/p><p>Los datos se comunicar\u00e1n a otras Administraciones P\u00fablicas siempre que sea necesario para cumplir con los fines enumerados anteriormente, siempre que exista normativa legal que lo ampare. Solo se comunicar\u00e1n sus datos a otras entidades para el ejercicio de actividades que no se realicen directamente por el Ayuntamiento y que vendr\u00e1n reguladas en un contrato o convenio, en los que se establecer\u00e1n las condiciones del tratamiento de datos para asegurar el cumplimiento de la normativa.\u00a0 No est\u00e1 contemplada la cesi\u00f3n de datos con car\u00e1cter internacional.<\/p><p>\u00a0<strong>\u00bfCU\u00c1LES SON SUS DERECHOS EN RELACI\u00d3N CON LOS DATOS FACILITADOS?<\/strong><\/p><p>El Reglamento General de Protecci\u00f3n de Datos regula los derechos de las personas afectadas ante un tratamiento de sus datos, especificando que, como titulares de los mismos, pueden ejercitar ante el Ayuntamiento de Anievas los derechos de acceso, rectificaci\u00f3n, supresi\u00f3n (\u201cderecho al olvido\u201d), oposici\u00f3n y limitaci\u00f3n al tratamiento.<\/p><p><strong>Derecho de acceso<\/strong><\/p><p>La persona afectada tiene derecho a ser informada de:\u00a0<\/p><ul><li>Los fines del tratamiento, categor\u00edas de datos personales que se traten y de las posibles comunicaciones de datos y sus destinatarios.\u00a0<\/li><\/ul><ul><li>De ser posible, el plazo de conservaci\u00f3n de tus datos. De no serlo, los criterios para determinar este plazo.\u00a0<\/li><\/ul><ul><li>Del derecho a solicitar la rectificaci\u00f3n o supresi\u00f3n de los datos, la limitaci\u00f3n al tratamiento, u oponerse al mismo.\u00a0<\/li><\/ul><ul><li>Del derecho a presentar una reclamaci\u00f3n ante la Autoridad de Control.\u00a0<\/li><\/ul><ul><li>Obtener una copia de los datos objeto del tratamiento.\u00a0<\/li><\/ul><ul><li>Si se produce una transferencia internacional de datos, recibir informaci\u00f3n de las garant\u00edas adecuadas.\u00a0<\/li><\/ul><ul><li>De la existencia de decisiones automatizadas (incluyendo perfiles), la l\u00f3gica aplicada y consecuencias de este tratamiento.\u00a0<\/li><\/ul><p>Debe distinguirse del derecho de acceso de los interesados a los expedientes administrativos que regula la Ley 39\/2015, de 1 de octubre, del Procedimiento Administrativo Com\u00fan de las Administraciones P\u00fablicas, as\u00ed como del derecho de acceso regulado en la Ley 19\/2013, de 9 de diciembre, de transparencia, acceso a la informaci\u00f3n p\u00fablica y buen gobierno.<\/p><p><strong>Derecho de rectificaci\u00f3n<\/strong><\/p><p>La persona afectada tiene derecho a rectificar los datos inexactos, y a que se completen los datos personales incompletos, inclusive mediante una declaraci\u00f3n adicional.<\/p><p><strong>Derecho de supresi\u00f3n (\u201cDerecho al olvido\u201d)<\/strong><\/p><p>Con su ejercicio la persona afectada puede solicitar la supresi\u00f3n de los datos personales sin dilaci\u00f3n debida cuando concurra alguno de los supuestos contemplados. Por ejemplo, tratamiento il\u00edcito de datos, o cuando haya desaparecido la finalidad que motiv\u00f3 el tratamiento o recogida. No obstante, se regulan una serie de excepciones en las que no proceder\u00e1 este derecho. Por ejemplo, cuando deba prevalecer el derecho a la libertad de expresi\u00f3n e informaci\u00f3n.<\/p><p><strong>Derecho a la limitaci\u00f3n del tratamiento<\/strong><\/p><p>Permite a persona afectada:\u00a0<\/p><ul><li>Solicitar al responsable que suspenda el tratamiento de datos cuando:\u00a0<\/li><\/ul><p>o Se impugne la exactitud de los datos, mientras se verifica dicha exactitud por el responsable.\u00a0<\/p><p>o El afectado ha ejercitado su derecho de oposici\u00f3n al tratamiento de datos, mientras se verifica si los motivos leg\u00edtimos del responsable prevalecen sobre el afectado.\u00a0<\/p><ul><li>Solicitar al responsable que conserve sus datos personales cuando:\u00a0<\/li><\/ul><p>o El tratamiento de datos sea il\u00edcito y el afectado se oponga a la supresi\u00f3n de sus datos y solicite en su lugar la limitaci\u00f3n de su uso.\u00a0<\/p><p>o El responsable ya no necesita los datos para los fines del tratamiento pero el afectado si los necesite para la formulaci\u00f3n, ejercicio o defensa de reclamaciones.\u00a0<\/p><p><strong>Derecho de oposici\u00f3n<\/strong>\u00a0<\/p><p>La persona afectada puede oponerse al tratamiento:\u00a0<\/p><ul><li>Cuando por motivos relacionados con su situaci\u00f3n personal, debe cesar el tratamiento de tus datos salvo que se acredite un inter\u00e9s leg\u00edtimo, o sea necesario para el ejercicio o defensa de reclamaciones.\u00a0<\/li><\/ul><ul><li>Cuando el tratamiento tenga por objeto la mercadotecnia directa.\u00a0<\/li><\/ul><p><strong>Derecho a la portabilidad<\/strong>\u00a0<\/p><p>La persona afectada tendr\u00e1 derecho a obtener los datos en un formato estructurado, de uso com\u00fan y de lectura mec\u00e1nica, y a transmitirlos a otro responsable del tratamiento cuando el tratamiento est\u00e9 basado en el consentimiento o se efect\u00fae por medios automatizados\u00a0<\/p><p><strong>\u00bfCU\u00c1NDO PUEDO EJERCER EL DERECHO DE RECLAMACI\u00d3N ANTE LA AUTORIDAD DE CONTROL?<\/strong>\u00a0<\/p><p>Podr\u00e1 presentar reclamaci\u00f3n ante la Autoridad de Control en materia de Protecci\u00f3n de Datos competente, especialmente cuando no haya obtenido satisfacci\u00f3n en el ejercicio de sus derechos, mediante escrito dirigido a la Agencia Espa\u00f1ola de Protecci\u00f3n de Datos, C\/Jorge Juan n\u00ba 6, 28001 Madrid o bien accediendo a su sede electr\u00f3nica:\u00a0<a href=\"https:\/\/sedeagpd.gob.es\/sede-electronica-web\/\">https:\/\/sedeagpd.gob.es\/sede-electronica-web\/<\/a>\u00a0<\/p><p><strong>EJERCICIO DE SUS DERECHOS ANTE EL AYUNTAMIENTO DE ANIEVAS.<\/strong>\u00a0<\/p><p>Puede ejercer sus Derechos de Rectificaci\u00f3n, Supresi\u00f3n, Limitaci\u00f3n, Portabilidad u Oposici\u00f3n en relaci\u00f3n con Datos de Car\u00e1cter Personal presentando la correspondiente solicitud ante el Ayuntamiento de Anievas. Puede presentar su escrito utilizando el modelo de solicitud general que se adjunta en el siguiente enlace:\u00a0\u00a0<\/p>\t\t\t\t\t<\/div>\n\t\t\t\t\t\t<\/div>\n\t\t\t\t<\/div>\n\t\t\t\t\t\t<\/div>\n\t\t\t\t\t<\/div>\n\t\t<\/div>\n\t\t\t\t\t\t\t\t<\/div>\n\t\t\t\t\t<\/div>\n\t\t<\/section>\n\t\t\t\t<section class=\"elementor-section elementor-top-section elementor-element elementor-element-fcb7104 elementor-section-boxed elementor-section-height-default elementor-section-height-default\" data-id=\"fcb7104\" data-element_type=\"section\">\n\t\t\t\t\t\t<div class=\"elementor-container elementor-column-gap-default\">\n\t\t\t\t\t\t\t<div class=\"elementor-row\">\n\t\t\t\t\t<div class=\"elementor-column elementor-col-100 elementor-top-column elementor-element elementor-element-7b34f02\" data-id=\"7b34f02\" data-element_type=\"column\">\n\t\t\t<div class=\"elementor-column-wrap elementor-element-populated\">\n\t\t\t\t\t\t\t<div class=\"elementor-widget-wrap\">\n\t\t\t\t\t\t<div class=\"elementor-element elementor-element-0633290 elementor-widget elementor-widget-spacer\" data-id=\"0633290\" data-element_type=\"widget\" data-widget_type=\"spacer.default\">\n\t\t\t\t<div class=\"elementor-widget-container\">\n\t\t\t\t\t<div class=\"elementor-spacer\">\n\t\t\t<div class=\"elementor-spacer-inner\"><\/div>\n\t\t<\/div>\n\t\t\t\t<\/div>\n\t\t\t\t<\/div>\n\t\t\t\t\t\t<\/div>\n\t\t\t\t\t<\/div>\n\t\t<\/div>\n\t\t\t\t\t\t\t\t<\/div>\n\t\t\t\t\t<\/div>\n\t\t<\/section>\n\t\t\t\t<section class=\"elementor-section elementor-top-section elementor-element elementor-element-2c8a66a elementor-section-boxed elementor-section-height-default elementor-section-height-default\" data-id=\"2c8a66a\" data-element_type=\"section\">\n\t\t\t\t\t\t<div class=\"elementor-container elementor-column-gap-default\">\n\t\t\t\t\t\t\t<div class=\"elementor-row\">\n\t\t\t\t\t<div class=\"elementor-column elementor-col-100 elementor-top-column elementor-element elementor-element-1958a06\" data-id=\"1958a06\" data-element_type=\"column\">\n\t\t\t<div class=\"elementor-column-wrap elementor-element-populated\">\n\t\t\t\t\t\t\t<div class=\"elementor-widget-wrap\">\n\t\t\t\t\t\t<div class=\"elementor-element elementor-element-92a8794 elementor-align-center elementor-invisible elementor-widget elementor-widget-button\" data-id=\"92a8794\" data-element_type=\"widget\" data-settings=\"{&quot;_animation&quot;:&quot;fadeIn&quot;}\" data-widget_type=\"button.default\">\n\t\t\t\t<div class=\"elementor-widget-container\">\n\t\t\t\t\t<div class=\"elementor-button-wrapper\">\n\t\t\t<a href=\"https:\/\/aytoanievas.org\/transparencia\/trans_files\/uploads\/instancia_g.docx\" target=\"_blank\" class=\"elementor-button-link elementor-button elementor-size-md elementor-animation-grow\" role=\"button\">\n\t\t\t\t\t\t<span class=\"elementor-button-content-wrapper\">\n\t\t\t\t\t\t\t<span class=\"elementor-button-icon elementor-align-icon-left\">\n\t\t\t\t<i aria-hidden=\"true\" class=\"fas fa-file-pdf\"><\/i>\t\t\t<\/span>\n\t\t\t\t\t\t<span class=\"elementor-button-text\">FORMULARIO SOLICITUD GENERAL<\/span>\n\t\t<\/span>\n\t\t\t\t\t<\/a>\n\t\t<\/div>\n\t\t\t\t<\/div>\n\t\t\t\t<\/div>\n\t\t\t\t\t\t<\/div>\n\t\t\t\t\t<\/div>\n\t\t<\/div>\n\t\t\t\t\t\t\t\t<\/div>\n\t\t\t\t\t<\/div>\n\t\t<\/section>\n\t\t\t\t<section class=\"elementor-section elementor-top-section elementor-element elementor-element-7318de8 elementor-section-boxed elementor-section-height-default elementor-section-height-default\" data-id=\"7318de8\" data-element_type=\"section\">\n\t\t\t\t\t\t<div class=\"elementor-container elementor-column-gap-default\">\n\t\t\t\t\t\t\t<div class=\"elementor-row\">\n\t\t\t\t\t<div class=\"elementor-column elementor-col-100 elementor-top-column elementor-element elementor-element-43e63bc\" data-id=\"43e63bc\" data-element_type=\"column\">\n\t\t\t<div class=\"elementor-column-wrap elementor-element-populated\">\n\t\t\t\t\t\t\t<div class=\"elementor-widget-wrap\">\n\t\t\t\t\t\t<div class=\"elementor-element elementor-element-f9be239 elementor-widget elementor-widget-spacer\" data-id=\"f9be239\" data-element_type=\"widget\" data-widget_type=\"spacer.default\">\n\t\t\t\t<div class=\"elementor-widget-container\">\n\t\t\t\t\t<div class=\"elementor-spacer\">\n\t\t\t<div class=\"elementor-spacer-inner\"><\/div>\n\t\t<\/div>\n\t\t\t\t<\/div>\n\t\t\t\t<\/div>\n\t\t\t\t\t\t<\/div>\n\t\t\t\t\t<\/div>\n\t\t<\/div>\n\t\t\t\t\t\t\t\t<\/div>\n\t\t\t\t\t<\/div>\n\t\t<\/section>\n\t\t\t\t<section class=\"elementor-section elementor-top-section elementor-element elementor-element-1731688 elementor-section-boxed elementor-section-height-default elementor-section-height-default\" data-id=\"1731688\" data-element_type=\"section\">\n\t\t\t\t\t\t<div class=\"elementor-container elementor-column-gap-default\">\n\t\t\t\t\t\t\t<div class=\"elementor-row\">\n\t\t\t\t\t<div class=\"elementor-column elementor-col-100 elementor-top-column elementor-element elementor-element-1920574\" data-id=\"1920574\" data-element_type=\"column\">\n\t\t\t<div class=\"elementor-column-wrap elementor-element-populated\">\n\t\t\t\t\t\t\t<div class=\"elementor-widget-wrap\">\n\t\t\t\t\t\t<div class=\"elementor-element elementor-element-39e6c26 elementor-widget elementor-widget-text-editor\" data-id=\"39e6c26\" data-element_type=\"widget\" data-widget_type=\"text-editor.default\">\n\t\t\t\t<div class=\"elementor-widget-container\">\n\t\t\t\t\t\t\t\t<div class=\"elementor-text-editor elementor-clearfix\">\n\t\t\t\t<p><strong>REGISTRO DE ACTIVIDADES DE TRATAMIENTO DEL AYUNTAMIENTO DE ANIEVAS.<\/strong>\u00a0<\/p><p>De conformidad con el art\u00edculo 30 del Reglamento (UE) 2016\/679 del Parlamento Europeo y del Consejo, de 27 de abril de 2016, relativo a la protecci\u00f3n de las personas f\u00edsicas en lo que respecta al tratamiento de datos personales y a la libre circulaci\u00f3n de estos datos y por el que se deroga la Directiva 95\/46\/CE, el Ayuntamiento de Anievas ha aprobado su Registro de Actividades de Tratamiento. El Registro de actividades de tratamiento es el instrumento que permite demostrar la conformidad con el Reglamento general de protecci\u00f3n de datos, debiendo reflejar la realidad de los tratamientos y permitir la cooperaci\u00f3n con la Autoridad de Control, poni\u00e9ndolos a su disposici\u00f3n si fuese requerido al efecto. A efectos\u00a0 informaci\u00f3n p\u00fablica, se adjunta el Registro de Actividades de Tratamiento del Ayuntamiento de Anievas.\u00a0<\/p>\t\t\t\t\t<\/div>\n\t\t\t\t\t\t<\/div>\n\t\t\t\t<\/div>\n\t\t\t\t\t\t<\/div>\n\t\t\t\t\t<\/div>\n\t\t<\/div>\n\t\t\t\t\t\t\t\t<\/div>\n\t\t\t\t\t<\/div>\n\t\t<\/section>\n\t\t\t\t<section class=\"elementor-section elementor-top-section elementor-element elementor-element-13e9246 elementor-section-boxed elementor-section-height-default elementor-section-height-default\" data-id=\"13e9246\" data-element_type=\"section\">\n\t\t\t\t\t\t<div class=\"elementor-container elementor-column-gap-default\">\n\t\t\t\t\t\t\t<div class=\"elementor-row\">\n\t\t\t\t\t<div class=\"elementor-column elementor-col-100 elementor-top-column elementor-element elementor-element-79bc4ea\" data-id=\"79bc4ea\" data-element_type=\"column\">\n\t\t\t<div class=\"elementor-column-wrap elementor-element-populated\">\n\t\t\t\t\t\t\t<div class=\"elementor-widget-wrap\">\n\t\t\t\t\t\t<div class=\"elementor-element elementor-element-85cc37d elementor-widget elementor-widget-spacer\" data-id=\"85cc37d\" data-element_type=\"widget\" data-widget_type=\"spacer.default\">\n\t\t\t\t<div class=\"elementor-widget-container\">\n\t\t\t\t\t<div class=\"elementor-spacer\">\n\t\t\t<div class=\"elementor-spacer-inner\"><\/div>\n\t\t<\/div>\n\t\t\t\t<\/div>\n\t\t\t\t<\/div>\n\t\t\t\t\t\t<\/div>\n\t\t\t\t\t<\/div>\n\t\t<\/div>\n\t\t\t\t\t\t\t\t<\/div>\n\t\t\t\t\t<\/div>\n\t\t<\/section>\n\t\t\t\t<section class=\"elementor-section elementor-top-section elementor-element elementor-element-4fc6618 elementor-section-boxed elementor-section-height-default elementor-section-height-default\" data-id=\"4fc6618\" data-element_type=\"section\">\n\t\t\t\t\t\t<div class=\"elementor-container elementor-column-gap-default\">\n\t\t\t\t\t\t\t<div class=\"elementor-row\">\n\t\t\t\t\t<div class=\"elementor-column elementor-col-100 elementor-top-column elementor-element elementor-element-19ea48e\" data-id=\"19ea48e\" data-element_type=\"column\">\n\t\t\t<div class=\"elementor-column-wrap elementor-element-populated\">\n\t\t\t\t\t\t\t<div class=\"elementor-widget-wrap\">\n\t\t\t\t\t\t<div class=\"elementor-element elementor-element-4b35d83 elementor-align-center elementor-invisible elementor-widget elementor-widget-button\" data-id=\"4b35d83\" data-element_type=\"widget\" data-settings=\"{&quot;_animation&quot;:&quot;fadeIn&quot;}\" data-widget_type=\"button.default\">\n\t\t\t\t<div class=\"elementor-widget-container\">\n\t\t\t\t\t<div class=\"elementor-button-wrapper\">\n\t\t\t<a href=\"https:\/\/aytoanievas.org\/transparencia\/trans_files\/uploads\/rat_anievas.pdf\" target=\"_blank\" class=\"elementor-button-link elementor-button elementor-size-md elementor-animation-grow\" role=\"button\">\n\t\t\t\t\t\t<span class=\"elementor-button-content-wrapper\">\n\t\t\t\t\t\t\t<span class=\"elementor-button-icon elementor-align-icon-left\">\n\t\t\t\t<i aria-hidden=\"true\" class=\"fas fa-file-pdf\"><\/i>\t\t\t<\/span>\n\t\t\t\t\t\t<span class=\"elementor-button-text\">REGISTRO DE ACTIVIDADES DE TRATAMIENTO<\/span>\n\t\t<\/span>\n\t\t\t\t\t<\/a>\n\t\t<\/div>\n\t\t\t\t<\/div>\n\t\t\t\t<\/div>\n\t\t\t\t\t\t<\/div>\n\t\t\t\t\t<\/div>\n\t\t<\/div>\n\t\t\t\t\t\t\t\t<\/div>\n\t\t\t\t\t<\/div>\n\t\t<\/section>\n\t\t\t\t<section class=\"elementor-section elementor-top-section elementor-element elementor-element-d66801b elementor-section-boxed elementor-section-height-default elementor-section-height-default\" data-id=\"d66801b\" data-element_type=\"section\">\n\t\t\t\t\t\t<div class=\"elementor-container elementor-column-gap-default\">\n\t\t\t\t\t\t\t<div class=\"elementor-row\">\n\t\t\t\t\t<div class=\"elementor-column elementor-col-100 elementor-top-column elementor-element elementor-element-290ab64\" data-id=\"290ab64\" data-element_type=\"column\">\n\t\t\t<div class=\"elementor-column-wrap elementor-element-populated\">\n\t\t\t\t\t\t\t<div class=\"elementor-widget-wrap\">\n\t\t\t\t\t\t<div class=\"elementor-element elementor-element-ca20806 elementor-widget elementor-widget-spacer\" data-id=\"ca20806\" data-element_type=\"widget\" data-widget_type=\"spacer.default\">\n\t\t\t\t<div class=\"elementor-widget-container\">\n\t\t\t\t\t<div class=\"elementor-spacer\">\n\t\t\t<div class=\"elementor-spacer-inner\"><\/div>\n\t\t<\/div>\n\t\t\t\t<\/div>\n\t\t\t\t<\/div>\n\t\t\t\t\t\t<\/div>\n\t\t\t\t\t<\/div>\n\t\t<\/div>\n\t\t\t\t\t\t\t\t<\/div>\n\t\t\t\t\t<\/div>\n\t\t<\/section>\n\t\t\t\t\t\t\t\t\t<\/div>\n\t\t\t<\/div>\n\t\t\t\t\t<\/div>\n\t\t","protected":false},"excerpt":{"rendered":"<p>PRIVACIDAD. PROTECCI\u00d3N DE DATOS DE CAR\u00c1CTER PERSONAL. \u00bfQUI\u00c9N ES EL RESPONSABLE DEL TRATAMIENTO DE SUS DATOS PERSONALES? Ayuntamiento de Anievas. CIF: P3900300I. Direcci\u00f3n Postal: B\u00ba Las Escuelas, S\/N, 39451, Cotillo de Anievas, Cantabria. Tel\u00e9fono: 942840613. Correo electr\u00f3nico:\u00a0info@aytoanievas.org DELEGADO DE PROTECCI\u00d3N DE DATOS Direcci\u00f3n Postal: B\u00ba Las Escuelas, S\/N, 39451, Cotillo de Anievas, Cantabria. Tel\u00e9fono: 942840613. [&hellip;]<\/p>\n","protected":false},"author":1,"featured_media":0,"parent":0,"menu_order":0,"comment_status":"closed","ping_status":"closed","template":"","meta":[],"_links":{"self":[{"href":"https:\/\/aytoanievas.org\/transparencia\/wp-json\/wp\/v2\/pages\/151"}],"collection":[{"href":"https:\/\/aytoanievas.org\/transparencia\/wp-json\/wp\/v2\/pages"}],"about":[{"href":"https:\/\/aytoanievas.org\/transparencia\/wp-json\/wp\/v2\/types\/page"}],"author":[{"embeddable":true,"href":"https:\/\/aytoanievas.org\/transparencia\/wp-json\/wp\/v2\/users\/1"}],"replies":[{"embeddable":true,"href":"https:\/\/aytoanievas.org\/transparencia\/wp-json\/wp\/v2\/comments?post=151"}],"version-history":[{"count":14,"href":"https:\/\/aytoanievas.org\/transparencia\/wp-json\/wp\/v2\/pages\/151\/revisions"}],"predecessor-version":[{"id":2192,"href":"https:\/\/aytoanievas.org\/transparencia\/wp-json\/wp\/v2\/pages\/151\/revisions\/2192"}],"wp:attachment":[{"href":"https:\/\/aytoanievas.org\/transparencia\/wp-json\/wp\/v2\/media?parent=151"}],"curies":[{"name":"wp","href":"https:\/\/api.w.org\/{rel}","templated":true}]}}