{"id":1495,"date":"2020-05-05T06:45:37","date_gmt":"2020-05-05T06:45:37","guid":{"rendered":"https:\/\/aytoanievas.org\/transparencia\/?page_id=1495"},"modified":"2022-02-10T17:06:06","modified_gmt":"2022-02-10T17:06:06","slug":"contratos","status":"publish","type":"page","link":"https:\/\/aytoanievas.org\/transparencia\/contratos\/","title":{"rendered":"Licitaciones en Tramitaci\u00f3n"},"content":{"rendered":"\t\t<div data-elementor-type=\"wp-page\" data-elementor-id=\"1495\" class=\"elementor elementor-1495\">\n\t\t\t\t\t\t<div class=\"elementor-inner\">\n\t\t\t\t<div class=\"elementor-section-wrap\">\n\t\t\t\t\t\t\t\t\t<section class=\"elementor-section elementor-top-section elementor-element elementor-element-e64c08e elementor-section-boxed elementor-section-height-default elementor-section-height-default\" data-id=\"e64c08e\" data-element_type=\"section\">\n\t\t\t\t\t\t<div class=\"elementor-container elementor-column-gap-default\">\n\t\t\t\t\t\t\t<div class=\"elementor-row\">\n\t\t\t\t\t<div class=\"elementor-column elementor-col-100 elementor-top-column elementor-element elementor-element-b0478cb\" data-id=\"b0478cb\" data-element_type=\"column\">\n\t\t\t<div class=\"elementor-column-wrap elementor-element-populated\">\n\t\t\t\t\t\t\t<div class=\"elementor-widget-wrap\">\n\t\t\t\t\t\t<div class=\"elementor-element elementor-element-d3541d0 elementor-widget elementor-widget-text-editor\" data-id=\"d3541d0\" data-element_type=\"widget\" data-widget_type=\"text-editor.default\">\n\t\t\t\t<div class=\"elementor-widget-container\">\n\t\t\t\t\t\t\t\t<div class=\"elementor-text-editor elementor-clearfix\">\n\t\t\t\t<p><strong>INFORMACI\u00d3N SOBRE LICITACIONES EN TR\u00c1MITE<\/strong><\/p><p>Los \u00f3rganos de contrataci\u00f3n difundir\u00e1n exclusivamente a trav\u00e9s de Internet su perfil de contratante, como elemento que agrupa la informaci\u00f3n y documentos relativos a su actividad contractual al objeto de asegurar la transparencia y el acceso p\u00fablico a los mismos. La forma de acceso al perfil de contratante deber\u00e1 hacerse constar en los pliegos y documentos equivalentes, as\u00ed como en los anuncios de licitaci\u00f3n en todos los casos. La difusi\u00f3n del perfil de contratante no obstar\u00e1 la utilizaci\u00f3n de otros medios de publicidad adicionales en los casos en que as\u00ed se establezca.<\/p><p>El acceso a la informaci\u00f3n del perfil de contratante ser\u00e1 libre, no requiriendo identificaci\u00f3n previa. No obstante, podr\u00e1 requerirse esta para el acceso a servicios personalizados asociados al contenido del perfil de contratante tales como suscripciones, env\u00edo de alertas, comunicaciones electr\u00f3nicas y env\u00edo de ofertas, entre otras. Toda la informaci\u00f3n contenida en los perfiles de contratante se publicar\u00e1 en formatos abiertos y reutilizables, y permanecer\u00e1 accesible al p\u00fablico durante un periodo de tiempo no inferior a 5 a\u00f1os, sin perjuicio de que se permita el acceso a expedientes anteriores ante solicitudes de informaci\u00f3n.<\/p><p>El perfil de contratante podr\u00e1 incluir cualesquiera datos y documentos referentes a la actividad contractual de los \u00f3rganos de contrataci\u00f3n. En cualquier caso, deber\u00e1 contener tanto la informaci\u00f3n de tipo general que puede utilizarse para relacionarse con el \u00f3rgano de contrataci\u00f3n como puntos de contacto, n\u00fameros de tel\u00e9fono y de fax, direcci\u00f3n postal y direcci\u00f3n electr\u00f3nica, informaciones, anuncios y documentos generales, tales como las instrucciones internas de contrataci\u00f3n y modelos de documentos, as\u00ed como la informaci\u00f3n particular relativa a los contratos que celebre.<\/p><p>En esta secci\u00f3n se muestran los contratos en licitaci\u00f3n publicados por el Ayuntamiento de Anievas, y se facilitan accesos directos a los Perfiles de Contrataci\u00f3n del Ayuntamiento en la P\u00e1gina de Contratos del Sector P\u00fablico.<\/p><p id=\"u48408-20\">Perfil del Contratante en la Plataforma de Contrataci\u00f3n del Estado:\u00a0<a href=\"https:\/\/contrataciondelestado.es\/wps\/poc?uri=deeplink%3AperfilContratante&amp;idBp=RMl7V00cwsMQK2TEfXGy%2BA%3D%3D\" target=\"_blank\" rel=\"noopener\">ALCALD\u00cdA<\/a>.<\/p><p id=\"u48408-26\">Perfil del Contratante en la Plataforma de Contrataci\u00f3n del Estado:\u00a0<a href=\"https:\/\/contrataciondelestado.es\/wps\/poc?uri=deeplink%3AperfilContratante&amp;idBp=TXn1mzQG9g8QK2TEfXGy%2BA%3D%3D\" target=\"_blank\" rel=\"noopener\">PLENO<\/a>.<\/p>\t\t\t\t\t<\/div>\n\t\t\t\t\t\t<\/div>\n\t\t\t\t<\/div>\n\t\t\t\t\t\t<\/div>\n\t\t\t\t\t<\/div>\n\t\t<\/div>\n\t\t\t\t\t\t\t\t<\/div>\n\t\t\t\t\t<\/div>\n\t\t<\/section>\n\t\t\t\t<section class=\"elementor-section elementor-top-section elementor-element elementor-element-e556fe8 elementor-section-boxed elementor-section-height-default elementor-section-height-default\" data-id=\"e556fe8\" data-element_type=\"section\">\n\t\t\t\t\t\t<div class=\"elementor-container elementor-column-gap-default\">\n\t\t\t\t\t\t\t<div class=\"elementor-row\">\n\t\t\t\t\t<div class=\"elementor-column elementor-col-100 elementor-top-column elementor-element elementor-element-3f64326\" data-id=\"3f64326\" data-element_type=\"column\">\n\t\t\t<div class=\"elementor-column-wrap elementor-element-populated\">\n\t\t\t\t\t\t\t<div class=\"elementor-widget-wrap\">\n\t\t\t\t\t\t<div class=\"elementor-element elementor-element-79b4334 elementor-widget elementor-widget-spacer\" data-id=\"79b4334\" data-element_type=\"widget\" data-widget_type=\"spacer.default\">\n\t\t\t\t<div class=\"elementor-widget-container\">\n\t\t\t\t\t<div class=\"elementor-spacer\">\n\t\t\t<div class=\"elementor-spacer-inner\"><\/div>\n\t\t<\/div>\n\t\t\t\t<\/div>\n\t\t\t\t<\/div>\n\t\t\t\t\t\t<\/div>\n\t\t\t\t\t<\/div>\n\t\t<\/div>\n\t\t\t\t\t\t\t\t<\/div>\n\t\t\t\t\t<\/div>\n\t\t<\/section>\n\t\t\t\t<section class=\"elementor-section elementor-top-section elementor-element elementor-element-8739875 elementor-section-boxed elementor-section-height-default elementor-section-height-default\" data-id=\"8739875\" data-element_type=\"section\">\n\t\t\t\t\t\t<div class=\"elementor-container elementor-column-gap-default\">\n\t\t\t\t\t\t\t<div class=\"elementor-row\">\n\t\t\t\t\t<div class=\"elementor-column elementor-col-100 elementor-top-column elementor-element elementor-element-17c345b\" data-id=\"17c345b\" data-element_type=\"column\">\n\t\t\t<div class=\"elementor-column-wrap elementor-element-populated\">\n\t\t\t\t\t\t\t<div class=\"elementor-widget-wrap\">\n\t\t\t\t\t\t<div class=\"elementor-element elementor-element-5ec8e59 elementor-widget elementor-widget-accordion\" data-id=\"5ec8e59\" data-element_type=\"widget\" data-widget_type=\"accordion.default\">\n\t\t\t\t<div class=\"elementor-widget-container\">\n\t\t\t\t\t<div class=\"elementor-accordion\" role=\"tablist\">\n\t\t\t\t\t\t\t<div class=\"elementor-accordion-item\">\n\t\t\t\t\t<div id=\"elementor-tab-title-9931\" class=\"elementor-tab-title\" data-tab=\"1\" role=\"tab\" aria-controls=\"elementor-tab-content-9931\" aria-expanded=\"false\">\n\t\t\t\t\t\t\t\t\t\t\t\t\t<span class=\"elementor-accordion-icon elementor-accordion-icon-left\" aria-hidden=\"true\">\n\t\t\t\t\t\t\t\t\t\t\t\t\t\t\t<span class=\"elementor-accordion-icon-closed\"><i class=\"fas fa-plus\"><\/i><\/span>\n\t\t\t\t\t\t\t\t<span class=\"elementor-accordion-icon-opened\"><i class=\"fas fa-minus\"><\/i><\/span>\n\t\t\t\t\t\t\t\t\t\t\t\t\t\t<\/span>\n\t\t\t\t\t\t\t\t\t\t\t\t<a class=\"elementor-accordion-title\" href=\"\">LICITACIONES EN TR\u00c1MITE<\/a>\n\t\t\t\t\t<\/div>\n\t\t\t\t\t<div id=\"elementor-tab-content-9931\" class=\"elementor-tab-content elementor-clearfix\" data-tab=\"1\" role=\"tabpanel\" aria-labelledby=\"elementor-tab-title-9931\"><p><a href=\"https:\/\/aytoanievas.org\/transparencia\/962860f\/\">962860F. Licitaci\u00f3n del contrato de obras de Mejora de pavimentaci\u00f3n de viales municipales y n\u00facleos urbanos en el municipio de Anievas<\/a><\/p><\/div>\n\t\t\t\t<\/div>\n\t\t\t\t\t\t\t\t<\/div>\n\t\t\t\t<\/div>\n\t\t\t\t<\/div>\n\t\t\t\t\t\t<\/div>\n\t\t\t\t\t<\/div>\n\t\t<\/div>\n\t\t\t\t\t\t\t\t<\/div>\n\t\t\t\t\t<\/div>\n\t\t<\/section>\n\t\t\t\t\t\t\t\t\t<\/div>\n\t\t\t<\/div>\n\t\t\t\t\t<\/div>\n\t\t","protected":false},"excerpt":{"rendered":"<p>INFORMACI\u00d3N SOBRE LICITACIONES EN TR\u00c1MITE Los \u00f3rganos de contrataci\u00f3n difundir\u00e1n exclusivamente a trav\u00e9s de Internet su perfil de contratante, como elemento que agrupa la informaci\u00f3n y documentos relativos a su actividad contractual al objeto de asegurar la transparencia y el acceso p\u00fablico a los mismos. La forma de acceso al perfil de contratante deber\u00e1 hacerse [&hellip;]<\/p>\n","protected":false},"author":1,"featured_media":0,"parent":0,"menu_order":0,"comment_status":"closed","ping_status":"closed","template":"","meta":[],"_links":{"self":[{"href":"https:\/\/aytoanievas.org\/transparencia\/wp-json\/wp\/v2\/pages\/1495"}],"collection":[{"href":"https:\/\/aytoanievas.org\/transparencia\/wp-json\/wp\/v2\/pages"}],"about":[{"href":"https:\/\/aytoanievas.org\/transparencia\/wp-json\/wp\/v2\/types\/page"}],"author":[{"embeddable":true,"href":"https:\/\/aytoanievas.org\/transparencia\/wp-json\/wp\/v2\/users\/1"}],"replies":[{"embeddable":true,"href":"https:\/\/aytoanievas.org\/transparencia\/wp-json\/wp\/v2\/comments?post=1495"}],"version-history":[{"count":37,"href":"https:\/\/aytoanievas.org\/transparencia\/wp-json\/wp\/v2\/pages\/1495\/revisions"}],"predecessor-version":[{"id":3927,"href":"https:\/\/aytoanievas.org\/transparencia\/wp-json\/wp\/v2\/pages\/1495\/revisions\/3927"}],"wp:attachment":[{"href":"https:\/\/aytoanievas.org\/transparencia\/wp-json\/wp\/v2\/media?parent=1495"}],"curies":[{"name":"wp","href":"https:\/\/api.w.org\/{rel}","templated":true}]}}