{"id":140,"date":"2020-04-23T18:48:34","date_gmt":"2020-04-23T18:48:34","guid":{"rendered":"https:\/\/aytoanievas.org\/transparencia\/?page_id=140"},"modified":"2020-05-04T08:14:26","modified_gmt":"2020-05-04T08:14:26","slug":"cookies","status":"publish","type":"page","link":"https:\/\/aytoanievas.org\/transparencia\/cookies\/","title":{"rendered":"Cookies"},"content":{"rendered":"\t\t<div data-elementor-type=\"wp-page\" data-elementor-id=\"140\" class=\"elementor elementor-140\">\n\t\t\t\t\t\t<div class=\"elementor-inner\">\n\t\t\t\t<div class=\"elementor-section-wrap\">\n\t\t\t\t\t\t\t\t\t<section class=\"elementor-section elementor-top-section elementor-element elementor-element-e3ebb23 elementor-section-boxed elementor-section-height-default elementor-section-height-default\" data-id=\"e3ebb23\" data-element_type=\"section\">\n\t\t\t\t\t\t<div class=\"elementor-container elementor-column-gap-default\">\n\t\t\t\t\t\t\t<div class=\"elementor-row\">\n\t\t\t\t\t<div class=\"elementor-column elementor-col-100 elementor-top-column elementor-element elementor-element-8762be7\" data-id=\"8762be7\" data-element_type=\"column\">\n\t\t\t<div class=\"elementor-column-wrap elementor-element-populated\">\n\t\t\t\t\t\t\t<div class=\"elementor-widget-wrap\">\n\t\t\t\t\t\t<div class=\"elementor-element elementor-element-59d10a7 elementor-widget elementor-widget-text-editor\" data-id=\"59d10a7\" data-element_type=\"widget\" data-widget_type=\"text-editor.default\">\n\t\t\t\t<div class=\"elementor-widget-container\">\n\t\t\t\t\t\t\t\t<div class=\"elementor-text-editor elementor-clearfix\">\n\t\t\t\t<p><strong>POL\u00cdTICA DE COOKIES<\/strong><\/p><p>Esta web, al igual que la mayor\u00eda de portales en Internet, usa cookies para mejorar la navegaci\u00f3n web del usuario. A continuaci\u00f3n va a poder encontrar informaci\u00f3n sobre \u00bfqu\u00e9 son las cookies? \u00bfqu\u00e9 tipo de cookies utiliza este portal? y \u00bfc\u00f3mo desactivar las cookies en su navegador?\u00a0<\/p><p><strong>\u00bfQU\u00c9 SON LAS COOKIES?<\/strong><\/p><p>Las cookies son archivos que almacenan informaci\u00f3n en su navegador o en su dispositivo (telef\u00f3no m\u00f3vil, tableta o televisi\u00f3n conectada) durante su recorrido por las p\u00e1ginas. Las cookies tienen muchos usos. Por ejemplo, las cookies permiten loguearse en una web sin tener que introducir siempre la contrase\u00f1a.\u00a0<\/p><p><strong>\u00bfPOR QU\u00c9 SON IMPORTANTES?<\/strong><\/p><p>Las cookies son \u00fatiles por muchos motivos. Las cookies permite a las p\u00e1ginas web funcionar de forma m\u00e1s \u00e1gil y adaptada a sus preferencias, como por ejemplo almacenar el idioma o la moneda de su pa\u00eds. Adem\u00e1s, permiten a los webmasters de los sitios web a mejorar la recopilaci\u00f3n de estad\u00edsticas.\u00a0<\/p><p><strong>\u00bfQU\u00c9 TIPOS DE COOKIES UTILIZAMOS?<\/strong><\/p><p>Cookies de registro: cuando se registra en nuestro portal, se generan cookies para poderle identificar como usuario registrado y pueda realizar sus consultas o pueda aportar informaci\u00f3n-. Estas cookies se mantienen mientras usted no abandone la cuenta, cierre el navegador o apague el dispositivo.\u00a0<\/p><p>Cookies para poder realizar estad\u00edsticas: los cookies para el an\u00e1lisis t\u00e9cnico nos permiten cuantificar el n\u00famero de visitantes y analizar estad\u00edsticamente la utilizaci\u00f3n hac\u00e9is los usuarios de nuestra informaci\u00f3n. Gracias a estas cookies podemos estudiar la navegaci\u00f3n por nuestra p\u00e1gina web, y mejorar la informaci\u00f3n que ofrecemos en nuestra web. Por ejemplo, podemos identificar de forma an\u00f3nima los contenidos m\u00e1s visitados y por lo tanto m\u00e1s atractivos para los Usuarios\u00a0<\/p><p>Cookies para mejorar la navegaci\u00f3n: hay Cookies que sirven para mejorar la navegaci\u00f3n en la web. Estas cookies conservan sus preferencias para ciertas herramientas o servicios para que no tenga que reconfigurarlos cada vez que visite nuestro portal.\u00a0<\/p><p>Otras cookies de terceros: en nuestras p\u00e1ginas instalan cookies de terceros que permitan gestionar y mejorar los servicios que \u00e9stos ofrecen. Por ejemplo, para que pueda compartir el contenido en redes sociales (facebook, google plus, twitter).\u00a0<\/p><p><strong>\u00bfC\u00d3MO PUEDE BORRAR O ELIMINAR LAS COOKIES?<\/strong><\/p><p>El usuario tiene la opci\u00f3n de permitir, bloquear o eliminar las \u2018cookies\u2019 instaladas en su equipo mediante la configuraci\u00f3n de las opciones del navegador \u00a1Aviso importante! En el caso de que se bloqueen las cookies, es posible que hayan servicios o informaci\u00f3n que no est\u00e9n disponibles.\u00a0<\/p><p>Para configurar los permisos relacionados con las \u2018cookies\u2019 en los principales navegadores:\u00a0<\/p><p><strong>GOOGLE CHROME:<\/strong><\/p><p>Hacer clic en el men\u00fa situado en la barra de herramientas.<\/p><p>Seleccionar Configuraci\u00f3n.<\/p><p>Hacer clic en Mostar opciones avanzadas.<\/p><p>En la secci\u00f3n \u2018Privacidad\u2019 hacer clic en el bot\u00f3n Configuraci\u00f3n de contenido.<\/p><p>En la secci\u00f3n de \u2018Cookies\u2019 se pueden configurar las opciones.<\/p><p><strong>MOZILLA FIREFOX:<\/strong><\/p><p>En la parte superior de la ventana de Firefox hacer clic en el men\u00fa Herramientas.<\/p><p>Seleccionar Opciones.<\/p><p>Seleccionar en panel Privacidad.<\/p><p>En la opci\u00f3n Firefox podr\u00e1 elegir Usar una configuraci\u00f3n personalizada para el historial para configurar las opciones.<\/p><p><strong>INTERNET EXPLORER:<\/strong><\/p><p>En la parte superior de la ventana de Internet Explorer hacer clic en el men\u00fa Herramientas.<\/p><p>Seleccionar la pesta\u00f1a de Seguridad y utilizar la opci\u00f3n Eliminar el historial de exploraci\u00f3n para eliminar las \u2018cookies\u2019. Activar la casilla \u2018Cookies\u2019 y, a continuaci\u00f3n, hacer clic en Eliminar.<\/p><p>Seleccionar la pesta\u00f1a de Seguridad y acceder a Configuraci\u00f3n. Mover el control deslizante totalmente hacia arriba para bloquear todas las \u2018cookies\u2019 o totalmente hacia abajo para permitir todas las \u2018cookies\u2019. Tras ello, hacer clic en Aceptar.<\/p><p><strong>SAFARI<\/strong><\/p><p>Ve a Preferencias de Safari<\/p><p>Haz clic en el panel Privacidad y elige Bloquear Cookies.<\/p><p><strong>LISTADO DE COOKIES:<\/strong><\/p><p><div id=\"tablepress-2-scroll-wrapper\" class=\"tablepress-scroll-wrapper\">\n<h2 id=\"tablepress-2-name\" class=\"tablepress-table-name tablepress-table-name-id-2\">Cookies<\/h2>\n<span id=\"tablepress-2-description\" class=\"tablepress-table-description tablepress-table-description-id-2\">Listado de cookies<\/span>\n\n<table id=\"tablepress-2\" class=\"tablepress tablepress-id-2 tablepress-responsive\" aria-labelledby=\"tablepress-2-name\" aria-describedby=\"tablepress-2-description\">\n<thead>\n<tr class=\"row-1 odd\">\n\t<th class=\"column-1\">NOMBRE<\/th><th class=\"column-2\">DOMINIO<\/th><th class=\"column-3\">RUTA<\/th><th class=\"column-4\">CADUCIDAD<\/th><th class=\"column-5\">TAMA\u00d1O<\/th><th class=\"column-6\">HTTP ONLY<\/th><th class=\"column-7\">SECURE<\/th><th class=\"column-8\">MISMO SITIO<\/th><th class=\"column-9\">PRIORIDAD<\/th><th class=\"column-10\">VALOR<\/th>\n<\/tr>\n<\/thead>\n<tbody class=\"row-hover\">\n<tr class=\"row-2 even\">\n\t<td class=\"column-1\">CONSENT<\/td><td class=\"column-2\">.gstatic.com<\/td><td class=\"column-3\">\/<\/td><td class=\"column-4\">2038-01-01T00:00:01.916Z<\/td><td class=\"column-5\">16<\/td><td class=\"column-6\"><\/td><td class=\"column-7\"><\/td><td class=\"column-8\"><\/td><td class=\"column-9\">Medium<\/td><td class=\"column-10\">WP.285f11<\/td>\n<\/tr>\n<tr class=\"row-3 odd\">\n\t<td class=\"column-1\">cookielawinfo-checkbox-necessary<\/td><td class=\"column-2\">https:\/\/aytoanievas.org\/transparencia\/<\/td><td class=\"column-3\">\/<\/td><td class=\"column-4\">2020-04-24T16:48:54.355Z<\/td><td class=\"column-5\">35<\/td><td class=\"column-6\"><\/td><td class=\"column-7\"><\/td><td class=\"column-8\"><\/td><td class=\"column-9\">Medium<\/td><td class=\"column-10\">yes<\/td>\n<\/tr>\n<tr class=\"row-4 even\">\n\t<td class=\"column-1\">_ga<\/td><td class=\"column-2\">https:\/\/aytoanievas.org\/transparencia\/<\/td><td class=\"column-3\">\/<\/td><td class=\"column-4\">2022-04-15T10:37:28.000Z<\/td><td class=\"column-5\">30<\/td><td class=\"column-6\"><\/td><td class=\"column-7\"><\/td><td class=\"column-8\"><\/td><td class=\"column-9\">Medium<\/td><td class=\"column-10\">GA1.2.1502224902.1586947029<\/td>\n<\/tr>\n<tr class=\"row-5 odd\">\n\t<td class=\"column-1\">wp-settings-1<\/td><td class=\"column-2\">https:\/\/aytoanievas.org\/transparencia\/<\/td><td class=\"column-3\">\/<\/td><td class=\"column-4\">2021-04-24T15:43:52.733Z<\/td><td class=\"column-5\">68<\/td><td class=\"column-6\"><\/td><td class=\"column-7\">YES<\/td><td class=\"column-8\"><\/td><td class=\"column-9\">Medium<\/td><td class=\"column-10\">libraryContent%3Dbrowse%26editor%3Dtinymce%26hidetb%3D1<\/td>\n<\/tr>\n<tr class=\"row-6 even\">\n\t<td class=\"column-1\">wordpress_sec_020a87a6f282e2761df422c4edcbc16c<\/td><td class=\"column-2\">https:\/\/aytoanievas.org\/transparencia\/<\/td><td class=\"column-3\">\/<\/td><td class=\"column-4\">Session<\/td><td class=\"column-5\">192<\/td><td class=\"column-6\">YES<\/td><td class=\"column-7\">YES<\/td><td class=\"column-8\"><\/td><td class=\"column-9\">Medium<\/td><td class=\"column-10\">1HiRcbTJPiwPS2C4RIfM%7C1587915827%7CWE8K58C8cjEvhcWKss5gcxA4eNFL4GM6w2yvP8gQcUG%7C1f0f162d0bd52fccd8ad5bad0fce3bd9ffc525c96d1d5d9e1da3ca5e097875ed<\/td>\n<\/tr>\n<tr class=\"row-7 odd\">\n\t<td class=\"column-1\">wp-settings-time-1<\/td><td class=\"column-2\">https:\/\/aytoanievas.org\/transparencia\/<\/td><td class=\"column-3\">\/<\/td><td class=\"column-4\">2021-04-24T15:43:52.733Z<\/td><td class=\"column-5\">28<\/td><td class=\"column-6\"><\/td><td class=\"column-7\">YES<\/td><td class=\"column-8\"><\/td><td class=\"column-9\">Medium<\/td><td class=\"column-10\">1587743030<\/td>\n<\/tr>\n<tr class=\"row-8 even\">\n\t<td class=\"column-1\">viewed_cookie_policy<\/td><td class=\"column-2\">https:\/\/aytoanievas.org\/transparencia\/<\/td><td class=\"column-3\">\/<\/td><td class=\"column-4\">2021-04-15T10:33:08.000Z<\/td><td class=\"column-5\">23<\/td><td class=\"column-6\"><\/td><td class=\"column-7\"><\/td><td class=\"column-8\"><\/td><td class=\"column-9\">Medium<\/td><td class=\"column-10\">yes<\/td>\n<\/tr>\n<tr class=\"row-9 odd\">\n\t<td class=\"column-1\">wordpress_logged_in_020a87a6f282e2761df422c4edcbc16c<\/td><td class=\"column-2\">https:\/\/aytoanievas.org\/transparencia\/<\/td><td class=\"column-3\">\/<\/td><td class=\"column-4\">Session<\/td><td class=\"column-5\">198<\/td><td class=\"column-6\">YES<\/td><td class=\"column-7\">YES<\/td><td class=\"column-8\"><\/td><td class=\"column-9\">Medium<\/td><td class=\"column-10\">1HiRcbTJPiwPS2C4RIfM%7C1587915827%7CWE8K58C8cjEvhcWKss5gcxA4eNFL4GM6w2yvP8gQcUG%7C6810aae2b983ea0b017cff3586b138adc6fa0f686b70e83872d90f3827c1801a<\/td>\n<\/tr>\n<tr class=\"row-10 even\">\n\t<td class=\"column-1\">wordpress_test_cookie<\/td><td class=\"column-2\">https:\/\/aytoanievas.org\/transparencia\/<\/td><td class=\"column-3\">\/<\/td><td class=\"column-4\">Session<\/td><td class=\"column-5\">40<\/td><td class=\"column-6\"><\/td><td class=\"column-7\">YES<\/td><td class=\"column-8\"><\/td><td class=\"column-9\">Medium<\/td><td class=\"column-10\">WP%20Cookie%20check<\/td>\n<\/tr>\n<tr class=\"row-11 odd\">\n\t<td class=\"column-1\">cookielawinfo-checkbox-non-necessary<\/td><td class=\"column-2\">https:\/\/aytoanievas.org\/transparencia\/<\/td><td class=\"column-3\">\/<\/td><td class=\"column-4\">2021-04-24T16:17:53.000Z<\/td><td class=\"column-5\">39<\/td><td class=\"column-6\"><\/td><td class=\"column-7\"><\/td><td class=\"column-8\"><\/td><td class=\"column-9\">Medium<\/td><td class=\"column-10\">yes<\/td>\n<\/tr>\n<tr class=\"row-12 even\">\n\t<td class=\"column-1\">itsec-hb-login-020a87a6f282e2761df422c4edcbc16c<\/td><td class=\"column-2\">https:\/\/aytoanievas.org\/transparencia\/<\/td><td class=\"column-3\">\/<\/td><td class=\"column-4\">2020-04-24T16:43:50.156Z<\/td><td class=\"column-5\">67<\/td><td class=\"column-6\">YES<\/td><td class=\"column-7\">YES<\/td><td class=\"column-8\"><\/td><td class=\"column-9\">Medium<\/td><td class=\"column-10\">g5xhlngrzyt9onxzt88a<\/td>\n<\/tr>\n<tr class=\"row-13 odd\">\n\t<td class=\"column-1\">1P_JAR<\/td><td class=\"column-2\">.gstatic.com<\/td><td class=\"column-3\">\/<\/td><td class=\"column-4\">2020-05-21T10:58:41.916Z<\/td><td class=\"column-5\">19<\/td><td class=\"column-6\"><\/td><td class=\"column-7\">YES<\/td><td class=\"column-8\">None<\/td><td class=\"column-9\">Medium<\/td><td class=\"column-10\">2020-04-21-10<\/td>\n<\/tr>\n<tr class=\"row-14 even\">\n\t<td class=\"column-1\">__Secure-3PSIDCC<\/td><td class=\"column-2\">.google.com<\/td><td class=\"column-3\">\/<\/td><td class=\"column-4\">2021-04-24T11:24:59.091Z<\/td><td class=\"column-5\">88<\/td><td class=\"column-6\">YES<\/td><td class=\"column-7\">YES<\/td><td class=\"column-8\">None<\/td><td class=\"column-9\">High<\/td><td class=\"column-10\">AJi4QfHzANO-hCQNs5NIeQTY6DAfwRlQKMljjMhAw4yPmsmaOb0DGF92CeEMCNZTtqhlri9e<\/td>\n<\/tr>\n<tr class=\"row-15 odd\">\n\t<td class=\"column-1\">HSID<\/td><td class=\"column-2\">.google.com<\/td><td class=\"column-3\">\/<\/td><td class=\"column-4\">2022-04-20T21:37:03.886Z<\/td><td class=\"column-5\">21<\/td><td class=\"column-6\">YES<\/td><td class=\"column-7\"><\/td><td class=\"column-8\"><\/td><td class=\"column-9\">High<\/td><td class=\"column-10\">ASNbVSp_ErZ6shNF0<\/td>\n<\/tr>\n<tr class=\"row-16 even\">\n\t<td class=\"column-1\">SAPISID<\/td><td class=\"column-2\">.google.com<\/td><td class=\"column-3\">\/<\/td><td class=\"column-4\">2022-04-20T21:37:03.886Z<\/td><td class=\"column-5\">41<\/td><td class=\"column-6\"><\/td><td class=\"column-7\">YES<\/td><td class=\"column-8\"><\/td><td class=\"column-9\">High<\/td><td class=\"column-10\">GTDIUefLJM7mogQP\/AWWh4T5jIP14Tu59Z<\/td>\n<\/tr>\n<tr class=\"row-17 odd\">\n\t<td class=\"column-1\">SSID<\/td><td class=\"column-2\">.google.com<\/td><td class=\"column-3\">\/<\/td><td class=\"column-4\">2022-04-20T21:37:03.886Z<\/td><td class=\"column-5\">21<\/td><td class=\"column-6\">YES<\/td><td class=\"column-7\">YES<\/td><td class=\"column-8\"><\/td><td class=\"column-9\">High<\/td><td class=\"column-10\">AGVv0_3MY0rngTK_a<\/td>\n<\/tr>\n<tr class=\"row-18 even\">\n\t<td class=\"column-1\">__Secure-3PSID<\/td><td class=\"column-2\">.google.com<\/td><td class=\"column-3\">\/<\/td><td class=\"column-4\">2022-04-20T21:37:03.886Z<\/td><td class=\"column-5\">85<\/td><td class=\"column-6\">YES<\/td><td class=\"column-7\">YES<\/td><td class=\"column-8\">None<\/td><td class=\"column-9\">High<\/td><td class=\"column-10\">wQeRn0BiMGU-2R71aGICVNS1ZCyldyUHxvHVmUPUQfjEUM1ygB86M8OV2wMA_ApdI5y3Ww.<\/td>\n<\/tr>\n<tr class=\"row-19 odd\">\n\t<td class=\"column-1\">__Secure-APISID<\/td><td class=\"column-2\">.google.com<\/td><td class=\"column-3\">\/<\/td><td class=\"column-4\">2020-08-01T07:00:02.886Z<\/td><td class=\"column-5\">49<\/td><td class=\"column-6\"><\/td><td class=\"column-7\">YES<\/td><td class=\"column-8\">None<\/td><td class=\"column-9\">High<\/td><td class=\"column-10\">ijvvFFQPwM1xlTo_\/A-fKx1mdIt9HeqQ8Y<\/td>\n<\/tr>\n<tr class=\"row-20 even\">\n\t<td class=\"column-1\">__Secure-SSID<\/td><td class=\"column-2\">.google.com<\/td><td class=\"column-3\">\/<\/td><td class=\"column-4\">2020-08-01T07:00:02.886Z<\/td><td class=\"column-5\">30<\/td><td class=\"column-6\">YES<\/td><td class=\"column-7\">YES<\/td><td class=\"column-8\">None<\/td><td class=\"column-9\">High<\/td><td class=\"column-10\">AGVv0_3MY0rngTK_a<\/td>\n<\/tr>\n<tr class=\"row-21 odd\">\n\t<td class=\"column-1\">SID<\/td><td class=\"column-2\">.google.com<\/td><td class=\"column-3\">\/<\/td><td class=\"column-4\">2022-04-20T21:37:03.886Z<\/td><td class=\"column-5\">74<\/td><td class=\"column-6\"><\/td><td class=\"column-7\"><\/td><td class=\"column-8\"><\/td><td class=\"column-9\">High<\/td><td class=\"column-10\">wQeRn0BiMGU-2R71aGICVNS1ZCyldyUHxvHVmUPUQfjEUM1y0zOOTxIasrPB0ZkiEeDIGg.<\/td>\n<\/tr>\n<tr class=\"row-22 even\">\n\t<td class=\"column-1\">APISID<\/td><td class=\"column-2\">.google.com<\/td><td class=\"column-3\">\/<\/td><td class=\"column-4\">2022-04-20T21:37:03.886Z<\/td><td class=\"column-5\">40<\/td><td class=\"column-6\"><\/td><td class=\"column-7\"><\/td><td class=\"column-8\"><\/td><td class=\"column-9\">High<\/td><td class=\"column-10\">ijvvFFQPwM1xlTo_\/A-fKx1mdIt9HeqQ8Y<\/td>\n<\/tr>\n<tr class=\"row-23 odd\">\n\t<td class=\"column-1\">__Secure-HSID<\/td><td class=\"column-2\">.google.com<\/td><td class=\"column-3\">\/<\/td><td class=\"column-4\">2020-08-01T07:00:02.886Z<\/td><td class=\"column-5\">30<\/td><td class=\"column-6\">YES<\/td><td class=\"column-7\">YES<\/td><td class=\"column-8\">None<\/td><td class=\"column-9\">High<\/td><td class=\"column-10\">ASNbVSp_ErZ6shNF0<\/td>\n<\/tr>\n<tr class=\"row-24 even\">\n\t<td class=\"column-1\">SIDCC<\/td><td class=\"column-2\">.google.com<\/td><td class=\"column-3\">\/<\/td><td class=\"column-4\">2021-04-24T16:20:38.191Z<\/td><td class=\"column-5\">79<\/td><td class=\"column-6\"><\/td><td class=\"column-7\"><\/td><td class=\"column-8\"><\/td><td class=\"column-9\">High<\/td><td class=\"column-10\">AJi4QfGnNiQPsDvS41Frr1QrMvRV891PmULWLdh4dHnnqCociZqldKko0swme6j7qUZYuiS51w<\/td>\n<\/tr>\n<tr class=\"row-25 odd\">\n\t<td class=\"column-1\">__Secure-3PAPISID<\/td><td class=\"column-2\">.google.com<\/td><td class=\"column-3\">\/<\/td><td class=\"column-4\">2022-04-20T21:37:03.887Z<\/td><td class=\"column-5\">51<\/td><td class=\"column-6\"><\/td><td class=\"column-7\">YES<\/td><td class=\"column-8\">None<\/td><td class=\"column-9\">High<\/td><td class=\"column-10\">GTDIUefLJM7mogQP\/AWWh4T5jIP14Tu59Z<\/td>\n<\/tr>\n<tr class=\"row-26 even\">\n\t<td class=\"column-1\">DV<\/td><td class=\"column-2\">www.google.com<\/td><td class=\"column-3\">\/<\/td><td class=\"column-4\">2020-04-24T16:30:04.000Z<\/td><td class=\"column-5\">80<\/td><td class=\"column-6\"><\/td><td class=\"column-7\"><\/td><td class=\"column-8\"><\/td><td class=\"column-9\">Medium<\/td><td class=\"column-10\">00u_dUeN_GxAIBy4P1MyROug3tHPGte4HzHXyPBOlAIAAPAOYbpZMjuK1gAAAGDtw7_cZzBvPwAAAA<\/td>\n<\/tr>\n<tr class=\"row-27 odd\">\n\t<td class=\"column-1\">NID<\/td><td class=\"column-2\">.google.com<\/td><td class=\"column-3\">\/<\/td><td class=\"column-4\">2020-10-24T15:00:09.009Z<\/td><td class=\"column-5\">227<\/td><td class=\"column-6\">YES<\/td><td class=\"column-7\">YES<\/td><td class=\"column-8\">None<\/td><td class=\"column-9\">Medium<\/td><td class=\"column-10\">203=X2VDWRCw3gnPXyNcQJ9TZG7wsc2IuR4KDwiTerSKYM0WTQO6mQdWgq164Kkd_8w&#8211;qbbk1oj1T5eGtnI8t3EIVAi_abpxTgnDQ7OKG1jjHnt1BiWqt1uzSH4anz5OMyeSrwsbrAAAPTO4H-8Wxq74GIcPOUVlmxbFMaU7BmguOtTg3H2_CyuRN_w4qZTUpkNQZGJAYDUIlPNu8nvwXOUoDdZgfuC<\/td>\n<\/tr>\n<tr class=\"row-28 even\">\n\t<td class=\"column-1\">OTZ<\/td><td class=\"column-2\">www.google.com<\/td><td class=\"column-3\">\/<\/td><td class=\"column-4\">2020-05-16T06:39:15.000Z<\/td><td class=\"column-5\">33<\/td><td class=\"column-6\"><\/td><td class=\"column-7\">YES<\/td><td class=\"column-8\"><\/td><td class=\"column-9\">Medium<\/td><td class=\"column-10\">5411919_48_52_123900_48_436380<\/td>\n<\/tr>\n<tr class=\"row-29 odd\">\n\t<td class=\"column-1\">SEARCH_SAMESITE<\/td><td class=\"column-2\">.google.com<\/td><td class=\"column-3\">\/<\/td><td class=\"column-4\">2020-07-24T12:50:09.841Z<\/td><td class=\"column-5\">23<\/td><td class=\"column-6\"><\/td><td class=\"column-7\"><\/td><td class=\"column-8\">Strict<\/td><td class=\"column-9\">Medium<\/td><td class=\"column-10\">CgQI744B<\/td>\n<\/tr>\n<tr class=\"row-30 even\">\n\t<td class=\"column-1\">ANID<\/td><td class=\"column-2\">.google.com<\/td><td class=\"column-3\">\/<\/td><td class=\"column-4\">2030-11-09T23:59:03.060Z<\/td><td class=\"column-5\">11<\/td><td class=\"column-6\">YES<\/td><td class=\"column-7\">YES<\/td><td class=\"column-8\">None<\/td><td class=\"column-9\">Medium<\/td><td class=\"column-10\">OPT_OUT<\/td>\n<\/tr>\n<tr class=\"row-31 odd\">\n\t<td class=\"column-1\">CONSENT<\/td><td class=\"column-2\">.google.com<\/td><td class=\"column-3\">\/<\/td><td class=\"column-4\">2038-01-10T08:00:00.606Z<\/td><td class=\"column-5\">30<\/td><td class=\"column-6\"><\/td><td class=\"column-7\"><\/td><td class=\"column-8\"><\/td><td class=\"column-9\">Medium<\/td><td class=\"column-10\">YES+ES.es+20150628-20-0<\/td>\n<\/tr>\n<tr class=\"row-32 even\">\n\t<td class=\"column-1\">1P_JAR<\/td><td class=\"column-2\">.google.com<\/td><td class=\"column-3\">\/<\/td><td class=\"column-4\">2020-05-24T16:20:04.938Z<\/td><td class=\"column-5\">19<\/td><td class=\"column-6\"><\/td><td class=\"column-7\">YES<\/td><td class=\"column-8\">None<\/td><td class=\"column-9\">Medium<\/td><td class=\"column-10\">2020-04-24-16<\/td>\n<\/tr>\n<tr class=\"row-33 odd\">\n\t<td class=\"column-1\">1P_JAR<\/td><td class=\"column-2\">.gstatic.com<\/td><td class=\"column-3\">\/<\/td><td class=\"column-4\">2020-05-21T10:58:41.916Z<\/td><td class=\"column-5\">19<\/td><td class=\"column-6\"><\/td><td class=\"column-7\">YES<\/td><td class=\"column-8\">None<\/td><td class=\"column-9\">Medium<\/td><td class=\"column-10\">2020-04-21-10<\/td>\n<\/tr>\n<tr class=\"row-34 even\">\n\t<td class=\"column-1\">CONSENT<\/td><td class=\"column-2\">.gstatic.com<\/td><td class=\"column-3\">\/<\/td><td class=\"column-4\">2038-01-01T00:00:01.916Z<\/td><td class=\"column-5\">16<\/td><td class=\"column-6\"><\/td><td class=\"column-7\"><\/td><td class=\"column-8\"><\/td><td class=\"column-9\">Medium<\/td><td class=\"column-10\">WP.285f11<\/td>\n<\/tr>\n<\/tbody>\n<\/table>\n\n<\/div><!-- #tablepress-2 from cache --><\/p>\t\t\t\t\t<\/div>\n\t\t\t\t\t\t<\/div>\n\t\t\t\t<\/div>\n\t\t\t\t\t\t<\/div>\n\t\t\t\t\t<\/div>\n\t\t<\/div>\n\t\t\t\t\t\t\t\t<\/div>\n\t\t\t\t\t<\/div>\n\t\t<\/section>\n\t\t\t\t\t\t\t\t\t<\/div>\n\t\t\t<\/div>\n\t\t\t\t\t<\/div>\n\t\t","protected":false},"excerpt":{"rendered":"<p>POL\u00cdTICA DE COOKIES Esta web, al igual que la mayor\u00eda de portales en Internet, usa cookies para mejorar la navegaci\u00f3n web del usuario. A continuaci\u00f3n va a poder encontrar informaci\u00f3n sobre \u00bfqu\u00e9 son las cookies? \u00bfqu\u00e9 tipo de cookies utiliza este portal? y \u00bfc\u00f3mo desactivar las cookies en su navegador?\u00a0 \u00bfQU\u00c9 SON LAS COOKIES? Las [&hellip;]<\/p>\n","protected":false},"author":1,"featured_media":0,"parent":0,"menu_order":0,"comment_status":"closed","ping_status":"closed","template":"","meta":[],"_links":{"self":[{"href":"https:\/\/aytoanievas.org\/transparencia\/wp-json\/wp\/v2\/pages\/140"}],"collection":[{"href":"https:\/\/aytoanievas.org\/transparencia\/wp-json\/wp\/v2\/pages"}],"about":[{"href":"https:\/\/aytoanievas.org\/transparencia\/wp-json\/wp\/v2\/types\/page"}],"author":[{"embeddable":true,"href":"https:\/\/aytoanievas.org\/transparencia\/wp-json\/wp\/v2\/users\/1"}],"replies":[{"embeddable":true,"href":"https:\/\/aytoanievas.org\/transparencia\/wp-json\/wp\/v2\/comments?post=140"}],"version-history":[{"count":4,"href":"https:\/\/aytoanievas.org\/transparencia\/wp-json\/wp\/v2\/pages\/140\/revisions"}],"predecessor-version":[{"id":1189,"href":"https:\/\/aytoanievas.org\/transparencia\/wp-json\/wp\/v2\/pages\/140\/revisions\/1189"}],"wp:attachment":[{"href":"https:\/\/aytoanievas.org\/transparencia\/wp-json\/wp\/v2\/media?parent=140"}],"curies":[{"name":"wp","href":"https:\/\/api.w.org\/{rel}","templated":true}]}}