{"id":1260,"date":"2020-05-04T10:25:20","date_gmt":"2020-05-04T10:25:20","guid":{"rendered":"https:\/\/aytoanievas.org\/transparencia\/?page_id=1260"},"modified":"2021-10-08T07:18:39","modified_gmt":"2021-10-08T07:18:39","slug":"ejecucion","status":"publish","type":"page","link":"https:\/\/aytoanievas.org\/transparencia\/ejecucion\/","title":{"rendered":"Ejecuciones Trimestrales"},"content":{"rendered":"\t\t<div data-elementor-type=\"wp-page\" data-elementor-id=\"1260\" class=\"elementor elementor-1260\">\n\t\t\t\t\t\t<div class=\"elementor-inner\">\n\t\t\t\t<div class=\"elementor-section-wrap\">\n\t\t\t\t\t\t\t\t\t<section class=\"elementor-section elementor-top-section elementor-element elementor-element-78a4640 elementor-section-boxed elementor-section-height-default elementor-section-height-default\" data-id=\"78a4640\" data-element_type=\"section\">\n\t\t\t\t\t\t<div class=\"elementor-container elementor-column-gap-default\">\n\t\t\t\t\t\t\t<div class=\"elementor-row\">\n\t\t\t\t\t<div class=\"elementor-column elementor-col-100 elementor-top-column elementor-element elementor-element-b3b4270\" data-id=\"b3b4270\" data-element_type=\"column\">\n\t\t\t<div class=\"elementor-column-wrap elementor-element-populated\">\n\t\t\t\t\t\t\t<div class=\"elementor-widget-wrap\">\n\t\t\t\t\t\t<div class=\"elementor-element elementor-element-2abb8bc elementor-widget elementor-widget-text-editor\" data-id=\"2abb8bc\" data-element_type=\"widget\" data-widget_type=\"text-editor.default\">\n\t\t\t\t<div class=\"elementor-widget-container\">\n\t\t\t\t\t\t\t\t<div class=\"elementor-text-editor elementor-clearfix\">\n\t\t\t\t<p id=\"u35360-2\"><strong>Obligaciones de suministro de informaci\u00f3n de ejecuci\u00f3n presupuestaria.<\/strong><\/p><p id=\"u35360-5\">Orden HAP\/2105\/2012, de 1 de octubre, por la que se desarrollan las obligaciones de suministro de informaci\u00f3n previstas en la Ley Org\u00e1nica 2\/2012, de 27 de abril, de Estabilidad Presupuestaria y Sostenibilidad Financiera.<\/p><h5 class=\"articulo\">Art\u00edculo 16. Obligaciones trimestrales de suministro de informaci\u00f3n.<\/h5><p class=\"parrafo\">Antes del \u00faltimo d\u00eda del mes siguiente a la finalizaci\u00f3n de cada trimestre del a\u00f1o se remitir\u00e1 la siguiente informaci\u00f3n:<\/p><p class=\"parrafo_2\">1. La actualizaci\u00f3n de los presupuestos en ejecuci\u00f3n, incorporadas las modificaciones presupuestarias ya tramitadas y\/o las previstas tramitar hasta final de a\u00f1o, y de las previsiones de ingresos y gastos de las entidades sujetas al Plan general de Contabilidad de Empresas o a sus adaptaciones sectoriales, y sus estados complementarios.<\/p><p class=\"parrafo\">2. Las obligaciones frente a terceros, vencidas, l\u00edquidas, exigibles, no imputadas a presupuesto.<\/p><p class=\"parrafo\">3. La informaci\u00f3n que permita relacionar el saldo resultante de los ingresos y gastos del presupuesto con la capacidad o necesidad de financiaci\u00f3n, calculada conforme a las normas del Sistema Europeo de Cuentas.<\/p><p class=\"parrafo\">4. La actualizaci\u00f3n del informe de la intervenci\u00f3n del cumplimiento del objetivo de estabilidad, de la regla de gasto y del l\u00edmite de la deuda.<\/p><p class=\"parrafo\">5. Un resumen del estado de ejecuci\u00f3n del presupuesto acumulado a final de cada trimestre, de los ingresos y gastos del presupuesto, y de sus estados complementarios, con indicaci\u00f3n de los derechos recaudados del ejercicio corriente y de los ejercicios cerrados y las desviaciones respecto a las previsiones.<\/p><p class=\"parrafo\">Los estados de ejecuci\u00f3n, para el mismo periodo, de los ingresos y gastos, para las entidades sujetas al Plan General de Contabilidad de Empresas o a sus adaptaciones sectoriales.<\/p><p class=\"parrafo\">6. La situaci\u00f3n de los compromisos de gastos plurianuales y la ejecuci\u00f3n del anexo de inversiones y su financiaci\u00f3n.<\/p><p class=\"parrafo\">7. El informe trimestral, regulado en el art\u00edculo 4 de la Ley 15\/2010, de 5 de julio, de modificaci\u00f3n de la Ley 3\/2004, de 29 de diciembre, por la que se establecen medidas de lucha contra la morosidad en las operaciones comerciales.<\/p><p class=\"parrafo\">8. Las actualizaciones de su Plan de tesorer\u00eda y detalle de las operaciones de deuda viva que contendr\u00e1 al menos informaci\u00f3n relativa a:<\/p><p class=\"parrafo_2\">a) Calendario y presupuesto de Tesorer\u00eda que contenga sus cobros y pagos mensuales por r\u00fabricas incluyendo la previsi\u00f3n de su m\u00ednimo mensual de tesorer\u00eda.<\/p><p class=\"parrafo\">b) Previsi\u00f3n mensual de ingresos.<\/p><p class=\"parrafo\">c) Saldo de deuda viva.<\/p><p class=\"parrafo\">d) Impacto de las medidas de ahorro y medidas de ingresos previstas y calendario previsto de impacto en presupuesto.<\/p><p class=\"parrafo\">e) Vencimientos mensuales de deuda a corto y largo plazo.<\/p><p class=\"parrafo\">f) Calendario y cuant\u00edas de necesidades de endeudamiento.<\/p><p class=\"parrafo\">g) Evoluci\u00f3n del saldo de las obligaciones reconocidas pendientes de pago tanto del ejercicio corriente como de los a\u00f1os anteriores.<\/p><p class=\"parrafo\">h) Perfil de vencimientos de la deuda de los pr\u00f3ximos diez a\u00f1os.<\/p><p class=\"parrafo_2\">9. Los datos de ejecuci\u00f3n previstos en los apartados 1 y 2 del art\u00edculo 7 relativos a las unidades integrantes del sector Administraciones P\u00fablicas de la contabilidad nacional as\u00ed como el n\u00famero de efectivos referidos al \u00faltimo d\u00eda del trimestre anterior.<\/p>\t\t\t\t\t<\/div>\n\t\t\t\t\t\t<\/div>\n\t\t\t\t<\/div>\n\t\t\t\t\t\t<\/div>\n\t\t\t\t\t<\/div>\n\t\t<\/div>\n\t\t\t\t\t\t\t\t<\/div>\n\t\t\t\t\t<\/div>\n\t\t<\/section>\n\t\t\t\t<section class=\"elementor-section elementor-top-section elementor-element elementor-element-e556fe8 elementor-section-boxed elementor-section-height-default elementor-section-height-default\" data-id=\"e556fe8\" data-element_type=\"section\">\n\t\t\t\t\t\t<div class=\"elementor-container elementor-column-gap-default\">\n\t\t\t\t\t\t\t<div class=\"elementor-row\">\n\t\t\t\t\t<div class=\"elementor-column elementor-col-100 elementor-top-column elementor-element elementor-element-3f64326\" data-id=\"3f64326\" data-element_type=\"column\">\n\t\t\t<div class=\"elementor-column-wrap elementor-element-populated\">\n\t\t\t\t\t\t\t<div class=\"elementor-widget-wrap\">\n\t\t\t\t\t\t<div class=\"elementor-element elementor-element-79b4334 elementor-widget elementor-widget-spacer\" data-id=\"79b4334\" data-element_type=\"widget\" data-widget_type=\"spacer.default\">\n\t\t\t\t<div class=\"elementor-widget-container\">\n\t\t\t\t\t<div class=\"elementor-spacer\">\n\t\t\t<div class=\"elementor-spacer-inner\"><\/div>\n\t\t<\/div>\n\t\t\t\t<\/div>\n\t\t\t\t<\/div>\n\t\t\t\t\t\t<\/div>\n\t\t\t\t\t<\/div>\n\t\t<\/div>\n\t\t\t\t\t\t\t\t<\/div>\n\t\t\t\t\t<\/div>\n\t\t<\/section>\n\t\t\t\t<section class=\"elementor-section elementor-top-section elementor-element elementor-element-5fdc4dd elementor-section-stretched elementor-section-full_width elementor-section-height-default elementor-section-height-default\" data-id=\"5fdc4dd\" data-element_type=\"section\" data-settings=\"{&quot;stretch_section&quot;:&quot;section-stretched&quot;,&quot;background_background&quot;:&quot;classic&quot;}\">\n\t\t\t\t\t\t<div class=\"elementor-container elementor-column-gap-default\">\n\t\t\t\t\t\t\t<div class=\"elementor-row\">\n\t\t\t\t\t<div class=\"elementor-column elementor-col-100 elementor-top-column elementor-element elementor-element-cd3115e\" data-id=\"cd3115e\" data-element_type=\"column\">\n\t\t\t<div class=\"elementor-column-wrap elementor-element-populated\">\n\t\t\t\t\t\t\t<div class=\"elementor-widget-wrap\">\n\t\t\t\t\t\t<div class=\"elementor-element elementor-element-e89da4f elementor-widget elementor-widget-heading\" data-id=\"e89da4f\" data-element_type=\"widget\" data-widget_type=\"heading.default\">\n\t\t\t\t<div class=\"elementor-widget-container\">\n\t\t\t<h2 class=\"elementor-heading-title elementor-size-default\">EJECUCIONES TRIMESTRALES<\/h2>\t\t<\/div>\n\t\t\t\t<\/div>\n\t\t\t\t\t\t<\/div>\n\t\t\t\t\t<\/div>\n\t\t<\/div>\n\t\t\t\t\t\t\t\t<\/div>\n\t\t\t\t\t<\/div>\n\t\t<\/section>\n\t\t\t\t<section class=\"elementor-section elementor-top-section elementor-element elementor-element-e9135d9 elementor-section-boxed elementor-section-height-default elementor-section-height-default\" data-id=\"e9135d9\" data-element_type=\"section\">\n\t\t\t\t\t\t<div class=\"elementor-container elementor-column-gap-default\">\n\t\t\t\t\t\t\t<div class=\"elementor-row\">\n\t\t\t\t\t<div class=\"elementor-column elementor-col-100 elementor-top-column elementor-element elementor-element-f7fefde\" data-id=\"f7fefde\" data-element_type=\"column\">\n\t\t\t<div class=\"elementor-column-wrap elementor-element-populated\">\n\t\t\t\t\t\t\t<div class=\"elementor-widget-wrap\">\n\t\t\t\t\t\t<div class=\"elementor-element elementor-element-86bac53 elementor-widget elementor-widget-spacer\" data-id=\"86bac53\" data-element_type=\"widget\" data-widget_type=\"spacer.default\">\n\t\t\t\t<div class=\"elementor-widget-container\">\n\t\t\t\t\t<div class=\"elementor-spacer\">\n\t\t\t<div class=\"elementor-spacer-inner\"><\/div>\n\t\t<\/div>\n\t\t\t\t<\/div>\n\t\t\t\t<\/div>\n\t\t\t\t\t\t<\/div>\n\t\t\t\t\t<\/div>\n\t\t<\/div>\n\t\t\t\t\t\t\t\t<\/div>\n\t\t\t\t\t<\/div>\n\t\t<\/section>\n\t\t\t\t<section class=\"elementor-section elementor-top-section elementor-element elementor-element-8739875 elementor-section-boxed elementor-section-height-default elementor-section-height-default\" data-id=\"8739875\" data-element_type=\"section\">\n\t\t\t\t\t\t<div class=\"elementor-container elementor-column-gap-default\">\n\t\t\t\t\t\t\t<div class=\"elementor-row\">\n\t\t\t\t\t<div class=\"elementor-column elementor-col-100 elementor-top-column elementor-element elementor-element-17c345b\" data-id=\"17c345b\" data-element_type=\"column\">\n\t\t\t<div class=\"elementor-column-wrap elementor-element-populated\">\n\t\t\t\t\t\t\t<div class=\"elementor-widget-wrap\">\n\t\t\t\t\t\t<div class=\"elementor-element elementor-element-5ec8e59 elementor-widget elementor-widget-accordion\" data-id=\"5ec8e59\" data-element_type=\"widget\" data-widget_type=\"accordion.default\">\n\t\t\t\t<div class=\"elementor-widget-container\">\n\t\t\t\t\t<div class=\"elementor-accordion\" role=\"tablist\">\n\t\t\t\t\t\t\t<div class=\"elementor-accordion-item\">\n\t\t\t\t\t<div id=\"elementor-tab-title-9931\" class=\"elementor-tab-title\" data-tab=\"1\" role=\"tab\" aria-controls=\"elementor-tab-content-9931\" aria-expanded=\"false\">\n\t\t\t\t\t\t\t\t\t\t\t\t\t<span class=\"elementor-accordion-icon elementor-accordion-icon-left\" aria-hidden=\"true\">\n\t\t\t\t\t\t\t\t\t\t\t\t\t\t\t<span class=\"elementor-accordion-icon-closed\"><i class=\"fas fa-plus\"><\/i><\/span>\n\t\t\t\t\t\t\t\t<span class=\"elementor-accordion-icon-opened\"><i class=\"fas fa-minus\"><\/i><\/span>\n\t\t\t\t\t\t\t\t\t\t\t\t\t\t<\/span>\n\t\t\t\t\t\t\t\t\t\t\t\t<a class=\"elementor-accordion-title\" href=\"\">2021<\/a>\n\t\t\t\t\t<\/div>\n\t\t\t\t\t<div id=\"elementor-tab-content-9931\" class=\"elementor-tab-content elementor-clearfix\" data-tab=\"1\" role=\"tabpanel\" aria-labelledby=\"elementor-tab-title-9931\"><p><a href=\"https:\/\/aytoanievas.org\/transparencia\/trans_files\/uploads\/CalendarioPresupuestoTesoreria.pdf\" target=\"_blank\" rel=\"noopener\">Primer trimestre.<\/a><\/p><p><a href=\"https:\/\/aytoanievas.org\/transparencia\/trans_files\/uploads\/eje_trim_2t_2021.pdf\" target=\"_blank\" rel=\"noopener\">Segundo trimestre.<\/a><\/p><p><a href=\"https:\/\/aytoanievas.org\/transparencia\/trans_files\/uploads\/eje_trim_3t_2021.pdf\" target=\"_blank\" rel=\"noopener\">Tercer trimestre.<\/a><\/p><\/div>\n\t\t\t\t<\/div>\n\t\t\t\t\t\t\t<div class=\"elementor-accordion-item\">\n\t\t\t\t\t<div id=\"elementor-tab-title-9932\" class=\"elementor-tab-title\" data-tab=\"2\" role=\"tab\" aria-controls=\"elementor-tab-content-9932\" aria-expanded=\"false\">\n\t\t\t\t\t\t\t\t\t\t\t\t\t<span class=\"elementor-accordion-icon elementor-accordion-icon-left\" aria-hidden=\"true\">\n\t\t\t\t\t\t\t\t\t\t\t\t\t\t\t<span class=\"elementor-accordion-icon-closed\"><i class=\"fas fa-plus\"><\/i><\/span>\n\t\t\t\t\t\t\t\t<span class=\"elementor-accordion-icon-opened\"><i class=\"fas fa-minus\"><\/i><\/span>\n\t\t\t\t\t\t\t\t\t\t\t\t\t\t<\/span>\n\t\t\t\t\t\t\t\t\t\t\t\t<a class=\"elementor-accordion-title\" href=\"\">2020<\/a>\n\t\t\t\t\t<\/div>\n\t\t\t\t\t<div id=\"elementor-tab-content-9932\" class=\"elementor-tab-content elementor-clearfix\" data-tab=\"2\" role=\"tabpanel\" aria-labelledby=\"elementor-tab-title-9932\"><p><a href=\"https:\/\/aytoanievas.org\/transparencia\/trans_files\/uploads\/et_1t_2020.pdf\" target=\"_blank\" rel=\"noopener\">Primer trimestre.<\/a><\/p><p><a href=\"https:\/\/aytoanievas.org\/transparencia\/trans_files\/uploads\/et_2t_2020.pdf\" target=\"_blank\" rel=\"noopener\">Segundo trimestre.<\/a><\/p><p><a href=\"https:\/\/aytoanievas.org\/transparencia\/trans_files\/uploads\/trimestrales_3t_2020.pdf\" target=\"_blank\" rel=\"noopener\">Tercer trimestre.<\/a><\/p><p><a href=\"https:\/\/aytoanievas.org\/transparencia\/trans_files\/uploads\/ej_trim_4t_2020.pdf\" target=\"_blank\" rel=\"noopener\">Cuarto trimestre.<\/a><\/p><\/div>\n\t\t\t\t<\/div>\n\t\t\t\t\t\t\t<div class=\"elementor-accordion-item\">\n\t\t\t\t\t<div id=\"elementor-tab-title-9933\" class=\"elementor-tab-title\" data-tab=\"3\" role=\"tab\" aria-controls=\"elementor-tab-content-9933\" aria-expanded=\"false\">\n\t\t\t\t\t\t\t\t\t\t\t\t\t<span class=\"elementor-accordion-icon elementor-accordion-icon-left\" aria-hidden=\"true\">\n\t\t\t\t\t\t\t\t\t\t\t\t\t\t\t<span class=\"elementor-accordion-icon-closed\"><i class=\"fas fa-plus\"><\/i><\/span>\n\t\t\t\t\t\t\t\t<span class=\"elementor-accordion-icon-opened\"><i class=\"fas fa-minus\"><\/i><\/span>\n\t\t\t\t\t\t\t\t\t\t\t\t\t\t<\/span>\n\t\t\t\t\t\t\t\t\t\t\t\t<a class=\"elementor-accordion-title\" href=\"\">2019<\/a>\n\t\t\t\t\t<\/div>\n\t\t\t\t\t<div id=\"elementor-tab-content-9933\" class=\"elementor-tab-content elementor-clearfix\" data-tab=\"3\" role=\"tabpanel\" aria-labelledby=\"elementor-tab-title-9933\"><p><a href=\"https:\/\/aytoanievas.org\/transparencia\/trans_files\/uploads\/et_1t_2019.pdf\" target=\"_blank\">Primer Trimestre.<\/a><br><\/p>\n<p><a href=\"https:\/\/aytoanievas.org\/transparencia\/trans_files\/uploads\/et_2t_2019.pdf\" target=\"_blank\">Segundo Trimestre.<\/a><br><\/p>\n<p><a href=\"https:\/\/aytoanievas.org\/transparencia\/trans_files\/uploads\/et_3t_2019.pdf\" target=\"_blank\">Tercer Trimestre.<\/a><br><\/p>\n<p><a href=\"https:\/\/aytoanievas.org\/transparencia\/trans_files\/uploads\/et_4t_2019.pdf\" target=\"_blank\">Cuarto Trimestre.<\/a><br><\/p><\/div>\n\t\t\t\t<\/div>\n\t\t\t\t\t\t\t\t<\/div>\n\t\t\t\t<\/div>\n\t\t\t\t<\/div>\n\t\t\t\t\t\t<\/div>\n\t\t\t\t\t<\/div>\n\t\t<\/div>\n\t\t\t\t\t\t\t\t<\/div>\n\t\t\t\t\t<\/div>\n\t\t<\/section>\n\t\t\t\t\t\t\t\t\t<\/div>\n\t\t\t<\/div>\n\t\t\t\t\t<\/div>\n\t\t","protected":false},"excerpt":{"rendered":"<p>Obligaciones de suministro de informaci\u00f3n de ejecuci\u00f3n presupuestaria. Orden HAP\/2105\/2012, de 1 de octubre, por la que se desarrollan las obligaciones de suministro de informaci\u00f3n previstas en la Ley Org\u00e1nica 2\/2012, de 27 de abril, de Estabilidad Presupuestaria y Sostenibilidad Financiera. Art\u00edculo 16. Obligaciones trimestrales de suministro de informaci\u00f3n. Antes del \u00faltimo d\u00eda del mes [&hellip;]<\/p>\n","protected":false},"author":1,"featured_media":0,"parent":0,"menu_order":0,"comment_status":"closed","ping_status":"closed","template":"","meta":[],"_links":{"self":[{"href":"https:\/\/aytoanievas.org\/transparencia\/wp-json\/wp\/v2\/pages\/1260"}],"collection":[{"href":"https:\/\/aytoanievas.org\/transparencia\/wp-json\/wp\/v2\/pages"}],"about":[{"href":"https:\/\/aytoanievas.org\/transparencia\/wp-json\/wp\/v2\/types\/page"}],"author":[{"embeddable":true,"href":"https:\/\/aytoanievas.org\/transparencia\/wp-json\/wp\/v2\/users\/1"}],"replies":[{"embeddable":true,"href":"https:\/\/aytoanievas.org\/transparencia\/wp-json\/wp\/v2\/comments?post=1260"}],"version-history":[{"count":23,"href":"https:\/\/aytoanievas.org\/transparencia\/wp-json\/wp\/v2\/pages\/1260\/revisions"}],"predecessor-version":[{"id":3638,"href":"https:\/\/aytoanievas.org\/transparencia\/wp-json\/wp\/v2\/pages\/1260\/revisions\/3638"}],"wp:attachment":[{"href":"https:\/\/aytoanievas.org\/transparencia\/wp-json\/wp\/v2\/media?parent=1260"}],"curies":[{"name":"wp","href":"https:\/\/api.w.org\/{rel}","templated":true}]}}