{"id":1234,"date":"2020-05-04T10:09:54","date_gmt":"2020-05-04T10:09:54","guid":{"rendered":"https:\/\/aytoanievas.org\/transparencia\/?page_id=1234"},"modified":"2022-02-28T10:56:21","modified_gmt":"2022-02-28T10:56:21","slug":"modificaciones","status":"publish","type":"page","link":"https:\/\/aytoanievas.org\/transparencia\/modificaciones\/","title":{"rendered":"Modificaciones Presupuestarias"},"content":{"rendered":"\t\t<div data-elementor-type=\"wp-page\" data-elementor-id=\"1234\" class=\"elementor elementor-1234\">\n\t\t\t\t\t\t<div class=\"elementor-inner\">\n\t\t\t\t<div class=\"elementor-section-wrap\">\n\t\t\t\t\t\t\t\t\t<section class=\"elementor-section elementor-top-section elementor-element elementor-element-3a58691 elementor-section-boxed elementor-section-height-default elementor-section-height-default\" data-id=\"3a58691\" data-element_type=\"section\">\n\t\t\t\t\t\t<div class=\"elementor-container elementor-column-gap-default\">\n\t\t\t\t\t\t\t<div class=\"elementor-row\">\n\t\t\t\t\t<div class=\"elementor-column elementor-col-100 elementor-top-column elementor-element elementor-element-04e5a39\" data-id=\"04e5a39\" data-element_type=\"column\">\n\t\t\t<div class=\"elementor-column-wrap elementor-element-populated\">\n\t\t\t\t\t\t\t<div class=\"elementor-widget-wrap\">\n\t\t\t\t\t\t<div class=\"elementor-element elementor-element-64fedab elementor-widget elementor-widget-text-editor\" data-id=\"64fedab\" data-element_type=\"widget\" data-widget_type=\"text-editor.default\">\n\t\t\t\t<div class=\"elementor-widget-container\">\n\t\t\t\t\t\t\t\t<div class=\"elementor-text-editor elementor-clearfix\">\n\t\t\t\t<p id=\"u35815-2\"><strong>MODIFICACIONES PRESUPUESTARIAS<\/strong><\/p><p id=\"u35815-5\">Las modificaciones de cr\u00e9dito que podr\u00e1n ser realizadas en los Presupuestos de gastos de la Entidad y de sus Organismos aut\u00f3nomos son los siguientes:<\/p><p id=\"u35815-8\">\u00a0\u00a0\u00a0 a) Cr\u00e9ditos extraordinarios.<\/p><p id=\"u35815-10\">\u00a0\u00a0\u00a0 b) Suplementos de cr\u00e9ditos.<\/p><p id=\"u35815-12\">\u00a0\u00a0\u00a0 c) Ampliaciones de cr\u00e9dito.<\/p><p id=\"u35815-14\">\u00a0\u00a0\u00a0 d) Transferencias de cr\u00e9dito.<\/p><p id=\"u35815-16\">\u00a0\u00a0\u00a0 e) Generaci\u00f3n de cr\u00e9ditos por ingresos.<\/p><p id=\"u35815-18\">\u00a0\u00a0\u00a0 f) Incorporaci\u00f3n de remanentes de cr\u00e9dito.<\/p><p id=\"u35815-20\">\u00a0\u00a0\u00a0 g) Bajas por anulaci\u00f3n.<\/p>\t\t\t\t\t<\/div>\n\t\t\t\t\t\t<\/div>\n\t\t\t\t<\/div>\n\t\t\t\t\t\t<\/div>\n\t\t\t\t\t<\/div>\n\t\t<\/div>\n\t\t\t\t\t\t\t\t<\/div>\n\t\t\t\t\t<\/div>\n\t\t<\/section>\n\t\t\t\t<section class=\"elementor-section elementor-top-section elementor-element elementor-element-e556fe8 elementor-section-boxed elementor-section-height-default elementor-section-height-default\" data-id=\"e556fe8\" data-element_type=\"section\">\n\t\t\t\t\t\t<div class=\"elementor-container elementor-column-gap-default\">\n\t\t\t\t\t\t\t<div class=\"elementor-row\">\n\t\t\t\t\t<div class=\"elementor-column elementor-col-100 elementor-top-column elementor-element elementor-element-3f64326\" data-id=\"3f64326\" data-element_type=\"column\">\n\t\t\t<div class=\"elementor-column-wrap elementor-element-populated\">\n\t\t\t\t\t\t\t<div class=\"elementor-widget-wrap\">\n\t\t\t\t\t\t<div class=\"elementor-element elementor-element-79b4334 elementor-widget elementor-widget-spacer\" data-id=\"79b4334\" data-element_type=\"widget\" data-widget_type=\"spacer.default\">\n\t\t\t\t<div class=\"elementor-widget-container\">\n\t\t\t\t\t<div class=\"elementor-spacer\">\n\t\t\t<div class=\"elementor-spacer-inner\"><\/div>\n\t\t<\/div>\n\t\t\t\t<\/div>\n\t\t\t\t<\/div>\n\t\t\t\t\t\t<\/div>\n\t\t\t\t\t<\/div>\n\t\t<\/div>\n\t\t\t\t\t\t\t\t<\/div>\n\t\t\t\t\t<\/div>\n\t\t<\/section>\n\t\t\t\t<section class=\"elementor-section elementor-top-section elementor-element elementor-element-8739875 elementor-section-boxed elementor-section-height-default elementor-section-height-default\" data-id=\"8739875\" data-element_type=\"section\">\n\t\t\t\t\t\t<div class=\"elementor-container elementor-column-gap-default\">\n\t\t\t\t\t\t\t<div class=\"elementor-row\">\n\t\t\t\t\t<div class=\"elementor-column elementor-col-100 elementor-top-column elementor-element elementor-element-17c345b\" data-id=\"17c345b\" data-element_type=\"column\">\n\t\t\t<div class=\"elementor-column-wrap elementor-element-populated\">\n\t\t\t\t\t\t\t<div class=\"elementor-widget-wrap\">\n\t\t\t\t\t\t<div class=\"elementor-element elementor-element-5ec8e59 elementor-widget elementor-widget-accordion\" data-id=\"5ec8e59\" data-element_type=\"widget\" data-widget_type=\"accordion.default\">\n\t\t\t\t<div class=\"elementor-widget-container\">\n\t\t\t\t\t<div class=\"elementor-accordion\" role=\"tablist\">\n\t\t\t\t\t\t\t<div class=\"elementor-accordion-item\">\n\t\t\t\t\t<div id=\"elementor-tab-title-9931\" class=\"elementor-tab-title\" data-tab=\"1\" role=\"tab\" aria-controls=\"elementor-tab-content-9931\" aria-expanded=\"false\">\n\t\t\t\t\t\t\t\t\t\t\t\t\t<span class=\"elementor-accordion-icon elementor-accordion-icon-left\" aria-hidden=\"true\">\n\t\t\t\t\t\t\t\t\t\t\t\t\t\t\t<span class=\"elementor-accordion-icon-closed\"><i class=\"fas fa-plus\"><\/i><\/span>\n\t\t\t\t\t\t\t\t<span class=\"elementor-accordion-icon-opened\"><i class=\"fas fa-minus\"><\/i><\/span>\n\t\t\t\t\t\t\t\t\t\t\t\t\t\t<\/span>\n\t\t\t\t\t\t\t\t\t\t\t\t<a class=\"elementor-accordion-title\" href=\"\">2022<\/a>\n\t\t\t\t\t<\/div>\n\t\t\t\t\t<div id=\"elementor-tab-content-9931\" class=\"elementor-tab-content elementor-clearfix\" data-tab=\"1\" role=\"tabpanel\" aria-labelledby=\"elementor-tab-title-9931\"><p><a href=\"https:\/\/aytoanievas.org\/transparencia\/trans_files\/uploads\/Generacion_creditos_950581C.pdf\" target=\"_blank\" rel=\"noopener\">Generaci\u00f3n de cr\u00e9ditos, expediente 950581C.<\/a><\/p><p><a href=\"https:\/\/aytoanievas.org\/transparencia\/trans_files\/uploads\/generacion_creditos_968354M.pdf\" target=\"_blank\" rel=\"noopener\">Generaci\u00f3n de cr\u00e9ditos, expediente 968354M.<\/a><\/p><p><a href=\"https:\/\/aytoanievas.org\/transparencia\/trans_files\/uploads\/incoporacion_remanente_976344J.pdf\" target=\"_blank\" rel=\"noopener\">Incorporaci\u00f3n de remanentes, expediente 976344J.<\/a><\/p><\/div>\n\t\t\t\t<\/div>\n\t\t\t\t\t\t\t<div class=\"elementor-accordion-item\">\n\t\t\t\t\t<div id=\"elementor-tab-title-9932\" class=\"elementor-tab-title\" data-tab=\"2\" role=\"tab\" aria-controls=\"elementor-tab-content-9932\" aria-expanded=\"false\">\n\t\t\t\t\t\t\t\t\t\t\t\t\t<span class=\"elementor-accordion-icon elementor-accordion-icon-left\" aria-hidden=\"true\">\n\t\t\t\t\t\t\t\t\t\t\t\t\t\t\t<span class=\"elementor-accordion-icon-closed\"><i class=\"fas fa-plus\"><\/i><\/span>\n\t\t\t\t\t\t\t\t<span class=\"elementor-accordion-icon-opened\"><i class=\"fas fa-minus\"><\/i><\/span>\n\t\t\t\t\t\t\t\t\t\t\t\t\t\t<\/span>\n\t\t\t\t\t\t\t\t\t\t\t\t<a class=\"elementor-accordion-title\" href=\"\">2021<\/a>\n\t\t\t\t\t<\/div>\n\t\t\t\t\t<div id=\"elementor-tab-content-9932\" class=\"elementor-tab-content elementor-clearfix\" data-tab=\"2\" role=\"tabpanel\" aria-labelledby=\"elementor-tab-title-9932\"><p><a href=\"https:\/\/aytoanievas.org\/transparencia\/trans_files\/uploads\/Aprobacion-Modificacion-Presupuestaria-712144P.pdf\" target=\"_blank\" rel=\"noopener\">Generaci\u00f3n de Cr\u00e9ditos por ingresos, expediente 712144P.<\/a><\/p><p><a href=\"https:\/\/aytoanievas.org\/transparencia\/trans_files\/uploads\/08-Resolucion-de-Alcaldia.pdf\" target=\"_blank\" rel=\"noopener\">Incorporaci\u00f3n de remanentes, expediente 726413H.<\/a><\/p><p><a href=\"https:\/\/boc.cantabria.es\/boces\/verAnuncioAction.do?idAnuBlob=362090\" target=\"_blank\" rel=\"noopener\">Cr\u00e9dito Extraordinario, expediente 770524Y.<\/a><\/p><p><a href=\"https:\/\/aytoanievas.org\/transparencia\/trans_files\/uploads\/Resolucion-de-Alcaldia-818709X.pdf\" target=\"_blank\" rel=\"noopener\">Generaci\u00f3n de Cr\u00e9ditos por ingresos, expediente 818709X.<\/a><\/p><p><a href=\"https:\/\/aytoanievas.org\/transparencia\/trans_files\/uploads\/Resolucion-de-Alcaldia-849869Z.pdf\" target=\"_blank\" rel=\"noopener\">Generaci\u00f3n de Cr\u00e9ditos por ingresos, expediente 849869Z.<\/a><\/p><p><a href=\"https:\/\/aytoanievas.org\/transparencia\/trans_files\/uploads\/Resolucion_N_93_de_26082021_Aprobacion_Modificacion_Presupuestaria_-_Generacion_Credito_Colectivas_2.pdf\" target=\"_blank\" rel=\"noopener\">Generaci\u00f3n de Cr\u00e9ditos por ingresos, expediente 859377E.<\/a><\/p><p><a href=\"https:\/\/aytoanievas.org\/transparencia\/trans_files\/uploads\/Aprobacion-expediente-874575N.pdf\" target=\"_blank\" rel=\"noopener\">Generaci\u00f3n de Cr\u00e9ditos por ingresos, expediente 874575N.<\/a><\/p><p><a href=\"https:\/\/aytoanievas.org\/transparencia\/trans_files\/uploads\/113-Aprobacion_Modificacion_Presupuestaria_-_Generacion_Credito_885406F_-_S.pdf\" target=\"_blank\" rel=\"noopener\">Generaci\u00f3n de Cr\u00e9ditos por ingresos, expediente 885406F.<\/a><\/p><\/div>\n\t\t\t\t<\/div>\n\t\t\t\t\t\t\t<div class=\"elementor-accordion-item\">\n\t\t\t\t\t<div id=\"elementor-tab-title-9933\" class=\"elementor-tab-title\" data-tab=\"3\" role=\"tab\" aria-controls=\"elementor-tab-content-9933\" aria-expanded=\"false\">\n\t\t\t\t\t\t\t\t\t\t\t\t\t<span class=\"elementor-accordion-icon elementor-accordion-icon-left\" aria-hidden=\"true\">\n\t\t\t\t\t\t\t\t\t\t\t\t\t\t\t<span class=\"elementor-accordion-icon-closed\"><i class=\"fas fa-plus\"><\/i><\/span>\n\t\t\t\t\t\t\t\t<span class=\"elementor-accordion-icon-opened\"><i class=\"fas fa-minus\"><\/i><\/span>\n\t\t\t\t\t\t\t\t\t\t\t\t\t\t<\/span>\n\t\t\t\t\t\t\t\t\t\t\t\t<a class=\"elementor-accordion-title\" href=\"\">2020<\/a>\n\t\t\t\t\t<\/div>\n\t\t\t\t\t<div id=\"elementor-tab-content-9933\" class=\"elementor-tab-content elementor-clearfix\" data-tab=\"3\" role=\"tabpanel\" aria-labelledby=\"elementor-tab-title-9933\"><p><a href=\"https:\/\/aytoanievas.org\/transparencia\/trans_files\/uploads\/irc_01_2020.pdf\" target=\"_blank\" rel=\"noopener\">01\/07\/2020. Incorporaci\u00f3n de Remanentes.<\/a><\/p><p><a href=\"https:\/\/boc.cantabria.es\/boces\/verAnuncioAction.do?idAnuBlob=351977\" target=\"_blank\" rel=\"noopener\">27\/07\/2020. Suplemento de Cr\u00e9ditos.<\/a><\/p><p><a href=\"https:\/\/aytoanievas.org\/transparencia\/trans_files\/uploads\/67-Aprobacion_Modificacion_Presupuestaria_-_Generacion_Credito_Pistas_2020_.pdf\" target=\"_blank\" rel=\"noopener\">11\/08\/2020. Generaci\u00f3n de Cr\u00e9ditos.<\/a><\/p><p><a href=\"https:\/\/aytoanievas.org\/transparencia\/trans_files\/uploads\/Aprobacion_Modificacion_Presupuestaria_-_Generacion_Credito_Desempleados.pdf\" target=\"_blank\" rel=\"noopener\">25\/08\/2020. Generaci\u00f3n de Cr\u00e9ditos &#8211; Expediente 544298W.<\/a><\/p><p><a href=\"https:\/\/aytoanievas.org\/transparencia\/trans_files\/uploads\/APROBACION-DEL-EXPEDIENTE-550178M.pdf\" target=\"_blank\" rel=\"noopener\">02\/09\/2020. Generaci\u00f3n de Cr\u00e9ditos &#8211; Expediente 550178M.<\/a><\/p><p><a href=\"https:\/\/aytoanievas.org\/transparencia\/trans_files\/uploads\/RA_685320Jpdf.pdf\" target=\"_blank\" rel=\"noopener\">29\/12\/2020. Transferencia de Cr\u00e9ditos &#8211; Expediente 685320J.<\/a><\/p><\/div>\n\t\t\t\t<\/div>\n\t\t\t\t\t\t\t<div class=\"elementor-accordion-item\">\n\t\t\t\t\t<div id=\"elementor-tab-title-9934\" class=\"elementor-tab-title\" data-tab=\"4\" role=\"tab\" aria-controls=\"elementor-tab-content-9934\" aria-expanded=\"false\">\n\t\t\t\t\t\t\t\t\t\t\t\t\t<span class=\"elementor-accordion-icon elementor-accordion-icon-left\" aria-hidden=\"true\">\n\t\t\t\t\t\t\t\t\t\t\t\t\t\t\t<span class=\"elementor-accordion-icon-closed\"><i class=\"fas fa-plus\"><\/i><\/span>\n\t\t\t\t\t\t\t\t<span class=\"elementor-accordion-icon-opened\"><i class=\"fas fa-minus\"><\/i><\/span>\n\t\t\t\t\t\t\t\t\t\t\t\t\t\t<\/span>\n\t\t\t\t\t\t\t\t\t\t\t\t<a class=\"elementor-accordion-title\" href=\"\">2019<\/a>\n\t\t\t\t\t<\/div>\n\t\t\t\t\t<div id=\"elementor-tab-content-9934\" class=\"elementor-tab-content elementor-clearfix\" data-tab=\"4\" role=\"tabpanel\" aria-labelledby=\"elementor-tab-title-9934\"><p><a style=\"font-family: Roboto, sans-serif; font-size: 14px; font-weight: 400; background-color: #ffffff;\" href=\"https:\/\/aytoanievas.org\/transparencia\/trans_files\/uploads\/modificaciones-2019.pdf\" target=\"_blank\" rel=\"noopener\">Modificaciones presupuestarias realizadas durante el ejercicio 2019.<\/a>(Archivo en formato PDF).<\/p><p><a href=\"https:\/\/aytoanievas.org\/transparencia\/trans_files\/uploads\/gc_anievas_pueblo_cantabria_2019.pdf\" target=\"_blank\" rel=\"noopener\">Generaci\u00f3n de cr\u00e9ditos por ingresos. Premio Pueblo de Cantabria 2019.<\/a> (Archivo en formato PDF).<\/p><\/div>\n\t\t\t\t<\/div>\n\t\t\t\t\t\t\t<div class=\"elementor-accordion-item\">\n\t\t\t\t\t<div id=\"elementor-tab-title-9935\" class=\"elementor-tab-title\" data-tab=\"5\" role=\"tab\" aria-controls=\"elementor-tab-content-9935\" aria-expanded=\"false\">\n\t\t\t\t\t\t\t\t\t\t\t\t\t<span class=\"elementor-accordion-icon elementor-accordion-icon-left\" aria-hidden=\"true\">\n\t\t\t\t\t\t\t\t\t\t\t\t\t\t\t<span class=\"elementor-accordion-icon-closed\"><i class=\"fas fa-plus\"><\/i><\/span>\n\t\t\t\t\t\t\t\t<span class=\"elementor-accordion-icon-opened\"><i class=\"fas fa-minus\"><\/i><\/span>\n\t\t\t\t\t\t\t\t\t\t\t\t\t\t<\/span>\n\t\t\t\t\t\t\t\t\t\t\t\t<a class=\"elementor-accordion-title\" href=\"\">2018<\/a>\n\t\t\t\t\t<\/div>\n\t\t\t\t\t<div id=\"elementor-tab-content-9935\" class=\"elementor-tab-content elementor-clearfix\" data-tab=\"5\" role=\"tabpanel\" aria-labelledby=\"elementor-tab-title-9935\"><p><a href=\"https:\/\/aytoanievas.org\/transparencia\/trans_files\/uploads\/ModificacionesPresupuestarias_2018.pdf\" target=\"_blank\" style=\"font-family: Roboto, sans-serif; font-size: 14px; font-weight: 400; background-color: rgb(255, 255, 255);\">Modificaciones presupuestarias realizadas durante el ejercicio 2018.<\/a>&nbsp;(Archivo en formato PDF).<\/p><\/div>\n\t\t\t\t<\/div>\n\t\t\t\t\t\t\t<div class=\"elementor-accordion-item\">\n\t\t\t\t\t<div id=\"elementor-tab-title-9936\" class=\"elementor-tab-title\" data-tab=\"6\" role=\"tab\" aria-controls=\"elementor-tab-content-9936\" aria-expanded=\"false\">\n\t\t\t\t\t\t\t\t\t\t\t\t\t<span class=\"elementor-accordion-icon elementor-accordion-icon-left\" aria-hidden=\"true\">\n\t\t\t\t\t\t\t\t\t\t\t\t\t\t\t<span class=\"elementor-accordion-icon-closed\"><i class=\"fas fa-plus\"><\/i><\/span>\n\t\t\t\t\t\t\t\t<span class=\"elementor-accordion-icon-opened\"><i class=\"fas fa-minus\"><\/i><\/span>\n\t\t\t\t\t\t\t\t\t\t\t\t\t\t<\/span>\n\t\t\t\t\t\t\t\t\t\t\t\t<a class=\"elementor-accordion-title\" href=\"\">2017<\/a>\n\t\t\t\t\t<\/div>\n\t\t\t\t\t<div id=\"elementor-tab-content-9936\" class=\"elementor-tab-content elementor-clearfix\" data-tab=\"6\" role=\"tabpanel\" aria-labelledby=\"elementor-tab-title-9936\"><p><a href=\"https:\/\/aytoanievas.org\/transparencia\/trans_files\/uploads\/Mod_presupuestarias-2017.pdf\" target=\"_blank\" style=\"font-family: Roboto, sans-serif; font-size: 14px; font-weight: 400; background-color: rgb(255, 255, 255);\">Modificaciones presupuestarias realizadas durante el ejercicio 2017.<\/a>&nbsp;(Archivo en formato PDF).<\/p><\/div>\n\t\t\t\t<\/div>\n\t\t\t\t\t\t\t<div class=\"elementor-accordion-item\">\n\t\t\t\t\t<div id=\"elementor-tab-title-9937\" class=\"elementor-tab-title\" data-tab=\"7\" role=\"tab\" aria-controls=\"elementor-tab-content-9937\" aria-expanded=\"false\">\n\t\t\t\t\t\t\t\t\t\t\t\t\t<span class=\"elementor-accordion-icon elementor-accordion-icon-left\" aria-hidden=\"true\">\n\t\t\t\t\t\t\t\t\t\t\t\t\t\t\t<span class=\"elementor-accordion-icon-closed\"><i class=\"fas fa-plus\"><\/i><\/span>\n\t\t\t\t\t\t\t\t<span class=\"elementor-accordion-icon-opened\"><i class=\"fas fa-minus\"><\/i><\/span>\n\t\t\t\t\t\t\t\t\t\t\t\t\t\t<\/span>\n\t\t\t\t\t\t\t\t\t\t\t\t<a class=\"elementor-accordion-title\" href=\"\">2016<\/a>\n\t\t\t\t\t<\/div>\n\t\t\t\t\t<div id=\"elementor-tab-content-9937\" class=\"elementor-tab-content elementor-clearfix\" data-tab=\"7\" role=\"tabpanel\" aria-labelledby=\"elementor-tab-title-9937\"><p><a href=\"https:\/\/aytoanievas.org\/transparencia\/trans_files\/uploads\/Modificaciones_Presupuestarias-2016.pdf\" target=\"_blank\" style=\"font-family: Roboto, sans-serif; font-size: 14px; font-weight: 400; background-color: rgb(255, 255, 255);\">Modificaciones presupuestarias realizadas durante el ejercicio 2016.<\/a>(Archivo en formato PDF).<\/p><\/div>\n\t\t\t\t<\/div>\n\t\t\t\t\t\t\t\t<\/div>\n\t\t\t\t<\/div>\n\t\t\t\t<\/div>\n\t\t\t\t\t\t<\/div>\n\t\t\t\t\t<\/div>\n\t\t<\/div>\n\t\t\t\t\t\t\t\t<\/div>\n\t\t\t\t\t<\/div>\n\t\t<\/section>\n\t\t\t\t<section class=\"elementor-section elementor-top-section elementor-element elementor-element-83aeeeb elementor-section-boxed elementor-section-height-default elementor-section-height-default\" data-id=\"83aeeeb\" data-element_type=\"section\">\n\t\t\t\t\t\t<div class=\"elementor-container elementor-column-gap-default\">\n\t\t\t\t\t\t\t<div class=\"elementor-row\">\n\t\t\t\t\t<div class=\"elementor-column elementor-col-100 elementor-top-column elementor-element elementor-element-33c82a2\" data-id=\"33c82a2\" data-element_type=\"column\">\n\t\t\t<div class=\"elementor-column-wrap elementor-element-populated\">\n\t\t\t\t\t\t\t<div class=\"elementor-widget-wrap\">\n\t\t\t\t\t\t<div class=\"elementor-element elementor-element-bafb2c1 elementor-widget elementor-widget-spacer\" data-id=\"bafb2c1\" data-element_type=\"widget\" data-widget_type=\"spacer.default\">\n\t\t\t\t<div class=\"elementor-widget-container\">\n\t\t\t\t\t<div class=\"elementor-spacer\">\n\t\t\t<div class=\"elementor-spacer-inner\"><\/div>\n\t\t<\/div>\n\t\t\t\t<\/div>\n\t\t\t\t<\/div>\n\t\t\t\t\t\t<\/div>\n\t\t\t\t\t<\/div>\n\t\t<\/div>\n\t\t\t\t\t\t\t\t<\/div>\n\t\t\t\t\t<\/div>\n\t\t<\/section>\n\t\t\t\t\t\t\t\t\t<\/div>\n\t\t\t<\/div>\n\t\t\t\t\t<\/div>\n\t\t","protected":false},"excerpt":{"rendered":"<p>MODIFICACIONES PRESUPUESTARIAS Las modificaciones de cr\u00e9dito que podr\u00e1n ser realizadas en los Presupuestos de gastos de la Entidad y de sus Organismos aut\u00f3nomos son los siguientes: \u00a0\u00a0\u00a0 a) Cr\u00e9ditos extraordinarios. \u00a0\u00a0\u00a0 b) Suplementos de cr\u00e9ditos. \u00a0\u00a0\u00a0 c) Ampliaciones de cr\u00e9dito. \u00a0\u00a0\u00a0 d) Transferencias de cr\u00e9dito. \u00a0\u00a0\u00a0 e) Generaci\u00f3n de cr\u00e9ditos por ingresos. \u00a0\u00a0\u00a0 f) Incorporaci\u00f3n [&hellip;]<\/p>\n","protected":false},"author":1,"featured_media":0,"parent":0,"menu_order":0,"comment_status":"closed","ping_status":"closed","template":"","meta":[],"_links":{"self":[{"href":"https:\/\/aytoanievas.org\/transparencia\/wp-json\/wp\/v2\/pages\/1234"}],"collection":[{"href":"https:\/\/aytoanievas.org\/transparencia\/wp-json\/wp\/v2\/pages"}],"about":[{"href":"https:\/\/aytoanievas.org\/transparencia\/wp-json\/wp\/v2\/types\/page"}],"author":[{"embeddable":true,"href":"https:\/\/aytoanievas.org\/transparencia\/wp-json\/wp\/v2\/users\/1"}],"replies":[{"embeddable":true,"href":"https:\/\/aytoanievas.org\/transparencia\/wp-json\/wp\/v2\/comments?post=1234"}],"version-history":[{"count":39,"href":"https:\/\/aytoanievas.org\/transparencia\/wp-json\/wp\/v2\/pages\/1234\/revisions"}],"predecessor-version":[{"id":3959,"href":"https:\/\/aytoanievas.org\/transparencia\/wp-json\/wp\/v2\/pages\/1234\/revisions\/3959"}],"wp:attachment":[{"href":"https:\/\/aytoanievas.org\/transparencia\/wp-json\/wp\/v2\/media?parent=1234"}],"curies":[{"name":"wp","href":"https:\/\/api.w.org\/{rel}","templated":true}]}}