{"id":1214,"date":"2020-05-04T09:16:40","date_gmt":"2020-05-04T09:16:40","guid":{"rendered":"https:\/\/aytoanievas.org\/transparencia\/?page_id=1214"},"modified":"2021-10-08T07:35:58","modified_gmt":"2021-10-08T07:35:58","slug":"cuenta_general","status":"publish","type":"page","link":"https:\/\/aytoanievas.org\/transparencia\/cuenta_general\/","title":{"rendered":"Cuenta General"},"content":{"rendered":"\t\t<div data-elementor-type=\"wp-page\" data-elementor-id=\"1214\" class=\"elementor elementor-1214\">\n\t\t\t\t\t\t<div class=\"elementor-inner\">\n\t\t\t\t<div class=\"elementor-section-wrap\">\n\t\t\t\t\t\t\t\t\t<section class=\"elementor-section elementor-top-section elementor-element elementor-element-635e2ed elementor-section-boxed elementor-section-height-default elementor-section-height-default\" data-id=\"635e2ed\" data-element_type=\"section\">\n\t\t\t\t\t\t<div class=\"elementor-container elementor-column-gap-default\">\n\t\t\t\t\t\t\t<div class=\"elementor-row\">\n\t\t\t\t\t<div class=\"elementor-column elementor-col-100 elementor-top-column elementor-element elementor-element-3c748e8\" data-id=\"3c748e8\" data-element_type=\"column\">\n\t\t\t<div class=\"elementor-column-wrap elementor-element-populated\">\n\t\t\t\t\t\t\t<div class=\"elementor-widget-wrap\">\n\t\t\t\t\t\t<div class=\"elementor-element elementor-element-89f309a elementor-widget elementor-widget-text-editor\" data-id=\"89f309a\" data-element_type=\"widget\" data-widget_type=\"text-editor.default\">\n\t\t\t\t<div class=\"elementor-widget-container\">\n\t\t\t\t\t\t\t\t<div class=\"elementor-text-editor elementor-clearfix\">\n\t\t\t\t<p id=\"u36873-2\"><strong>CUENTA GENERAL<\/strong><\/p><p id=\"u36873-5\">Las entidades locales, a la terminaci\u00f3n del ejercicio presupuestario, formar\u00e1n la cuenta general que pondr\u00e1 de manifiesto la gesti\u00f3n realizada en los aspectos econ\u00f3mico, financiero, patrimonial y presupuestario.<\/p><p id=\"u36873-8\">La cuenta general estar\u00e1 integrada por:<\/p><p id=\"u36873-11\">\u00a0\u00a0\u00a0 a) La de la propia entidad.<\/p><p id=\"u36873-13\">\u00a0\u00a0\u00a0 b) La de los organismos aut\u00f3nomos.<\/p><p id=\"u36873-15\">\u00a0\u00a0\u00a0 c) Las de las sociedades mercantiles de capital \u00edntegramente propiedad de las entidades locales.<\/p><p id=\"u36873-18\">Las cuentas a que se refieren los p\u00e1rrafos a) y b) del apartado anterior reflejar\u00e1n la situaci\u00f3n econ\u00f3mico- financiera y patrimonial, los resultados econ\u00f3mico- patrimoniales y la ejecuci\u00f3n y liquidaci\u00f3n de los presupuestos.<\/p><p id=\"u36873-21\">Para las entidades locales con tratamiento contable simplificado, se establecer\u00e1n modelos simplificados de cuentas que reflejar\u00e1n, en todo caso, la situaci\u00f3n financiera y la ejecuci\u00f3n y liquidaci\u00f3n de los presupuestos.<\/p><p id=\"u36873-24\">Las cuentas a que se refiere el apartado 1.c) anterior ser\u00e1n, en todo caso, las que deban elaborarse de acuerdo con la normativa mercantil.<\/p><p id=\"u36873-27\">Las entidades locales unir\u00e1n a la cuenta general los estados integrados y consolidados de las distintas cuentas que determine el Pleno de la corporaci\u00f3n.<\/p><p><strong>CONSULTA DE RENDICI\u00d3N DE CUENTAS EN LA WEB DEL TRIBUNAL DE CUENTAS<\/strong><\/p><p>Puede consultar las cuentas anuales que el Ayuntamiento de Anievas ha ido remitiendo al Tribunal de Cuentas a trav\u00e9s del siguiente enlace:<\/p><p><a href=\"https:\/\/www.rendiciondecuentas.es\/es\/consultadeentidadesycuentas\/buscarCuentas\/index.html?ref=ce&amp;idEntidad=5756&amp;idComunidadAutonoma=6&amp;idProvincia=39&amp;idTipoEntidad=A&amp;denominacion=Anievas\" target=\"_blank\" rel=\"noopener\">Enlace a Rendici\u00f3n de Cuentas.<\/a><\/p><p>Tiene la posibilidad de descargar la documentaci\u00f3n de la Cuenta General en archivos de formato PDF y tambi\u00e9n puede consultar la Cuenta General de cada ejercicio a trav\u00e9s de la propia web del Tribunal de Cuentas. En este \u00faltimo caso solo se muestran los \u00faltimos ejercicios.<\/p>\t\t\t\t\t<\/div>\n\t\t\t\t\t\t<\/div>\n\t\t\t\t<\/div>\n\t\t\t\t\t\t<\/div>\n\t\t\t\t\t<\/div>\n\t\t<\/div>\n\t\t\t\t\t\t\t\t<\/div>\n\t\t\t\t\t<\/div>\n\t\t<\/section>\n\t\t\t\t<section class=\"elementor-section elementor-top-section elementor-element elementor-element-cc663a4 elementor-section-boxed elementor-section-height-default elementor-section-height-default\" data-id=\"cc663a4\" data-element_type=\"section\">\n\t\t\t\t\t\t<div class=\"elementor-container elementor-column-gap-default\">\n\t\t\t\t\t\t\t<div class=\"elementor-row\">\n\t\t\t\t\t<div class=\"elementor-column elementor-col-100 elementor-top-column elementor-element elementor-element-84c575f\" data-id=\"84c575f\" data-element_type=\"column\">\n\t\t\t<div class=\"elementor-column-wrap elementor-element-populated\">\n\t\t\t\t\t\t\t<div class=\"elementor-widget-wrap\">\n\t\t\t\t\t\t<div class=\"elementor-element elementor-element-2d6002c elementor-widget elementor-widget-spacer\" data-id=\"2d6002c\" data-element_type=\"widget\" data-widget_type=\"spacer.default\">\n\t\t\t\t<div class=\"elementor-widget-container\">\n\t\t\t\t\t<div class=\"elementor-spacer\">\n\t\t\t<div class=\"elementor-spacer-inner\"><\/div>\n\t\t<\/div>\n\t\t\t\t<\/div>\n\t\t\t\t<\/div>\n\t\t\t\t\t\t<\/div>\n\t\t\t\t\t<\/div>\n\t\t<\/div>\n\t\t\t\t\t\t\t\t<\/div>\n\t\t\t\t\t<\/div>\n\t\t<\/section>\n\t\t\t\t<section class=\"elementor-section elementor-top-section elementor-element elementor-element-eaab648 elementor-section-boxed elementor-section-height-default elementor-section-height-default\" data-id=\"eaab648\" data-element_type=\"section\">\n\t\t\t\t\t\t<div class=\"elementor-container elementor-column-gap-default\">\n\t\t\t\t\t\t\t<div class=\"elementor-row\">\n\t\t\t\t\t<div class=\"elementor-column elementor-col-100 elementor-top-column elementor-element elementor-element-22c423c\" data-id=\"22c423c\" data-element_type=\"column\">\n\t\t\t<div class=\"elementor-column-wrap elementor-element-populated\">\n\t\t\t\t\t\t\t<div class=\"elementor-widget-wrap\">\n\t\t\t\t\t\t<div class=\"elementor-element elementor-element-b2061af elementor-align-center elementor-invisible elementor-widget elementor-widget-button\" data-id=\"b2061af\" data-element_type=\"widget\" data-settings=\"{&quot;_animation&quot;:&quot;zoomIn&quot;}\" data-widget_type=\"button.default\">\n\t\t\t\t<div class=\"elementor-widget-container\">\n\t\t\t\t\t<div class=\"elementor-button-wrapper\">\n\t\t\t<a href=\"https:\/\/www.rendiciondecuentas.es\/es\/consultadeentidadesycuentas\/buscarCuentas\/consultarCuenta.html?idEntidad=5741&#038;ejercicio=2020\" target=\"_blank\" class=\"elementor-button-link elementor-button elementor-size-md elementor-animation-grow\" role=\"button\">\n\t\t\t\t\t\t<span class=\"elementor-button-content-wrapper\">\n\t\t\t\t\t\t\t<span class=\"elementor-button-icon elementor-align-icon-left\">\n\t\t\t\t<i aria-hidden=\"true\" class=\"fas fa-file-pdf\"><\/i>\t\t\t<\/span>\n\t\t\t\t\t\t<span class=\"elementor-button-text\">CUENTA GENERAL 2020<\/span>\n\t\t<\/span>\n\t\t\t\t\t<\/a>\n\t\t<\/div>\n\t\t\t\t<\/div>\n\t\t\t\t<\/div>\n\t\t\t\t\t\t<\/div>\n\t\t\t\t\t<\/div>\n\t\t<\/div>\n\t\t\t\t\t\t\t\t<\/div>\n\t\t\t\t\t<\/div>\n\t\t<\/section>\n\t\t\t\t<section class=\"elementor-section elementor-top-section elementor-element elementor-element-3211e6a elementor-section-boxed elementor-section-height-default elementor-section-height-default\" data-id=\"3211e6a\" data-element_type=\"section\">\n\t\t\t\t\t\t<div class=\"elementor-container elementor-column-gap-default\">\n\t\t\t\t\t\t\t<div class=\"elementor-row\">\n\t\t\t\t\t<div class=\"elementor-column elementor-col-100 elementor-top-column elementor-element elementor-element-f977729\" data-id=\"f977729\" data-element_type=\"column\">\n\t\t\t<div class=\"elementor-column-wrap elementor-element-populated\">\n\t\t\t\t\t\t\t<div class=\"elementor-widget-wrap\">\n\t\t\t\t\t\t<div class=\"elementor-element elementor-element-ff067e6 elementor-align-center elementor-invisible elementor-widget elementor-widget-button\" data-id=\"ff067e6\" data-element_type=\"widget\" data-settings=\"{&quot;_animation&quot;:&quot;zoomIn&quot;}\" data-widget_type=\"button.default\">\n\t\t\t\t<div class=\"elementor-widget-container\">\n\t\t\t\t\t<div class=\"elementor-button-wrapper\">\n\t\t\t<a href=\"https:\/\/www.rendiciondecuentas.es\/es\/consultadeentidadesycuentas\/buscarCuentas\/consultarCuenta.html?idEntidad=5741&#038;ejercicio=2019\" target=\"_blank\" class=\"elementor-button-link elementor-button elementor-size-md elementor-animation-grow\" role=\"button\">\n\t\t\t\t\t\t<span class=\"elementor-button-content-wrapper\">\n\t\t\t\t\t\t\t<span class=\"elementor-button-icon elementor-align-icon-left\">\n\t\t\t\t<i aria-hidden=\"true\" class=\"fas fa-file-pdf\"><\/i>\t\t\t<\/span>\n\t\t\t\t\t\t<span class=\"elementor-button-text\">CUENTA GENERAL 2019<\/span>\n\t\t<\/span>\n\t\t\t\t\t<\/a>\n\t\t<\/div>\n\t\t\t\t<\/div>\n\t\t\t\t<\/div>\n\t\t\t\t\t\t<\/div>\n\t\t\t\t\t<\/div>\n\t\t<\/div>\n\t\t\t\t\t\t\t\t<\/div>\n\t\t\t\t\t<\/div>\n\t\t<\/section>\n\t\t\t\t<section class=\"elementor-section elementor-top-section elementor-element elementor-element-6ea858d elementor-section-boxed elementor-section-height-default elementor-section-height-default\" data-id=\"6ea858d\" data-element_type=\"section\">\n\t\t\t\t\t\t<div class=\"elementor-container elementor-column-gap-default\">\n\t\t\t\t\t\t\t<div class=\"elementor-row\">\n\t\t\t\t\t<div class=\"elementor-column elementor-col-100 elementor-top-column elementor-element elementor-element-171f52b\" data-id=\"171f52b\" data-element_type=\"column\">\n\t\t\t<div class=\"elementor-column-wrap elementor-element-populated\">\n\t\t\t\t\t\t\t<div class=\"elementor-widget-wrap\">\n\t\t\t\t\t\t<div class=\"elementor-element elementor-element-1e1a6ec elementor-align-center elementor-invisible elementor-widget elementor-widget-button\" data-id=\"1e1a6ec\" data-element_type=\"widget\" data-settings=\"{&quot;_animation&quot;:&quot;zoomIn&quot;}\" data-widget_type=\"button.default\">\n\t\t\t\t<div class=\"elementor-widget-container\">\n\t\t\t\t\t<div class=\"elementor-button-wrapper\">\n\t\t\t<a href=\"https:\/\/www.rendiciondecuentas.es\/es\/consultadeentidadesycuentas\/buscarCuentas\/consultarCuenta.html?idEntidad=5741&#038;ejercicio=2018\" target=\"_blank\" class=\"elementor-button-link elementor-button elementor-size-md elementor-animation-grow\" role=\"button\">\n\t\t\t\t\t\t<span class=\"elementor-button-content-wrapper\">\n\t\t\t\t\t\t\t<span class=\"elementor-button-icon elementor-align-icon-left\">\n\t\t\t\t<i aria-hidden=\"true\" class=\"fas fa-file-pdf\"><\/i>\t\t\t<\/span>\n\t\t\t\t\t\t<span class=\"elementor-button-text\">CUENTA GENERAL 2018<\/span>\n\t\t<\/span>\n\t\t\t\t\t<\/a>\n\t\t<\/div>\n\t\t\t\t<\/div>\n\t\t\t\t<\/div>\n\t\t\t\t\t\t<\/div>\n\t\t\t\t\t<\/div>\n\t\t<\/div>\n\t\t\t\t\t\t\t\t<\/div>\n\t\t\t\t\t<\/div>\n\t\t<\/section>\n\t\t\t\t<section class=\"elementor-section elementor-top-section elementor-element elementor-element-bb48576 elementor-section-boxed elementor-section-height-default elementor-section-height-default\" data-id=\"bb48576\" data-element_type=\"section\">\n\t\t\t\t\t\t<div class=\"elementor-container elementor-column-gap-default\">\n\t\t\t\t\t\t\t<div class=\"elementor-row\">\n\t\t\t\t\t<div class=\"elementor-column elementor-col-100 elementor-top-column elementor-element elementor-element-28193fc\" data-id=\"28193fc\" data-element_type=\"column\">\n\t\t\t<div class=\"elementor-column-wrap elementor-element-populated\">\n\t\t\t\t\t\t\t<div class=\"elementor-widget-wrap\">\n\t\t\t\t\t\t<div class=\"elementor-element elementor-element-7a1ac1d elementor-align-center elementor-invisible elementor-widget elementor-widget-button\" data-id=\"7a1ac1d\" data-element_type=\"widget\" data-settings=\"{&quot;_animation&quot;:&quot;zoomIn&quot;}\" data-widget_type=\"button.default\">\n\t\t\t\t<div class=\"elementor-widget-container\">\n\t\t\t\t\t<div class=\"elementor-button-wrapper\">\n\t\t\t<a href=\"https:\/\/www.rendiciondecuentas.es\/es\/consultadeentidadesycuentas\/buscarCuentas\/consultarCuenta.html?idEntidad=5741&#038;ejercicio=2017\" target=\"_blank\" class=\"elementor-button-link elementor-button elementor-size-md elementor-animation-grow\" role=\"button\">\n\t\t\t\t\t\t<span class=\"elementor-button-content-wrapper\">\n\t\t\t\t\t\t\t<span class=\"elementor-button-icon elementor-align-icon-left\">\n\t\t\t\t<i aria-hidden=\"true\" class=\"fas fa-file-pdf\"><\/i>\t\t\t<\/span>\n\t\t\t\t\t\t<span class=\"elementor-button-text\">CUENTA GENERAL 2017<\/span>\n\t\t<\/span>\n\t\t\t\t\t<\/a>\n\t\t<\/div>\n\t\t\t\t<\/div>\n\t\t\t\t<\/div>\n\t\t\t\t\t\t<\/div>\n\t\t\t\t\t<\/div>\n\t\t<\/div>\n\t\t\t\t\t\t\t\t<\/div>\n\t\t\t\t\t<\/div>\n\t\t<\/section>\n\t\t\t\t<section class=\"elementor-section elementor-top-section elementor-element elementor-element-d3b9ad6 elementor-section-boxed elementor-section-height-default elementor-section-height-default\" data-id=\"d3b9ad6\" data-element_type=\"section\">\n\t\t\t\t\t\t<div class=\"elementor-container elementor-column-gap-default\">\n\t\t\t\t\t\t\t<div class=\"elementor-row\">\n\t\t\t\t\t<div class=\"elementor-column elementor-col-100 elementor-top-column elementor-element elementor-element-fb489a9\" data-id=\"fb489a9\" data-element_type=\"column\">\n\t\t\t<div class=\"elementor-column-wrap elementor-element-populated\">\n\t\t\t\t\t\t\t<div class=\"elementor-widget-wrap\">\n\t\t\t\t\t\t<div class=\"elementor-element elementor-element-0f08c64 elementor-align-center elementor-invisible elementor-widget elementor-widget-button\" data-id=\"0f08c64\" data-element_type=\"widget\" data-settings=\"{&quot;_animation&quot;:&quot;zoomIn&quot;}\" data-widget_type=\"button.default\">\n\t\t\t\t<div class=\"elementor-widget-container\">\n\t\t\t\t\t<div class=\"elementor-button-wrapper\">\n\t\t\t<a href=\"https:\/\/www.rendiciondecuentas.es\/es\/consultadeentidadesycuentas\/buscarCuentas\/consultarCuenta.html?idEntidad=5756&#038;ejercicio=2016\" target=\"_blank\" class=\"elementor-button-link elementor-button elementor-size-md elementor-animation-grow\" role=\"button\">\n\t\t\t\t\t\t<span class=\"elementor-button-content-wrapper\">\n\t\t\t\t\t\t\t<span class=\"elementor-button-icon elementor-align-icon-left\">\n\t\t\t\t<i aria-hidden=\"true\" class=\"fas fa-file-pdf\"><\/i>\t\t\t<\/span>\n\t\t\t\t\t\t<span class=\"elementor-button-text\">CUENTA GENERAL 2016<\/span>\n\t\t<\/span>\n\t\t\t\t\t<\/a>\n\t\t<\/div>\n\t\t\t\t<\/div>\n\t\t\t\t<\/div>\n\t\t\t\t\t\t<\/div>\n\t\t\t\t\t<\/div>\n\t\t<\/div>\n\t\t\t\t\t\t\t\t<\/div>\n\t\t\t\t\t<\/div>\n\t\t<\/section>\n\t\t\t\t\t\t\t\t\t<\/div>\n\t\t\t<\/div>\n\t\t\t\t\t<\/div>\n\t\t","protected":false},"excerpt":{"rendered":"<p>CUENTA GENERAL Las entidades locales, a la terminaci\u00f3n del ejercicio presupuestario, formar\u00e1n la cuenta general que pondr\u00e1 de manifiesto la gesti\u00f3n realizada en los aspectos econ\u00f3mico, financiero, patrimonial y presupuestario. La cuenta general estar\u00e1 integrada por: \u00a0\u00a0\u00a0 a) La de la propia entidad. \u00a0\u00a0\u00a0 b) La de los organismos aut\u00f3nomos. \u00a0\u00a0\u00a0 c) Las de las [&hellip;]<\/p>\n","protected":false},"author":1,"featured_media":0,"parent":0,"menu_order":0,"comment_status":"closed","ping_status":"closed","template":"","meta":[],"_links":{"self":[{"href":"https:\/\/aytoanievas.org\/transparencia\/wp-json\/wp\/v2\/pages\/1214"}],"collection":[{"href":"https:\/\/aytoanievas.org\/transparencia\/wp-json\/wp\/v2\/pages"}],"about":[{"href":"https:\/\/aytoanievas.org\/transparencia\/wp-json\/wp\/v2\/types\/page"}],"author":[{"embeddable":true,"href":"https:\/\/aytoanievas.org\/transparencia\/wp-json\/wp\/v2\/users\/1"}],"replies":[{"embeddable":true,"href":"https:\/\/aytoanievas.org\/transparencia\/wp-json\/wp\/v2\/comments?post=1214"}],"version-history":[{"count":20,"href":"https:\/\/aytoanievas.org\/transparencia\/wp-json\/wp\/v2\/pages\/1214\/revisions"}],"predecessor-version":[{"id":3668,"href":"https:\/\/aytoanievas.org\/transparencia\/wp-json\/wp\/v2\/pages\/1214\/revisions\/3668"}],"wp:attachment":[{"href":"https:\/\/aytoanievas.org\/transparencia\/wp-json\/wp\/v2\/media?parent=1214"}],"curies":[{"name":"wp","href":"https:\/\/api.w.org\/{rel}","templated":true}]}}