{"id":1211,"date":"2020-05-04T09:05:15","date_gmt":"2020-05-04T09:05:15","guid":{"rendered":"https:\/\/aytoanievas.org\/transparencia\/?page_id=1211"},"modified":"2020-05-29T17:16:06","modified_gmt":"2020-05-29T17:16:06","slug":"catalogo","status":"publish","type":"page","link":"https:\/\/aytoanievas.org\/transparencia\/catalogo\/","title":{"rendered":"Cat\u00e1logo de Edificaciones en Suelo R\u00fastico"},"content":{"rendered":"\t\t<div data-elementor-type=\"wp-page\" data-elementor-id=\"1211\" class=\"elementor elementor-1211\">\n\t\t\t\t\t\t<div class=\"elementor-inner\">\n\t\t\t\t<div class=\"elementor-section-wrap\">\n\t\t\t\t\t\t\t\t\t<section class=\"elementor-section elementor-top-section elementor-element elementor-element-635e2ed elementor-section-boxed elementor-section-height-default elementor-section-height-default\" data-id=\"635e2ed\" data-element_type=\"section\">\n\t\t\t\t\t\t<div class=\"elementor-container elementor-column-gap-default\">\n\t\t\t\t\t\t\t<div class=\"elementor-row\">\n\t\t\t\t\t<div class=\"elementor-column elementor-col-100 elementor-top-column elementor-element elementor-element-3c748e8\" data-id=\"3c748e8\" data-element_type=\"column\">\n\t\t\t<div class=\"elementor-column-wrap elementor-element-populated\">\n\t\t\t\t\t\t\t<div class=\"elementor-widget-wrap\">\n\t\t\t\t\t\t<div class=\"elementor-element elementor-element-89f309a elementor-widget elementor-widget-text-editor\" data-id=\"89f309a\" data-element_type=\"widget\" data-widget_type=\"text-editor.default\">\n\t\t\t\t<div class=\"elementor-widget-container\">\n\t\t\t\t\t\t\t\t<div class=\"elementor-text-editor elementor-clearfix\">\n\t\t\t\t<p><strong>CAT\u00c1LOGO DE EDIFICACIONES EN SUELO R\u00daSTICO<\/strong><\/p><p>\u00a0<\/p><p>El Cat\u00e1logo de Edificaciones en Suelo R\u00fastico ser\u00e1 formulado por el Ayuntamiento y aprobado inicialmente por el Pleno de la Corporaci\u00f3n municipal, sometido a continuaci\u00f3n a informaci\u00f3n p\u00fablica por un periodo de treinta d\u00edas y anuncio en el Bolet\u00edn Oficial de Cantabria, remiti\u00e9ndose con posterioridad a la Comisi\u00f3n Regional de Ordenaci\u00f3n del Territorio y Urbanismo para informe vinculante, previo a la aprobaci\u00f3n definitiva por el Pleno de la Corporaci\u00f3n municipal. Finalmente, se publicar\u00e1 en el Bolet\u00edn Oficial de Cantabria.<\/p><p>La Comisi\u00f3n Regional de Ordenaci\u00f3n del Territorio y Urbanismo emitir\u00e1 su informe en el plazo de tres meses, transcurrido el cual el informe se considerar\u00e1 favorable.<\/p><p>Previo estudio del entorno rural del municipio y de las edificaciones que en \u00e9l se hallen, el Cat\u00e1logo habr\u00e1 de se\u00f1alar cu\u00e1les son las caracter\u00edsticas arquitect\u00f3nicas, tipol\u00f3gicas y constructivas propias de una edificaci\u00f3n rural del entorno exigible a las edificaciones incluidas en el mismo, identificando en fichas espec\u00edficas las edificaciones que posean esas caracter\u00edsticas. Dada su naturaleza de acto administrativo, no podr\u00e1 incorporar ordenanzas ni otras normas que disciplinen los usos autorizables, que ser\u00e1n los que autoricen la ley y el planeamiento, pero s\u00ed podr\u00e1 incorporar las afecciones derivadas de la legislaci\u00f3n sectorial que ata\u00f1an a las edificaciones catalogadas con car\u00e1cter meramente informativo, y sin que la ausencia de incorporaci\u00f3n de tales afecciones suponga la inexistencia de las mismas.<\/p><p>Si se incorporase al Cat\u00e1logo de Edificaciones en Suelo R\u00fastico alguna edificaci\u00f3n que est\u00e9 fuera de ordenaci\u00f3n, \u00e9sta se regir\u00e1 por lo establecido con car\u00e1cter general en el art\u00edculo 88 de la presente Ley. El Cat\u00e1logo no podr\u00e1 incluir edificaciones construidas ilegalmente, pero su inclusi\u00f3n no prejuzga la legalidad de las mismas.<\/p>\t\t\t\t\t<\/div>\n\t\t\t\t\t\t<\/div>\n\t\t\t\t<\/div>\n\t\t\t\t\t\t<\/div>\n\t\t\t\t\t<\/div>\n\t\t<\/div>\n\t\t\t\t\t\t\t\t<\/div>\n\t\t\t\t\t<\/div>\n\t\t<\/section>\n\t\t\t\t<section class=\"elementor-section elementor-top-section elementor-element elementor-element-cc663a4 elementor-section-boxed elementor-section-height-default elementor-section-height-default\" data-id=\"cc663a4\" data-element_type=\"section\">\n\t\t\t\t\t\t<div class=\"elementor-container elementor-column-gap-default\">\n\t\t\t\t\t\t\t<div class=\"elementor-row\">\n\t\t\t\t\t<div class=\"elementor-column elementor-col-100 elementor-top-column elementor-element elementor-element-84c575f\" data-id=\"84c575f\" data-element_type=\"column\">\n\t\t\t<div class=\"elementor-column-wrap elementor-element-populated\">\n\t\t\t\t\t\t\t<div class=\"elementor-widget-wrap\">\n\t\t\t\t\t\t<div class=\"elementor-element elementor-element-2d6002c elementor-widget elementor-widget-spacer\" data-id=\"2d6002c\" data-element_type=\"widget\" data-widget_type=\"spacer.default\">\n\t\t\t\t<div class=\"elementor-widget-container\">\n\t\t\t\t\t<div class=\"elementor-spacer\">\n\t\t\t<div class=\"elementor-spacer-inner\"><\/div>\n\t\t<\/div>\n\t\t\t\t<\/div>\n\t\t\t\t<\/div>\n\t\t\t\t\t\t<\/div>\n\t\t\t\t\t<\/div>\n\t\t<\/div>\n\t\t\t\t\t\t\t\t<\/div>\n\t\t\t\t\t<\/div>\n\t\t<\/section>\n\t\t\t\t\t\t\t\t\t<\/div>\n\t\t\t<\/div>\n\t\t\t\t\t<\/div>\n\t\t","protected":false},"excerpt":{"rendered":"<p>CAT\u00c1LOGO DE EDIFICACIONES EN SUELO R\u00daSTICO \u00a0 El Cat\u00e1logo de Edificaciones en Suelo R\u00fastico ser\u00e1 formulado por el Ayuntamiento y aprobado inicialmente por el Pleno de la Corporaci\u00f3n municipal, sometido a continuaci\u00f3n a informaci\u00f3n p\u00fablica por un periodo de treinta d\u00edas y anuncio en el Bolet\u00edn Oficial de Cantabria, remiti\u00e9ndose con posterioridad a la Comisi\u00f3n [&hellip;]<\/p>\n","protected":false},"author":1,"featured_media":0,"parent":0,"menu_order":0,"comment_status":"closed","ping_status":"closed","template":"","meta":[],"_links":{"self":[{"href":"https:\/\/aytoanievas.org\/transparencia\/wp-json\/wp\/v2\/pages\/1211"}],"collection":[{"href":"https:\/\/aytoanievas.org\/transparencia\/wp-json\/wp\/v2\/pages"}],"about":[{"href":"https:\/\/aytoanievas.org\/transparencia\/wp-json\/wp\/v2\/types\/page"}],"author":[{"embeddable":true,"href":"https:\/\/aytoanievas.org\/transparencia\/wp-json\/wp\/v2\/users\/1"}],"replies":[{"embeddable":true,"href":"https:\/\/aytoanievas.org\/transparencia\/wp-json\/wp\/v2\/comments?post=1211"}],"version-history":[{"count":3,"href":"https:\/\/aytoanievas.org\/transparencia\/wp-json\/wp\/v2\/pages\/1211\/revisions"}],"predecessor-version":[{"id":2239,"href":"https:\/\/aytoanievas.org\/transparencia\/wp-json\/wp\/v2\/pages\/1211\/revisions\/2239"}],"wp:attachment":[{"href":"https:\/\/aytoanievas.org\/transparencia\/wp-json\/wp\/v2\/media?parent=1211"}],"curies":[{"name":"wp","href":"https:\/\/api.w.org\/{rel}","templated":true}]}}