{"id":1204,"date":"2020-05-04T08:57:31","date_gmt":"2020-05-04T08:57:31","guid":{"rendered":"https:\/\/aytoanievas.org\/transparencia\/?page_id=1204"},"modified":"2020-07-01T16:14:24","modified_gmt":"2020-07-01T16:14:24","slug":"normativa","status":"publish","type":"page","link":"https:\/\/aytoanievas.org\/transparencia\/normativa\/","title":{"rendered":"Normativa Urban\u00edstica"},"content":{"rendered":"\t\t<div data-elementor-type=\"wp-page\" data-elementor-id=\"1204\" class=\"elementor elementor-1204\">\n\t\t\t\t\t\t<div class=\"elementor-inner\">\n\t\t\t\t<div class=\"elementor-section-wrap\">\n\t\t\t\t\t\t\t\t\t<section class=\"elementor-section elementor-top-section elementor-element elementor-element-a03d36e elementor-section-boxed elementor-section-height-default elementor-section-height-default\" data-id=\"a03d36e\" data-element_type=\"section\">\n\t\t\t\t\t\t<div class=\"elementor-container elementor-column-gap-default\">\n\t\t\t\t\t\t\t<div class=\"elementor-row\">\n\t\t\t\t\t<div class=\"elementor-column elementor-col-100 elementor-top-column elementor-element elementor-element-3c15845\" data-id=\"3c15845\" data-element_type=\"column\">\n\t\t\t<div class=\"elementor-column-wrap elementor-element-populated\">\n\t\t\t\t\t\t\t<div class=\"elementor-widget-wrap\">\n\t\t\t\t\t\t<div class=\"elementor-element elementor-element-cc21bca elementor-widget elementor-widget-text-editor\" data-id=\"cc21bca\" data-element_type=\"widget\" data-widget_type=\"text-editor.default\">\n\t\t\t\t<div class=\"elementor-widget-container\">\n\t\t\t\t\t\t\t\t<div class=\"elementor-text-editor elementor-clearfix\">\n\t\t\t\t<p id=\"u42277-5\"><strong>NORMATIVA\u00a0 DE APLICACI\u00d3N<\/strong><\/p><p><br \/>Cantabria, como otras Comunidades Aut\u00f3nomas tras la destacada Sentencia del TC de 20 de marzo de 1997, aprob\u00f3 una Ley de car\u00e1cter provisional para salvar la situaci\u00f3n derivada de dicha Sentencia. Se trataba de adoptar una medida provisional que, por las razones que en la Exposici\u00f3n de Motivos de dicha Ley se explican, supon\u00eda \u00abrescatar\u00bb el Derecho estatal anulado por razones exclusivamente competenciales en la STC 61\/1997, esto es, el Texto Refundido de 1992. Esa fue la raz\u00f3n y la justificaci\u00f3n de la Ley 1\/1997, de 25 de abril, de Medidas Urgentes en materia de R\u00e9gimen del Suelo y Ordenaci\u00f3n Urbana.<\/p><p id=\"u42277-10\">El car\u00e1cter provisional de la medida y el hecho de que con posterioridad se aprobara la Ley 6\/1998, de 13 de abril, de r\u00e9gimen del suelo y valoraciones, impon\u00eda la necesidad de un texto legislativo propio que abordara con pretensi\u00f3n de complitud el Derecho Urban\u00edstico propiamente dicho, esto es, lo que hasta el momento ha sido objeto del Derecho estatal preexistente. El resultado es la Ley de Cantabria 2\/2001, de 25 de junio, de Ordenaci\u00f3n Territorial y R\u00e9gimen Urban\u00edstico del Suelo de Cantabria.<\/p><p>\u00a0<\/p><p><strong>NORMAS URBAN\u00cdSTICAS REGIONALES<\/strong><\/p><p>Los objetivos de las NUR aprobadas inicialmente son fijar unas pautas normativas en lo referente al uso, as\u00ed como conservar y mantener la integridad territorial Cantabria. Marcan criterios de clasificaci\u00f3n y actuaci\u00f3n en terreno r\u00fastico y urbano, regulan usos en el suelo r\u00fastico, establecen par\u00e1metros edificaci\u00f3n, orientan la intervenci\u00f3n urban\u00edstica. En especial, fijan tipolog\u00edas constructivas, vol\u00famenes, alturas, plantas, ocupaciones, medianer\u00edas, distancias, revestidos, materiales, vegetaci\u00f3n y dem\u00e1s circunstancias urban\u00edsticas de dise\u00f1o. As\u00edmismo incorporan medidas de conservaci\u00f3n de recursos naturales, el medio ambiente y el patrimonio cultural.<\/p><p>Las NUR se han redactado en base a un conjunto de estudios que definen los elementos fundamentales de la estructura general y organizaci\u00f3n del territorio. Para ello describen pormenorizadamente aspectos como los procesos demogr\u00e1ficos, los modelos de intervenci\u00f3n en el suelo r\u00fastico, el ritmo de construcci\u00f3n de viviendas, los elementos del patrimonio territorial, el paisaje o la morfolog\u00eda de los n\u00facleos de poblaci\u00f3n, lo que ha permitido caracterizar las especificidades y riqueza de matices del territorio regional.<\/p><p>Dentro del principio rector de salvaguarda de los valores del territorio, las NUR dedican una mirada especialmente atenta a la actividad agraria desde la perspectiva de la multifuncionalidad de estos espacios, en sinton\u00eda con los ejes rectores de la Pol\u00edtica Agr\u00edcola Com\u00fan europea. Con ello, las NUR contribuyen a crear las bases para el establecimiento de un modelo de desarrollo para Cantabria, acorde con sus condiciones y potencialidades, social y territorialmente equilibrado, e inspirado en la apreciaci\u00f3n del conjunto de su territorio como un patrimonio. Desde este punto de vista, un aspecto crucial es el relativo a las condiciones de los usos y al r\u00e9gimen jur\u00eddico del suelo r\u00fastico. Aqu\u00ed las NUR apuestan por el mantenimiento de cierta actividad en el medio rural como herramienta para preservar el patrimonio territorial y el paisaje. Para ello abren la puerta a usos y actividades complementarias del medio agrario para as\u00ed fijar actividad y poblaci\u00f3n. La idea central es el mantenimiento de la calidad de vida y el desarrollo del medio rural siempre que ello sea compatible con su car\u00e1cter. Se trata de mantener un territorio y un paisaje \u00abvivos\u00bb.<\/p>\t\t\t\t\t<\/div>\n\t\t\t\t\t\t<\/div>\n\t\t\t\t<\/div>\n\t\t\t\t\t\t<\/div>\n\t\t\t\t\t<\/div>\n\t\t<\/div>\n\t\t\t\t\t\t\t\t<\/div>\n\t\t\t\t\t<\/div>\n\t\t<\/section>\n\t\t\t\t<section class=\"elementor-section elementor-top-section elementor-element elementor-element-e556fe8 elementor-section-boxed elementor-section-height-default elementor-section-height-default\" data-id=\"e556fe8\" data-element_type=\"section\">\n\t\t\t\t\t\t<div class=\"elementor-container elementor-column-gap-default\">\n\t\t\t\t\t\t\t<div class=\"elementor-row\">\n\t\t\t\t\t<div class=\"elementor-column elementor-col-100 elementor-top-column elementor-element elementor-element-3f64326\" data-id=\"3f64326\" data-element_type=\"column\">\n\t\t\t<div class=\"elementor-column-wrap elementor-element-populated\">\n\t\t\t\t\t\t\t<div class=\"elementor-widget-wrap\">\n\t\t\t\t\t\t<div class=\"elementor-element elementor-element-79b4334 elementor-widget elementor-widget-spacer\" data-id=\"79b4334\" data-element_type=\"widget\" data-widget_type=\"spacer.default\">\n\t\t\t\t<div class=\"elementor-widget-container\">\n\t\t\t\t\t<div class=\"elementor-spacer\">\n\t\t\t<div class=\"elementor-spacer-inner\"><\/div>\n\t\t<\/div>\n\t\t\t\t<\/div>\n\t\t\t\t<\/div>\n\t\t\t\t\t\t<\/div>\n\t\t\t\t\t<\/div>\n\t\t<\/div>\n\t\t\t\t\t\t\t\t<\/div>\n\t\t\t\t\t<\/div>\n\t\t<\/section>\n\t\t\t\t<section class=\"elementor-section elementor-top-section elementor-element elementor-element-8739875 elementor-section-boxed elementor-section-height-default elementor-section-height-default\" data-id=\"8739875\" data-element_type=\"section\">\n\t\t\t\t\t\t<div class=\"elementor-container elementor-column-gap-default\">\n\t\t\t\t\t\t\t<div class=\"elementor-row\">\n\t\t\t\t\t<div class=\"elementor-column elementor-col-100 elementor-top-column elementor-element elementor-element-17c345b\" data-id=\"17c345b\" data-element_type=\"column\">\n\t\t\t<div class=\"elementor-column-wrap elementor-element-populated\">\n\t\t\t\t\t\t\t<div class=\"elementor-widget-wrap\">\n\t\t\t\t\t\t<div class=\"elementor-element elementor-element-5ec8e59 elementor-widget elementor-widget-accordion\" data-id=\"5ec8e59\" data-element_type=\"widget\" data-widget_type=\"accordion.default\">\n\t\t\t\t<div class=\"elementor-widget-container\">\n\t\t\t\t\t<div class=\"elementor-accordion\" role=\"tablist\">\n\t\t\t\t\t\t\t<div class=\"elementor-accordion-item\">\n\t\t\t\t\t<div id=\"elementor-tab-title-9931\" class=\"elementor-tab-title\" data-tab=\"1\" role=\"tab\" aria-controls=\"elementor-tab-content-9931\" aria-expanded=\"false\">\n\t\t\t\t\t\t\t\t\t\t\t\t\t<span class=\"elementor-accordion-icon elementor-accordion-icon-left\" aria-hidden=\"true\">\n\t\t\t\t\t\t\t\t\t\t\t\t\t\t\t<span class=\"elementor-accordion-icon-closed\"><i class=\"fas fa-plus\"><\/i><\/span>\n\t\t\t\t\t\t\t\t<span class=\"elementor-accordion-icon-opened\"><i class=\"fas fa-minus\"><\/i><\/span>\n\t\t\t\t\t\t\t\t\t\t\t\t\t\t<\/span>\n\t\t\t\t\t\t\t\t\t\t\t\t<a class=\"elementor-accordion-title\" href=\"\">LEY 2\/2001, DE 25 DE JUNIO. (LOTRUSCA)<\/a>\n\t\t\t\t\t<\/div>\n\t\t\t\t\t<div id=\"elementor-tab-content-9931\" class=\"elementor-tab-content elementor-clearfix\" data-tab=\"1\" role=\"tabpanel\" aria-labelledby=\"elementor-tab-title-9931\"><p><a href=\"https:\/\/www.boe.es\/eli\/es-cb\/l\/2001\/06\/25\/2\/con\" target=\"_blank\" rel=\"noopener\">Ley 2\/2001, de 25 de junio, de Ordenaci\u00f3n Territorial y R\u00e9gimen Urban\u00edstico del Suelo de Cantabria.<\/a><\/p><p><a href=\"https:\/\/aytoanievas.org\/transparencia\/trans_files\/uploads\/Ley_de_Cantabria_3_2012.pdf\" target=\"_blank\" rel=\"noopener\">Ley de Cantabria 3\/2012, de 21 de junio, por la que se modifica la Ley de Cantabria 2\/2001, de 25 de junio, de Ordenaci\u00f3n Territorial y R\u00e9gimen Urban\u00edstico del Suelo de Cantabria.<\/a><\/p><\/div>\n\t\t\t\t<\/div>\n\t\t\t\t\t\t\t<div class=\"elementor-accordion-item\">\n\t\t\t\t\t<div id=\"elementor-tab-title-9932\" class=\"elementor-tab-title\" data-tab=\"2\" role=\"tab\" aria-controls=\"elementor-tab-content-9932\" aria-expanded=\"false\">\n\t\t\t\t\t\t\t\t\t\t\t\t\t<span class=\"elementor-accordion-icon elementor-accordion-icon-left\" aria-hidden=\"true\">\n\t\t\t\t\t\t\t\t\t\t\t\t\t\t\t<span class=\"elementor-accordion-icon-closed\"><i class=\"fas fa-plus\"><\/i><\/span>\n\t\t\t\t\t\t\t\t<span class=\"elementor-accordion-icon-opened\"><i class=\"fas fa-minus\"><\/i><\/span>\n\t\t\t\t\t\t\t\t\t\t\t\t\t\t<\/span>\n\t\t\t\t\t\t\t\t\t\t\t\t<a class=\"elementor-accordion-title\" href=\"\">DECRETO 65\/2010, DE 20 DE SEPTIEMBRE. (NUR)<\/a>\n\t\t\t\t\t<\/div>\n\t\t\t\t\t<div id=\"elementor-tab-content-9932\" class=\"elementor-tab-content elementor-clearfix\" data-tab=\"2\" role=\"tabpanel\" aria-labelledby=\"elementor-tab-title-9932\"><p id=\"u43177-2\"><a href=\"https:\/\/boc.cantabria.es\/boces\/verAnuncioAction.do?idAnuBlob=185781\" target=\"_blank\" rel=\"noopener\">Decreto 65\/2010, de 30 de septiembre, por el que se aprueban las Normas Urban\u00edsticas Regionales.<\/a><\/p><\/div>\n\t\t\t\t<\/div>\n\t\t\t\t\t\t\t<div class=\"elementor-accordion-item\">\n\t\t\t\t\t<div id=\"elementor-tab-title-9933\" class=\"elementor-tab-title\" data-tab=\"3\" role=\"tab\" aria-controls=\"elementor-tab-content-9933\" aria-expanded=\"false\">\n\t\t\t\t\t\t\t\t\t\t\t\t\t<span class=\"elementor-accordion-icon elementor-accordion-icon-left\" aria-hidden=\"true\">\n\t\t\t\t\t\t\t\t\t\t\t\t\t\t\t<span class=\"elementor-accordion-icon-closed\"><i class=\"fas fa-plus\"><\/i><\/span>\n\t\t\t\t\t\t\t\t<span class=\"elementor-accordion-icon-opened\"><i class=\"fas fa-minus\"><\/i><\/span>\n\t\t\t\t\t\t\t\t\t\t\t\t\t\t<\/span>\n\t\t\t\t\t\t\t\t\t\t\t\t<a class=\"elementor-accordion-title\" href=\"\">GU\u00cdA TRAMITACI\u00d3N EXPEDIENTES SUELO R\u00daSTICO<\/a>\n\t\t\t\t\t<\/div>\n\t\t\t\t\t<div id=\"elementor-tab-content-9933\" class=\"elementor-tab-content elementor-clearfix\" data-tab=\"3\" role=\"tabpanel\" aria-labelledby=\"elementor-tab-title-9933\"><p><a href=\"https:\/\/aytoanievas.org\/transparencia\/trans_files\/uploads\/guia_rustico_crotu_25_06_2020.pdf\" target=\"_blank\" rel=\"noopener\">GU\u00cdA TRAMITACI\u00d3N DE EXPEDIENTES EN SUELO R\u00daSTICO.<\/a> (Versi\u00f3n actualizada de 25 de junio de 2020).<\/p><p><a href=\"https:\/\/aytoanievas.org\/transparencia\/trans_files\/uploads\/guia_rustico.pdf\" target=\"_blank\" rel=\"noopener\">GU\u00cdA TRAMITACI\u00d3N EXPEDIENTES SUELO R\u00daSTICO.<\/a> (Versi\u00f3n antigua de 27 de marzo de 2013).<\/p><\/div>\n\t\t\t\t<\/div>\n\t\t\t\t\t\t\t\t<\/div>\n\t\t\t\t<\/div>\n\t\t\t\t<\/div>\n\t\t\t\t\t\t<\/div>\n\t\t\t\t\t<\/div>\n\t\t<\/div>\n\t\t\t\t\t\t\t\t<\/div>\n\t\t\t\t\t<\/div>\n\t\t<\/section>\n\t\t\t\t\t\t\t\t\t<\/div>\n\t\t\t<\/div>\n\t\t\t\t\t<\/div>\n\t\t","protected":false},"excerpt":{"rendered":"<p>NORMATIVA\u00a0 DE APLICACI\u00d3N Cantabria, como otras Comunidades Aut\u00f3nomas tras la destacada Sentencia del TC de 20 de marzo de 1997, aprob\u00f3 una Ley de car\u00e1cter provisional para salvar la situaci\u00f3n derivada de dicha Sentencia. Se trataba de adoptar una medida provisional que, por las razones que en la Exposici\u00f3n de Motivos de dicha Ley se [&hellip;]<\/p>\n","protected":false},"author":1,"featured_media":0,"parent":0,"menu_order":0,"comment_status":"closed","ping_status":"closed","template":"","meta":[],"_links":{"self":[{"href":"https:\/\/aytoanievas.org\/transparencia\/wp-json\/wp\/v2\/pages\/1204"}],"collection":[{"href":"https:\/\/aytoanievas.org\/transparencia\/wp-json\/wp\/v2\/pages"}],"about":[{"href":"https:\/\/aytoanievas.org\/transparencia\/wp-json\/wp\/v2\/types\/page"}],"author":[{"embeddable":true,"href":"https:\/\/aytoanievas.org\/transparencia\/wp-json\/wp\/v2\/users\/1"}],"replies":[{"embeddable":true,"href":"https:\/\/aytoanievas.org\/transparencia\/wp-json\/wp\/v2\/comments?post=1204"}],"version-history":[{"count":5,"href":"https:\/\/aytoanievas.org\/transparencia\/wp-json\/wp\/v2\/pages\/1204\/revisions"}],"predecessor-version":[{"id":2627,"href":"https:\/\/aytoanievas.org\/transparencia\/wp-json\/wp\/v2\/pages\/1204\/revisions\/2627"}],"wp:attachment":[{"href":"https:\/\/aytoanievas.org\/transparencia\/wp-json\/wp\/v2\/media?parent=1204"}],"curies":[{"name":"wp","href":"https:\/\/api.w.org\/{rel}","templated":true}]}}