{"id":1197,"date":"2020-05-04T08:48:50","date_gmt":"2020-05-04T08:48:50","guid":{"rendered":"https:\/\/aytoanievas.org\/transparencia\/?page_id=1197"},"modified":"2020-06-08T16:46:15","modified_gmt":"2020-06-08T16:46:15","slug":"planeamiento","status":"publish","type":"page","link":"https:\/\/aytoanievas.org\/transparencia\/planeamiento\/","title":{"rendered":"Planeamiento Urban\u00edstico"},"content":{"rendered":"\t\t<div data-elementor-type=\"wp-page\" data-elementor-id=\"1197\" class=\"elementor elementor-1197\">\n\t\t\t\t\t\t<div class=\"elementor-inner\">\n\t\t\t\t<div class=\"elementor-section-wrap\">\n\t\t\t\t\t\t\t\t\t<section class=\"elementor-section elementor-top-section elementor-element elementor-element-a03d36e elementor-section-boxed elementor-section-height-default elementor-section-height-default\" data-id=\"a03d36e\" data-element_type=\"section\">\n\t\t\t\t\t\t<div class=\"elementor-container elementor-column-gap-default\">\n\t\t\t\t\t\t\t<div class=\"elementor-row\">\n\t\t\t\t\t<div class=\"elementor-column elementor-col-100 elementor-top-column elementor-element elementor-element-3c15845\" data-id=\"3c15845\" data-element_type=\"column\">\n\t\t\t<div class=\"elementor-column-wrap elementor-element-populated\">\n\t\t\t\t\t\t\t<div class=\"elementor-widget-wrap\">\n\t\t\t\t\t\t<div class=\"elementor-element elementor-element-cc21bca elementor-widget elementor-widget-text-editor\" data-id=\"cc21bca\" data-element_type=\"widget\" data-widget_type=\"text-editor.default\">\n\t\t\t\t<div class=\"elementor-widget-container\">\n\t\t\t\t\t\t\t\t<div class=\"elementor-text-editor elementor-clearfix\">\n\t\t\t\t<p id=\"u42047-2\"><strong>NORMAS SUBSIDIARIAS<\/strong><\/p><p id=\"u42047-3\">\u00a0<\/p><p id=\"u42047-5\">Con car\u00e1cter general ser\u00e1n de directa aplicaci\u00f3n desde la entrada en vigor de esta Ley todas aquellas disposiciones que puedan aplicarse sin necesidad de la previa existencia o intermediaci\u00f3n de un Plan General de Ordenaci\u00f3n adaptado a la misma. En particular, ser\u00e1n inmediatamente aplicables las normas contenidas en los art\u00edculos 32 a 37 y en los t\u00edtulos IV a VII de esta Ley.<\/p><p id=\"u42047-8\">Los Planes o Normas Subsidiarias aprobados con anterioridad conservar\u00e1n su vigencia hasta su revisi\u00f3n o adaptaci\u00f3n a las previsiones de esta Ley, sin perjuicio de lo previsto en el apartado 1 anterior y en las restantes disposiciones transitorias.<\/p>\t\t\t\t\t<\/div>\n\t\t\t\t\t\t<\/div>\n\t\t\t\t<\/div>\n\t\t\t\t\t\t<\/div>\n\t\t\t\t\t<\/div>\n\t\t<\/div>\n\t\t\t\t\t\t\t\t<\/div>\n\t\t\t\t\t<\/div>\n\t\t<\/section>\n\t\t\t\t<section class=\"elementor-section elementor-top-section elementor-element elementor-element-e556fe8 elementor-section-boxed elementor-section-height-default elementor-section-height-default\" data-id=\"e556fe8\" data-element_type=\"section\">\n\t\t\t\t\t\t<div class=\"elementor-container elementor-column-gap-default\">\n\t\t\t\t\t\t\t<div class=\"elementor-row\">\n\t\t\t\t\t<div class=\"elementor-column elementor-col-100 elementor-top-column elementor-element elementor-element-3f64326\" data-id=\"3f64326\" data-element_type=\"column\">\n\t\t\t<div class=\"elementor-column-wrap elementor-element-populated\">\n\t\t\t\t\t\t\t<div class=\"elementor-widget-wrap\">\n\t\t\t\t\t\t<div class=\"elementor-element elementor-element-79b4334 elementor-widget elementor-widget-spacer\" data-id=\"79b4334\" data-element_type=\"widget\" data-widget_type=\"spacer.default\">\n\t\t\t\t<div class=\"elementor-widget-container\">\n\t\t\t\t\t<div class=\"elementor-spacer\">\n\t\t\t<div class=\"elementor-spacer-inner\"><\/div>\n\t\t<\/div>\n\t\t\t\t<\/div>\n\t\t\t\t<\/div>\n\t\t\t\t\t\t<\/div>\n\t\t\t\t\t<\/div>\n\t\t<\/div>\n\t\t\t\t\t\t\t\t<\/div>\n\t\t\t\t\t<\/div>\n\t\t<\/section>\n\t\t\t\t<section class=\"elementor-section elementor-top-section elementor-element elementor-element-8739875 elementor-section-boxed elementor-section-height-default elementor-section-height-default\" data-id=\"8739875\" data-element_type=\"section\">\n\t\t\t\t\t\t<div class=\"elementor-container elementor-column-gap-default\">\n\t\t\t\t\t\t\t<div class=\"elementor-row\">\n\t\t\t\t\t<div class=\"elementor-column elementor-col-100 elementor-top-column elementor-element elementor-element-17c345b\" data-id=\"17c345b\" data-element_type=\"column\">\n\t\t\t<div class=\"elementor-column-wrap elementor-element-populated\">\n\t\t\t\t\t\t\t<div class=\"elementor-widget-wrap\">\n\t\t\t\t\t\t<div class=\"elementor-element elementor-element-5ec8e59 elementor-widget elementor-widget-accordion\" data-id=\"5ec8e59\" data-element_type=\"widget\" data-widget_type=\"accordion.default\">\n\t\t\t\t<div class=\"elementor-widget-container\">\n\t\t\t\t\t<div class=\"elementor-accordion\" role=\"tablist\">\n\t\t\t\t\t\t\t<div class=\"elementor-accordion-item\">\n\t\t\t\t\t<div id=\"elementor-tab-title-9931\" class=\"elementor-tab-title\" data-tab=\"1\" role=\"tab\" aria-controls=\"elementor-tab-content-9931\" aria-expanded=\"false\">\n\t\t\t\t\t\t\t\t\t\t\t\t\t<span class=\"elementor-accordion-icon elementor-accordion-icon-left\" aria-hidden=\"true\">\n\t\t\t\t\t\t\t\t\t\t\t\t\t\t\t<span class=\"elementor-accordion-icon-closed\"><i class=\"fas fa-plus\"><\/i><\/span>\n\t\t\t\t\t\t\t\t<span class=\"elementor-accordion-icon-opened\"><i class=\"fas fa-minus\"><\/i><\/span>\n\t\t\t\t\t\t\t\t\t\t\t\t\t\t<\/span>\n\t\t\t\t\t\t\t\t\t\t\t\t<a class=\"elementor-accordion-title\" href=\"\">NORMAS SUBSIDIARIAS Y PLANEAMIENTO<\/a>\n\t\t\t\t\t<\/div>\n\t\t\t\t\t<div id=\"elementor-tab-content-9931\" class=\"elementor-tab-content elementor-clearfix\" data-tab=\"1\" role=\"tabpanel\" aria-labelledby=\"elementor-tab-title-9931\"><p>A trav\u00e9s del siguiente enlace se facilita la documentaci\u00f3n relativa a la Delimitaci\u00f3n de Suelo Urbano de Anievas (CRU 31\/03\/1989; BOC 02\/04\/1989)<\/p><p><a href=\"https:\/\/aplicacionesweb.cantabria.es\/aucan\/public\/zona\/besaya\/anievas\" target=\"_blank\" rel=\"noopener\">Delimitaci\u00f3n de Suelo Urbano de Anievas (CRU 31\/03\/1989; BOC 02\/04\/1989)<\/a><\/p><\/div>\n\t\t\t\t<\/div>\n\t\t\t\t\t\t\t<div class=\"elementor-accordion-item\">\n\t\t\t\t\t<div id=\"elementor-tab-title-9932\" class=\"elementor-tab-title\" data-tab=\"2\" role=\"tab\" aria-controls=\"elementor-tab-content-9932\" aria-expanded=\"false\">\n\t\t\t\t\t\t\t\t\t\t\t\t\t<span class=\"elementor-accordion-icon elementor-accordion-icon-left\" aria-hidden=\"true\">\n\t\t\t\t\t\t\t\t\t\t\t\t\t\t\t<span class=\"elementor-accordion-icon-closed\"><i class=\"fas fa-plus\"><\/i><\/span>\n\t\t\t\t\t\t\t\t<span class=\"elementor-accordion-icon-opened\"><i class=\"fas fa-minus\"><\/i><\/span>\n\t\t\t\t\t\t\t\t\t\t\t\t\t\t<\/span>\n\t\t\t\t\t\t\t\t\t\t\t\t<a class=\"elementor-accordion-title\" href=\"\">B.I.C. Iglesia de San Andr\u00e9s<\/a>\n\t\t\t\t\t<\/div>\n\t\t\t\t\t<div id=\"elementor-tab-content-9932\" class=\"elementor-tab-content elementor-clearfix\" data-tab=\"2\" role=\"tabpanel\" aria-labelledby=\"elementor-tab-title-9932\"><p id=\"u43177-2\"><a href=\"https:\/\/www.boe.es\/boe\/dias\/1982\/03\/24\/pdfs\/A07588-07588.pdf\" target=\"_blank\" rel=\"noopener\">Real Decreto 593\/1982, de 15 de enero, por el que se declara monumento hist\u00f3rico-art\u00edstico de car\u00e1cter nacional la Iglesia Rom\u00e1nica de Cotillo, Ayuntamiento de Anievas.<\/a><\/p><\/div>\n\t\t\t\t<\/div>\n\t\t\t\t\t\t\t\t<\/div>\n\t\t\t\t<\/div>\n\t\t\t\t<\/div>\n\t\t\t\t\t\t<\/div>\n\t\t\t\t\t<\/div>\n\t\t<\/div>\n\t\t\t\t\t\t\t\t<\/div>\n\t\t\t\t\t<\/div>\n\t\t<\/section>\n\t\t\t\t\t\t\t\t\t<\/div>\n\t\t\t<\/div>\n\t\t\t\t\t<\/div>\n\t\t","protected":false},"excerpt":{"rendered":"<p>NORMAS SUBSIDIARIAS \u00a0 Con car\u00e1cter general ser\u00e1n de directa aplicaci\u00f3n desde la entrada en vigor de esta Ley todas aquellas disposiciones que puedan aplicarse sin necesidad de la previa existencia o intermediaci\u00f3n de un Plan General de Ordenaci\u00f3n adaptado a la misma. En particular, ser\u00e1n inmediatamente aplicables las normas contenidas en los art\u00edculos 32 a [&hellip;]<\/p>\n","protected":false},"author":1,"featured_media":0,"parent":0,"menu_order":0,"comment_status":"closed","ping_status":"closed","template":"","meta":[],"_links":{"self":[{"href":"https:\/\/aytoanievas.org\/transparencia\/wp-json\/wp\/v2\/pages\/1197"}],"collection":[{"href":"https:\/\/aytoanievas.org\/transparencia\/wp-json\/wp\/v2\/pages"}],"about":[{"href":"https:\/\/aytoanievas.org\/transparencia\/wp-json\/wp\/v2\/types\/page"}],"author":[{"embeddable":true,"href":"https:\/\/aytoanievas.org\/transparencia\/wp-json\/wp\/v2\/users\/1"}],"replies":[{"embeddable":true,"href":"https:\/\/aytoanievas.org\/transparencia\/wp-json\/wp\/v2\/comments?post=1197"}],"version-history":[{"count":8,"href":"https:\/\/aytoanievas.org\/transparencia\/wp-json\/wp\/v2\/pages\/1197\/revisions"}],"predecessor-version":[{"id":2504,"href":"https:\/\/aytoanievas.org\/transparencia\/wp-json\/wp\/v2\/pages\/1197\/revisions\/2504"}],"wp:attachment":[{"href":"https:\/\/aytoanievas.org\/transparencia\/wp-json\/wp\/v2\/media?parent=1197"}],"curies":[{"name":"wp","href":"https:\/\/api.w.org\/{rel}","templated":true}]}}